{"id":995,"date":"2026-01-25T12:04:20","date_gmt":"2026-01-25T12:04:20","guid":{"rendered":"https:\/\/lackina.b2c1688.com\/?post_type=product&#038;p=995"},"modified":"2026-01-25T12:04:22","modified_gmt":"2026-01-25T12:04:22","slug":"bodenlanger-lack-rock-mit-spitzeweinrot","status":"publish","type":"product","link":"https:\/\/lackina.b2c1688.com\/fr\/product\/bodenlanger-lack-rock-mit-spitzeweinrot\/","title":{"rendered":"bodenlanger Lack Rock mit Spitze,weinrot"},"content":{"rendered":"<div class=\"module-item module-item-1 tab-pane active\" id=\"blocks-6974895b35811-tab-1\">\n<div class=\"block-body expand-block\">\n<div class=\"block-wrapper\">\n<div class=\"block-contentblock-description\">\n<p>\u00a0\u00a0\u00a0\u00a0\u00a0\u00a0\u00a0\u00a0\u00a0\u00a0\u00a0\u00a0\u00a0\u00a0\u00a0\u00a0\u00a0\u00a0\u00a0\u00a0\u00a0\u00a0\u00a0\u00a0\u00a0\u00a0\u00a0\u00a0\u00a0\u00a0\u00a0\u00a0\u00a0\u00a0\u00a0\u00a0\u00a0\u00a0\u00a0\u00a0\u00a0\u00a0\u00a0\u00a0\u00a0\u00a0\u00a0\u00a0\u00a0\u00a0\u00a0\u00a0\u00a0\u00a0\u00a0\u00a0\u00a0\u00a0\u00a0\u00a0\u00a0\u00a0\u00a0\u00a0\u00a0\u00a0\u00a0\u00a0\u00a0\u00a0\u00a0\u00a0\u00a0\u00a0\u00a0\u00a0\u00a0 bodenlanger Lack Rock,ohne Top<\/p>\n<p align=\"center\">\u00a0Der Volant unterhalb des Knies ist aus Spitze gefertigt.<\/p>\n<p align=\"center\">\u00a0Unteres Teil ist mit Spitze gef\u00fcttert .<\/p>\n<p align=\"center\">Herstellung in eigener Werkstatt.<\/p>\n<p align=\"center\">Unsere Produkte sind Lack Bekleidung vieler Art die wir gegen Aufpreis auch nach Ma\u00df oder nach Ihren Farbw\u00fcnschen liefern k\u00f6nnen.<\/p>\n<p align=\"center\">Sollten Sie andere W\u00fcnsche haben ( Produkte , Farben , Gr\u00f6\u00dfen usw. ) sprechen Sie uns bitte an unter<\/p>\n<p align=\"center\">\u00a0&#8220; info@lackina.de &#8220; .<\/p>\n<p align=\"center\">\u00a0<\/p>\n<p align=\"center\">Farbeauswahl:\u00a0 schwarz, dunkel rot Metalic<\/p>\n<p align=\"center\">Gr\u00f6\u00dfe : S,M,L,XL,2XL,3XL, 4XL<\/p>\n<p align=\"center\">Materialzusammensetzung : 55 % PVC , 25 % PU , 20 % Polyester<\/p>\n<p><strong>Ma\u00dftabelle f\u00fcr Frauen<\/strong><\/p>\n<table border=\"1\" cellpadding=\"0\" cellspacing=\"0\">\n<tbody>\n<tr>\n<td style=\"width: 115px;\">\n<p>\u00a0<\/p>\n<\/td>\n<td style=\"width: 72px;\">\n<p><strong>Gr S<\/strong><\/p>\n<\/td>\n<td style=\"width: 72px;\">\n<p><strong>Gr. M<\/strong><\/p>\n<\/td>\n<td style=\"width: 72px;\">\n<p><strong>Gr. L<\/strong><\/p>\n<\/td>\n<td style=\"width: 72px;\">\n<p><strong>Gr. XL<\/strong><\/p>\n<\/td>\n<td style=\"width: 72px;\">\n<p><strong>Gr. 2XL<\/strong><\/p>\n<\/td>\n<td style=\"width: 72px;\">\n<p><strong>Gr.3XL\u00a0\u00a0\u00a0\u00a0 <\/strong><\/p>\n<\/td>\n<td style=\"width: 72px;\">\n<p><strong>Gr.4XL<\/strong><\/p>\n<\/td>\n<\/tr>\n<tr>\n<td style=\"width: 115px;\">\n<p>Rock L\u00e4nge<\/p>\n<\/td>\n<td style=\"width: 72px;\">\n<p>102 cm<\/p>\n<\/td>\n<td style=\"width: 72px;\">\n<p>105 cm<\/p>\n<\/td>\n<td style=\"width: 72px;\">\n<p>108 cm<\/p>\n<\/td>\n<td style=\"width: 72px;\">\n<p>111 cm<\/p>\n<\/td>\n<td style=\"width: 72px;\">\n<p>114 cm<\/p>\n<\/td>\n<td style=\"width: 72px;\">\n<p>117 cm<\/p>\n<\/td>\n<td style=\"width: 72px;\">\n<p>120 cm<\/p>\n<\/td>\n<\/tr>\n<tr>\n<td style=\"width: 115px;\">\n<p>Taillenumfang<\/p>\n<\/td>\n<td style=\"width: 72px;\">\n<p>63-68 cm<\/p>\n<\/td>\n<td style=\"width: 72px;\">\n<p>69-74 cm<\/p>\n<\/td>\n<td style=\"width: 72px;\">\n<p>75-80 cm<\/p>\n<\/td>\n<td style=\"width: 72px;\">\n<p>81-86 cm<\/p>\n<\/td>\n<td style=\"width: 72px;\">\n<p>87-92 cm<\/p>\n<\/td>\n<td style=\"width: 72px;\">\n<p>93-98 cm<\/p>\n<\/td>\n<td style=\"width: 72px;\">\n<p>98-103 cm<\/p>\n<\/td>\n<\/tr>\n<tr>\n<td style=\"width: 115px;\">\n<p>H\u00fcftumfang<\/p>\n<\/td>\n<td style=\"width: 72px;\">\n<p>88-93 cm<\/p>\n<\/td>\n<td style=\"width: 72px;\">\n<p>94-99 cm<\/p>\n<\/td>\n<td style=\"width: 72px;\">\n<p>100-105 cm<\/p>\n<\/td>\n<td style=\"width: 72px;\">\n<p>106-111 cm<\/p>\n<\/td>\n<td style=\"width: 72px;\">\n<p>112-118 cm<\/p>\n<\/td>\n<td style=\"width: 72px;\">\n<p>118-123 cm<\/p>\n<\/td>\n<td style=\"width: 72px;\">\n<p>123-128 cm<\/p>\n<\/td>\n<\/tr>\n<\/tbody>\n<\/table>\n<p>\u00a0<\/p>\n<\/div>\n<\/div>\n<\/div>\n<\/div>","protected":false},"excerpt":{"rendered":"<p>\u00a0\u00a0\u00a0\u00a0\u00a0\u00a0\u00a0\u00a0\u00a0\u00a0\u00a0\u00a0\u00a0\u00a0\u00a0\u00a0\u00a0\u00a0\u00a0\u00a0\u00a0\u00a0\u00a0\u00a0\u00a0\u00a0\u00a0\u00a0\u00a0\u00a0\u00a0\u00a0\u00a0\u00a0\u00a0\u00a0\u00a0\u00a0\u00a0\u00a0\u00a0\u00a0\u00a0\u00a0\u00a0\u00a0\u00a0\u00a0\u00a0\u00a0\u00a0\u00a0\u00a0\u00a0\u00a0\u00a0\u00a0\u00a0\u00a0\u00a0\u00a0\u00a0\u00a0\u00a0\u00a0\u00a0\u00a0\u00a0\u00a0\u00a0\u00a0\u00a0\u00a0\u00a0\u00a0\u00a0\u00a0 bodenlanger Lack Rock,ohne Top \u00a0Der Volant unterhalb des Knies ist aus Spitze gefertigt. \u00a0Unteres Teil ist mit Spitze gef\u00fcttert . Herstellung in eigener Werkstatt. Unsere Produkte sind Lack Bekleidung vieler Art die wir gegen Aufpreis auch nach Ma\u00df oder nach Ihren Farbw\u00fcnschen liefern k\u00f6nnen. Sollten Sie andere W\u00fcnsche haben ( Produkte , Farben ,&#8230;<\/p>","protected":false},"featured_media":76,"comment_status":"open","ping_status":"closed","template":"","meta":{"_eb_attr":"","_kad_post_transparent":"","_kad_post_title":"","_kad_post_layout":"","_kad_post_sidebar_id":"","_kad_post_content_style":"","_kad_post_vertical_padding":"","_kad_post_feature":"","_kad_post_feature_position":"","_kad_post_header":false,"_kad_post_footer":false,"_kad_post_classname":""},"product_brand":[],"product_cat":[65],"product_tag":[],"class_list":{"0":"post-995","1":"product","2":"type-product","3":"status-publish","4":"has-post-thumbnail","6":"product_cat-sonderangebote-auslaufmodelle","8":"first","9":"instock","10":"shipping-taxable","11":"purchasable","12":"product-type-variable","13":"has-default-attributes","14":"entry","15":"content-bg","16":"loop-entry"},"_links":{"self":[{"href":"https:\/\/lackina.b2c1688.com\/fr\/wp-json\/wp\/v2\/product\/995","targetHints":{"allow":["GET"]}}],"collection":[{"href":"https:\/\/lackina.b2c1688.com\/fr\/wp-json\/wp\/v2\/product"}],"about":[{"href":"https:\/\/lackina.b2c1688.com\/fr\/wp-json\/wp\/v2\/types\/product"}],"replies":[{"embeddable":true,"href":"https:\/\/lackina.b2c1688.com\/fr\/wp-json\/wp\/v2\/comments?post=995"}],"wp:featuredmedia":[{"embeddable":true,"href":"https:\/\/lackina.b2c1688.com\/fr\/wp-json\/wp\/v2\/media\/76"}],"wp:attachment":[{"href":"https:\/\/lackina.b2c1688.com\/fr\/wp-json\/wp\/v2\/media?parent=995"}],"wp:term":[{"taxonomy":"product_brand","embeddable":true,"href":"https:\/\/lackina.b2c1688.com\/fr\/wp-json\/wp\/v2\/product_brand?post=995"},{"taxonomy":"product_cat","embeddable":true,"href":"https:\/\/lackina.b2c1688.com\/fr\/wp-json\/wp\/v2\/product_cat?post=995"},{"taxonomy":"product_tag","embeddable":true,"href":"https:\/\/lackina.b2c1688.com\/fr\/wp-json\/wp\/v2\/product_tag?post=995"}],"curies":[{"name":"wp","href":"https:\/\/api.w.org\/{rel}","templated":true}]}}