{"id":1710,"date":"2026-01-25T12:05:39","date_gmt":"2026-01-25T12:05:39","guid":{"rendered":"https:\/\/lackina.b2c1688.com\/?post_type=product&#038;p=1710"},"modified":"2026-01-25T12:05:40","modified_gmt":"2026-01-25T12:05:40","slug":"hose-im-jeans-styleherrnblau","status":"publish","type":"product","link":"https:\/\/lackina.b2c1688.com\/fr\/product\/hose-im-jeans-styleherrnblau\/","title":{"rendered":"Hose im Jeans Style,Herrn,blau"},"content":{"rendered":"<div class=\"module-item module-item-1 tab-pane active\" id=\"blocks-6974895b35811-tab-1\">\n<div class=\"block-body expand-block\">\n<div class=\"block-wrapper\">\n<div class=\"block-contentblock-description\">\n<p><strong>Neues Material , dehnbar 4%, super weich<\/strong><\/p>\n<p><strong>Lack Hose im Jeans Style mit Taschen <\/strong><\/p>\n<p><strong>vorn und hinten Halb gef\u00fcttert mit Satin,<\/strong><\/p>\n<p><strong>Materialzusammensetzung : 55 % PVC , 25 % PU , 20 % Polyester, <\/strong><\/p>\n<p><strong>Lack Material&nbsp; 0,5mm dick<\/strong><\/p>\n<table border=\"1\" cellpadding=\"0\" cellspacing=\"0\">\n<tbody>\n<tr>\n<td style=\"width: 106px; height: 18px;\">\n<p><strong>Ma\u00dftabelle f\u00fcr Herrn Hose<\/strong><\/p>\n<\/td>\n<td style=\"width: 86px; height: 18px;\">\n<p>Pants for men<\/p>\n<\/td>\n<td style=\"width: 86px; height: 18px;\">&nbsp;<\/td>\n<td style=\"width: 86px; height: 18px;\">&nbsp;<\/td>\n<td style=\"width: 86px; height: 18px;\">&nbsp;<\/td>\n<td style=\"width: 86px; height: 18px;\">&nbsp;<\/td>\n<\/tr>\n<tr>\n<td style=\"height: 17px;\">&nbsp;<\/td>\n<td style=\"height: 17px;\">\n<p><strong>Gr. M<\/strong><\/p>\n<\/td>\n<td style=\"height: 17px;\">\n<p><strong>Gr. L<\/strong><\/p>\n<\/td>\n<td style=\"height: 17px;\">\n<p><strong>Gr. XL<\/strong><\/p>\n<\/td>\n<td style=\"height: 17px;\">\n<p><strong>Gr. XXL<\/strong><\/p>\n<\/td>\n<td style=\"height: 17px;\">\n<p><strong>Gr. XXXL<\/strong><\/p>\n<\/td>\n<\/tr>\n<tr>\n<td style=\"height: 18px;\">\n<p>Taillenumfang<\/p>\n<\/td>\n<td style=\"height: 18px;\">\n<p>88 cm<\/p>\n<\/td>\n<td style=\"height: 18px;\">\n<p>92 cm<\/p>\n<\/td>\n<td style=\"height: 18px;\">\n<p>96 cm<\/p>\n<\/td>\n<td style=\"height: 18px;\">\n<p>100 cm<\/p>\n<\/td>\n<td style=\"height: 18px;\">\n<p>104 cm<\/p>\n<\/td>\n<\/tr>\n<tr>\n<td style=\"height: 17px;\">\n<p>H\u00fcftumfang<\/p>\n<\/td>\n<td style=\"height: 17px;\">\n<p>98 cm<\/p>\n<\/td>\n<td style=\"height: 17px;\">\n<p>104 cm<\/p>\n<\/td>\n<td style=\"height: 17px;\">\n<p>110 cm<\/p>\n<\/td>\n<td style=\"height: 17px;\">\n<p>116 cm<\/p>\n<\/td>\n<td style=\"height: 17px;\">\n<p>122 cm<\/p>\n<\/td>\n<\/tr>\n<tr>\n<td style=\"height: 18px;\">\n<p>Beininnenl\u00e4nge<\/p>\n<\/td>\n<td style=\"height: 18px;\">\n<p>76 cm<\/p>\n<\/td>\n<td style=\"height: 18px;\">\n<p>77 cm<\/p>\n<\/td>\n<td style=\"height: 18px;\">\n<p>78 cm<\/p>\n<\/td>\n<td style=\"height: 18px;\">\n<p>79 cm<\/p>\n<\/td>\n<td style=\"height: 18px;\">\n<p>80 cm<\/p>\n<\/td>\n<\/tr>\n<tr>\n<td style=\"height: 18px;\">\n<p>Hosenl\u00e4nge<\/p>\n<\/td>\n<td style=\"height: 18px;\">\n<p>106 cm<\/p>\n<\/td>\n<td style=\"height: 18px;\">\n<p>108 cm<\/p>\n<\/td>\n<td style=\"height: 18px;\">\n<p>110 cm<\/p>\n<\/td>\n<td style=\"height: 18px;\">\n<p>112 cm<\/p>\n<\/td>\n<td style=\"height: 18px;\">\n<p>113 cm<\/p>\n<\/td>\n<\/tr>\n<\/tbody>\n<\/table>\n<\/div>\n<\/div>\n<\/div>\n<\/div>","protected":false},"excerpt":{"rendered":"<p>Neues Material , dehnbar 4%, super weich Lack Hose im Jeans Style mit Taschen vorn und hinten Halb gef\u00fcttert mit Satin, Materialzusammensetzung : 55 % PVC , 25 % PU , 20 % Polyester, Lack Material&nbsp; 0,5mm dick Ma\u00dftabelle f\u00fcr Herrn Hose Pants for men &nbsp; &nbsp; &nbsp; &nbsp; &nbsp; Gr. M Gr. L Gr&#8230;.<\/p>","protected":false},"featured_media":885,"comment_status":"open","ping_status":"closed","template":"","meta":{"_eb_attr":"","_kad_post_transparent":"","_kad_post_title":"","_kad_post_layout":"","_kad_post_sidebar_id":"","_kad_post_content_style":"","_kad_post_vertical_padding":"","_kad_post_feature":"","_kad_post_feature_position":"","_kad_post_header":false,"_kad_post_footer":false,"_kad_post_classname":""},"product_brand":[],"product_cat":[127],"product_tag":[],"class_list":{"0":"post-1710","1":"product","2":"type-product","3":"status-publish","4":"has-post-thumbnail","6":"product_cat-bettbezug","8":"first","9":"instock","10":"shipping-taxable","11":"purchasable","12":"product-type-variable","13":"has-default-attributes","14":"entry","15":"content-bg","16":"loop-entry"},"_links":{"self":[{"href":"https:\/\/lackina.b2c1688.com\/fr\/wp-json\/wp\/v2\/product\/1710","targetHints":{"allow":["GET"]}}],"collection":[{"href":"https:\/\/lackina.b2c1688.com\/fr\/wp-json\/wp\/v2\/product"}],"about":[{"href":"https:\/\/lackina.b2c1688.com\/fr\/wp-json\/wp\/v2\/types\/product"}],"replies":[{"embeddable":true,"href":"https:\/\/lackina.b2c1688.com\/fr\/wp-json\/wp\/v2\/comments?post=1710"}],"wp:featuredmedia":[{"embeddable":true,"href":"https:\/\/lackina.b2c1688.com\/fr\/wp-json\/wp\/v2\/media\/885"}],"wp:attachment":[{"href":"https:\/\/lackina.b2c1688.com\/fr\/wp-json\/wp\/v2\/media?parent=1710"}],"wp:term":[{"taxonomy":"product_brand","embeddable":true,"href":"https:\/\/lackina.b2c1688.com\/fr\/wp-json\/wp\/v2\/product_brand?post=1710"},{"taxonomy":"product_cat","embeddable":true,"href":"https:\/\/lackina.b2c1688.com\/fr\/wp-json\/wp\/v2\/product_cat?post=1710"},{"taxonomy":"product_tag","embeddable":true,"href":"https:\/\/lackina.b2c1688.com\/fr\/wp-json\/wp\/v2\/product_tag?post=1710"}],"curies":[{"name":"wp","href":"https:\/\/api.w.org\/{rel}","templated":true}]}}