{"id":1709,"date":"2026-01-25T12:05:39","date_gmt":"2026-01-25T12:05:39","guid":{"rendered":"https:\/\/lackina.b2c1688.com\/?post_type=product&#038;p=1709"},"modified":"2026-01-25T12:05:40","modified_gmt":"2026-01-25T12:05:40","slug":"dominanter-lack-bodyrot","status":"publish","type":"product","link":"https:\/\/lackina.b2c1688.com\/fr\/product\/dominanter-lack-bodyrot\/","title":{"rendered":"Dominanter Lack Body,rot"},"content":{"rendered":"<div class=\"module-item module-item-1 tab-pane active\" id=\"blocks-6974895b35811-tab-1\">\n<div class=\"block-body expand-block\">\n<div class=\"block-wrapper\">\n<div class=\"block-contentblock-description\">\n<p class=\"MsoNormal\" style=\"text-align: center;\"><span style=\"font-size:16.0pt;line-height:107%;font-family:&quot;Arial&quot;,sans-serif\">Supersexy&nbsp; Lack Bodymit lang 2 Wege Rei\u00dfverschlu\u00df bis \u00fcber den Po<o:p><\/o:p><\/span><\/p>\n<p class=\"MsoNormal\" style=\"text-align: center;\"><span style=\"font-family: Arial; font-size: 20px;\">Das besondere aber sind die beiden Rei\u00dfverschl\u00fcsse direkt \u00fcber der Brust .<\/span><\/p>\n<p class=\"MsoNormal\" style=\"text-align: center;\"><span style=\"font-size:16.0pt;line-height:107%;font-family:&quot;Arial&quot;,sans-serif\">Materialzusammensetzung : 55 % PVC , 25 % PU , 20 %Polyester,<o:p><\/o:p><\/span><\/p>\n<\/p>\n<p class=\"MsoNormal\" style=\"text-align: center; \"><span style=\"font-size:16.0pt;line-height:107%;font-family:&quot;Arial&quot;,sans-serif\">Lack Material&nbsp; 0,5mmdick<\/span><\/p>\n<p class=\"MsoNormal\" style=\"text-align: center; \"><span style=\"font-size:16.0pt;line-height:107%;font-family:&quot;Arial&quot;,sans-serif\"><o:p><\/o:p><\/span><\/p>\n<p><strong><\/p>\n<div style=\"text-align: center;\"><strong><span style=\"font-size: 16px; font-family: Arial;\">der&nbsp;Body&nbsp;ist am besten zu tragen bei einer&nbsp; K\u00f6rpergr\u00f6\u00dfe zwischen 1,60-1,75m .<\/span><\/strong><\/div>\n<p><\/strong><\/p>\n<div style=\"text-align: center;\"><b><br \/><\/b><\/div>\n<div style=\"text-align: center;\"><imgstyle=\"width: 887px;\" data-filename=\"R2N]X@HN[X5J%U8VP%@34OT.png\"><b><br \/><\/b><\/div>\n<\/div>\n<\/div>\n<\/div>\n<\/div>","protected":false},"excerpt":{"rendered":"<p>Supersexy&nbsp; Lack Bodymit lang 2 Wege Rei\u00dfverschlu\u00df bis \u00fcber den Po Das besondere aber sind die beiden Rei\u00dfverschl\u00fcsse direkt \u00fcber der Brust . Materialzusammensetzung : 55 % PVC , 25 % PU , 20 %Polyester, Lack Material&nbsp; 0,5mmdick der&nbsp;Body&nbsp;ist am besten zu tragen bei einer&nbsp; K\u00f6rpergr\u00f6\u00dfe zwischen 1,60-1,75m .<\/p>","protected":false},"featured_media":875,"comment_status":"open","ping_status":"closed","template":"","meta":{"_eb_attr":"","_kad_post_transparent":"","_kad_post_title":"","_kad_post_layout":"","_kad_post_sidebar_id":"","_kad_post_content_style":"","_kad_post_vertical_padding":"","_kad_post_feature":"","_kad_post_feature_position":"","_kad_post_header":false,"_kad_post_footer":false,"_kad_post_classname":""},"product_brand":[],"product_cat":[126],"product_tag":[],"class_list":{"0":"post-1709","1":"product","2":"type-product","3":"status-publish","4":"has-post-thumbnail","6":"product_cat-bodys","8":"first","9":"instock","10":"shipping-taxable","11":"purchasable","12":"product-type-variable","13":"has-default-attributes","14":"entry","15":"content-bg","16":"loop-entry"},"_links":{"self":[{"href":"https:\/\/lackina.b2c1688.com\/fr\/wp-json\/wp\/v2\/product\/1709","targetHints":{"allow":["GET"]}}],"collection":[{"href":"https:\/\/lackina.b2c1688.com\/fr\/wp-json\/wp\/v2\/product"}],"about":[{"href":"https:\/\/lackina.b2c1688.com\/fr\/wp-json\/wp\/v2\/types\/product"}],"replies":[{"embeddable":true,"href":"https:\/\/lackina.b2c1688.com\/fr\/wp-json\/wp\/v2\/comments?post=1709"}],"wp:featuredmedia":[{"embeddable":true,"href":"https:\/\/lackina.b2c1688.com\/fr\/wp-json\/wp\/v2\/media\/875"}],"wp:attachment":[{"href":"https:\/\/lackina.b2c1688.com\/fr\/wp-json\/wp\/v2\/media?parent=1709"}],"wp:term":[{"taxonomy":"product_brand","embeddable":true,"href":"https:\/\/lackina.b2c1688.com\/fr\/wp-json\/wp\/v2\/product_brand?post=1709"},{"taxonomy":"product_cat","embeddable":true,"href":"https:\/\/lackina.b2c1688.com\/fr\/wp-json\/wp\/v2\/product_cat?post=1709"},{"taxonomy":"product_tag","embeddable":true,"href":"https:\/\/lackina.b2c1688.com\/fr\/wp-json\/wp\/v2\/product_tag?post=1709"}],"curies":[{"name":"wp","href":"https:\/\/api.w.org\/{rel}","templated":true}]}}