{"id":1683,"date":"2026-01-25T12:05:36","date_gmt":"2026-01-25T12:05:36","guid":{"rendered":"https:\/\/lackina.b2c1688.com\/?post_type=product&#038;p=1683"},"modified":"2026-01-25T12:05:40","modified_gmt":"2026-01-25T12:05:40","slug":"topmodischer-kurz-overallschwarz","status":"publish","type":"product","link":"https:\/\/lackina.b2c1688.com\/fr\/product\/topmodischer-kurz-overallschwarz\/","title":{"rendered":"Topmodischer Kurz-Overall,schwarz"},"content":{"rendered":"<div class=\"module-item module-item-1 tab-pane active\" id=\"blocks-6974895b35811-tab-1\">\n<div class=\"block-body expand-block\">\n<div class=\"block-wrapper\">\n<div class=\"block-contentblock-description\">\n<p style=\"text-align: center; \"><span style=\"font-family: Arial; font-size: 16px;\">Dieser Lack Kurz-Overall ist ein absolut hei\u00dfes Teil f\u00fcr jede Fetish-Party mutige tragen ihn auch in der Disco.<\/span><\/p>\n<p style=\"text-align: center; \"><span style=\"font-family: Arial; font-size: 16px;\"> der&nbsp;Zwei Wege&nbsp;Rei\u00dfverschlu\u00df reicht von der Brust bis \u00fcber den Po.<\/span><\/p>\n<p style=\"text-align: center; \"><span style=\"font-family: Arial; font-size: 16px;\">Materialzusammensetzung : 55 % PVC , 25 % PU , 20 % Polyester,<\/span><\/p>\n<p style=\"text-align: center; \"><span style=\"font-family: Arial; font-size: 16px;\">Lack Material&nbsp; 0,5mm dick<\/span><\/p>\n<p style=\"text-align: center; \"><span style=\"font-weight: 700; color: rgb(51, 51, 51); font-family: Arimo; font-size: 15px;\"><span style=\"font-family: Arial; font-size: 16px;\">der&nbsp;Body&nbsp;ist am besten zu tragen bei einer&nbsp; K\u00f6rpergr\u00f6\u00dfe zwischen 1,60-1,75m .<\/span><\/span><\/p>\n<p style=\"text-align: center; \"><imgstyle=\"width: 887px;\" data-filename=\"R2N]X@HN[X5J%U8VP%@34OT.png\"><span style=\"font-weight: 700; color: rgb(51, 51, 51); font-family: Arimo; font-size: 15px;\"><span style=\"font-family: Arial; font-size: 16px;\"><br \/><\/span><\/span><span style=\"font-family: Arial; font-size: 16px;\"><br \/><\/span><\/p>\n<p>&nbsp;<\/div>\n<\/div>\n<\/div>\n<\/div>","protected":false},"excerpt":{"rendered":"<p>Dieser Lack Kurz-Overall ist ein absolut hei\u00dfes Teil f\u00fcr jede Fetish-Party mutige tragen ihn auch in der Disco. der&nbsp;Zwei Wege&nbsp;Rei\u00dfverschlu\u00df reicht von der Brust bis \u00fcber den Po. Materialzusammensetzung : 55 % PVC , 25 % PU , 20 % Polyester, Lack Material&nbsp; 0,5mm dick der&nbsp;Body&nbsp;ist am besten zu tragen bei einer&nbsp; K\u00f6rpergr\u00f6\u00dfe zwischen 1,60-1,75m&#8230;<\/p>","protected":false},"featured_media":869,"comment_status":"open","ping_status":"closed","template":"","meta":{"_eb_attr":"","_kad_post_transparent":"","_kad_post_title":"","_kad_post_layout":"","_kad_post_sidebar_id":"","_kad_post_content_style":"","_kad_post_vertical_padding":"","_kad_post_feature":"","_kad_post_feature_position":"","_kad_post_header":false,"_kad_post_footer":false,"_kad_post_classname":""},"product_brand":[],"product_cat":[126],"product_tag":[],"class_list":{"0":"post-1683","1":"product","2":"type-product","3":"status-publish","4":"has-post-thumbnail","6":"product_cat-bodys","8":"first","9":"instock","10":"shipping-taxable","11":"purchasable","12":"product-type-variable","13":"has-default-attributes","14":"entry","15":"content-bg","16":"loop-entry"},"_links":{"self":[{"href":"https:\/\/lackina.b2c1688.com\/fr\/wp-json\/wp\/v2\/product\/1683","targetHints":{"allow":["GET"]}}],"collection":[{"href":"https:\/\/lackina.b2c1688.com\/fr\/wp-json\/wp\/v2\/product"}],"about":[{"href":"https:\/\/lackina.b2c1688.com\/fr\/wp-json\/wp\/v2\/types\/product"}],"replies":[{"embeddable":true,"href":"https:\/\/lackina.b2c1688.com\/fr\/wp-json\/wp\/v2\/comments?post=1683"}],"wp:featuredmedia":[{"embeddable":true,"href":"https:\/\/lackina.b2c1688.com\/fr\/wp-json\/wp\/v2\/media\/869"}],"wp:attachment":[{"href":"https:\/\/lackina.b2c1688.com\/fr\/wp-json\/wp\/v2\/media?parent=1683"}],"wp:term":[{"taxonomy":"product_brand","embeddable":true,"href":"https:\/\/lackina.b2c1688.com\/fr\/wp-json\/wp\/v2\/product_brand?post=1683"},{"taxonomy":"product_cat","embeddable":true,"href":"https:\/\/lackina.b2c1688.com\/fr\/wp-json\/wp\/v2\/product_cat?post=1683"},{"taxonomy":"product_tag","embeddable":true,"href":"https:\/\/lackina.b2c1688.com\/fr\/wp-json\/wp\/v2\/product_tag?post=1683"}],"curies":[{"name":"wp","href":"https:\/\/api.w.org\/{rel}","templated":true}]}}