{"id":1622,"date":"2026-01-25T12:05:31","date_gmt":"2026-01-25T12:05:31","guid":{"rendered":"https:\/\/lackina.b2c1688.com\/?post_type=product&#038;p=1622"},"modified":"2026-01-25T12:05:35","modified_gmt":"2026-01-25T12:05:35","slug":"lack-blazer-mit-schrug-schulter-schwarz","status":"publish","type":"product","link":"https:\/\/lackina.b2c1688.com\/fr\/product\/lack-blazer-mit-schrug-schulter-schwarz\/","title":{"rendered":"Lack Blazer mit schrug schulter, schwarz"},"content":{"rendered":"<div class=\"module-item module-item-1 tab-pane active\" id=\"blocks-6974895b35811-tab-1\">\n<div class=\"block-body expand-block\">\n<div class=\"block-wrapper\">\n<div class=\"block-contentblock-description\">\n<div style=\"text-align: center;\"><span style=\"font-family: \" times=\"\" new=\"\" roman\";=\"\" font-size:=\"\" 16px;\"=\"\">Diese taillierte Jacke aus gl\u00e4nzendem Lackstoff (55 % PVC , 25 % PU , 20 % Polyester,10% dehnbar)?<\/span><\/div>\n<p><span style=\"font-family: \" times=\"\" new=\"\" roman\";=\"\" font-size:=\"\" 16px;\"=\"\"><\/p>\n<div style=\"text-align: center;\">DER Hingucker! Bestechend sch\u00f6n durch viele aufw\u00e4ndig gestaltete Details: Schrug Schulter<\/div>\n<p><\/span><span style=\"font-family: \" times=\"\" new=\"\" roman\";=\"\" font-size:=\"\" 16px;\"=\"\"><\/p>\n<div style=\"text-align: center;\">ebenfalls mit ein zu \u00f6ffnenden kn\u00f6pfen ? handgearbeitet Kn\u00f6pfe Loch.<\/div>\n<p><\/span><\/p>\n<div style=\"text-align: center;\"><\/div>\n<p><span style=\"font-family: \" times=\"\" new=\"\" roman\";=\"\" font-size:=\"\" 16px;\"=\"\"><\/p>\n<div style=\"text-align: center;\">Die N\u00e4hte sowie der Stoff wurden mit sehr hoher<\/div>\n<p><\/span><span style=\"font-family: \" times=\"\" new=\"\" roman\";=\"\" font-size:=\"\" 16px;\"=\"\"><\/p>\n<div style=\"text-align: center;\">Sorgfalt fachm\u00e4nnisch verarbeitet.<\/div>\n<p><\/span><\/p>\n<div style=\"text-align: center;\"><\/div>\n<p><span style=\"font-family: \" times=\"\" new=\"\" roman\";=\"\" font-size:=\"\" 16px;\"=\"\"><\/p>\n<div style=\"text-align: center;\">F\u00fcr einen hohen Tragekomfort ist die Jacke mit<\/div>\n<p><\/span><span style=\"font-family: \" times=\"\" new=\"\" roman\";=\"\" font-size:=\"\" 16px;\"=\"\"><\/p>\n<div style=\"text-align: center;\">einem Satininnenfutter ausgestattet.<\/div>\n<p><\/span><span style=\"font-family: \" times=\"\" new=\"\" roman\";=\"\" font-size:=\"\" 16px;\"=\"\"><\/p>\n<div style=\"text-align: center;\">perfect Muster Schnitt, Figurbetont<\/div>\n<div style=\"text-align: center;\"><imgstyle=\"width: 770px;\" data-filename=\"535}S)GS(TYPPUOP4@HEFLJ.png\"><\/div>\n<p><\/span><\/div>\n<\/div>\n<\/div>\n<\/div>","protected":false},"excerpt":{"rendered":"<p>Diese taillierte Jacke aus gl\u00e4nzendem Lackstoff (55 % PVC , 25 % PU , 20 % Polyester,10% dehnbar)? DER Hingucker! Bestechend sch\u00f6n durch viele aufw\u00e4ndig gestaltete Details: Schrug Schulter ebenfalls mit ein zu \u00f6ffnenden kn\u00f6pfen ? handgearbeitet Kn\u00f6pfe Loch. Die N\u00e4hte sowie der Stoff wurden mit sehr hoher Sorgfalt fachm\u00e4nnisch verarbeitet. F\u00fcr einen hohen Tragekomfort&#8230;<\/p>","protected":false},"featured_media":1638,"comment_status":"open","ping_status":"closed","template":"","meta":{"_eb_attr":"","_kad_post_transparent":"","_kad_post_title":"","_kad_post_layout":"","_kad_post_sidebar_id":"","_kad_post_content_style":"","_kad_post_vertical_padding":"","_kad_post_feature":"","_kad_post_feature_position":"","_kad_post_header":false,"_kad_post_footer":false,"_kad_post_classname":""},"product_brand":[],"product_cat":[124],"product_tag":[],"class_list":{"0":"post-1622","1":"product","2":"type-product","3":"status-publish","4":"has-post-thumbnail","6":"product_cat-jacke","8":"first","9":"instock","10":"shipping-taxable","11":"purchasable","12":"product-type-variable","13":"has-default-attributes","14":"entry","15":"content-bg","16":"loop-entry"},"_links":{"self":[{"href":"https:\/\/lackina.b2c1688.com\/fr\/wp-json\/wp\/v2\/product\/1622","targetHints":{"allow":["GET"]}}],"collection":[{"href":"https:\/\/lackina.b2c1688.com\/fr\/wp-json\/wp\/v2\/product"}],"about":[{"href":"https:\/\/lackina.b2c1688.com\/fr\/wp-json\/wp\/v2\/types\/product"}],"replies":[{"embeddable":true,"href":"https:\/\/lackina.b2c1688.com\/fr\/wp-json\/wp\/v2\/comments?post=1622"}],"wp:featuredmedia":[{"embeddable":true,"href":"https:\/\/lackina.b2c1688.com\/fr\/wp-json\/wp\/v2\/media\/1638"}],"wp:attachment":[{"href":"https:\/\/lackina.b2c1688.com\/fr\/wp-json\/wp\/v2\/media?parent=1622"}],"wp:term":[{"taxonomy":"product_brand","embeddable":true,"href":"https:\/\/lackina.b2c1688.com\/fr\/wp-json\/wp\/v2\/product_brand?post=1622"},{"taxonomy":"product_cat","embeddable":true,"href":"https:\/\/lackina.b2c1688.com\/fr\/wp-json\/wp\/v2\/product_cat?post=1622"},{"taxonomy":"product_tag","embeddable":true,"href":"https:\/\/lackina.b2c1688.com\/fr\/wp-json\/wp\/v2\/product_tag?post=1622"}],"curies":[{"name":"wp","href":"https:\/\/api.w.org\/{rel}","templated":true}]}}