{"id":1589,"date":"2026-01-25T12:05:28","date_gmt":"2026-01-25T12:05:28","guid":{"rendered":"https:\/\/lackina.b2c1688.com\/?post_type=product&#038;p=1589"},"modified":"2026-01-25T12:05:30","modified_gmt":"2026-01-25T12:05:30","slug":"lack-abend-kleid-schwarz","status":"publish","type":"product","link":"https:\/\/lackina.b2c1688.com\/fr\/product\/lack-abend-kleid-schwarz\/","title":{"rendered":"Lack Abend Kleid ,schwarz"},"content":{"rendered":"<div class=\"module-item module-item-1 tab-pane active\" id=\"blocks-6974895b35811-tab-1\">\n<div class=\"block-body expand-block\">\n<div class=\"block-wrapper\">\n<div class=\"block-contentblock-description\">\n<p align=\"center\">Lackina : das sind exclusive Modelle in hochwertiger Ausf\u00fchrung aus eigener Werkstatt.<\/p>\n<p align=\"center\">Unsere Produkte sind Lack Bekleidung vieler Art die wir gegen Aufpreis auch nach Ma\u00df oder nach Ihren Farbw\u00fcnschen liefern k\u00f6nnen.<\/p>\n<p align=\"center\">Sollten Sie andere W\u00fcnsche haben ( Produkte , Farben , Gr\u00f6\u00dfen usw. ) sprechen Sie uns bitte an unter &#8220; <u>lackina-<\/u>info@gmx.de<\/p>\n<p align=\"center\">\u00a0<\/p>\n<p align=\"center\">Lack Abend Kleid<\/p>\n<p align=\"center\">V Schnitt Kragen (vorne ,hinten)<\/p>\n<p align=\"center\">Seiten Rei\u00dfverschluss<\/p>\n<p align=\"center\">Rechtsseite Schlitze 64cm (Gr S)<\/p>\n<p>\u00a0\u00a0\u00a0\u00a0\u00a0\u00a0\u00a0\u00a0\u00a0\u00a0\u00a0\u00a0\u00a0\u00a0\u00a0\u00a0\u00a0\u00a0\u00a0\u00a0\u00a0\u00a0\u00a0\u00a0\u00a0\u00a0\u00a0\u00a0\u00a0\u00a0\u00a0\u00a0\u00a0\u00a0\u00a0\u00a0\u00a0\u00a0\u00a0\u00a0\u00a0\u00a0\u00a0 Materialzusammensetzung :\u00a0\u00a0 55 % PVC , 25 % PU , 20 % Polyester<\/p>\n<table border=\"1\" cellpadding=\"0\" cellspacing=\"0\">\n<tbody>\n<tr>\n<td style=\"width: 106px; height: 17px;\">\n<p align=\"center\"><strong>Ma\u00dftabelle<\/strong><\/p>\n<\/td>\n<td style=\"width: 70px; height: 17px;\">\u00a0<\/td>\n<td style=\"width: 71px; height: 17px;\">\u00a0<\/td>\n<td style=\"width: 73px; height: 17px;\">\u00a0<\/td>\n<td style=\"width: 72px; height: 17px;\">\u00a0<\/td>\n<td style=\"width: 73px; height: 17px;\">\u00a0<\/td>\n<td style=\"width: 78px; height: 17px;\">\u00a0<\/td>\n<td style=\"width: 66px; height: 17px;\">\n<p>\u00a0<\/p>\n<\/td>\n<\/tr>\n<tr>\n<td style=\"width: 106px; height: 17px;\">\u00a0<\/td>\n<td style=\"width: 70px; height: 17px;\">\n<p align=\"center\"><strong>Gr. S<\/strong><\/p>\n<\/td>\n<td style=\"width: 71px; height: 17px;\">\n<p align=\"center\"><strong>Gr. M<\/strong><\/p>\n<\/td>\n<td style=\"width: 73px; height: 17px;\">\n<p align=\"center\"><strong>Gr. L<\/strong><\/p>\n<\/td>\n<td style=\"width: 72px; height: 17px;\">\n<p align=\"center\"><strong>Gr. XL<\/strong><\/p>\n<\/td>\n<td style=\"width: 73px; height: 17px;\">\n<p align=\"center\"><strong>Gr. 2XL<\/strong><\/p>\n<\/td>\n<td style=\"width: 78px; height: 17px;\">\n<p align=\"center\"><strong>Gr. 3XL\u00a0\u00a0 <\/strong><\/p>\n<\/td>\n<td style=\"width: 66px; height: 17px;\">\n<p align=\"center\"><strong>Gr.4XL<\/strong><\/p>\n<\/td>\n<\/tr>\n<tr>\n<td style=\"width: 106px; height: 17px;\">\n<p align=\"center\">Schulterbreite<\/p>\n<\/td>\n<td style=\"width: 70px; height: 17px;\">\n<p align=\"center\">39 cm<\/p>\n<\/td>\n<td style=\"width: 71px; height: 17px;\">\n<p align=\"center\">40,5 cm<\/p>\n<\/td>\n<td style=\"width: 73px; height: 17px;\">\n<p align=\"center\">42 cm<\/p>\n<\/td>\n<td style=\"width: 72px; height: 17px;\">\n<p align=\"center\">43,5 cm<\/p>\n<\/td>\n<td style=\"width: 73px; height: 17px;\">\n<p align=\"center\">44,5 cm<\/p>\n<\/td>\n<td style=\"width: 78px; height: 17px;\">\n<p align=\"center\">45,5 cm<\/p>\n<\/td>\n<td style=\"width: 66px; height: 17px;\">\n<p align=\"center\">46,5 cm<\/p>\n<\/td>\n<\/tr>\n<tr>\n<td style=\"width: 106px; height: 17px;\">\n<p align=\"center\">Brustumfang<\/p>\n<\/td>\n<td style=\"width: 70px; height: 17px;\">\n<p align=\"center\">84-89 cm<\/p>\n<\/td>\n<td style=\"width: 71px; height: 17px;\">\n<p align=\"center\">90-95 cm<\/p>\n<\/td>\n<td style=\"width: 73px; height: 17px;\">\n<p align=\"center\">96-101 cm<\/p>\n<\/td>\n<td style=\"width: 72px; height: 17px;\">\n<p align=\"center\">102-107 cm<\/p>\n<\/td>\n<td style=\"width: 73px; height: 17px;\">\n<p align=\"center\">108-113 cm<\/p>\n<\/td>\n<td style=\"width: 78px; height: 17px;\">\n<p align=\"center\">113-118 cm<\/p>\n<\/td>\n<td style=\"width: 66px; height: 17px;\">\n<p align=\"center\">119-125cm<\/p>\n<\/td>\n<\/tr>\n<tr>\n<td style=\"width: 106px; height: 18px;\">\n<p align=\"center\">Taillenumfang<\/p>\n<\/td>\n<td style=\"width: 70px; height: 18px;\">\n<p align=\"center\">63-69 cm<\/p>\n<\/td>\n<td style=\"width: 71px; height: 18px;\">\n<p align=\"center\">69-74 cm<\/p>\n<\/td>\n<td style=\"width: 73px; height: 18px;\">\n<p align=\"center\">75-80 cm<\/p>\n<\/td>\n<td style=\"width: 72px; height: 18px;\">\n<p align=\"center\">81-86 cm<\/p>\n<\/td>\n<td style=\"width: 73px; height: 18px;\">\n<p align=\"center\">87-92 cm<\/p>\n<\/td>\n<td style=\"width: 78px; height: 18px;\">\n<p align=\"center\">93-98 cm<\/p>\n<\/td>\n<td style=\"width: 66px; height: 18px;\">\n<p align=\"center\">98-103 cm<\/p>\n<\/td>\n<\/tr>\n<tr>\n<td style=\"width: 106px; height: 17px;\">\n<p align=\"center\">H\u00fcftumfang<\/p>\n<\/td>\n<td style=\"width: 70px; height: 17px;\">\n<p align=\"center\">88-93 cm<\/p>\n<\/td>\n<td style=\"width: 71px; height: 17px;\">\n<p align=\"center\">94-99 cm<\/p>\n<\/td>\n<td style=\"width: 73px; height: 17px;\">\n<p align=\"center\">100-105 cm<\/p>\n<\/td>\n<td style=\"width: 72px; height: 17px;\">\n<p align=\"center\">106-111 cm<\/p>\n<\/td>\n<td style=\"width: 73px; height: 17px;\">\n<p align=\"center\">112-118 cm<\/p>\n<\/td>\n<td style=\"width: 78px; height: 17px;\">\n<p align=\"center\">118-123 cm<\/p>\n<\/td>\n<td style=\"width: 66px; height: 17px;\">\n<p align=\"center\">123-128 cm<\/p>\n<\/td>\n<\/tr>\n<tr>\n<td style=\"width: 106px; height: 17px;\">\n<p align=\"center\">Kleidl\u00e4nge<\/p>\n<\/td>\n<td style=\"width: 70px; height: 17px;\">\n<p align=\"center\">129 cm<\/p>\n<\/td>\n<td style=\"width: 71px; height: 17px;\">\n<p align=\"center\">132 cm<\/p>\n<\/td>\n<td style=\"width: 73px; height: 17px;\">\n<p align=\"center\">135 cm<\/p>\n<\/td>\n<td style=\"width: 72px; height: 17px;\">\n<p align=\"center\">138cm<\/p>\n<\/td>\n<td style=\"width: 73px; height: 17px;\">\n<p align=\"center\">141 cm<\/p>\n<\/td>\n<td style=\"width: 78px; height: 17px;\">\n<p align=\"center\">144 cm<\/p>\n<\/td>\n<td style=\"width: 66px; height: 17px;\">\n<p align=\"center\">147 cm<\/p>\n<\/td>\n<\/tr>\n<\/tbody>\n<\/table>\n<\/div>\n<\/div>\n<\/div>\n<\/div>","protected":false},"excerpt":{"rendered":"<p>Lackina : das sind exclusive Modelle in hochwertiger Ausf\u00fchrung aus eigener Werkstatt. Unsere Produkte sind Lack Bekleidung vieler Art die wir gegen Aufpreis auch nach Ma\u00df oder nach Ihren Farbw\u00fcnschen liefern k\u00f6nnen. Sollten Sie andere W\u00fcnsche haben ( Produkte , Farben , Gr\u00f6\u00dfen usw. ) sprechen Sie uns bitte an unter &#8220; lackina-info@gmx.de \u00a0 Lack&#8230;<\/p>","protected":false},"featured_media":736,"comment_status":"open","ping_status":"closed","template":"","meta":{"_eb_attr":"","_kad_post_transparent":"","_kad_post_title":"","_kad_post_layout":"","_kad_post_sidebar_id":"","_kad_post_content_style":"","_kad_post_vertical_padding":"","_kad_post_feature":"","_kad_post_feature_position":"","_kad_post_header":false,"_kad_post_footer":false,"_kad_post_classname":""},"product_brand":[],"product_cat":[123],"product_tag":[],"class_list":{"0":"post-1589","1":"product","2":"type-product","3":"status-publish","4":"has-post-thumbnail","6":"product_cat-kleider","8":"first","9":"instock","10":"shipping-taxable","11":"purchasable","12":"product-type-variable","13":"has-default-attributes","14":"entry","15":"content-bg","16":"loop-entry"},"_links":{"self":[{"href":"https:\/\/lackina.b2c1688.com\/fr\/wp-json\/wp\/v2\/product\/1589","targetHints":{"allow":["GET"]}}],"collection":[{"href":"https:\/\/lackina.b2c1688.com\/fr\/wp-json\/wp\/v2\/product"}],"about":[{"href":"https:\/\/lackina.b2c1688.com\/fr\/wp-json\/wp\/v2\/types\/product"}],"replies":[{"embeddable":true,"href":"https:\/\/lackina.b2c1688.com\/fr\/wp-json\/wp\/v2\/comments?post=1589"}],"wp:featuredmedia":[{"embeddable":true,"href":"https:\/\/lackina.b2c1688.com\/fr\/wp-json\/wp\/v2\/media\/736"}],"wp:attachment":[{"href":"https:\/\/lackina.b2c1688.com\/fr\/wp-json\/wp\/v2\/media?parent=1589"}],"wp:term":[{"taxonomy":"product_brand","embeddable":true,"href":"https:\/\/lackina.b2c1688.com\/fr\/wp-json\/wp\/v2\/product_brand?post=1589"},{"taxonomy":"product_cat","embeddable":true,"href":"https:\/\/lackina.b2c1688.com\/fr\/wp-json\/wp\/v2\/product_cat?post=1589"},{"taxonomy":"product_tag","embeddable":true,"href":"https:\/\/lackina.b2c1688.com\/fr\/wp-json\/wp\/v2\/product_tag?post=1589"}],"curies":[{"name":"wp","href":"https:\/\/api.w.org\/{rel}","templated":true}]}}