{"id":1507,"date":"2026-01-25T12:05:17","date_gmt":"2026-01-25T12:05:17","guid":{"rendered":"https:\/\/lackina.b2c1688.com\/?post_type=product&#038;p=1507"},"modified":"2026-01-25T12:05:22","modified_gmt":"2026-01-25T12:05:22","slug":"lack-mantel-mit-volant-schwarz-gr-s-4-xl","status":"publish","type":"product","link":"https:\/\/lackina.b2c1688.com\/fr\/product\/lack-mantel-mit-volant-schwarz-gr-s-4-xl\/","title":{"rendered":"Lack Mantel mit Volant schwarz ,Gr S- 4 XL"},"content":{"rendered":"<div class=\"module-item module-item-1 tab-pane active\" id=\"blocks-6974895b35811-tab-1\">\n<div class=\"block-body expand-block\">\n<div class=\"block-wrapper\">\n<div class=\"block-contentblock-description\">\n<p align=\"center\"><strong>Sie erwerben hier einen genial geschnittenen Mantel mit schlanker Silhouette <\/strong><\/p>\n<p align=\"center\"><strong>seidig gl\u00e4nzendes <\/strong><strong>Innenfutter<\/strong><\/p>\n<p align=\"center\">modisch aktuell geschnittener&nbsp;Kragen<\/p>\n<p align=\"center\">6&nbsp;Reihe Metall&nbsp;Kn\u00f6pfe (Kurz Mantel)<\/p>\n<p align=\"center\"><strong>durch Taillennaht und L\u00e4ngsn\u00e4hte&nbsp;sch\u00f6n tailliert<\/strong><\/p>\n<p align=\"center\"><strong>Farbauswahl:schwarz (sofort lieferbar)<\/strong><\/p>\n<p align=\"center\"><strong>Gro\u00dfauswahl: S-4XL<\/strong><\/p>\n<p align=\"center\">&nbsp;die&nbsp; Gr\u00f6\u00dfentabelle bezieht sich auf Mantel Ma\u00dfe<br \/>Wenn Sie mit den Ma\u00dfen nicht sicher sind,<br \/>k\u00f6nnen Sie uns&nbsp; direkt kontaktieren, wir beraten Sie gerne.<\/p>\n<p align=\"center\">gegen 45 Euro Aufpreis bieten wir Sonderanfertigung nach Farbauswahl (nur Standard Masse) an .<br \/>Lieferzeit ist ca.30 Tage nach dem Geldeingang.<\/p>\n<p align=\"center\"><strong>Dieser&nbsp;Mantel wird bestimmt das Highlight bei jedem Verkleidungs&nbsp; Treffen ( Cosplay , Anime &#8211; Conventions, Fasching, Karneval , Kost\u00fcm \u2013 Party , Fetish, ) <\/strong><\/p>\n<p align=\"center\"><strong>Lack Materialzusammensetzung :&nbsp;&nbsp; 55 % PVC , 25 % PU , 20 % Polyester<\/strong><\/p>\n<p align=\"center\"><strong>Lack Material&nbsp; 0,5mm<\/strong>&nbsp;<\/p>\n<table border=\"1\" cellpadding=\"0\" cellspacing=\"0\" width=\"635\">\n<tbody>\n<tr>\n<td style=\"width: 134px; height: 17px;\">\n<p align=\"center\"><strong>Ma\u00dftabelle f\u00fcr den Mantel<\/strong><\/p>\n<\/td>\n<td style=\"width: 72px; height: 17px;\">&nbsp;<\/td>\n<td style=\"width: 72px; height: 17px;\">&nbsp;<\/td>\n<td style=\"width: 72px; height: 17px;\">&nbsp;<\/td>\n<td style=\"width: 72px; height: 17px;\">&nbsp;<\/td>\n<td style=\"width: 72px; height: 17px;\">&nbsp;<\/td>\n<td style=\"width: 72px; height: 17px;\">\n<p align=\"center\">&nbsp;<\/p>\n<\/td>\n<td style=\"width: 72px; height: 17px;\">&nbsp;<\/td>\n<\/tr>\n<tr>\n<td style=\"width: 134px; height: 17px;\">&nbsp;<\/td>\n<td style=\"width: 72px; height: 17px;\">\n<p align=\"center\"><strong>S<\/strong><\/p>\n<\/td>\n<td style=\"width: 72px; height: 17px;\">\n<p align=\"center\"><strong>M<\/strong><\/p>\n<\/td>\n<td style=\"width: 72px; height: 17px;\">\n<p align=\"center\"><strong>L<\/strong><\/p>\n<\/td>\n<td style=\"width: 72px; height: 17px;\">\n<p align=\"center\"><strong>XL<\/strong><\/p>\n<\/td>\n<td style=\"width: 72px; height: 17px;\">\n<p align=\"center\"><strong>2XL<\/strong><\/p>\n<\/td>\n<td style=\"width: 72px; height: 17px;\">\n<p align=\"center\"><strong>3XL<\/strong><\/p>\n<\/td>\n<td style=\"width: 72px; height: 17px;\">\n<p align=\"center\"><strong>4XL<\/strong><\/p>\n<\/td>\n<\/tr>\n<tr>\n<td style=\"width: 134px; height: 17px;\">\n<p align=\"center\">Schulterbreite<\/p>\n<\/td>\n<td style=\"width: 72px; height: 17px;\">\n<p align=\"center\">43&nbsp;cm<\/p>\n<\/td>\n<td style=\"width: 72px; height: 17px;\">\n<p align=\"center\">44&nbsp;cm<\/p>\n<\/td>\n<td style=\"width: 72px; height: 17px;\">\n<p align=\"center\">45 cm<\/p>\n<\/td>\n<td style=\"width: 72px; height: 17px;\">\n<p align=\"center\">46&nbsp;cm<\/p>\n<\/td>\n<td style=\"width: 72px; height: 17px;\">\n<p align=\"center\">47&nbsp;cm<\/p>\n<\/td>\n<td style=\"width: 72px; height: 17px;\">\n<p align=\"center\">48&nbsp;cm<\/p>\n<\/td>\n<td style=\"width: 72px; height: 17px;\">\n<p align=\"center\">49cm<\/p>\n<\/td>\n<\/tr>\n<tr>\n<td style=\"width: 134px; height: 17px;\">\n<p align=\"center\">Brustumfang<\/p>\n<\/td>\n<td style=\"width: 72px; height: 17px;\">\n<p align=\"center\">93&nbsp;cm<\/p>\n<\/td>\n<td style=\"width: 72px; height: 17px;\">\n<p align=\"center\">99&nbsp;cm<\/p>\n<\/td>\n<td style=\"width: 72px; height: 17px;\">\n<p align=\"center\">105&nbsp;cm<\/p>\n<\/td>\n<td style=\"width: 72px; height: 17px;\">\n<p align=\"center\">111&nbsp;cm<\/p>\n<\/td>\n<td style=\"width: 72px; height: 17px;\">\n<p align=\"center\">117&nbsp;cm<\/p>\n<\/td>\n<td style=\"width: 72px; height: 17px;\">\n<p align=\"center\">123cm<\/p>\n<\/td>\n<td style=\"width: 72px; height: 17px;\">\n<p align=\"center\">129 cm<\/p>\n<\/td>\n<\/tr>\n<tr>\n<td style=\"width: 134px; height: 17px;\">\n<p align=\"center\">Taillenumfang<\/p>\n<\/td>\n<td style=\"width: 72px; height: 17px;\">\n<p align=\"center\">78 cm<\/p>\n<\/td>\n<td style=\"width: 72px; height: 17px;\">\n<p align=\"center\">84 cm<\/p>\n<\/td>\n<td style=\"width: 72px; height: 17px;\">\n<p align=\"center\">90 cm<\/p>\n<\/td>\n<td style=\"width: 72px; height: 17px;\">\n<p align=\"center\">96 cm<\/p>\n<\/td>\n<td style=\"width: 72px; height: 17px;\">\n<p align=\"center\">102&nbsp;cm<\/p>\n<\/td>\n<td style=\"width: 72px; height: 17px;\">\n<p align=\"center\">108 cm<\/p>\n<\/td>\n<td style=\"width: 72px; height: 17px;\">\n<p align=\"center\">113 cm<\/p>\n<\/td>\n<\/tr>\n<tr>\n<td style=\"width: 134px; height: 17px;\">\n<p align=\"center\">H\u00fcftenumfang<\/p>\n<\/td>\n<td style=\"width: 72px; height: 17px;\">\n<p align=\"center\">100&nbsp;cm<\/p>\n<\/td>\n<td style=\"width: 72px; height: 17px;\">\n<p align=\"center\">106&nbsp;cm<\/p>\n<\/td>\n<td style=\"width: 72px; height: 17px;\">\n<p align=\"center\">112&nbsp;cm<\/p>\n<\/td>\n<td style=\"width: 72px; height: 17px;\">\n<p align=\"center\">118&nbsp;cm<\/p>\n<\/td>\n<td style=\"width: 72px; height: 17px;\">\n<p align=\"center\">124&nbsp;cm<\/p>\n<\/td>\n<td style=\"width: 72px; height: 17px;\">\n<p align=\"center\">130&nbsp;cm<\/p>\n<\/td>\n<td style=\"width: 72px; height: 17px;\">\n<p align=\"center\">136 cm<\/p>\n<\/td>\n<\/tr>\n<tr>\n<td style=\"width: 134px; height: 17px;\">\n<p align=\"center\">MantelArml\u00e4nge<\/p>\n<\/td>\n<td style=\"width: 72px; height: 17px;\">\n<p align=\"center\">59&nbsp;cm<\/p>\n<\/td>\n<td style=\"width: 72px; height: 17px;\">\n<p align=\"center\">60&nbsp;cm<\/p>\n<\/td>\n<td style=\"width: 72px; height: 17px;\">\n<p align=\"center\">61&nbsp;cm<\/p>\n<\/td>\n<td style=\"width: 72px; height: 17px;\">\n<p align=\"center\">62 cm<\/p>\n<\/td>\n<td style=\"width: 72px; height: 17px;\">\n<p align=\"center\">63&nbsp;cm<\/p>\n<\/td>\n<td style=\"width: 72px; height: 17px;\">\n<p align=\"center\">64&nbsp;cm<\/p>\n<\/td>\n<td style=\"width: 72px; height: 17px;\">\n<p align=\"center\">65cm<\/p>\n<\/td>\n<\/tr>\n<tr>\n<td style=\"width: 134px; height: 17px;\">\n<p align=\"center\">Mantell\u00e4nge<\/p>\n<\/td>\n<td style=\"width: 72px; height: 17px;\">\n<p align=\"center\">101&nbsp;cm<\/p>\n<\/td>\n<td style=\"width: 72px; height: 17px;\">\n<p align=\"center\">102&nbsp;cm<\/p>\n<\/td>\n<td style=\"width: 72px; height: 17px;\">\n<p align=\"center\">103cm<\/p>\n<\/td>\n<td style=\"width: 72px; height: 17px;\">\n<p align=\"center\">104cm<\/p>\n<\/td>\n<td style=\"width: 72px; height: 17px;\">\n<p align=\"center\">105&nbsp;cm<\/p>\n<\/td>\n<td style=\"width: 72px; height: 17px;\">\n<p align=\"center\">106&nbsp;cm<\/p>\n<\/td>\n<td style=\"width: 72px; height: 17px;\">\n<p align=\"center\">107&nbsp;cm<\/p>\n<\/td>\n<\/tr>\n<\/tbody>\n<\/table>\n<p align=\"center\">&nbsp;<\/p>\n<\/div>\n<\/div>\n<\/div>\n<\/div>","protected":false},"excerpt":{"rendered":"<p>Sie erwerben hier einen genial geschnittenen Mantel mit schlanker Silhouette seidig gl\u00e4nzendes Innenfutter modisch aktuell geschnittener&nbsp;Kragen 6&nbsp;Reihe Metall&nbsp;Kn\u00f6pfe (Kurz Mantel) durch Taillennaht und L\u00e4ngsn\u00e4hte&nbsp;sch\u00f6n tailliert Farbauswahl:schwarz (sofort lieferbar) Gro\u00dfauswahl: S-4XL &nbsp;die&nbsp; Gr\u00f6\u00dfentabelle bezieht sich auf Mantel Ma\u00dfeWenn Sie mit den Ma\u00dfen nicht sicher sind,k\u00f6nnen Sie uns&nbsp; direkt kontaktieren, wir beraten Sie gerne. gegen 45 Euro&#8230;<\/p>","protected":false},"featured_media":673,"comment_status":"open","ping_status":"closed","template":"","meta":{"_eb_attr":"","_kad_post_transparent":"","_kad_post_title":"","_kad_post_layout":"","_kad_post_sidebar_id":"","_kad_post_content_style":"","_kad_post_vertical_padding":"","_kad_post_feature":"","_kad_post_feature_position":"","_kad_post_header":false,"_kad_post_footer":false,"_kad_post_classname":""},"product_brand":[],"product_cat":[113],"product_tag":[],"class_list":{"0":"post-1507","1":"product","2":"type-product","3":"status-publish","4":"has-post-thumbnail","6":"product_cat-maentel","8":"first","9":"instock","10":"shipping-taxable","11":"purchasable","12":"product-type-variable","13":"has-default-attributes","14":"entry","15":"content-bg","16":"loop-entry"},"_links":{"self":[{"href":"https:\/\/lackina.b2c1688.com\/fr\/wp-json\/wp\/v2\/product\/1507","targetHints":{"allow":["GET"]}}],"collection":[{"href":"https:\/\/lackina.b2c1688.com\/fr\/wp-json\/wp\/v2\/product"}],"about":[{"href":"https:\/\/lackina.b2c1688.com\/fr\/wp-json\/wp\/v2\/types\/product"}],"replies":[{"embeddable":true,"href":"https:\/\/lackina.b2c1688.com\/fr\/wp-json\/wp\/v2\/comments?post=1507"}],"wp:featuredmedia":[{"embeddable":true,"href":"https:\/\/lackina.b2c1688.com\/fr\/wp-json\/wp\/v2\/media\/673"}],"wp:attachment":[{"href":"https:\/\/lackina.b2c1688.com\/fr\/wp-json\/wp\/v2\/media?parent=1507"}],"wp:term":[{"taxonomy":"product_brand","embeddable":true,"href":"https:\/\/lackina.b2c1688.com\/fr\/wp-json\/wp\/v2\/product_brand?post=1507"},{"taxonomy":"product_cat","embeddable":true,"href":"https:\/\/lackina.b2c1688.com\/fr\/wp-json\/wp\/v2\/product_cat?post=1507"},{"taxonomy":"product_tag","embeddable":true,"href":"https:\/\/lackina.b2c1688.com\/fr\/wp-json\/wp\/v2\/product_tag?post=1507"}],"curies":[{"name":"wp","href":"https:\/\/api.w.org\/{rel}","templated":true}]}}