{"id":1505,"date":"2026-01-25T12:05:17","date_gmt":"2026-01-25T12:05:17","guid":{"rendered":"https:\/\/lackina.b2c1688.com\/?post_type=product&#038;p=1505"},"modified":"2026-01-25T12:05:20","modified_gmt":"2026-01-25T12:05:20","slug":"lack-mantel-2-teile-schwarz-gr-s-4xl","status":"publish","type":"product","link":"https:\/\/lackina.b2c1688.com\/fr\/product\/lack-mantel-2-teile-schwarz-gr-s-4xl\/","title":{"rendered":"Lack Mantel ,2 Teile, schwarz Gr S-4XL"},"content":{"rendered":"<div class=\"module-item module-item-1 tab-pane active\" id=\"blocks-6974895b35811-tab-1\">\n<div class=\"block-body expand-block\">\n<div class=\"block-wrapper\">\n<div class=\"block-contentblock-description\">\n<p>Auf der Taille ist mit silber Rei\u00dfverschlu\u00df ,man kann den RV zuschlie\u00dfen und er\u00f6ffnen.Wenn man den RV er\u00f6ffnen,ist der Mantel zwei Teile von kurze Jacke und lange Rock. seidig gl\u00e4nzendes Innenfutter 2 Tasche mit der Decke. modisch aktuell geschnittener Kragen durch Taillennaht und L\u00e4ngsn\u00e4hte sch\u00f6n tailliert Farbauswahl :schwarz Lieferbar von Gr S-Gr 3XL Lack Materialzusammensetzung : 55 % PVC , 25 % PU , 20 % Polyester Lack Material 0,5mm dick<\/p>\n<\/div>\n<\/div>\n<\/div>\n<\/div>","protected":false},"excerpt":{"rendered":"<p>Auf der Taille ist mit silber Rei\u00dfverschlu\u00df ,man kann den RV zuschlie\u00dfen und er\u00f6ffnen.Wenn man den RV er\u00f6ffnen,ist der Mantel zwei Teile von kurze Jacke und lange Rock. seidig gl\u00e4nzendes Innenfutter 2 Tasche mit der Decke. modisch aktuell geschnittener Kragen durch Taillennaht und L\u00e4ngsn\u00e4hte sch\u00f6n tailliert Farbauswahl :schwarz Lieferbar von Gr S-Gr 3XL Lack Materialzusammensetzung&#8230;<\/p>","protected":false},"featured_media":651,"comment_status":"open","ping_status":"closed","template":"","meta":{"_eb_attr":"","_kad_post_transparent":"","_kad_post_title":"","_kad_post_layout":"","_kad_post_sidebar_id":"","_kad_post_content_style":"","_kad_post_vertical_padding":"","_kad_post_feature":"","_kad_post_feature_position":"","_kad_post_header":false,"_kad_post_footer":false,"_kad_post_classname":""},"product_brand":[],"product_cat":[113],"product_tag":[],"class_list":{"0":"post-1505","1":"product","2":"type-product","3":"status-publish","4":"has-post-thumbnail","6":"product_cat-maentel","8":"first","9":"instock","10":"shipping-taxable","11":"purchasable","12":"product-type-variable","13":"has-default-attributes","14":"entry","15":"content-bg","16":"loop-entry"},"_links":{"self":[{"href":"https:\/\/lackina.b2c1688.com\/fr\/wp-json\/wp\/v2\/product\/1505","targetHints":{"allow":["GET"]}}],"collection":[{"href":"https:\/\/lackina.b2c1688.com\/fr\/wp-json\/wp\/v2\/product"}],"about":[{"href":"https:\/\/lackina.b2c1688.com\/fr\/wp-json\/wp\/v2\/types\/product"}],"replies":[{"embeddable":true,"href":"https:\/\/lackina.b2c1688.com\/fr\/wp-json\/wp\/v2\/comments?post=1505"}],"wp:featuredmedia":[{"embeddable":true,"href":"https:\/\/lackina.b2c1688.com\/fr\/wp-json\/wp\/v2\/media\/651"}],"wp:attachment":[{"href":"https:\/\/lackina.b2c1688.com\/fr\/wp-json\/wp\/v2\/media?parent=1505"}],"wp:term":[{"taxonomy":"product_brand","embeddable":true,"href":"https:\/\/lackina.b2c1688.com\/fr\/wp-json\/wp\/v2\/product_brand?post=1505"},{"taxonomy":"product_cat","embeddable":true,"href":"https:\/\/lackina.b2c1688.com\/fr\/wp-json\/wp\/v2\/product_cat?post=1505"},{"taxonomy":"product_tag","embeddable":true,"href":"https:\/\/lackina.b2c1688.com\/fr\/wp-json\/wp\/v2\/product_tag?post=1505"}],"curies":[{"name":"wp","href":"https:\/\/api.w.org\/{rel}","templated":true}]}}