{"id":1476,"date":"2026-01-25T12:05:10","date_gmt":"2026-01-25T12:05:10","guid":{"rendered":"https:\/\/lackina.b2c1688.com\/?post_type=product&#038;p=1476"},"modified":"2026-01-25T12:05:16","modified_gmt":"2026-01-25T12:05:16","slug":"lackina-lacklace-bolero-top-s-4xl","status":"publish","type":"product","link":"https:\/\/lackina.b2c1688.com\/fr\/product\/lackina-lacklace-bolero-top-s-4xl\/","title":{"rendered":"Lackina Lack+Lace Bolero Top ,S-4XL"},"content":{"rendered":"<div class=\"module-item module-item-1 tab-pane active\" id=\"blocks-6974895b35811-tab-1\">\n<div class=\"block-body expand-block\">\n<div class=\"block-wrapper\">\n<div class=\"block-contentblock-description\">\n<p>Lackina Lack Bolero Top (ohne Korsett,ohne Rock) <\/p>\n<p>mit reizvoller Kette an Brust und R\u00fccken,<\/p>\n<p>Material: Kunstleder(weinrot)+ Lace(schwarz)<\/p>\n<p>Lieferbar in 7 Gr\u00f6\u00dfen<\/p>\n<table border=\"1\" cellspacing=\"0\" cellpadding=\"0\">\n<tbody>\n<tr>\n<td>\n<p><b>Ma\u00dftabelle f\u00fcr Frauen<\/b><\/p>\n<\/td>\n<td> <\/td>\n<td> <\/td>\n<td> <\/td>\n<td> <\/td>\n<td> <\/td>\n<td> <\/td>\n<td> <\/td>\n<\/tr>\n<tr>\n<td> <\/td>\n<td>\n<p><b>Gr. S<\/b><\/p>\n<\/td>\n<td>\n<p><b>Gr. M<\/b><\/p>\n<\/td>\n<td>\n<p><b>Gr. L<\/b><\/p>\n<\/td>\n<td>\n<p><b>Gr. XL<\/b><\/p>\n<\/td>\n<td>\n<p><b>Gr. XXL<\/b><\/p>\n<\/td>\n<td>\n<p><b>Gr. 3XL<\/b><\/p>\n<\/td>\n<td>\n<p><b>Gr. 4 XL<\/b><\/p>\n<\/td>\n<\/tr>\n<tr>\n<td>\n<p>Schulterbreite<\/p>\n<\/td>\n<td>\n<p>39 cm<\/p>\n<\/td>\n<td>\n<p>40,5 cm<\/p>\n<\/td>\n<td>\n<p>42 cm<\/p>\n<\/td>\n<td>\n<p>43,5 cm<\/p>\n<\/td>\n<td>\n<p>44,5 cm<\/p>\n<\/td>\n<td>\n<p>45,5 cm<\/p>\n<\/td>\n<td>\n<p>46,5 cm<\/p>\n<\/td>\n<\/tr>\n<tr>\n<td>\n<p>Brustumfang<\/p>\n<\/td>\n<td>\n<p>84-89 cm<\/p>\n<\/td>\n<td>\n<p>90-95 cm<\/p>\n<\/td>\n<td>\n<p>96-101 cm<\/p>\n<\/td>\n<td>\n<p>102-107 cm<\/p>\n<\/td>\n<td>\n<p>108-113 cm<\/p>\n<\/td>\n<td>\n<p>113-118 cm<\/p>\n<\/td>\n<td>\n<p>119-124 cm<\/p>\n<\/td>\n<\/tr>\n<tr>\n<td>\n<p>Taillenumfang<\/p>\n<\/td>\n<td>\n<p>63-68 cm<\/p>\n<\/td>\n<td>\n<p>69-74 cm<\/p>\n<\/td>\n<td>\n<p>75-80 cm<\/p>\n<\/td>\n<td>\n<p>81-86 cm<\/p>\n<\/td>\n<td>\n<p>87-92 cm<\/p>\n<\/td>\n<td>\n<p>93-98cm<\/p>\n<\/td>\n<td>\n<p>99 &#8211; 104 cm<\/p>\n<\/td>\n<\/tr>\n<\/tbody>\n<\/table>\n<\/div>\n<\/div>\n<\/div>\n<\/div>","protected":false},"excerpt":{"rendered":"<p>Lackina Lack Bolero Top (ohne Korsett,ohne Rock) mit reizvoller Kette an Brust und R\u00fccken, Material: Kunstleder(weinrot)+ Lace(schwarz) Lieferbar in 7 Gr\u00f6\u00dfen Ma\u00dftabelle f\u00fcr Frauen Gr. S Gr. M Gr. L Gr. XL Gr. XXL Gr. 3XL Gr. 4 XL Schulterbreite 39 cm 40,5 cm 42 cm 43,5 cm 44,5 cm 45,5 cm 46,5 cm Brustumfang&#8230;<\/p>","protected":false},"featured_media":596,"comment_status":"open","ping_status":"closed","template":"","meta":{"_eb_attr":"","_kad_post_transparent":"","_kad_post_title":"","_kad_post_layout":"","_kad_post_sidebar_id":"","_kad_post_content_style":"","_kad_post_vertical_padding":"","_kad_post_feature":"","_kad_post_feature_position":"","_kad_post_header":false,"_kad_post_footer":false,"_kad_post_classname":""},"product_brand":[],"product_cat":[112],"product_tag":[],"class_list":{"0":"post-1476","1":"product","2":"type-product","3":"status-publish","4":"has-post-thumbnail","6":"product_cat-oberteile-tops","8":"first","9":"instock","10":"shipping-taxable","11":"purchasable","12":"product-type-variable","13":"has-default-attributes","14":"entry","15":"content-bg","16":"loop-entry"},"_links":{"self":[{"href":"https:\/\/lackina.b2c1688.com\/fr\/wp-json\/wp\/v2\/product\/1476","targetHints":{"allow":["GET"]}}],"collection":[{"href":"https:\/\/lackina.b2c1688.com\/fr\/wp-json\/wp\/v2\/product"}],"about":[{"href":"https:\/\/lackina.b2c1688.com\/fr\/wp-json\/wp\/v2\/types\/product"}],"replies":[{"embeddable":true,"href":"https:\/\/lackina.b2c1688.com\/fr\/wp-json\/wp\/v2\/comments?post=1476"}],"wp:featuredmedia":[{"embeddable":true,"href":"https:\/\/lackina.b2c1688.com\/fr\/wp-json\/wp\/v2\/media\/596"}],"wp:attachment":[{"href":"https:\/\/lackina.b2c1688.com\/fr\/wp-json\/wp\/v2\/media?parent=1476"}],"wp:term":[{"taxonomy":"product_brand","embeddable":true,"href":"https:\/\/lackina.b2c1688.com\/fr\/wp-json\/wp\/v2\/product_brand?post=1476"},{"taxonomy":"product_cat","embeddable":true,"href":"https:\/\/lackina.b2c1688.com\/fr\/wp-json\/wp\/v2\/product_cat?post=1476"},{"taxonomy":"product_tag","embeddable":true,"href":"https:\/\/lackina.b2c1688.com\/fr\/wp-json\/wp\/v2\/product_tag?post=1476"}],"curies":[{"name":"wp","href":"https:\/\/api.w.org\/{rel}","templated":true}]}}