{"id":1444,"date":"2026-01-25T12:05:04","date_gmt":"2026-01-25T12:05:04","guid":{"rendered":"https:\/\/lackina.b2c1688.com\/?post_type=product&#038;p=1444"},"modified":"2026-01-25T12:05:08","modified_gmt":"2026-01-25T12:05:08","slug":"falten-mini-rock-mit-tuetuegelb","status":"publish","type":"product","link":"https:\/\/lackina.b2c1688.com\/fr\/product\/falten-mini-rock-mit-tuetuegelb\/","title":{"rendered":"Falten-Mini-Rock mit T\u00fct\u00fc,gelb"},"content":{"rendered":"<div class=\"module-item module-item-1 tab-pane active\" id=\"blocks-6974895b35811-tab-1\">\n<div class=\"block-body expand-block\">\n<div class=\"block-wrapper\">\n<div class=\"block-contentblock-description\">\n<p>wundersch\u00f6nes Lack Mini R\u00f6ckchen mit weitschwingenden Falten dazu geh\u00f6rt ein 3 lagiges T\u00fct\u00fc das auch einzeln getragen werden kann zusammen wirkt es wie bei einer Ballerina L\u00e4nge des Lackrockes nur&nbsp;31 cm ( bei Gr L ), Materialzusammensetzung : 55 % PVC , 25 % PU , 20 % Polyester Lack Material 0,5mm dick<\/p>\n<p>&nbsp;Gr.XL: L\u00e4nge 36 cm ,&nbsp; Bundweite:&nbsp;&nbsp; 98 cm,&nbsp; H\u00fcftumfang 109 cm<br \/>&nbsp;<br \/>&nbsp;<\/p>\n<\/div>\n<\/div>\n<\/div>\n<\/div>","protected":false},"excerpt":{"rendered":"<p>wundersch\u00f6nes Lack Mini R\u00f6ckchen mit weitschwingenden Falten dazu geh\u00f6rt ein 3 lagiges T\u00fct\u00fc das auch einzeln getragen werden kann zusammen wirkt es wie bei einer Ballerina L\u00e4nge des Lackrockes nur&nbsp;31 cm ( bei Gr L ), Materialzusammensetzung : 55 % PVC , 25 % PU , 20 % Polyester Lack Material 0,5mm dick &nbsp;Gr.XL: L\u00e4nge&#8230;<\/p>","protected":false},"featured_media":1458,"comment_status":"open","ping_status":"closed","template":"","meta":{"_eb_attr":"","_kad_post_transparent":"","_kad_post_title":"","_kad_post_layout":"","_kad_post_sidebar_id":"","_kad_post_content_style":"","_kad_post_vertical_padding":"","_kad_post_feature":"","_kad_post_feature_position":"","_kad_post_header":false,"_kad_post_footer":false,"_kad_post_classname":""},"product_brand":[],"product_cat":[110],"product_tag":[],"class_list":{"0":"post-1444","1":"product","2":"type-product","3":"status-publish","4":"has-post-thumbnail","6":"product_cat-roecke","8":"first","9":"instock","10":"shipping-taxable","11":"purchasable","12":"product-type-variable","13":"entry","14":"content-bg","15":"loop-entry"},"_links":{"self":[{"href":"https:\/\/lackina.b2c1688.com\/fr\/wp-json\/wp\/v2\/product\/1444","targetHints":{"allow":["GET"]}}],"collection":[{"href":"https:\/\/lackina.b2c1688.com\/fr\/wp-json\/wp\/v2\/product"}],"about":[{"href":"https:\/\/lackina.b2c1688.com\/fr\/wp-json\/wp\/v2\/types\/product"}],"replies":[{"embeddable":true,"href":"https:\/\/lackina.b2c1688.com\/fr\/wp-json\/wp\/v2\/comments?post=1444"}],"wp:featuredmedia":[{"embeddable":true,"href":"https:\/\/lackina.b2c1688.com\/fr\/wp-json\/wp\/v2\/media\/1458"}],"wp:attachment":[{"href":"https:\/\/lackina.b2c1688.com\/fr\/wp-json\/wp\/v2\/media?parent=1444"}],"wp:term":[{"taxonomy":"product_brand","embeddable":true,"href":"https:\/\/lackina.b2c1688.com\/fr\/wp-json\/wp\/v2\/product_brand?post=1444"},{"taxonomy":"product_cat","embeddable":true,"href":"https:\/\/lackina.b2c1688.com\/fr\/wp-json\/wp\/v2\/product_cat?post=1444"},{"taxonomy":"product_tag","embeddable":true,"href":"https:\/\/lackina.b2c1688.com\/fr\/wp-json\/wp\/v2\/product_tag?post=1444"}],"curies":[{"name":"wp","href":"https:\/\/api.w.org\/{rel}","templated":true}]}}