{"id":1382,"date":"2026-01-25T12:04:57","date_gmt":"2026-01-25T12:04:57","guid":{"rendered":"https:\/\/lackina.b2c1688.com\/?post_type=product&#038;p=1382"},"modified":"2026-01-25T12:05:00","modified_gmt":"2026-01-25T12:05:00","slug":"lack-falten-mini-rock-mit-pvcrot","status":"publish","type":"product","link":"https:\/\/lackina.b2c1688.com\/fr\/product\/lack-falten-mini-rock-mit-pvcrot\/","title":{"rendered":"Lack Falten-Mini-Rock mit PVC,rot"},"content":{"rendered":"<div class=\"module-item module-item-1 tab-pane active\" id=\"blocks-6974895b35811-tab-1\">\n<div class=\"block-body expand-block\">\n<div class=\"block-wrapper\">\n<div class=\"block-contentblock-description\">\n<p>wundersch\u00f6nes Lack Mini R\u00f6ckchen mit weitschwingenden Falten , wirkt es wie bei einer Ballerina.<\/p>\n<p>L\u00e4nge des Lackrockes nur\u00a035 cm ( bei Gr S ),<\/p>\n<p>Lack Materialzusammensetzung : 55 % PVC , 25 % PU , 20 % Polyester Lack Material 0,5mm dick<\/p>\n<p>Gr.S: L\u00e4nge 35cm ,\u00a0 Bund weite :\u00a0\u00a0 70cm ,\u00a0\u00a0<\/p>\n<p>Gr.M: L\u00e4nge 37cm ,\u00a0 Bund\u00a0 weite:\u00a0\u00a0\u00a0 76cm,\u00a0 \u00a0<\/p>\n<p>\u00a0Gr.L: L\u00e4nge 39cm ,\u00a0\u00a0 Bund\u00a0 weite:\u00a0\u00a0\u00a0\u00a0 82cm,\u00a0\u00a0<\/p>\n<p>\u00a0Gr.XL: L\u00e4nge 41cm ,\u00a0 Bund\u00a0 weite:\u00a0\u00a0 88cm,\u00a0\u00a0<\/p>\n<p>\u00a0Gr.2XL: L\u00e4nge 43cm , Bund\u00a0 weite: 94cm,\u00a0\u00a0<\/p>\n<p>\u00a0Gr.3XL: L\u00e4nge 45cm , Bund\u00a0 weite:\u00a0 100cm,\u00a0\u00a0<\/p>\n<p>\u00a0Gr.4XL: L\u00e4nge 47cm , Bund\u00a0 weite: 106cm,\u00a0<\/p>\n<p>\u00a0Gr.5XL: L\u00e4nge 49cm , Bund\u00a0 weite:\u00a0 112cm,\u00a0\u00a0<\/p>\n<p>\u00a0Gr.6XL: L\u00e4nge 51cm , Bund\u00a0 weite: 118cm,\u00a0\u00a0<\/p>\n<\/div>\n<\/div>\n<\/div>\n<\/div>","protected":false},"excerpt":{"rendered":"<p>wundersch\u00f6nes Lack Mini R\u00f6ckchen mit weitschwingenden Falten , wirkt es wie bei einer Ballerina. L\u00e4nge des Lackrockes nur\u00a035 cm ( bei Gr S ), Lack Materialzusammensetzung : 55 % PVC , 25 % PU , 20 % Polyester Lack Material 0,5mm dick Gr.S: L\u00e4nge 35cm ,\u00a0 Bund weite :\u00a0\u00a0 70cm ,\u00a0\u00a0 Gr.M: L\u00e4nge 37cm ,\u00a0&#8230;<\/p>","protected":false},"featured_media":459,"comment_status":"open","ping_status":"closed","template":"","meta":{"_eb_attr":"","_kad_post_transparent":"","_kad_post_title":"","_kad_post_layout":"","_kad_post_sidebar_id":"","_kad_post_content_style":"","_kad_post_vertical_padding":"","_kad_post_feature":"","_kad_post_feature_position":"","_kad_post_header":false,"_kad_post_footer":false,"_kad_post_classname":""},"product_brand":[],"product_cat":[110],"product_tag":[],"class_list":{"0":"post-1382","1":"product","2":"type-product","3":"status-publish","4":"has-post-thumbnail","6":"product_cat-roecke","8":"first","9":"instock","10":"shipping-taxable","11":"purchasable","12":"product-type-variable","13":"has-default-attributes","14":"entry","15":"content-bg","16":"loop-entry"},"_links":{"self":[{"href":"https:\/\/lackina.b2c1688.com\/fr\/wp-json\/wp\/v2\/product\/1382","targetHints":{"allow":["GET"]}}],"collection":[{"href":"https:\/\/lackina.b2c1688.com\/fr\/wp-json\/wp\/v2\/product"}],"about":[{"href":"https:\/\/lackina.b2c1688.com\/fr\/wp-json\/wp\/v2\/types\/product"}],"replies":[{"embeddable":true,"href":"https:\/\/lackina.b2c1688.com\/fr\/wp-json\/wp\/v2\/comments?post=1382"}],"wp:featuredmedia":[{"embeddable":true,"href":"https:\/\/lackina.b2c1688.com\/fr\/wp-json\/wp\/v2\/media\/459"}],"wp:attachment":[{"href":"https:\/\/lackina.b2c1688.com\/fr\/wp-json\/wp\/v2\/media?parent=1382"}],"wp:term":[{"taxonomy":"product_brand","embeddable":true,"href":"https:\/\/lackina.b2c1688.com\/fr\/wp-json\/wp\/v2\/product_brand?post=1382"},{"taxonomy":"product_cat","embeddable":true,"href":"https:\/\/lackina.b2c1688.com\/fr\/wp-json\/wp\/v2\/product_cat?post=1382"},{"taxonomy":"product_tag","embeddable":true,"href":"https:\/\/lackina.b2c1688.com\/fr\/wp-json\/wp\/v2\/product_tag?post=1382"}],"curies":[{"name":"wp","href":"https:\/\/api.w.org\/{rel}","templated":true}]}}