{"id":1350,"date":"2026-01-25T12:04:53","date_gmt":"2026-01-25T12:04:53","guid":{"rendered":"https:\/\/lackina.b2c1688.com\/?post_type=product&#038;p=1350"},"modified":"2026-01-25T12:04:55","modified_gmt":"2026-01-25T12:04:55","slug":"lackina-lackgummi-humpelrock-schwarz-gr-s-4-xl","status":"publish","type":"product","link":"https:\/\/lackina.b2c1688.com\/fr\/product\/lackina-lackgummi-humpelrock-schwarz-gr-s-4-xl\/","title":{"rendered":"Lackina&#8211;Lackgummi Humpelrock schwarz Gr S &#8212; 4 XL"},"content":{"rendered":"<div class=\"module-item module-item-1 tab-pane active\" id=\"blocks-6974895b35811-tab-1\">\n<div class=\"block-body expand-block\">\n<div class=\"block-wrapper\">\n<div class=\"block-contentblock-description\">\n<p>Humpelrock aus schwarzen Lackgummi Material ,<span style=\"caret-color: rgb(0, 0, 0); color: rgb(0, 0, 0); font-family: &quot;Market Sans&quot;, Arial, sans-serif; font-size: medium; text-align: -webkit-center; -webkit-tap-highlight-color: rgba(26, 26, 26, 0.3); -webkit-text-size-adjust: auto;\">&nbsp;aus schwarzen Gummi Material ,au\u00dfen Gummi wie Lack gl\u00e4nzende , innen matt Gummi.<\/span><\/p>\n<p>dieser Rock wird tief auf der H\u00fcfte getragen er l\u00e4\u00dft sich \u00fcber einen durchgehenden&nbsp; zwei Wege Rei\u00dfverschlu\u00df&nbsp; von oben und unten \u00f6ffnen richtig sch\u00f6n wird es allerdings wenn der Rei\u00dfverschlu\u00df ganz geschlossen bleibt dann wird die Tr\u00e4gerin zum hilflosen Humpeln gezwungen das ist sch\u00f6n f\u00fcr &#8222;Ihn&#8220; , aber gemeinf\u00fcr &#8222;Sie&#8220;&nbsp;<\/p>\n<p><\/p>\n<p>Eigenschaften des TPU-Gewebes:<\/p>\n<p>Es hat eine gute Wasserdichtigkeit, eine gute Atmungsaktivit\u00e4t, einen weichen Stoff, ein angenehmes Tragegef\u00fchl und verursacht keine Beschwerden auf der Haut. Starke Verschlei\u00dffestigkeit,<\/p>\n<p>TPU-Folie ist ein umweltfreundliches und recycelbares Material, das die negativen Auswirkungen auf die Umwelt reduziert. Ungiftig und geruchlos. 0,2mm dick.<\/p>\n<table border=\"1\" cellpadding=\"0\" cellspacing=\"0\" style=\"width:640px;\" width=\"640\">\n<tbody>\n<tr>\n<td style=\"height:17px;\">\n<p>L007<\/p>\n<\/td>\n<td style=\"height:17px;\">\n<p align=\"center\"><strong>Gr. S<\/strong><\/p>\n<\/td>\n<td style=\"height:17px;\">\n<p align=\"center\"><strong>Gr. M<\/strong><\/p>\n<\/td>\n<td style=\"height:17px;\">\n<p align=\"center\"><strong>Gr. L<\/strong><\/p>\n<\/td>\n<td style=\"height:17px;\">\n<p align=\"center\"><strong>Gr. XL<\/strong><\/p>\n<\/td>\n<td style=\"height:17px;\">\n<p align=\"center\"><strong>Gr. 2XL<\/strong><\/p>\n<\/td>\n<td style=\"height:17px;\">\n<p align=\"center\"><strong>Gr. 3XL&nbsp;&nbsp;&nbsp;Gr 4XL<\/strong><\/p>\n<\/td>\n<\/tr>\n<tr>\n<td style=\"height:17px;\">\n<p>Bundumfang<\/p>\n<\/td>\n<td style=\"height:17px;\">\n<p>76 cm<\/p>\n<\/td>\n<td style=\"height:17px;\">\n<p>82cm<\/p>\n<\/td>\n<td style=\"height:17px;\">\n<p>88cm<\/p>\n<\/td>\n<td style=\"height:17px;\">\n<p>94 cm<\/p>\n<\/td>\n<td style=\"height:17px;\">\n<p>100 cm<\/p>\n<\/td>\n<td style=\"height:17px;\">\n<p>106 cm&nbsp;&nbsp;&nbsp;&nbsp;&nbsp;&nbsp;&nbsp;&nbsp;&nbsp;&nbsp;112 cm<\/p>\n<\/td>\n<\/tr>\n<tr>\n<td style=\"height:17px;\">\n<p>H\u00fcftumfang<\/p>\n<\/td>\n<td style=\"height:17px;\">\n<p>88-93 cm<\/p>\n<\/td>\n<td style=\"height:17px;\">\n<p>93-98 cm<\/p>\n<\/td>\n<td style=\"height:17px;\">\n<p>98-103 cm<\/p>\n<\/td>\n<td style=\"height:17px;\">\n<p>103-109cm<\/p>\n<\/td>\n<td style=\"height:17px;\">\n<p>109-115 cm<\/p>\n<\/td>\n<td style=\"height:17px;\">\n<p>115-121 cm&nbsp;&nbsp;&nbsp;121-126cm<\/p>\n<\/td>\n<\/tr>\n<tr>\n<td style=\"height:17px;\">\n<p>Rockl\u00e4nge<\/p>\n<\/td>\n<td style=\"height:17px;\">\n<p>81cm<\/p>\n<\/td>\n<td style=\"height:17px;\">\n<p>83cm<\/p>\n<\/td>\n<td style=\"height:17px;\">\n<p>85cm<\/p>\n<\/td>\n<td style=\"height:17px;\">\n<p>87&nbsp;cm<\/p>\n<\/td>\n<td style=\"height:17px;\">\n<p>89cm<\/p>\n<\/td>\n<td style=\"height:17px;\">\n<p>91cm&nbsp;&nbsp;&nbsp;&nbsp;&nbsp;&nbsp;&nbsp;&nbsp;&nbsp;&nbsp;&nbsp;&nbsp;&nbsp;&nbsp;93 cm<\/p>\n<\/td>\n<\/tr>\n<\/tbody>\n<\/table>\n<\/div>\n<\/div>\n<\/div>\n<\/div>","protected":false},"excerpt":{"rendered":"<p>Humpelrock aus schwarzen Lackgummi Material ,&nbsp;aus schwarzen Gummi Material ,au\u00dfen Gummi wie Lack gl\u00e4nzende , innen matt Gummi. dieser Rock wird tief auf der H\u00fcfte getragen er l\u00e4\u00dft sich \u00fcber einen durchgehenden&nbsp; zwei Wege Rei\u00dfverschlu\u00df&nbsp; von oben und unten \u00f6ffnen richtig sch\u00f6n wird es allerdings wenn der Rei\u00dfverschlu\u00df ganz geschlossen bleibt dann wird die Tr\u00e4gerin&#8230;<\/p>","protected":false},"featured_media":535,"comment_status":"open","ping_status":"closed","template":"","meta":{"_eb_attr":"","_kad_post_transparent":"","_kad_post_title":"","_kad_post_layout":"","_kad_post_sidebar_id":"","_kad_post_content_style":"","_kad_post_vertical_padding":"","_kad_post_feature":"","_kad_post_feature_position":"","_kad_post_header":false,"_kad_post_footer":false,"_kad_post_classname":""},"product_brand":[],"product_cat":[110],"product_tag":[],"class_list":{"0":"post-1350","1":"product","2":"type-product","3":"status-publish","4":"has-post-thumbnail","6":"product_cat-roecke","8":"first","9":"instock","10":"shipping-taxable","11":"purchasable","12":"product-type-variable","13":"has-default-attributes","14":"entry","15":"content-bg","16":"loop-entry"},"_links":{"self":[{"href":"https:\/\/lackina.b2c1688.com\/fr\/wp-json\/wp\/v2\/product\/1350","targetHints":{"allow":["GET"]}}],"collection":[{"href":"https:\/\/lackina.b2c1688.com\/fr\/wp-json\/wp\/v2\/product"}],"about":[{"href":"https:\/\/lackina.b2c1688.com\/fr\/wp-json\/wp\/v2\/types\/product"}],"replies":[{"embeddable":true,"href":"https:\/\/lackina.b2c1688.com\/fr\/wp-json\/wp\/v2\/comments?post=1350"}],"wp:featuredmedia":[{"embeddable":true,"href":"https:\/\/lackina.b2c1688.com\/fr\/wp-json\/wp\/v2\/media\/535"}],"wp:attachment":[{"href":"https:\/\/lackina.b2c1688.com\/fr\/wp-json\/wp\/v2\/media?parent=1350"}],"wp:term":[{"taxonomy":"product_brand","embeddable":true,"href":"https:\/\/lackina.b2c1688.com\/fr\/wp-json\/wp\/v2\/product_brand?post=1350"},{"taxonomy":"product_cat","embeddable":true,"href":"https:\/\/lackina.b2c1688.com\/fr\/wp-json\/wp\/v2\/product_cat?post=1350"},{"taxonomy":"product_tag","embeddable":true,"href":"https:\/\/lackina.b2c1688.com\/fr\/wp-json\/wp\/v2\/product_tag?post=1350"}],"curies":[{"name":"wp","href":"https:\/\/api.w.org\/{rel}","templated":true}]}}