{"id":1320,"date":"2026-01-25T12:04:50","date_gmt":"2026-01-25T12:04:50","guid":{"rendered":"https:\/\/lackina.b2c1688.com\/?post_type=product&#038;p=1320"},"modified":"2026-01-25T12:04:52","modified_gmt":"2026-01-25T12:04:52","slug":"mini-rock-schwarz","status":"publish","type":"product","link":"https:\/\/lackina.b2c1688.com\/fr\/product\/mini-rock-schwarz\/","title":{"rendered":"Mini Rock  ,schwarz"},"content":{"rendered":"<div class=\"module-item module-item-1 tab-pane active\" id=\"blocks-6974895b35811-tab-1\">\n<div class=\"block-body expand-block\">\n<div class=\"block-wrapper\">\n<div class=\"block-contentblock-description\">\n<p><strong>Mini Rock hei\u00dfer\u00a0 Mini aus Lack\u00a0einfach supersexy <\/strong><\/p>\n<p><strong>dieser Rock wird tief auf der H\u00fcfte getragen seine L\u00e4nge bzw K\u00fcrze betr\u00e4gt 30 cm ( bei Gr M )<\/strong><\/p>\n<p><strong>Lack Materialzusammensetzung : 55 % PVC , 25 % PU , 20 % Polyester <\/strong><\/p>\n<p><strong>Lack Material 0,5mm dick<\/strong><\/p>\n<p><strong><br \/><\/strong><\/p>\n<table border=\"0\" cellpadding=\"0\" cellspacing=\"0\" style=\"width: 640px;\" width=\"640\">\n<tbody>\n<tr>\n<td style=\"width: 102px; height: 40px;\">\n<p><strong>Ma\u00dftabelle f\u00fcr Frauen<\/strong><\/p>\n<\/td>\n<td style=\"width: 75px; height: 40px;\">\u00a0<\/td>\n<td style=\"width: 76px; height: 40px;\">\u00a0<\/td>\n<td style=\"width: 76px; height: 40px;\">\u00a0<\/td>\n<td style=\"width: 76px; height: 40px;\">\u00a0<\/td>\n<td style=\"width: 76px; height: 40px;\">\u00a0<\/td>\n<td style=\"width: 76px; height: 40px;\">\u00a0<\/td>\n<td style=\"width: 84px; height: 40px;\">\u00a0<\/td>\n<\/tr>\n<tr>\n<td style=\"width: 102px; height: 20px;\">\u00a0<\/td>\n<td style=\"width: 75px; height: 20px;\">\n<p><strong>Gr. S<\/strong><\/p>\n<\/td>\n<td style=\"width: 76px; height: 20px;\">\n<p><strong>Gr. M<\/strong><\/p>\n<\/td>\n<td style=\"width: 76px; height: 20px;\">\n<p><strong>Gr. L<\/strong><\/p>\n<\/td>\n<td style=\"width: 76px; height: 20px;\">\n<p><strong>Gr. XL<\/strong><\/p>\n<\/td>\n<td style=\"width: 76px; height: 20px;\">\n<p><strong>Gr. XXL<\/strong><\/p>\n<\/td>\n<td style=\"width: 76px; height: 20px;\">\n<p><strong>Gr. XXXL<\/strong><\/p>\n<\/td>\n<td style=\"height: 20px;\">\n<p>Gr. 4 XL<\/p>\n<\/td>\n<\/tr>\n<tr>\n<td style=\"width: 102px; height: 40px;\">\n<p><strong>Bundumfang<\/strong><\/p>\n<\/td>\n<td style=\"width: 75px; height: 40px;\">\n<p><strong>72 cm<\/strong><\/p>\n<\/td>\n<td style=\"width: 76px; height: 40px;\">\n<p><strong>80cm<\/strong><\/p>\n<\/td>\n<td style=\"width: 76px; height: 40px;\">\n<p><strong>86 cm<\/strong><\/p>\n<\/td>\n<td style=\"width: 76px; height: 40px;\">\n<p><strong>92 cm<\/strong><\/p>\n<\/td>\n<td style=\"width: 76px; height: 40px;\">\n<p><strong>98 cm<\/strong><\/p>\n<\/td>\n<td style=\"width: 76px; height: 40px;\">\n<p><strong>104 cm<\/strong><\/p>\n<\/td>\n<td style=\"height: 40px;\">\n<p><strong>110 cm<\/strong><\/p>\n<\/td>\n<\/tr>\n<tr>\n<td style=\"width: 102px; height: 40px;\">\n<p><strong>H\u00fcftumfang<\/strong><\/p>\n<\/td>\n<td style=\"width: 75px; height: 40px;\">\n<p><strong>88-93 cm<\/strong><\/p>\n<\/td>\n<td style=\"width: 76px; height: 40px;\">\n<p><strong>93-98 cm<\/strong><\/p>\n<\/td>\n<td style=\"width: 76px; height: 40px;\">\n<p><strong>98-103 cm<\/strong><\/p>\n<\/td>\n<td style=\"width: 76px; height: 40px;\">\n<p><strong>103-109cm<\/strong><\/p>\n<\/td>\n<td style=\"width: 76px; height: 40px;\">\n<p><strong>109-115 cm<\/strong><\/p>\n<\/td>\n<td style=\"width: 76px; height: 40px;\">\n<p><strong>115-121 cm<\/strong><\/p>\n<\/td>\n<td style=\"height: 40px;\">\n<p><strong>121 &#8211; 127 cm<\/strong><\/p>\n<\/td>\n<\/tr>\n<tr>\n<td style=\"width: 102px; height: 40px;\">\n<p><strong>Rock l\u00e4nge<\/strong><\/p>\n<\/td>\n<td style=\"width: 75px; height: 40px;\">\n<p><strong>29 cm<\/strong><\/p>\n<\/td>\n<td style=\"width: 76px; height: 40px;\">\n<p><strong>30 cm<\/strong><\/p>\n<\/td>\n<td style=\"width: 76px; height: 40px;\">\n<p><strong>31cm<\/strong><\/p>\n<\/td>\n<td style=\"width: 76px; height: 40px;\">\n<p><strong>32 cm<\/strong><\/p>\n<\/td>\n<td style=\"width: 76px; height: 40px;\">\n<p><strong>33,5cm<\/strong><\/p>\n<\/td>\n<td style=\"width: 76px; height: 40px;\">\n<p><strong>35cm<\/strong><\/p>\n<\/td>\n<td style=\"height: 40px;\">\n<p><strong>36,5 cm<\/strong><\/p>\n<\/td>\n<\/tr>\n<\/tbody>\n<\/table>\n<p>\u00a0<\/p>\n<\/div>\n<\/div>\n<\/div>\n<\/div>","protected":false},"excerpt":{"rendered":"<p>Mini Rock hei\u00dfer\u00a0 Mini aus Lack\u00a0einfach supersexy dieser Rock wird tief auf der H\u00fcfte getragen seine L\u00e4nge bzw K\u00fcrze betr\u00e4gt 30 cm ( bei Gr M ) Lack Materialzusammensetzung : 55 % PVC , 25 % PU , 20 % Polyester Lack Material 0,5mm dick Ma\u00dftabelle f\u00fcr Frauen \u00a0 \u00a0 \u00a0 \u00a0 \u00a0 \u00a0 \u00a0&#8230;<\/p>","protected":false},"featured_media":512,"comment_status":"open","ping_status":"closed","template":"","meta":{"_eb_attr":"","_kad_post_transparent":"","_kad_post_title":"","_kad_post_layout":"","_kad_post_sidebar_id":"","_kad_post_content_style":"","_kad_post_vertical_padding":"","_kad_post_feature":"","_kad_post_feature_position":"","_kad_post_header":false,"_kad_post_footer":false,"_kad_post_classname":""},"product_brand":[],"product_cat":[110],"product_tag":[],"class_list":{"0":"post-1320","1":"product","2":"type-product","3":"status-publish","4":"has-post-thumbnail","6":"product_cat-roecke","8":"first","9":"instock","10":"shipping-taxable","11":"purchasable","12":"product-type-variable","13":"has-default-attributes","14":"entry","15":"content-bg","16":"loop-entry"},"_links":{"self":[{"href":"https:\/\/lackina.b2c1688.com\/fr\/wp-json\/wp\/v2\/product\/1320","targetHints":{"allow":["GET"]}}],"collection":[{"href":"https:\/\/lackina.b2c1688.com\/fr\/wp-json\/wp\/v2\/product"}],"about":[{"href":"https:\/\/lackina.b2c1688.com\/fr\/wp-json\/wp\/v2\/types\/product"}],"replies":[{"embeddable":true,"href":"https:\/\/lackina.b2c1688.com\/fr\/wp-json\/wp\/v2\/comments?post=1320"}],"wp:featuredmedia":[{"embeddable":true,"href":"https:\/\/lackina.b2c1688.com\/fr\/wp-json\/wp\/v2\/media\/512"}],"wp:attachment":[{"href":"https:\/\/lackina.b2c1688.com\/fr\/wp-json\/wp\/v2\/media?parent=1320"}],"wp:term":[{"taxonomy":"product_brand","embeddable":true,"href":"https:\/\/lackina.b2c1688.com\/fr\/wp-json\/wp\/v2\/product_brand?post=1320"},{"taxonomy":"product_cat","embeddable":true,"href":"https:\/\/lackina.b2c1688.com\/fr\/wp-json\/wp\/v2\/product_cat?post=1320"},{"taxonomy":"product_tag","embeddable":true,"href":"https:\/\/lackina.b2c1688.com\/fr\/wp-json\/wp\/v2\/product_tag?post=1320"}],"curies":[{"name":"wp","href":"https:\/\/api.w.org\/{rel}","templated":true}]}}