{"id":1289,"date":"2026-01-25T12:04:47","date_gmt":"2026-01-25T12:04:47","guid":{"rendered":"https:\/\/lackina.b2c1688.com\/?post_type=product&#038;p=1289"},"modified":"2026-01-25T12:04:49","modified_gmt":"2026-01-25T12:04:49","slug":"kurz-lackgummi-hose-herrnschwarz","status":"publish","type":"product","link":"https:\/\/lackina.b2c1688.com\/fr\/product\/kurz-lackgummi-hose-herrnschwarz\/","title":{"rendered":"Kurz Lackgummi Hose Herrn,schwarz"},"content":{"rendered":"<div class=\"module-item module-item-1 tab-pane active\" id=\"blocks-6974895b35811-tab-1\">\n<div class=\"block-body expand-block\">\n<div class=\"block-wrapper\">\n<div class=\"block-contentblock-description\">\n<p style=\"text-align: center; \"><span style=\"font-size: 16px; -webkit-tap-highlight-color: rgba(26, 26, 26, 0.3); -webkit-text-size-adjust: auto; caret-color: rgb(0, 0, 0); color: rgb(0, 0, 0); font-family: Arial, sans-serif;\">Hier kommt der Klassiker f\u00fcr Ihn :<\/span><br style=\"font-size: 16px; -webkit-tap-highlight-color: rgba(26, 26, 26, 0.3); -webkit-text-size-adjust: auto; caret-color: rgb(0, 0, 0); color: rgb(0, 0, 0); font-family: Arial, sans-serif;\"><span style=\"font-size: 16px; -webkit-tap-highlight-color: rgba(26, 26, 26, 0.3); -webkit-text-size-adjust: auto; caret-color: rgb(0, 0, 0); color: rgb(0, 0, 0); font-family: Arial, sans-serif;\">Lackgummi Hose im Jeans Style mit Taschen vorn und hinten<\/span><br style=\"font-size: 16px; -webkit-tap-highlight-color: rgba(26, 26, 26, 0.3); -webkit-text-size-adjust: auto; caret-color: rgb(0, 0, 0); color: rgb(0, 0, 0); font-family: Arial, sans-serif;\"><span style=\"font-size: 16px; -webkit-tap-highlight-color: rgba(26, 26, 26, 0.3); -webkit-text-size-adjust: auto; caret-color: rgb(0, 0, 0); color: rgb(0, 0, 0); font-family: Arial, sans-serif;\">Au\u00dfen und Innen sind gleich Gummi , Au\u00dfen Seite ist &nbsp;gl\u00e4nzend, innen Seite ist Matt<\/span><br style=\"font-size: 16px; -webkit-tap-highlight-color: rgba(26, 26, 26, 0.3); -webkit-text-size-adjust: auto; caret-color: rgb(0, 0, 0); color: rgb(0, 0, 0); font-family: Arial, sans-serif;\"><span style=\"font-size: 16px; -webkit-tap-highlight-color: rgba(26, 26, 26, 0.3); -webkit-text-size-adjust: auto; caret-color: rgb(0, 0, 0); color: rgb(0, 0, 0); font-family: Arial, sans-serif;\">Lieferbar in den Gr\u00f6\u00dfen S-6XL<\/span><br style=\"font-size: 16px; -webkit-tap-highlight-color: rgba(26, 26, 26, 0.3); -webkit-text-size-adjust: auto; caret-color: rgb(0, 0, 0); color: rgb(0, 0, 0); font-family: Arial, sans-serif;\"><span style=\"font-size: 16px; -webkit-tap-highlight-color: rgba(26, 26, 26, 0.3); -webkit-text-size-adjust: auto; caret-color: rgb(0, 0, 0); color: rgb(0, 0, 0); font-family: Arial, sans-serif;\">Materialzusammensetzung : 100% TPU, ohne Schadestoff , Umwelt freundlichen<\/span><\/p>\n<table class=\"MsoNormalTable\" border=\"1\" cellspacing=\"0\" cellpadding=\"0\" style=\"-webkit-tap-highlight-color: rgba(26, 26, 26, 0.3); -webkit-text-size-adjust: auto; caret-color: rgb(0, 0, 0); color: rgb(0, 0, 0); font-family: Arial;\">\n<tbody>\n<tr style=\"height: 13.5pt;\">\n<td width=\"101\" valign=\"top\" style=\"width: 50.7pt; border: medium; padding: 0.75pt; height: 13.5pt;\">\n<p class=\"MsoNormal\" style=\"margin-bottom: 0.0001pt; line-height: normal;\"><b><span style=\"font-size: 12pt; font-family: Arial, sans-serif;\">Herrn Hose<\/span><\/b><span style=\"font-size: 13.5pt; font-family: Arial, sans-serif;\"><o:p><\/o:p><\/span><\/p>\n<\/td>\n<td width=\"102\" valign=\"top\" style=\"width: 50.75pt; border: medium; padding: 0.75pt; height: 13.5pt;\">\n<p class=\"MsoNormal\" style=\"margin-bottom: 0.0001pt; line-height: normal;\"><span style=\"font-size: 13.5pt; font-family: Arial, sans-serif;\">M<o:p><\/o:p><\/span><\/p>\n<\/td>\n<td width=\"102\" valign=\"top\" style=\"width: 50.75pt; border: medium; padding: 0.75pt; height: 13.5pt;\">\n<p class=\"MsoNormal\" style=\"margin-bottom: 0.0001pt; line-height: normal;\"><span style=\"font-size: 13.5pt; font-family: Arial, sans-serif;\">L<o:p><\/o:p><\/span><\/p>\n<\/td>\n<td width=\"101\" valign=\"top\" style=\"width: 50.7pt; border: medium; padding: 0.75pt; height: 13.5pt;\">\n<p class=\"MsoNormal\" style=\"margin-bottom: 0.0001pt; line-height: normal;\"><span style=\"font-size: 13.5pt; font-family: Arial, sans-serif;\">XL<o:p><\/o:p><\/span><\/p>\n<\/td>\n<td width=\"102\" valign=\"top\" style=\"width: 50.75pt; border: medium; padding: 0.75pt; height: 13.5pt;\">\n<p class=\"MsoNormal\" style=\"margin-bottom: 0.0001pt; line-height: normal;\"><span style=\"font-size: 13.5pt; font-family: Arial, sans-serif;\">2XL<o:p><\/o:p><\/span><\/p>\n<\/td>\n<td width=\"102\" valign=\"top\" style=\"width: 50.75pt; border: medium; padding: 0.75pt; height: 13.5pt;\">\n<p class=\"MsoNormal\" style=\"margin-bottom: 0.0001pt; line-height: normal;\"><span style=\"font-size: 13.5pt; font-family: Arial, sans-serif;\">3XL<o:p><\/o:p><\/span><\/p>\n<\/td>\n<td width=\"101\" valign=\"top\" style=\"width: 50.7pt; border: medium; padding: 0.75pt; height: 13.5pt;\">\n<p class=\"MsoNormal\" style=\"margin-bottom: 0.0001pt; line-height: normal;\"><span style=\"font-size: 12pt; font-family: Arial, sans-serif;\">&nbsp;4XL<\/span><span style=\"font-size: 13.5pt; font-family: Arial, sans-serif;\"><o:p><\/o:p><\/span><\/p>\n<\/td>\n<td width=\"102\" valign=\"top\" style=\"width: 50.75pt; border: medium; padding: 0.75pt; height: 13.5pt;\">\n<p class=\"MsoNormal\" style=\"margin-bottom: 0.0001pt; line-height: normal;\"><span style=\"font-size: 12pt; font-family: Arial, sans-serif;\">&nbsp;5XL<\/span><span style=\"font-size: 13.5pt; font-family: Arial, sans-serif;\"><o:p><\/o:p><\/span><\/p>\n<\/td>\n<td width=\"102\" valign=\"top\" style=\"width: 50.75pt; border: medium; padding: 0.75pt; height: 13.5pt;\">\n<p class=\"MsoNormal\" style=\"margin-bottom: 0.0001pt; line-height: normal;\"><span style=\"font-size: 12pt; font-family: Arial, sans-serif;\">&nbsp;6XL<\/span><span style=\"font-size: 13.5pt; font-family: Arial, sans-serif;\"><o:p><\/o:p><\/span><\/p>\n<\/td>\n<\/tr>\n<tr style=\"height: 12.75pt;\">\n<td width=\"101\" valign=\"top\" style=\"width: 50.7pt; border: medium; background: rgb(220, 35, 0); padding: 0.75pt; height: 12.75pt;\"><\/td>\n<td width=\"102\" valign=\"top\" style=\"width: 50.75pt; border: medium; background: rgb(220, 35, 0); padding: 0.75pt; height: 12.75pt;\">\n<p class=\"MsoNormal\" style=\"margin-bottom: 0.0001pt; line-height: normal;\"><b><span style=\"font-size: 12pt; font-family: Arial, sans-serif;\">Gr. 32<\/span><\/b><span style=\"font-size: 13.5pt; font-family: Arial, sans-serif;\"><o:p><\/o:p><\/span><\/p>\n<\/td>\n<td width=\"102\" valign=\"top\" style=\"width: 50.75pt; border: medium; background: rgb(220, 35, 0); padding: 0.75pt; height: 12.75pt;\">\n<p class=\"MsoNormal\" style=\"margin-bottom: 0.0001pt; line-height: normal;\"><b><span style=\"font-size: 12pt; font-family: Arial, sans-serif;\">Gr.34<\/span><\/b><span style=\"font-size: 13.5pt; font-family: Arial, sans-serif;\"><o:p><\/o:p><\/span><\/p>\n<\/td>\n<td width=\"101\" valign=\"top\" style=\"width: 50.7pt; border: medium; background: rgb(220, 35, 0); padding: 0.75pt; height: 12.75pt;\">\n<p class=\"MsoNormal\" style=\"margin-bottom: 0.0001pt; line-height: normal;\"><b><span style=\"font-size: 12pt; font-family: Arial, sans-serif;\">Gr. 36<\/span><\/b><span style=\"font-size: 13.5pt; font-family: Arial, sans-serif;\"><o:p><\/o:p><\/span><\/p>\n<\/td>\n<td width=\"102\" valign=\"top\" style=\"width: 50.75pt; border: medium; background: rgb(220, 35, 0); padding: 0.75pt; height: 12.75pt;\">\n<p class=\"MsoNormal\" style=\"margin-bottom: 0.0001pt; line-height: normal;\"><b><span style=\"font-size: 12pt; font-family: Arial, sans-serif;\">Gr. 38<\/span><\/b><span style=\"font-size: 13.5pt; font-family: Arial, sans-serif;\"><o:p><\/o:p><\/span><\/p>\n<\/td>\n<td width=\"102\" valign=\"top\" style=\"width: 50.75pt; border: medium; background: rgb(220, 35, 0); padding: 0.75pt; height: 12.75pt;\">\n<p class=\"MsoNormal\" style=\"margin-bottom: 0.0001pt; line-height: normal;\"><b><span style=\"font-size: 12pt; font-family: Arial, sans-serif;\">Gr. 40<\/span><\/b><span style=\"font-size: 13.5pt; font-family: Arial, sans-serif;\"><o:p><\/o:p><\/span><\/p>\n<\/td>\n<td width=\"101\" valign=\"top\" style=\"width: 50.7pt; border: medium; background: rgb(220, 35, 0); padding: 0.75pt; height: 12.75pt;\">\n<p class=\"MsoNormal\" style=\"margin-bottom: 0.0001pt; line-height: normal;\"><b><span style=\"font-size: 12pt; font-family: Arial, sans-serif;\">Gr.42<\/span><\/b><span style=\"font-size: 13.5pt; font-family: Arial, sans-serif;\"><o:p><\/o:p><\/span><\/p>\n<\/td>\n<td width=\"102\" valign=\"top\" style=\"width: 50.75pt; border: medium; background: rgb(220, 35, 0); padding: 0.75pt; height: 12.75pt;\">\n<p class=\"MsoNormal\" style=\"margin-bottom: 0.0001pt; line-height: normal;\"><b><span style=\"font-size: 12pt; font-family: Arial, sans-serif;\">Gr. 44<\/span><\/b><span style=\"font-size: 13.5pt; font-family: Arial, sans-serif;\"><o:p><\/o:p><\/span><\/p>\n<\/td>\n<td width=\"102\" valign=\"top\" style=\"width: 50.75pt; border: medium; background: rgb(220, 35, 0); padding: 0.75pt; height: 12.75pt;\">\n<p class=\"MsoNormal\" style=\"margin-bottom: 0.0001pt; line-height: normal;\"><b><span style=\"font-size: 12pt; font-family: Arial, sans-serif;\">Gr. 46<\/span><\/b><span style=\"font-size: 13.5pt; font-family: Arial, sans-serif;\"><o:p><\/o:p><\/span><\/p>\n<\/td>\n<\/tr>\n<tr style=\"height: 13.5pt;\">\n<td width=\"101\" valign=\"top\" style=\"width: 50.7pt; border: medium; padding: 0.75pt; height: 13.5pt;\">\n<p class=\"MsoNormal\" style=\"margin-bottom: 0.0001pt; line-height: normal;\"><span style=\"font-size: 12pt; font-family: Arial, sans-serif;\">Bundumfang<\/span><span style=\"font-size: 13.5pt; font-family: Arial, sans-serif;\"><o:p><\/o:p><\/span><\/p>\n<\/td>\n<td width=\"102\" valign=\"top\" style=\"width: 50.75pt; border: medium; padding: 0.75pt; height: 13.5pt;\">\n<p class=\"MsoNormal\" style=\"margin-bottom: 0.0001pt; line-height: normal;\"><span style=\"font-size: 12pt; font-family: Arial, sans-serif;\">86 cm<\/span><span style=\"font-size: 13.5pt; font-family: Arial, sans-serif;\"><o:p><\/o:p><\/span><\/p>\n<\/td>\n<td width=\"102\" valign=\"top\" style=\"width: 50.75pt; border: medium; padding: 0.75pt; height: 13.5pt;\">\n<p class=\"MsoNormal\" style=\"margin-bottom: 0.0001pt; line-height: normal;\"><span style=\"font-size: 12pt; font-family: Arial, sans-serif;\">90 cm<\/span><span style=\"font-size: 13.5pt; font-family: Arial, sans-serif;\"><o:p><\/o:p><\/span><\/p>\n<\/td>\n<td width=\"101\" valign=\"top\" style=\"width: 50.7pt; border: medium; padding: 0.75pt; height: 13.5pt;\">\n<p class=\"MsoNormal\" style=\"margin-bottom: 0.0001pt; line-height: normal;\"><span style=\"font-size: 12pt; font-family: Arial, sans-serif;\">94 cm<\/span><span style=\"font-size: 13.5pt; font-family: Arial, sans-serif;\"><o:p><\/o:p><\/span><\/p>\n<\/td>\n<td width=\"102\" valign=\"top\" style=\"width: 50.75pt; border: medium; padding: 0.75pt; height: 13.5pt;\">\n<p class=\"MsoNormal\" style=\"margin-bottom: 0.0001pt; line-height: normal;\"><span style=\"font-size: 12pt; font-family: Arial, sans-serif;\">98 cm<\/span><span style=\"font-size: 13.5pt; font-family: Arial, sans-serif;\"><o:p><\/o:p><\/span><\/p>\n<\/td>\n<td width=\"102\" valign=\"top\" style=\"width: 50.75pt; border: medium; padding: 0.75pt; height: 13.5pt;\">\n<p class=\"MsoNormal\" style=\"margin-bottom: 0.0001pt; line-height: normal;\"><span style=\"font-size: 12pt; font-family: Arial, sans-serif;\">102 cm<\/span><span style=\"font-size: 13.5pt; font-family: Arial, sans-serif;\"><o:p><\/o:p><\/span><\/p>\n<\/td>\n<td width=\"101\" valign=\"top\" style=\"width: 50.7pt; border: medium; padding: 0.75pt; height: 13.5pt;\">\n<p class=\"MsoNormal\" style=\"margin-bottom: 0.0001pt; line-height: normal;\"><span style=\"font-size: 12pt; font-family: Arial, sans-serif;\">104 cm<\/span><span style=\"font-size: 13.5pt; font-family: Arial, sans-serif;\"><o:p><\/o:p><\/span><\/p>\n<\/td>\n<td width=\"102\" valign=\"top\" style=\"width: 50.75pt; border: medium; padding: 0.75pt; height: 13.5pt;\">\n<p class=\"MsoNormal\" style=\"margin-bottom: 0.0001pt; line-height: normal;\"><span style=\"font-size: 12pt; font-family: Arial, sans-serif;\">108 cm<\/span><span style=\"font-size: 13.5pt; font-family: Arial, sans-serif;\"><o:p><\/o:p><\/span><\/p>\n<\/td>\n<td width=\"102\" valign=\"top\" style=\"width: 50.75pt; border: medium; padding: 0.75pt; height: 13.5pt;\">\n<p class=\"MsoNormal\" style=\"margin-bottom: 0.0001pt; line-height: normal;\"><span style=\"font-size: 12pt; font-family: Arial, sans-serif;\">112 cm<\/span><span style=\"font-size: 13.5pt; font-family: Arial, sans-serif;\"><o:p><\/o:p><\/span><\/p>\n<\/td>\n<\/tr>\n<tr style=\"height: 12.75pt;\">\n<td width=\"101\" valign=\"top\" style=\"width: 50.7pt; border: medium; padding: 0.75pt; height: 12.75pt;\">\n<p class=\"MsoNormal\" style=\"margin-bottom: 0.0001pt; line-height: normal;\"><span style=\"font-size: 12pt; font-family: Arial, sans-serif;\">H\u00fcftumfang<\/span><span style=\"font-size: 13.5pt; font-family: Arial, sans-serif;\"><o:p><\/o:p><\/span><\/p>\n<\/td>\n<td width=\"102\" valign=\"top\" style=\"width: 50.75pt; border: medium; padding: 0.75pt; height: 12.75pt;\">\n<p class=\"MsoNormal\" style=\"margin-bottom: 0.0001pt; line-height: normal;\"><span style=\"font-size: 12pt; font-family: Arial, sans-serif;\">98 cm<\/span><span style=\"font-size: 13.5pt; font-family: Arial, sans-serif;\"><o:p><\/o:p><\/span><\/p>\n<\/td>\n<td width=\"102\" valign=\"top\" style=\"width: 50.75pt; border: medium; padding: 0.75pt; height: 12.75pt;\">\n<p class=\"MsoNormal\" style=\"margin-bottom: 0.0001pt; line-height: normal;\"><span style=\"font-size: 12pt; font-family: Arial, sans-serif;\">104 cm<\/span><span style=\"font-size: 13.5pt; font-family: Arial, sans-serif;\"><o:p><\/o:p><\/span><\/p>\n<\/td>\n<td width=\"101\" valign=\"top\" style=\"width: 50.7pt; border: medium; padding: 0.75pt; height: 12.75pt;\">\n<p class=\"MsoNormal\" style=\"margin-bottom: 0.0001pt; line-height: normal;\"><span style=\"font-size: 12pt; font-family: Arial, sans-serif;\">110 cm<\/span><span style=\"font-size: 13.5pt; font-family: Arial, sans-serif;\"><o:p><\/o:p><\/span><\/p>\n<\/td>\n<td width=\"102\" valign=\"top\" style=\"width: 50.75pt; border: medium; padding: 0.75pt; height: 12.75pt;\">\n<p class=\"MsoNormal\" style=\"margin-bottom: 0.0001pt; line-height: normal;\"><span style=\"font-size: 12pt; font-family: Arial, sans-serif;\">116 cm<\/span><span style=\"font-size: 13.5pt; font-family: Arial, sans-serif;\"><o:p><\/o:p><\/span><\/p>\n<\/td>\n<td width=\"102\" valign=\"top\" style=\"width: 50.75pt; border: medium; padding: 0.75pt; height: 12.75pt;\">\n<p class=\"MsoNormal\" style=\"margin-bottom: 0.0001pt; line-height: normal;\"><span style=\"font-size: 12pt; font-family: Arial, sans-serif;\">122 cm<\/span><span style=\"font-size: 13.5pt; font-family: Arial, sans-serif;\"><o:p><\/o:p><\/span><\/p>\n<\/td>\n<td width=\"101\" valign=\"top\" style=\"width: 50.7pt; border: medium; padding: 0.75pt; height: 12.75pt;\">\n<p class=\"MsoNormal\" style=\"margin-bottom: 0.0001pt; line-height: normal;\"><span style=\"font-size: 12pt; font-family: Arial, sans-serif;\">128 cm<\/span><span style=\"font-size: 13.5pt; font-family: Arial, sans-serif;\"><o:p><\/o:p><\/span><\/p>\n<\/td>\n<td width=\"102\" valign=\"top\" style=\"width: 50.75pt; border: medium; padding: 0.75pt; height: 12.75pt;\">\n<p class=\"MsoNormal\" style=\"margin-bottom: 0.0001pt; line-height: normal;\"><span style=\"font-size: 12pt; font-family: Arial, sans-serif;\">134 cm<\/span><span style=\"font-size: 13.5pt; font-family: Arial, sans-serif;\"><o:p><\/o:p><\/span><\/p>\n<\/td>\n<td width=\"102\" valign=\"top\" style=\"width: 50.75pt; border: medium; padding: 0.75pt; height: 12.75pt;\">\n<p class=\"MsoNormal\" style=\"margin-bottom: 0.0001pt; line-height: normal;\"><span style=\"font-size: 12pt; font-family: Arial, sans-serif;\">140 cm<\/span><span style=\"font-size: 13.5pt; font-family: Arial, sans-serif;\"><o:p><\/o:p><\/span><\/p>\n<\/td>\n<\/tr>\n<tr style=\"height: 13.5pt;\">\n<td width=\"101\" valign=\"top\" style=\"width: 50.7pt; border: medium; padding: 0.75pt; height: 13.5pt;\">\n<p class=\"MsoNormal\" style=\"margin-bottom: 0.0001pt; line-height: normal;\"><span style=\"font-size: 12pt; font-family: Arial, sans-serif;\">Beininnenl\u00e4nge<\/span><span style=\"font-size: 13.5pt; font-family: Arial, sans-serif;\"><o:p><\/o:p><\/span><\/p>\n<\/td>\n<td width=\"102\" valign=\"top\" style=\"width: 50.75pt; border: medium; padding: 0.75pt; height: 13.5pt;\">\n<p class=\"MsoNormal\" style=\"margin-bottom: 0.0001pt; line-height: normal;\"><span style=\"font-size: 12pt; font-family: Arial, sans-serif;\">22 cm<\/span><span style=\"font-size: 13.5pt; font-family: Arial, sans-serif;\"><o:p><\/o:p><\/span><\/p>\n<\/td>\n<td width=\"102\" valign=\"top\" style=\"width: 50.75pt; border: medium; padding: 0.75pt; height: 13.5pt;\">\n<p class=\"MsoNormal\" style=\"margin-bottom: 0.0001pt; line-height: normal;\"><span style=\"font-size: 12pt; font-family: Arial, sans-serif;\">23 cm<\/span><span style=\"font-size: 13.5pt; font-family: Arial, sans-serif;\"><o:p><\/o:p><\/span><\/p>\n<\/td>\n<td width=\"101\" valign=\"top\" style=\"width: 50.7pt; border: medium; padding: 0.75pt; height: 13.5pt;\">\n<p class=\"MsoNormal\" style=\"margin-bottom: 0.0001pt; line-height: normal;\"><span style=\"font-size: 12pt; font-family: Arial, sans-serif;\">24 cm<\/span><span style=\"font-size: 13.5pt; font-family: Arial, sans-serif;\"><o:p><\/o:p><\/span><\/p>\n<\/td>\n<td width=\"102\" valign=\"top\" style=\"width: 50.75pt; border: medium; padding: 0.75pt; height: 13.5pt;\">\n<p class=\"MsoNormal\" style=\"margin-bottom: 0.0001pt; line-height: normal;\"><span style=\"font-size: 12pt; font-family: Arial, sans-serif;\">25 cm<\/span><span style=\"font-size: 13.5pt; font-family: Arial, sans-serif;\"><o:p><\/o:p><\/span><\/p>\n<\/td>\n<td width=\"102\" valign=\"top\" style=\"width: 50.75pt; border: medium; padding: 0.75pt; height: 13.5pt;\">\n<p class=\"MsoNormal\" style=\"margin-bottom: 0.0001pt; line-height: normal;\"><span style=\"font-size: 12pt; font-family: Arial, sans-serif;\">26 cm<\/span><span style=\"font-size: 13.5pt; font-family: Arial, sans-serif;\"><o:p><\/o:p><\/span><\/p>\n<\/td>\n<td width=\"101\" valign=\"top\" style=\"width: 50.7pt; border: medium; padding: 0.75pt; height: 13.5pt;\">\n<p class=\"MsoNormal\" style=\"margin-bottom: 0.0001pt; line-height: normal;\"><span style=\"font-size: 12pt; font-family: Arial, sans-serif;\">27 cm<\/span><span style=\"font-size: 13.5pt; font-family: Arial, sans-serif;\"><o:p><\/o:p><\/span><\/p>\n<\/td>\n<td width=\"102\" valign=\"top\" style=\"width: 50.75pt; border: medium; padding: 0.75pt; height: 13.5pt;\">\n<p class=\"MsoNormal\" style=\"margin-bottom: 0.0001pt; line-height: normal;\"><span style=\"font-size: 12pt; font-family: Arial, sans-serif;\">28 cm<\/span><span style=\"font-size: 13.5pt; font-family: Arial, sans-serif;\"><o:p><\/o:p><\/span><\/p>\n<\/td>\n<td width=\"102\" valign=\"top\" style=\"width: 50.75pt; border: medium; padding: 0.75pt; height: 13.5pt;\">\n<p class=\"MsoNormal\" style=\"margin-bottom: 0.0001pt; line-height: normal;\"><span style=\"font-size: 12pt; font-family: Arial, sans-serif;\">29 cm<\/span><span style=\"font-size: 13.5pt; font-family: Arial, sans-serif;\"><o:p><\/o:p><\/span><\/p>\n<\/td>\n<\/tr>\n<tr style=\"height: 13.5pt;\">\n<td width=\"101\" valign=\"top\" style=\"width: 50.7pt; border: medium; padding: 0.75pt; height: 13.5pt;\">\n<p class=\"MsoNormal\" style=\"margin-bottom: 0.0001pt; line-height: normal;\"><span style=\"font-size: 12pt; font-family: Arial, sans-serif;\">Hosenl\u00e4nge<\/span><span style=\"font-size: 13.5pt; font-family: Arial, sans-serif;\"><o:p><\/o:p><\/span><\/p>\n<\/td>\n<td width=\"102\" valign=\"top\" style=\"width: 50.75pt; border: medium; padding: 0.75pt; height: 13.5pt;\">\n<p class=\"MsoNormal\" style=\"margin-bottom: 0.0001pt; line-height: normal;\"><span style=\"font-size: 12pt; font-family: Arial, sans-serif;\">51 cm<\/span><span style=\"font-size: 13.5pt; font-family: Arial, sans-serif;\"><o:p><\/o:p><\/span><\/p>\n<\/td>\n<td width=\"102\" valign=\"top\" style=\"width: 50.75pt; border: medium; padding: 0.75pt; height: 13.5pt;\">\n<p class=\"MsoNormal\" style=\"margin-bottom: 0.0001pt; line-height: normal;\"><span style=\"font-size: 12pt; font-family: Arial, sans-serif;\">52 cm<\/span><span style=\"font-size: 13.5pt; font-family: Arial, sans-serif;\"><o:p><\/o:p><\/span><\/p>\n<\/td>\n<td width=\"101\" valign=\"top\" style=\"width: 50.7pt; border: medium; padding: 0.75pt; height: 13.5pt;\">\n<p class=\"MsoNormal\" style=\"margin-bottom: 0.0001pt; line-height: normal;\"><span style=\"font-size: 12pt; font-family: Arial, sans-serif;\">53 cm<\/span><span style=\"font-size: 13.5pt; font-family: Arial, sans-serif;\"><o:p><\/o:p><\/span><\/p>\n<\/td>\n<td width=\"102\" valign=\"top\" style=\"width: 50.75pt; border: medium; padding: 0.75pt; height: 13.5pt;\">\n<p class=\"MsoNormal\" style=\"margin-bottom: 0.0001pt; line-height: normal;\"><span style=\"font-size: 12pt; font-family: Arial, sans-serif;\">54 cm<\/span><span style=\"font-size: 13.5pt; font-family: Arial, sans-serif;\"><o:p><\/o:p><\/span><\/p>\n<\/td>\n<td width=\"102\" valign=\"top\" style=\"width: 50.75pt; border: medium; padding: 0.75pt; height: 13.5pt;\">\n<p class=\"MsoNormal\" style=\"margin-bottom: 0.0001pt; line-height: normal;\"><span style=\"font-size: 12pt; font-family: Arial, sans-serif;\">55 cm<\/span><span style=\"font-size: 13.5pt; font-family: Arial, sans-serif;\"><o:p><\/o:p><\/span><\/p>\n<\/td>\n<td width=\"101\" valign=\"top\" style=\"width: 50.7pt; border: medium; padding: 0.75pt; height: 13.5pt;\">\n<p class=\"MsoNormal\" style=\"margin-bottom: 0.0001pt; line-height: normal;\"><span style=\"font-size: 12pt; font-family: Arial, sans-serif;\">56 cm<\/span><span style=\"font-size: 13.5pt; font-family: Arial, sans-serif;\"><o:p><\/o:p><\/span><\/p>\n<\/td>\n<td width=\"102\" valign=\"top\" style=\"width: 50.75pt; border: medium; padding: 0.75pt; height: 13.5pt;\">\n<p class=\"MsoNormal\" style=\"margin-bottom: 0.0001pt; line-height: normal;\"><span style=\"font-size: 12pt; font-family: Arial, sans-serif;\">57 cm<\/span><span style=\"font-size: 13.5pt; font-family: Arial, sans-serif;\"><o:p><\/o:p><\/span><\/p>\n<\/td>\n<td width=\"102\" valign=\"top\" style=\"width: 50.75pt; border: medium; padding: 0.75pt; height: 13.5pt;\">\n<p class=\"MsoNormal\" style=\"margin-bottom: 0.0001pt; line-height: normal;\"><span style=\"font-size: 12pt; font-family: Arial, sans-serif;\">58 cm<\/span><\/p>\n<\/td>\n<\/tr>\n<\/tbody>\n<\/table>\n<p style=\"text-align: center; \"><\/p>\n<\/div>\n<\/div>\n<\/div>\n<\/div>","protected":false},"excerpt":{"rendered":"<p>Hier kommt der Klassiker f\u00fcr Ihn :Lackgummi Hose im Jeans Style mit Taschen vorn und hintenAu\u00dfen und Innen sind gleich Gummi , Au\u00dfen Seite ist &nbsp;gl\u00e4nzend, innen Seite ist MattLieferbar in den Gr\u00f6\u00dfen S-6XLMaterialzusammensetzung : 100% TPU, ohne Schadestoff , Umwelt freundlichen Herrn Hose M L XL 2XL 3XL &nbsp;4XL &nbsp;5XL &nbsp;6XL Gr. 32 Gr.34&#8230;<\/p>","protected":false},"featured_media":382,"comment_status":"open","ping_status":"closed","template":"","meta":{"_eb_attr":"","_kad_post_transparent":"","_kad_post_title":"","_kad_post_layout":"","_kad_post_sidebar_id":"","_kad_post_content_style":"","_kad_post_vertical_padding":"","_kad_post_feature":"","_kad_post_feature_position":"","_kad_post_header":false,"_kad_post_footer":false,"_kad_post_classname":""},"product_brand":[],"product_cat":[101],"product_tag":[],"class_list":{"0":"post-1289","1":"product","2":"type-product","3":"status-publish","4":"has-post-thumbnail","6":"product_cat-hosen","8":"first","9":"instock","10":"shipping-taxable","11":"purchasable","12":"product-type-variable","13":"has-default-attributes","14":"entry","15":"content-bg","16":"loop-entry"},"_links":{"self":[{"href":"https:\/\/lackina.b2c1688.com\/fr\/wp-json\/wp\/v2\/product\/1289","targetHints":{"allow":["GET"]}}],"collection":[{"href":"https:\/\/lackina.b2c1688.com\/fr\/wp-json\/wp\/v2\/product"}],"about":[{"href":"https:\/\/lackina.b2c1688.com\/fr\/wp-json\/wp\/v2\/types\/product"}],"replies":[{"embeddable":true,"href":"https:\/\/lackina.b2c1688.com\/fr\/wp-json\/wp\/v2\/comments?post=1289"}],"wp:featuredmedia":[{"embeddable":true,"href":"https:\/\/lackina.b2c1688.com\/fr\/wp-json\/wp\/v2\/media\/382"}],"wp:attachment":[{"href":"https:\/\/lackina.b2c1688.com\/fr\/wp-json\/wp\/v2\/media?parent=1289"}],"wp:term":[{"taxonomy":"product_brand","embeddable":true,"href":"https:\/\/lackina.b2c1688.com\/fr\/wp-json\/wp\/v2\/product_brand?post=1289"},{"taxonomy":"product_cat","embeddable":true,"href":"https:\/\/lackina.b2c1688.com\/fr\/wp-json\/wp\/v2\/product_cat?post=1289"},{"taxonomy":"product_tag","embeddable":true,"href":"https:\/\/lackina.b2c1688.com\/fr\/wp-json\/wp\/v2\/product_tag?post=1289"}],"curies":[{"name":"wp","href":"https:\/\/api.w.org\/{rel}","templated":true}]}}