{"id":1232,"date":"2026-01-25T12:04:41","date_gmt":"2026-01-25T12:04:41","guid":{"rendered":"https:\/\/lackina.b2c1688.com\/?post_type=product&#038;p=1232"},"modified":"2026-01-25T12:04:46","modified_gmt":"2026-01-25T12:04:46","slug":"lack-jogging-hose-mit-weissen-seitlichen-streifen-fuer-ihn","status":"publish","type":"product","link":"https:\/\/lackina.b2c1688.com\/fr\/product\/lack-jogging-hose-mit-weissen-seitlichen-streifen-fuer-ihn\/","title":{"rendered":"Lack Jogging Hose  mit wei\u00dfen seitlichen Streifen f\u00fcr Ihn"},"content":{"rendered":"<div class=\"module-item module-item-1 tab-pane active\" id=\"blocks-6974895b35811-tab-1\">\n<div class=\"block-body expand-block\">\n<div class=\"block-wrapper\">\n<div class=\"block-contentblock-description\">\n<p align=\"center\" style=\"margin: 0cm 0cm 6.75pt; text-align: center; background-image: initial; background-position: initial; background-size: initial; background-repeat: initial; background-attachment: initial; background-origin: initial; background-clip: initial;\"><span style=\"font-size: 14pt;\">Lackina : das sind exclusive Modelle in hochwertigerAusf\u00fchrung aus eigener Werkstatt.<br \/>Unsere Produkte sind Lack Bekleidung vieler Art die wir gegen Aufpreis auchnach Ma\u00df oder nach Ihren Farbw\u00fcnschen liefern k\u00f6nnen.<o:p><\/o:p><\/span><\/p>\n<p align=\"center\" style=\"margin: 0cm 0cm 6.75pt; text-align: center; background-image: initial; background-position: initial; background-size: initial; background-repeat: initial; background-attachment: initial; background-origin: initial; background-clip: initial;\"><span style=\"font-size: 14pt;\">Sollten Sie andere W\u00fcnsche haben ( Produkte , Farben ,Gr\u00f6\u00dfen usw. )<o:p><\/o:p><\/span><\/p>\n<p align=\"center\" style=\"margin: 0cm 0cm 6.75pt; text-align: center; background-image: initial; background-position: initial; background-size: initial; background-repeat: initial; background-attachment: initial; background-origin: initial; background-clip: initial;\"><span style=\"font-size: 14pt;\">\u00a0sprechen Sie uns bitte an<br \/>Hier kommt der Klassiker f\u00fcr Ihn :<br \/>Lackina- Lack Jogging Hose Hose mit blauen seitlichen Streifen f\u00fcr Ihn<o:p><\/o:p><\/span><\/p>\n<p align=\"center\">\n<p align=\"center\" style=\"margin: 0cm 0cm 6.75pt; text-align: center; background-image: initial; background-position: initial; background-size: initial; background-repeat: initial; background-attachment: initial; background-origin: initial; background-clip: initial;\"><span style=\"font-size: 14pt;\">mit 2 Taschen vorn\u00a0<br \/>Lieferbar in den\u00a0W 32-46<br \/>Materialzusammensetzung : 55 % PVC , 25 % PU , 20 % Polyester<o:p><\/o:p><\/span><\/p>\n<p align=\"center\">\u00a0\u00a0<imgstyle=\"width: 770px;\" data-filename=\"LGBQ%BS4_2I5XR[6MYZZLMX.png\"><\/p>\n<\/div>\n<\/div>\n<\/div>\n<\/div>","protected":false},"excerpt":{"rendered":"<p>Lackina : das sind exclusive Modelle in hochwertigerAusf\u00fchrung aus eigener Werkstatt.Unsere Produkte sind Lack Bekleidung vieler Art die wir gegen Aufpreis auchnach Ma\u00df oder nach Ihren Farbw\u00fcnschen liefern k\u00f6nnen. Sollten Sie andere W\u00fcnsche haben ( Produkte , Farben ,Gr\u00f6\u00dfen usw. ) \u00a0sprechen Sie uns bitte anHier kommt der Klassiker f\u00fcr Ihn :Lackina- Lack Jogging Hose&#8230;<\/p>","protected":false},"featured_media":344,"comment_status":"open","ping_status":"closed","template":"","meta":{"_eb_attr":"","_kad_post_transparent":"","_kad_post_title":"","_kad_post_layout":"","_kad_post_sidebar_id":"","_kad_post_content_style":"","_kad_post_vertical_padding":"","_kad_post_feature":"","_kad_post_feature_position":"","_kad_post_header":false,"_kad_post_footer":false,"_kad_post_classname":""},"product_brand":[],"product_cat":[101],"product_tag":[],"class_list":{"0":"post-1232","1":"product","2":"type-product","3":"status-publish","4":"has-post-thumbnail","6":"product_cat-hosen","8":"first","9":"instock","10":"shipping-taxable","11":"purchasable","12":"product-type-variable","13":"has-default-attributes","14":"entry","15":"content-bg","16":"loop-entry"},"_links":{"self":[{"href":"https:\/\/lackina.b2c1688.com\/fr\/wp-json\/wp\/v2\/product\/1232","targetHints":{"allow":["GET"]}}],"collection":[{"href":"https:\/\/lackina.b2c1688.com\/fr\/wp-json\/wp\/v2\/product"}],"about":[{"href":"https:\/\/lackina.b2c1688.com\/fr\/wp-json\/wp\/v2\/types\/product"}],"replies":[{"embeddable":true,"href":"https:\/\/lackina.b2c1688.com\/fr\/wp-json\/wp\/v2\/comments?post=1232"}],"wp:featuredmedia":[{"embeddable":true,"href":"https:\/\/lackina.b2c1688.com\/fr\/wp-json\/wp\/v2\/media\/344"}],"wp:attachment":[{"href":"https:\/\/lackina.b2c1688.com\/fr\/wp-json\/wp\/v2\/media?parent=1232"}],"wp:term":[{"taxonomy":"product_brand","embeddable":true,"href":"https:\/\/lackina.b2c1688.com\/fr\/wp-json\/wp\/v2\/product_brand?post=1232"},{"taxonomy":"product_cat","embeddable":true,"href":"https:\/\/lackina.b2c1688.com\/fr\/wp-json\/wp\/v2\/product_cat?post=1232"},{"taxonomy":"product_tag","embeddable":true,"href":"https:\/\/lackina.b2c1688.com\/fr\/wp-json\/wp\/v2\/product_tag?post=1232"}],"curies":[{"name":"wp","href":"https:\/\/api.w.org\/{rel}","templated":true}]}}