{"id":1199,"date":"2026-01-25T12:04:36","date_gmt":"2026-01-25T12:04:36","guid":{"rendered":"https:\/\/lackina.b2c1688.com\/product\/lackina-lack-cape-mit-stehkragen\/"},"modified":"2026-01-25T12:04:40","modified_gmt":"2026-01-25T12:04:40","slug":"lackina-lack-cape-mit-stehkragen","status":"publish","type":"product","link":"https:\/\/lackina.b2c1688.com\/fr\/product\/lackina-lack-cape-mit-stehkragen\/","title":{"rendered":"Lackina-Lack Cape mit Stehkragen"},"content":{"rendered":"<div class=\"module-item module-item-1 tab-pane active\" id=\"blocks-6974895b35811-tab-1\">\n<div class=\"block-body expand-block\">\n<div class=\"block-wrapper\">\n<div class=\"block-contentblock-description\">\n<p>geniales Cape mit Stehkragen , Unisex zu tragen ,<\/p>\n<p>seidig gl\u00e4nzendes Innenfutter , modisch aktuell geschnittener Kragen mit Nieten Band ,<\/p>\n<p>geschlossen wird dieses Cape mit 9 doppelreihigen&nbsp; Kn\u00f6pfen (Knopfl\u00f6cher sind handgearbeitet), Bodenlang ,<\/p>\n<p>auf Wunsch k\u00f6nnen wir das Cape in anderen Farben&nbsp; fertigen (gegen 60&nbsp;Euro Aufpreis),<\/p>\n<p>Materialzusammensetzung : 55 % PVC , 25 % PU , 20 % Polyester Lack Material 0,5mm dick<\/p>\n<p>&nbsp;<\/p>\n<p><br style=\"mso-special-character: line-break;\">&nbsp;<\/p>\n<\/div>\n<\/div>\n<\/div>\n<\/div>","protected":false},"excerpt":{"rendered":"<p>geniales Cape mit Stehkragen , Unisex zu tragen , seidig gl\u00e4nzendes Innenfutter , modisch aktuell geschnittener Kragen mit Nieten Band , geschlossen wird dieses Cape mit 9 doppelreihigen&nbsp; Kn\u00f6pfen (Knopfl\u00f6cher sind handgearbeitet), Bodenlang , auf Wunsch k\u00f6nnen wir das Cape in anderen Farben&nbsp; fertigen (gegen 60&nbsp;Euro Aufpreis), Materialzusammensetzung : 55 % PVC , 25 %&#8230;<\/p>","protected":false},"featured_media":293,"comment_status":"open","ping_status":"closed","template":"","meta":{"_eb_attr":"","_kad_post_transparent":"","_kad_post_title":"","_kad_post_layout":"","_kad_post_sidebar_id":"","_kad_post_content_style":"","_kad_post_vertical_padding":"","_kad_post_feature":"","_kad_post_feature_position":"","_kad_post_header":false,"_kad_post_footer":false,"_kad_post_classname":""},"product_brand":[],"product_cat":[100],"product_tag":[],"class_list":{"0":"post-1199","1":"product","2":"type-product","3":"status-publish","4":"has-post-thumbnail","6":"product_cat-jacken-maentel","8":"first","9":"instock","10":"shipping-taxable","11":"purchasable","12":"product-type-variable","13":"has-default-attributes","14":"entry","15":"content-bg","16":"loop-entry"},"_links":{"self":[{"href":"https:\/\/lackina.b2c1688.com\/fr\/wp-json\/wp\/v2\/product\/1199","targetHints":{"allow":["GET"]}}],"collection":[{"href":"https:\/\/lackina.b2c1688.com\/fr\/wp-json\/wp\/v2\/product"}],"about":[{"href":"https:\/\/lackina.b2c1688.com\/fr\/wp-json\/wp\/v2\/types\/product"}],"replies":[{"embeddable":true,"href":"https:\/\/lackina.b2c1688.com\/fr\/wp-json\/wp\/v2\/comments?post=1199"}],"wp:featuredmedia":[{"embeddable":true,"href":"https:\/\/lackina.b2c1688.com\/fr\/wp-json\/wp\/v2\/media\/293"}],"wp:attachment":[{"href":"https:\/\/lackina.b2c1688.com\/fr\/wp-json\/wp\/v2\/media?parent=1199"}],"wp:term":[{"taxonomy":"product_brand","embeddable":true,"href":"https:\/\/lackina.b2c1688.com\/fr\/wp-json\/wp\/v2\/product_brand?post=1199"},{"taxonomy":"product_cat","embeddable":true,"href":"https:\/\/lackina.b2c1688.com\/fr\/wp-json\/wp\/v2\/product_cat?post=1199"},{"taxonomy":"product_tag","embeddable":true,"href":"https:\/\/lackina.b2c1688.com\/fr\/wp-json\/wp\/v2\/product_tag?post=1199"}],"curies":[{"name":"wp","href":"https:\/\/api.w.org\/{rel}","templated":true}]}}