{"id":1082,"date":"2026-01-25T12:04:27","date_gmt":"2026-01-25T12:04:27","guid":{"rendered":"https:\/\/lackina.b2c1688.com\/?post_type=product&#038;p=1082"},"modified":"2026-01-25T12:04:31","modified_gmt":"2026-01-25T12:04:31","slug":"massanfertigung-schwarzer-lack-mantel-mit-fellohne-fell","status":"publish","type":"product","link":"https:\/\/lackina.b2c1688.com\/fr\/product\/massanfertigung-schwarzer-lack-mantel-mit-fellohne-fell\/","title":{"rendered":"Ma\u00dfanfertigung &#8211; schwarzer Lack Mantel mit Fell,ohne Fell"},"content":{"rendered":"<div class=\"module-item module-item-1 tab-pane active\" id=\"blocks-6974895b35811-tab-1\">\n<div class=\"block-body expand-block\">\n<div class=\"block-wrapper\">\n<div class=\"block-contentblock-description\">\n<p>Mantel mit Innen Satin F\u00fctter nach Wunsch k\u00f6nnen wir den Mantel bis Bodenl\u00e4nge fertigen (40\u20ac Aufpreis) \u00dcbergr\u00f6\u00dfe (K\u00f6rpermasse &#8211;Brustumfang \u00fcber 120cm) wird auch gegen 40 euro anfertigen. Schulterbereich vorn und hinten und \u00c4rmelumschl\u00e4ge sind mit Fell Umn\u00e4ht ,nach Wunsch k\u00f6nnen wir den Mantel ohne Fell fertigen. Lack Materialzusammensetzung : 55 % PVC , 25 % PU , 20 % Polyester Lack Material 0,5mm dick <\/p>\n<p><span style=\"LINE-HEIGHT: 115%; FONT-FAMILY: \">Ein Widerrufsrecht besteht nach \u00a7 312d Abs. 4 BGB nicht bei Fernabsatzvertr\u00e4gen zur Lieferung von Waren die nach Kundenspezifikation angefertigt werden oder eindeutig auf die pers\u00f6nlichen Bed\u00fcrfnisse zugeschnitten sind.<\/p>\n<p><span class=\"signature\">&#8212; <br \/><\/span><\/span><\/p>\n<\/div>\n<\/div>\n<\/div>\n<\/div>","protected":false},"excerpt":{"rendered":"<p>Mantel mit Innen Satin F\u00fctter nach Wunsch k\u00f6nnen wir den Mantel bis Bodenl\u00e4nge fertigen (40\u20ac Aufpreis) \u00dcbergr\u00f6\u00dfe (K\u00f6rpermasse &#8211;Brustumfang \u00fcber 120cm) wird auch gegen 40 euro anfertigen. Schulterbereich vorn und hinten und \u00c4rmelumschl\u00e4ge sind mit Fell Umn\u00e4ht ,nach Wunsch k\u00f6nnen wir den Mantel ohne Fell fertigen. Lack Materialzusammensetzung : 55 % PVC , 25 %&#8230;<\/p>","protected":false},"featured_media":175,"comment_status":"open","ping_status":"closed","template":"","meta":{"_eb_attr":"","_kad_post_transparent":"","_kad_post_title":"","_kad_post_layout":"","_kad_post_sidebar_id":"","_kad_post_content_style":"","_kad_post_vertical_padding":"","_kad_post_feature":"","_kad_post_feature_position":"","_kad_post_header":false,"_kad_post_footer":false,"_kad_post_classname":""},"product_brand":[],"product_cat":[89],"product_tag":[],"class_list":{"0":"post-1082","1":"product","2":"type-product","3":"status-publish","4":"has-post-thumbnail","6":"product_cat-massanfertigungen-fuer-damen","8":"first","9":"instock","10":"shipping-taxable","11":"purchasable","12":"product-type-variable","13":"has-default-attributes","14":"entry","15":"content-bg","16":"loop-entry"},"_links":{"self":[{"href":"https:\/\/lackina.b2c1688.com\/fr\/wp-json\/wp\/v2\/product\/1082","targetHints":{"allow":["GET"]}}],"collection":[{"href":"https:\/\/lackina.b2c1688.com\/fr\/wp-json\/wp\/v2\/product"}],"about":[{"href":"https:\/\/lackina.b2c1688.com\/fr\/wp-json\/wp\/v2\/types\/product"}],"replies":[{"embeddable":true,"href":"https:\/\/lackina.b2c1688.com\/fr\/wp-json\/wp\/v2\/comments?post=1082"}],"wp:featuredmedia":[{"embeddable":true,"href":"https:\/\/lackina.b2c1688.com\/fr\/wp-json\/wp\/v2\/media\/175"}],"wp:attachment":[{"href":"https:\/\/lackina.b2c1688.com\/fr\/wp-json\/wp\/v2\/media?parent=1082"}],"wp:term":[{"taxonomy":"product_brand","embeddable":true,"href":"https:\/\/lackina.b2c1688.com\/fr\/wp-json\/wp\/v2\/product_brand?post=1082"},{"taxonomy":"product_cat","embeddable":true,"href":"https:\/\/lackina.b2c1688.com\/fr\/wp-json\/wp\/v2\/product_cat?post=1082"},{"taxonomy":"product_tag","embeddable":true,"href":"https:\/\/lackina.b2c1688.com\/fr\/wp-json\/wp\/v2\/product_tag?post=1082"}],"curies":[{"name":"wp","href":"https:\/\/api.w.org\/{rel}","templated":true}]}}