{"id":1052,"date":"2026-01-25T12:04:25","date_gmt":"2026-01-25T12:04:25","guid":{"rendered":"https:\/\/lackina.b2c1688.com\/?post_type=product&#038;p=1052"},"modified":"2026-01-25T12:04:29","modified_gmt":"2026-01-25T12:04:29","slug":"massanfertigung-lack-cape-mit-stehkragen","status":"publish","type":"product","link":"https:\/\/lackina.b2c1688.com\/fr\/product\/massanfertigung-lack-cape-mit-stehkragen\/","title":{"rendered":"Ma\u00dfanfertigung -Lack Cape mit Stehkragen"},"content":{"rendered":"<div class=\"module-item module-item-1 tab-pane active\" id=\"blocks-6974895b35811-tab-1\">\n<div class=\"block-body expand-block\">\n<div class=\"block-wrapper\">\n<div class=\"block-contentblock-description\">\n<p>geniales Cape mit Stehkragen , Unisex zu tragen , seidig gl\u00e4nzendes Innenfutter , modisch aktuell geschnittener Kragen , vorn gekn\u00f6pft abnehmbar , geschlossen wird dieses Cap mit 5 Kn\u00f6pfen (Knopfl\u00f6cher sind handgearbeitet), Knielang , auf Wunsch k\u00f6nnen wir das Cape bis Bodenl\u00e4nge fertigen (gegen 40 Euro Aufpreis), auf Wunsch k\u00f6nnen wir noch eine Kaputze liefern (gegen 10 Euro Aufpreis), Farbauswahl:wei\u00df F1 ,schwarz F2, rot F3,silber F4,dunkelblau F5, pink F6,gelb F7,hellblau F8 Lack Materialzusammensetzung : 55 % PVC , 25 % PU , 20 % Polyester Lack Material 0,5mm dick Die Lieferzeit betr\u00e4gt 20-30 Tage nach dem Zahlungseingang.Wir senden Ihnen die Ware direkt aus Deutschland. Dadurch entfallen f\u00fcr Sie eventuelle Fahrten zum Zoll und nat\u00fcrlich auch alle dadurch entstehenden Z\u00f6lle und Steuern. Diese werden vorher durch uns beglichen. <\/p>\n<p><span style=\"LINE-HEIGHT: 115%; FONT-FAMILY: \" courier=\"\" new\";=\"\" color:=\"\" black;=\"\" font-size:=\"\" 10pt;=\"\" mso-fareast-font-family:=\"\" simsun;=\"\" mso-ansi-language:=\"\" de;=\"\" mso-fareast-language:=\"\" zh-cn;=\"\" mso-bidi-language:=\"\" ar-sa;=\"\" mso-fareast-theme-font:=\"\" minor-fareast\"=\"\">Ein Widerrufsrecht besteht nach \u00a7 312d Abs. 4 BGB nicht bei Fernabsatzvertr\u00e4gen zur Lieferung von Waren die nach Kundenspezifikation angefertigt werden oder eindeutig auf die pers\u00f6nlichen Bed\u00fcrfnisse zugeschnitten sind.<br style=\"mso-special-character: line-break\"><br style=\"mso-special-character: line-break\"><\/span><\/p>\n<\/div>\n<\/div>\n<\/div>\n<\/div>","protected":false},"excerpt":{"rendered":"<p>geniales Cape mit Stehkragen , Unisex zu tragen , seidig gl\u00e4nzendes Innenfutter , modisch aktuell geschnittener Kragen , vorn gekn\u00f6pft abnehmbar , geschlossen wird dieses Cap mit 5 Kn\u00f6pfen (Knopfl\u00f6cher sind handgearbeitet), Knielang , auf Wunsch k\u00f6nnen wir das Cape bis Bodenl\u00e4nge fertigen (gegen 40 Euro Aufpreis), auf Wunsch k\u00f6nnen wir noch eine Kaputze liefern&#8230;<\/p>","protected":false},"featured_media":130,"comment_status":"open","ping_status":"closed","template":"","meta":{"_eb_attr":"","_kad_post_transparent":"","_kad_post_title":"","_kad_post_layout":"","_kad_post_sidebar_id":"","_kad_post_content_style":"","_kad_post_vertical_padding":"","_kad_post_feature":"","_kad_post_feature_position":"","_kad_post_header":false,"_kad_post_footer":false,"_kad_post_classname":""},"product_brand":[],"product_cat":[89],"product_tag":[],"class_list":{"0":"post-1052","1":"product","2":"type-product","3":"status-publish","4":"has-post-thumbnail","6":"product_cat-massanfertigungen-fuer-damen","8":"first","9":"instock","10":"shipping-taxable","11":"purchasable","12":"product-type-variable","13":"has-default-attributes","14":"entry","15":"content-bg","16":"loop-entry"},"_links":{"self":[{"href":"https:\/\/lackina.b2c1688.com\/fr\/wp-json\/wp\/v2\/product\/1052","targetHints":{"allow":["GET"]}}],"collection":[{"href":"https:\/\/lackina.b2c1688.com\/fr\/wp-json\/wp\/v2\/product"}],"about":[{"href":"https:\/\/lackina.b2c1688.com\/fr\/wp-json\/wp\/v2\/types\/product"}],"replies":[{"embeddable":true,"href":"https:\/\/lackina.b2c1688.com\/fr\/wp-json\/wp\/v2\/comments?post=1052"}],"wp:featuredmedia":[{"embeddable":true,"href":"https:\/\/lackina.b2c1688.com\/fr\/wp-json\/wp\/v2\/media\/130"}],"wp:attachment":[{"href":"https:\/\/lackina.b2c1688.com\/fr\/wp-json\/wp\/v2\/media?parent=1052"}],"wp:term":[{"taxonomy":"product_brand","embeddable":true,"href":"https:\/\/lackina.b2c1688.com\/fr\/wp-json\/wp\/v2\/product_brand?post=1052"},{"taxonomy":"product_cat","embeddable":true,"href":"https:\/\/lackina.b2c1688.com\/fr\/wp-json\/wp\/v2\/product_cat?post=1052"},{"taxonomy":"product_tag","embeddable":true,"href":"https:\/\/lackina.b2c1688.com\/fr\/wp-json\/wp\/v2\/product_tag?post=1052"}],"curies":[{"name":"wp","href":"https:\/\/api.w.org\/{rel}","templated":true}]}}