{"id":1758,"date":"2026-01-25T12:25:19","date_gmt":"2026-01-25T12:25:19","guid":{"rendered":"https:\/\/lackina.b2c1688.com\/?page_id=1758"},"modified":"2026-01-25T12:25:19","modified_gmt":"2026-01-25T12:25:19","slug":"agb","status":"publish","type":"page","link":"https:\/\/lackina.b2c1688.com\/fr\/agb\/","title":{"rendered":"AGB"},"content":{"rendered":"<p>\u00a7 1 Allgemeines und Geltungsbereich<\/p>\n<p>1.) Diese Gesch\u00e4ftsbedingungen gelten f\u00fcr alle gegenw\u00e4rtigen und zuk\u00fcnftigen Gesch\u00e4ftsbeziehungen.<\/p>\n<p>2.) Verbraucher im Sinne dieser Bedingungen sind nat\u00fcrliche Personen, mit denen in Gesch\u00e4ftsbeziehung getreten wird, ohne dass diesen eine gewerbliche oder selbst\u00e4ndige berufliche T\u00e4tigkeit zugerechnet werden kann.<\/p>\n<p>Unternehmer gem\u00e4\u00df diesen Gesch\u00e4ftsbedingungen sind nat\u00fcrliche oder juristische Personen oder rechtsf\u00e4hige Personengesellschaften, mit denen in Gesch\u00e4ftsbeziehung getreten wird, die in Aus\u00fcbung einer gewerblichen oder selbst\u00e4ndigen beruflichen T\u00e4tigkeit handeln.<\/p>\n<p>Kunden sind sowohl Verbraucher als auch Unternehmer.<\/p>\n<p>3.) Abweichende, entgegenstehende oder erg\u00e4nzende Allgemeine Gesch\u00e4ftsbedingungen werden, selbst bei Kenntnis, nicht Vertragsbestandteil, es sei denn, ihrer Geltung wird ausdr\u00fccklich schriftlich zugestimmt.<\/p>\n<p>4.) Die \u00dcbertragung von Rechten und Pflichten des K\u00e4ufers aus dem Kaufvertrag bed\u00fcrfen unserer schriftlichen Zustimmung.<\/p>\n<p>&nbsp;<\/p>\n<p>\u00a7 2 Vertragsschluss und Lieferung<\/p>\n<p>1.)\u00a0 Unsere Angebote sind freibleibend. Technische \u00c4nderungen sowie sonstige \u00c4nderungen bleiben im Rahmen des Zumutbaren vorbehalten.<\/p>\n<p>2.)\u00a0 Mit der Bestellung einer Ware erkl\u00e4rt der Kunde verbindlich, die bestellte Ware erwerben zu wollen. Wir sind berechtigt, das in der Bestellung liegende Vertragsangebot innerhalb von zehn Tagen nach Eingang bei uns anzunehmen. Die Annahme kann schriftlich oder durch Auslieferung der Ware an den Kunden erkl\u00e4rt werden.<\/p>\n<p>3.)\u00a0 Bestellt der Verbraucher die Ware auf elektronischem Wege, werden wir den Zugang der Bestellung unverz\u00fcglich best\u00e4tigen. Die Zugangsbest\u00e4tigung stellt noch keine verbindliche Annahme der Bestellung dar. Die Zugangsbest\u00e4tigung kann mit der Annahmeerkl\u00e4rung verbunden werden.<\/p>\n<p>4.)\u00a0 Wir sind berechtigt, die Annahme einer Bestellung \u2013 etwa nach Pr\u00fcfung der Bonit\u00e4t des Kunden \u2013 abzulehnen.<\/p>\n<p>Wir sind berechtigt, die Bestellung auf haushalts\u00fcbliche Mengen zu begrenzen.<\/p>\n<p>5.)\u00a0 Der Vertragsschluss erfolgt unter dem Vorbehalt der richtigen und rechtzeitigen Selbstbelieferung durch unsere Zulieferer. Dies gilt nur f\u00fcr den Fall, dass die Nichtlieferung nicht von uns zu vertreten ist, insbesondere bei Abschluss eines kongruenten Deckungsgesch\u00e4ftes mit unserem Zulieferer. Der Kunde wird \u00fcber die Nichtverf\u00fcgbarkeit der Leistung unverz\u00fcglich informiert. Die Gegenleistung wird unverz\u00fcglich zur\u00fcckerstattet oder die Lieferung eines gleich- oder h\u00f6herwertigen Ersatzartikels vorgenommen. Bei Nichtgefallen kann dieser zu unseren Lasten zur\u00fcckgesandt werden.<\/p>\n<p>6.)\u00a0 Sofern der Verbraucher die Ware auf elektronischem Wege bestellt, wird der Vertragstext von uns gespeichert und dem Kunden auf Verlangen nebst den vorliegenden AGB per E-Mail zugesandt.<\/p>\n<p>7.)\u00a0 Der Versand der Waren erfolgt in einem neutralen Paket.<\/p>\n<p>8.)\u00a0 Wir weisen darauf hin, dass die Lieferzeit f\u00fcr bestimmte Waren 6-8 Wochen betr\u00e4gt.<\/p>\n<p>&nbsp;<\/p>\n<p>\u00a7 3 Eigentumsvorbehalt<\/p>\n<p>1.) Bei Vertr\u00e4gen mit Verbrauchern behalten wir uns das Eigentum an der Ware bis zur vollst\u00e4ndigen Zahlung des Kaufpreises vor.<\/p>\n<p>Bei Vertr\u00e4gen mit Unternehmern behalten wir uns das Eigentum an der Ware bis zur vollst\u00e4ndigen Begleichung aller Forderungen aus einer laufenden Gesch\u00e4ftsbeziehung vor.<\/p>\n<p>2.) Der Kunde ist verpflichtet, die Ware pfleglich zu behandeln. Sofern Wartungs- und Inspektionsarbeiten erforderlich sind, hat der Kunde diese auf eigene Kosten regelm\u00e4\u00dfig durchzuf\u00fchren.<\/p>\n<p>3.) Der Kunde ist verpflichtet, uns einen Zugriff Dritter auf die Ware, etwa im Falle einer Pf\u00e4ndung, sowie etwaige Besch\u00e4digungen oder die Vernichtung der Ware unverz\u00fcglich mitzuteilen. Einen Besitzwechsel der Ware sowie den eigenen Wohnsitzwechsel hat uns der Kunde unverz\u00fcglich anzuzeigen.<\/p>\n<p>4.) Wir sind berechtigt, bei vertragswidrigem Verhalten des Kunden, insbesondere bei Zahlungsverzug oder bei Verletzung einer Pflicht nach Ziff. 3. und 4. dieser Bestimmung vom Vertrag zur\u00fcckzutreten und die Ware herauszuverlangen.<\/p>\n<p>5.) Der Unternehmer ist berechtigt, die Ware im ordentlichen Gesch\u00e4ftsgang weiterzuver\u00e4u\u00dfern. Er tritt uns bereits jetzt alle Forderungen in H\u00f6he des Rechnungsbetrages ab, die ihm durch die Weiterver\u00e4u\u00dferung gegen einen Dritten erwachsen. Wir nehmen die Abtretung an. Nach der Abtretung ist der Unternehmer zur Einziehung der Forderung erm\u00e4chtigt. Wir behalten uns vor, die Forderung selbst einzuziehen, sobald der Unternehmer seinen Zahlungsverpflichtungen nicht ordnungsgem\u00e4\u00df nachkommt und in Zahlungsverzug ger\u00e4t.<\/p>\n<p>&nbsp;<\/p>\n<p>\u00a7 4 Verg\u00fctung<\/p>\n<p>1.) Der angebotene Kaufpreis ist bindend. Im Kaufpreis ist die gesetzliche Umsatzsteuer enthalten. Beim Versendungskauf versteht sich der Kaufpreis zuz\u00fcglich einer Versandkostenpauschale f\u00fcr Lieferungen innerhalb Deutschlands in H\u00f6he von 5,00 EUR. Bei Lieferungen in das europ\u00e4ische Ausland bitte vorher die Versandkostenpauschale erfragen.<\/p>\n<p>Dem Kunden entstehen bei Bestellung durch Nutzung der Fernkommunikationsmittel keine zus\u00e4tzlichen Kosten.<\/p>\n<p>Der Kunde kann den Kaufpreis per Vorkasse, \u00dcberweisung, oder per Nachnahme zahlen. Bei der Nachnahme zahlt der Kunde eine zus\u00e4tzliche Nachnahmegeb\u00fchr in H\u00f6he von 4,00 EUR.<\/p>\n<p>2.) Der Kunde hat ein Recht zur Aufrechnung nur, wenn seine Gegenanspr\u00fcche rechtskr\u00e4ftig festgestellt oder durch uns anerkannt wurden.<\/p>\n<p>Der Kunde kann ein Zur\u00fcckbehaltungsrecht nur aus\u00fcben, wenn sein Gegenanspruch auf demselben Vertragsverh\u00e4ltnis beruht.<\/p>\n<p>&nbsp;<\/p>\n<p>\u00a7 5 Gefahr\u00fcbergang<\/p>\n<p>1.) Ist der K\u00e4ufer Unternehmer, geht die Gefahr des zuf\u00e4lligen Untergangs und der zuf\u00e4lligen Verschlechterung der Ware mit der \u00dcbergabe, beim Versendungskauf mit der Auslieferung der Sache an den Spediteur, den Frachtf\u00fchrer oder der sonst zur Ausf\u00fchrung der Versendung bestimmten Person oder Anstalt auf den K\u00e4ufer \u00fcber.<\/p>\n<p>2.) Ist der K\u00e4ufer Verbraucher, geht die Gefahr des zuf\u00e4lligen Untergangs und der zuf\u00e4lligen Verschlechterung der verkauften Sache auch beim Versendungskauf erst mit der \u00dcbergabe der Sache auf den K\u00e4ufer \u00fcber. Der \u00dcbergabe steht es gleich, wenn der K\u00e4ufer im Verzug der Annahme ist.<\/p>\n<p>&nbsp;<\/p>\n<p>\u00a7 6 Gew\u00e4hrleistung<\/p>\n<p>1.) Ist der K\u00e4ufer Unternehmer, leisten wir f\u00fcr M\u00e4ngel der Ware zun\u00e4chst nach unserer Wahl Gew\u00e4hr durch Nachbesserung oder Ersatzlieferung.<\/p>\n<p>2.) Ist der K\u00e4ufer Verbraucher, so hat er zun\u00e4chst die Wahl, ob die Nacherf\u00fcllung durch Nachbesserung oder Ersatzlieferung erfolgen soll. Wir sind jedoch berechtigt, die Art der gew\u00e4hlten Nacherf\u00fcllung zu verweigern, wenn sie nur mit unverh\u00e4ltnism\u00e4\u00dfigen Kosten m\u00f6glich ist und die andere Art der Nacherf\u00fcllung ohne erhebliche Nachteile f\u00fcr den Verbraucher bleibt.<\/p>\n<p>3.) Schl\u00e4gt die Nacherf\u00fcllung fehl, kann der Kunde grunds\u00e4tzlich nach seiner Wahl Herabsetzung der Verg\u00fctung (Minderung) oder R\u00fcckg\u00e4ngigmachung des Vertrags (R\u00fccktritt) verlangen. Bei einer nur geringf\u00fcgigen Vertragswidrigkeit, insbesondere bei nur geringf\u00fcgigen M\u00e4ngeln, steht dem Kunden jedoch kein R\u00fccktrittsrecht zu.<\/p>\n<p>4.) Unternehmer m\u00fcssen uns offensichtliche M\u00e4ngel innerhalb einer Frist von zwei Wochen ab Empfang der Ware schriftlich anzeigen; andernfalls ist die Geltendmachung des Gew\u00e4hrleistungsanspruchs ausgeschlossen. Zur Fristwahrung gen\u00fcgt die rechtzeitige Absendung. Den Unternehmer trifft die volle Beweislast f\u00fcr s\u00e4mtliche Anspruchsvoraussetzungen, insbesondere f\u00fcr den Mangel selbst, f\u00fcr den Zeitpunkt der Feststellung des Mangels und f\u00fcr die Rechtzeitigkeit der M\u00e4ngelr\u00fcge.<\/p>\n<p>5.) W\u00e4hlt der Kunde wegen eines Rechts- oder Sachmangels nach gescheiterter Nacherf\u00fcllung den R\u00fccktritt vom Vertrag, steht ihm daneben kein Schadensersatzanspruch wegen des Mangels zu. W\u00e4hlt der Kunde nach gescheiteter Nacherf\u00fcllung Schadensersatz, verbleibt die Ware beim Kunden, wenn ihm dies zumutbar ist. Der Schadensersatz beschr\u00e4nkt sich auf die Differenz zwischen Kaufpreis und Wert der mangelhaften Sache. Dies gilt nicht, wenn wir die Vertragsverletzung arglistig verursacht haben.<\/p>\n<p>6.) F\u00fcr Unternehmer betr\u00e4gt die Gew\u00e4hrleistungsfrist ein Jahr ab Ablieferung der Ware. F\u00fcr Verbraucher betr\u00e4gt die Verj\u00e4hrungsfrist zwei Jahre ab Ablieferung der Ware. Bei gebrauchten Sachen betr\u00e4gt die Verj\u00e4hrungsfrist f\u00fcr Verbraucher ein Jahr ab Ablieferung der Ware. Dies gilt nicht, wenn der Kunde uns den Mangel nicht rechtzeitig angezeigt hat (Ziff. 4 dieser Bestimmung).<\/p>\n<p>7.) Ist der K\u00e4ufer Unternehmer, gilt als Beschaffenheit der Ware grunds\u00e4tzlich nur die Produktbeschreibung des Herstellers als vereinbart. \u00d6ffentliche \u00c4u\u00dferungen, Anpreisungen oder Werbung des Herstellers stellen daneben keine vertragsgem\u00e4\u00dfe Beschaffenheitsangabe der Ware dar.<\/p>\n<p>8.) Kennt der Kunde den Mangel der Sache, sind seine Rechte wegen des Mangels ausgeschlossen. Ist dem K\u00e4ufer ein Mangel infolge grober Fahrl\u00e4ssigkeit unbekannt geblieben, kann der K\u00e4ufer Rechte wegen dieses Mangels nur geltend machen, wenn der Mangel durch uns arglistig verschwiegen wurde oder eine Garantie f\u00fcr die Beschaffenheit der Sache \u00fcbernommen wurde.<\/p>\n<p>9.) Erh\u00e4lt der Kunde eine mangelhafte Montageanleitung, sind wir lediglich zur Lieferung einer mangelfreien Montageanleitung verpflichtet und dies auch nur dann, wenn der Mangel der Montageanleitung der ordnungsgem\u00e4\u00dfen Montage entgegensteht.<\/p>\n<p>10.) Garantien im Rechtssinne erh\u00e4lt der Kunde durch uns nicht. Herstellergarantien bleiben hiervon unber\u00fchrt.<\/p>\n<p>&nbsp;<\/p>\n<p>\u00a7 7 Haftungsbeschr\u00e4nkungen<\/p>\n<p>1.) Bei leicht fahrl\u00e4ssigen Pflichtverletzungen beschr\u00e4nkt sich unsere Haftung auf den nach der Art der Ware vorhersehbaren, vertragstypischen, unmittelbaren Durchschnittsschaden. Dies gilt auch bei leicht fahrl\u00e4ssigen Pflichtverletzungen unserer gesetzlichen Vertreter oder Erf\u00fcllungsgehilfen.<\/p>\n<p>Gegen\u00fcber Unternehmern haften wir bei leicht fahrl\u00e4ssiger Verletzung unwesentlicher Vertragspflichten nicht.<\/p>\n<p>2.) Die vorstehenden Haftungsbeschr\u00e4nkungen betreffen nicht Anspr\u00fcche des Kunden aus Produkthaftung. Weiter gelten die Haftungsbeschr\u00e4nkungen nicht bei uns zurechenbaren K\u00f6rper- und Gesundheitssch\u00e4den oder bei Verlust des Lebens des Kunden.<\/p>\n<p>3.) Schadensersatzanspr\u00fcche des Kunden wegen eines Mangels verj\u00e4hren nach einem Jahr ab Ablieferung der Ware. Dies gilt nicht, wenn uns grobes Verschulden vorwerfbar ist, sowie im Falle von uns zurechenbaren K\u00f6rper- und Gesundheitssch\u00e4den oder bei Verlust des Lebens des Kunden.<\/p>\n<p>&nbsp;<\/p>\n<p>\u00a7 8 Datenschutz<\/p>\n<p>1. Gem\u00e4\u00df \u00a7 28 des Bundesdatenschutzgesetzes BDSG machen wir darauf aufmerksam, dass die im Rahmen der Gesch\u00e4ftsabwicklung notwendigen Daten mittels einer EDV-Anlage gem\u00e4\u00df \u00a7 33 BDSG verarbeitet und gespeichert werden. Pers\u00f6nliche Daten werden vertraulich behandelt und nicht weitergegeben.<\/p>\n<p>2. Der Kunde stimmt der Erhebung, Verarbeitung und Nutzung personenbezogener Daten ausdr\u00fccklich zu. Ihm steht das Recht auf jederzeitigen Widerruf der Einwilligung mit Wirkung f\u00fcr die Zukunft zu.<\/p>\n<p>&nbsp;<\/p>\n<p>\u00a7 9 Schlussbestimmungen<\/p>\n<p>1.) Es gilt das Recht der Bundesrepublik Deutschland. Die Bestimmungen des UN-Kaufrechts finden keine Anwendung.<\/p>\n<p>2.) Ist der Kunde Kaufmann, juristische Person des \u00f6ffentlichen Rechts oder \u00f6ffentlich-rechtliches Sonderverm\u00f6gen, ist ausschlie\u00dflicher Gerichtsstand f\u00fcr alle Streitigkeiten aus diesem Vertrag unser Gesch\u00e4ftssitz.. Dasselbe gilt, wenn der Kunde keinen allgemeinen Gerichtsstand in Deutschland hat oder Wohnsitz oder gew\u00f6hnlicher Aufenthalt im Zeitpunkt der Klageerhebung nicht bekannt sind.<\/p>\n<p>3.) Sollten einzelne Bestimmungen des Vertrages mit dem Kunden einschlie\u00dflich dieser Allgemeinen Gesch\u00e4ftsbedingungen ganz oder teilweise unwirksam sein oder werden, so wird hierdurch die G\u00fcltigkeit der \u00fcbrigen Bestimmungen nicht ber\u00fchrt. Die ganz oder teilweise unwirksame Regelung soll durch eine Regelung ersetzt werden, deren wirtschaftlicher Erfolg dem der unwirksamen m\u00f6glichst nahe kommt.<\/p>","protected":false},"excerpt":{"rendered":"<p>\u00a7 1 Allgemeines und Geltungsbereich 1.) Diese Gesch\u00e4ftsbedingungen gelten f\u00fcr alle gegenw\u00e4rtigen und zuk\u00fcnftigen Gesch\u00e4ftsbeziehungen. 2.) Verbraucher im Sinne dieser Bedingungen sind nat\u00fcrliche Personen, mit denen in Gesch\u00e4ftsbeziehung getreten wird, ohne dass diesen eine gewerbliche oder selbst\u00e4ndige berufliche T\u00e4tigkeit zugerechnet werden kann. Unternehmer gem\u00e4\u00df diesen Gesch\u00e4ftsbedingungen sind nat\u00fcrliche oder juristische Personen oder rechtsf\u00e4hige Personengesellschaften, mit&#8230;<\/p>","protected":false},"author":2,"featured_media":0,"parent":0,"menu_order":0,"comment_status":"closed","ping_status":"closed","template":"","meta":{"_eb_attr":"","_kad_post_transparent":"default","_kad_post_title":"default","_kad_post_layout":"default","_kad_post_sidebar_id":"","_kad_post_content_style":"default","_kad_post_vertical_padding":"default","_kad_post_feature":"","_kad_post_feature_position":"","_kad_post_header":false,"_kad_post_footer":false,"_kad_post_classname":"","footnotes":""},"class_list":["post-1758","page","type-page","status-publish","hentry"],"_links":{"self":[{"href":"https:\/\/lackina.b2c1688.com\/fr\/wp-json\/wp\/v2\/pages\/1758","targetHints":{"allow":["GET"]}}],"collection":[{"href":"https:\/\/lackina.b2c1688.com\/fr\/wp-json\/wp\/v2\/pages"}],"about":[{"href":"https:\/\/lackina.b2c1688.com\/fr\/wp-json\/wp\/v2\/types\/page"}],"author":[{"embeddable":true,"href":"https:\/\/lackina.b2c1688.com\/fr\/wp-json\/wp\/v2\/users\/2"}],"replies":[{"embeddable":true,"href":"https:\/\/lackina.b2c1688.com\/fr\/wp-json\/wp\/v2\/comments?post=1758"}],"version-history":[{"count":1,"href":"https:\/\/lackina.b2c1688.com\/fr\/wp-json\/wp\/v2\/pages\/1758\/revisions"}],"predecessor-version":[{"id":1759,"href":"https:\/\/lackina.b2c1688.com\/fr\/wp-json\/wp\/v2\/pages\/1758\/revisions\/1759"}],"wp:attachment":[{"href":"https:\/\/lackina.b2c1688.com\/fr\/wp-json\/wp\/v2\/media?parent=1758"}],"curies":[{"name":"wp","href":"https:\/\/api.w.org\/{rel}","templated":true}]}}