{"id":996,"date":"2026-01-25T12:04:20","date_gmt":"2026-01-25T12:04:20","guid":{"rendered":"https:\/\/lackina.b2c1688.com\/?post_type=product&#038;p=996"},"modified":"2026-01-25T12:04:25","modified_gmt":"2026-01-25T12:04:25","slug":"pvc-regen-mantel","status":"publish","type":"product","link":"https:\/\/lackina.b2c1688.com\/en\/product\/pvc-regen-mantel\/","title":{"rendered":"PVC Regen Mantel"},"content":{"rendered":"<div class=\"module-item module-item-1 tab-pane active\" id=\"blocks-6974895b35811-tab-1\">\n<div class=\"block-body expand-block\">\n<div class=\"block-wrapper\">\n<div class=\"block-contentblock-description\">\n<p>Bei der Verarbeitung wurde\u00a0an alles gedacht, was man f\u00fcr einen guten Regenmantel braucht : angenehm und \u00a0weich und gute Passform.\u00a0 So gekleidet st\u00f6rt der Regen kaum\u00a0. Der Mantel wird\u00a0mit Druckkn\u00f6pfen geschlossen.\u00a0F\u00fcr den\u00a0Kopf\u00a0hat der Mantel\u00a0eine gro\u00dfe Kapuze, die \u00fcber eine Kordel geschlossen wird.An den \u00c4rmeln mit elastischen Abschlu\u00dfb\u00fcndchen\u00a0 Dieser Mantel ist aus superweicher PVC-Spezialfolie gefertigt die nur bei Regenm\u00e4nteln verwendung findet. Dieser Regenmantel ist\u00a0tragbar bis\u00a0Gr\u00f6\u00dfe XL (sowohl f\u00fcr Damen als auch Herren geeignet).\u00a0 Semi transparent, one size Material : 100 % PVC<\/p>\n<\/div>\n<\/div>\n<\/div>\n<\/div>","protected":false},"excerpt":{"rendered":"<p>Bei der Verarbeitung wurde\u00a0an alles gedacht, was man f\u00fcr einen guten Regenmantel braucht : angenehm und \u00a0weich und gute Passform.\u00a0 So gekleidet st\u00f6rt der Regen kaum\u00a0. Der Mantel wird\u00a0mit Druckkn\u00f6pfen geschlossen.\u00a0F\u00fcr den\u00a0Kopf\u00a0hat der Mantel\u00a0eine gro\u00dfe Kapuze, die \u00fcber eine Kordel geschlossen wird.An den \u00c4rmeln mit elastischen Abschlu\u00dfb\u00fcndchen\u00a0 Dieser Mantel ist aus superweicher PVC-Spezialfolie gefertigt die&#8230;<\/p>","protected":false},"featured_media":80,"comment_status":"open","ping_status":"closed","template":"","meta":{"_eb_attr":"","_kad_post_transparent":"","_kad_post_title":"","_kad_post_layout":"","_kad_post_sidebar_id":"","_kad_post_content_style":"","_kad_post_vertical_padding":"","_kad_post_feature":"","_kad_post_feature_position":"","_kad_post_header":false,"_kad_post_footer":false,"_kad_post_classname":""},"product_brand":[],"product_cat":[66],"product_tag":[],"class_list":{"0":"post-996","1":"product","2":"type-product","3":"status-publish","4":"has-post-thumbnail","6":"product_cat-pvc-kleidung","8":"first","9":"instock","10":"shipping-taxable","11":"purchasable","12":"product-type-variable","13":"has-default-attributes","14":"entry","15":"content-bg","16":"loop-entry"},"_links":{"self":[{"href":"https:\/\/lackina.b2c1688.com\/en\/wp-json\/wp\/v2\/product\/996","targetHints":{"allow":["GET"]}}],"collection":[{"href":"https:\/\/lackina.b2c1688.com\/en\/wp-json\/wp\/v2\/product"}],"about":[{"href":"https:\/\/lackina.b2c1688.com\/en\/wp-json\/wp\/v2\/types\/product"}],"replies":[{"embeddable":true,"href":"https:\/\/lackina.b2c1688.com\/en\/wp-json\/wp\/v2\/comments?post=996"}],"wp:featuredmedia":[{"embeddable":true,"href":"https:\/\/lackina.b2c1688.com\/en\/wp-json\/wp\/v2\/media\/80"}],"wp:attachment":[{"href":"https:\/\/lackina.b2c1688.com\/en\/wp-json\/wp\/v2\/media?parent=996"}],"wp:term":[{"taxonomy":"product_brand","embeddable":true,"href":"https:\/\/lackina.b2c1688.com\/en\/wp-json\/wp\/v2\/product_brand?post=996"},{"taxonomy":"product_cat","embeddable":true,"href":"https:\/\/lackina.b2c1688.com\/en\/wp-json\/wp\/v2\/product_cat?post=996"},{"taxonomy":"product_tag","embeddable":true,"href":"https:\/\/lackina.b2c1688.com\/en\/wp-json\/wp\/v2\/product_tag?post=996"}],"curies":[{"name":"wp","href":"https:\/\/api.w.org\/{rel}","templated":true}]}}