{"id":992,"date":"2026-01-25T12:04:20","date_gmt":"2026-01-25T12:04:20","guid":{"rendered":"https:\/\/lackina.b2c1688.com\/?post_type=product&#038;p=992"},"modified":"2026-01-25T12:04:22","modified_gmt":"2026-01-25T12:04:22","slug":"verspielter-lack-mini-rockschwarz","status":"publish","type":"product","link":"https:\/\/lackina.b2c1688.com\/en\/product\/verspielter-lack-mini-rockschwarz\/","title":{"rendered":"verspielter Lack Mini Rock,schwarz"},"content":{"rendered":"<div class=\"module-item module-item-1 tab-pane active\" id=\"blocks-6974895b35811-tab-1\">\n<div class=\"block-body expand-block\">\n<div class=\"block-wrapper\">\n<div class=\"block-contentblock-description\">\n<p>superkurzes , schwingendes Volantr\u00f6ckchen da wir die Dame nochmal zum Kind L\u00e4nge 25 cm ( bei Gr\u00f6\u00dfe L ),Materialzusammensetzung : 55 % PVC , 25 % PU , 20 % Polyester, Lack Material\u00a0 0,5mm dick<\/p>\n<table align=\"center\" border=\"0\" cellpadding=\"0\" cellspacing=\"0\" style=\"width: 640px;\" width=\"640\">\n<tbody>\n<tr>\n<td style=\"width: 102px; height: 20px;\">\n<p>\u00a0<\/p>\n<\/td>\n<td style=\"width: 75px; height: 20px;\">\n<p><strong>Gr. S<\/strong><\/p>\n<\/td>\n<td style=\"width: 76px; height: 20px;\">\n<p><strong>Gr. M<\/strong><\/p>\n<\/td>\n<td style=\"width: 76px; height: 20px;\">\n<p><strong>Gr. L<\/strong><\/p>\n<\/td>\n<td style=\"width: 76px; height: 20px;\">\n<p><strong>Gr. XL<\/strong><\/p>\n<\/td>\n<td style=\"width: 76px; height: 20px;\">\n<p><strong>Gr. XXL<\/strong><\/p>\n<\/td>\n<td style=\"width: 76px; height: 20px;\">\n<p><strong>Gr. XXXL<\/strong><\/p>\n<\/td>\n<td style=\"height: 20px;\">\n<p>Gr. 4 XL<\/p>\n<\/td>\n<\/tr>\n<tr>\n<td style=\"width: 102px; height: 40px;\">\n<p>Bundumfang<\/p>\n<\/td>\n<td style=\"width: 75px; height: 40px;\">\n<p>76 cm<\/p>\n<\/td>\n<td style=\"width: 76px; height: 40px;\">\n<p>82cm<\/p>\n<\/td>\n<td style=\"width: 76px; height: 40px;\">\n<p>88cm<\/p>\n<\/td>\n<td style=\"width: 76px; height: 40px;\">\n<p>94 cm<\/p>\n<\/td>\n<td style=\"width: 76px; height: 40px;\">\n<p>100 cm<\/p>\n<\/td>\n<td style=\"width: 76px; height: 40px;\">\n<p>106 cm<\/p>\n<\/td>\n<td style=\"height: 40px;\">\n<p>112 cm<\/p>\n<\/td>\n<\/tr>\n<tr>\n<td style=\"width: 102px; height: 40px;\">\n<p>H\u00fcftumfang<\/p>\n<\/td>\n<td style=\"width: 75px; height: 40px;\">\n<p>88-93 cm<\/p>\n<\/td>\n<td style=\"width: 76px; height: 40px;\">\n<p>93-98 cm<\/p>\n<\/td>\n<td style=\"width: 76px; height: 40px;\">\n<p>98-103 cm<\/p>\n<\/td>\n<td style=\"width: 76px; height: 40px;\">\n<p>103-109cm<\/p>\n<\/td>\n<td style=\"width: 76px; height: 40px;\">\n<p>109-115 cm<\/p>\n<\/td>\n<td style=\"width: 76px; height: 40px;\">\n<p>115-121 cm<\/p>\n<\/td>\n<td style=\"height: 40px;\">\n<p>121 &#8211; 127 cm<\/p>\n<\/td>\n<\/tr>\n<tr>\n<td style=\"width: 102px; height: 40px;\">\n<p>Rockl\u00e4nge<\/p>\n<\/td>\n<td style=\"width: 75px; height: 40px;\">\n<p>23,5 cm<\/p>\n<\/td>\n<td style=\"width: 76px; height: 40px;\">\n<p>24,5cm<\/p>\n<\/td>\n<td style=\"width: 76px; height: 40px;\">\n<p>25,5cm<\/p>\n<\/td>\n<td style=\"width: 76px; height: 40px;\">\n<p>26,5 cm<\/p>\n<\/td>\n<td style=\"width: 76px; height: 40px;\">\n<p>27,5cm<\/p>\n<\/td>\n<td style=\"width: 76px; height: 40px;\">\n<p>28,5cm<\/p>\n<\/td>\n<td style=\"height: 40px;\">\n<p>29,5 cm<\/p>\n<\/td>\n<\/tr>\n<\/tbody>\n<\/table>\n<p>\u00a0<\/p><\/div>\n<\/div>\n<\/div>\n<\/div>","protected":false},"excerpt":{"rendered":"<p>superkurzes , schwingendes Volantr\u00f6ckchen da wir die Dame nochmal zum Kind L\u00e4nge 25 cm ( bei Gr\u00f6\u00dfe L ),Materialzusammensetzung : 55 % PVC , 25 % PU , 20 % Polyester, Lack Material\u00a0 0,5mm dick \u00a0 Gr. S Gr. M Gr. L Gr. XL Gr. XXL Gr. XXXL Gr. 4 XL Bundumfang 76 cm 82cm&#8230;<\/p>","protected":false},"featured_media":561,"comment_status":"open","ping_status":"closed","template":"","meta":{"_eb_attr":"","_kad_post_transparent":"","_kad_post_title":"","_kad_post_layout":"","_kad_post_sidebar_id":"","_kad_post_content_style":"","_kad_post_vertical_padding":"","_kad_post_feature":"","_kad_post_feature_position":"","_kad_post_header":false,"_kad_post_footer":false,"_kad_post_classname":""},"product_brand":[],"product_cat":[65],"product_tag":[],"class_list":{"0":"post-992","1":"product","2":"type-product","3":"status-publish","4":"has-post-thumbnail","6":"product_cat-sonderangebote-auslaufmodelle","8":"first","9":"instock","10":"shipping-taxable","11":"purchasable","12":"product-type-variable","13":"has-default-attributes","14":"entry","15":"content-bg","16":"loop-entry"},"_links":{"self":[{"href":"https:\/\/lackina.b2c1688.com\/en\/wp-json\/wp\/v2\/product\/992","targetHints":{"allow":["GET"]}}],"collection":[{"href":"https:\/\/lackina.b2c1688.com\/en\/wp-json\/wp\/v2\/product"}],"about":[{"href":"https:\/\/lackina.b2c1688.com\/en\/wp-json\/wp\/v2\/types\/product"}],"replies":[{"embeddable":true,"href":"https:\/\/lackina.b2c1688.com\/en\/wp-json\/wp\/v2\/comments?post=992"}],"wp:featuredmedia":[{"embeddable":true,"href":"https:\/\/lackina.b2c1688.com\/en\/wp-json\/wp\/v2\/media\/561"}],"wp:attachment":[{"href":"https:\/\/lackina.b2c1688.com\/en\/wp-json\/wp\/v2\/media?parent=992"}],"wp:term":[{"taxonomy":"product_brand","embeddable":true,"href":"https:\/\/lackina.b2c1688.com\/en\/wp-json\/wp\/v2\/product_brand?post=992"},{"taxonomy":"product_cat","embeddable":true,"href":"https:\/\/lackina.b2c1688.com\/en\/wp-json\/wp\/v2\/product_cat?post=992"},{"taxonomy":"product_tag","embeddable":true,"href":"https:\/\/lackina.b2c1688.com\/en\/wp-json\/wp\/v2\/product_tag?post=992"}],"curies":[{"name":"wp","href":"https:\/\/api.w.org\/{rel}","templated":true}]}}