{"id":1840,"date":"2026-04-12T10:49:05","date_gmt":"2026-04-12T10:49:05","guid":{"rendered":"https:\/\/lackina.b2c1688.com\/?post_type=product&#038;p=1840"},"modified":"2026-04-12T11:05:52","modified_gmt":"2026-04-12T11:05:52","slug":"lackina-massanfertigung-lack-herren-jogging-anzug-gr-m-6xl","status":"publish","type":"product","link":"https:\/\/lackina.b2c1688.com\/en\/product\/lackina-massanfertigung-lack-herren-jogging-anzug-gr-m-6xl\/","title":{"rendered":"Lackina- Massanfertigung Lack Herren Jogging Anzug Gr . M-6XL"},"content":{"rendered":"<h6 style=\"text-align: center;\" align=\"center\">Lackina : das sind exclusive Modelle in hochwertiger Ausf\u00fchrung aus eigener Werkstatt.<br \/>\nUnsere Produkte sind Lack Bekleidung vieler Art die wir gegen Aufpreis auch nach Ma\u00df oder nach Ihren Farbw\u00fcnschen liefern k\u00f6nnen.<br \/>\nSollten Sie andere W\u00fcnsche haben ( Produkte , Farben , Gr\u00f6\u00dfen usw. )<br \/>\nsprechen Sie uns bitte an<br \/>\nHier kommt der Klassiker f\u00fcr Ihn :<br \/>\n<b>Sonderanfertigung : gew\u00fcnschte Farbe und gew\u00fcnschte L\u00e4nge<\/b><br \/>\nLack Herren Anzug mit seitlichen Streifen<br \/>\nTop mit Front Tasche , Hose mit 2 Seiten Tasche<br \/>\nLieferbar in den W 32-46, Arml\u00e4nge , Hosel\u00e4nge nach W\u00fcnsche L\u00e4nge<br \/>\nFarbe Auswahl kann nach Frage.<br \/>\nMaterialzusammensetzung : 55 % PVC , 25 % PU , 20 % Polyester<br \/>\n10% dehnbarkeit<br \/>\n<span style=\"font-family: Arial, sans-serif;\">Zum Beispiel:<\/span><br \/>\n<span style=\"font-family: Arial, sans-serif;\">\u00a0die Hose, Gr\u00f6\u00dfe W32, ungedehnter Taillenumfang 74cm, gedehnter Taillenumfang maximal 96cm.<\/span><br \/>\n<span style=\"font-family: Arial, sans-serif;\">passt gut f\u00fcr Bundumfang ca. 88 cm<\/span><br \/>\n<span style=\"font-family: Arial, sans-serif;\">Alle anderen Ma\u00dfe aus der Ma\u00dftabelle werden direkt an der Hose gemessen<\/span><\/h6>\n<table style=\"font-weight: 400;\">\n<tbody>\n<tr>\n<td width=\"68\"><strong>Herrn Hose<\/strong><\/td>\n<td width=\"68\">M<\/td>\n<td width=\"68\">L<\/td>\n<td width=\"68\">XL<\/td>\n<td width=\"68\">2XL<\/td>\n<td width=\"68\">3XL<\/td>\n<td width=\"68\">\u00a04XL<\/td>\n<td width=\"68\">\u00a05XL<\/td>\n<td width=\"68\">\u00a06XL<\/td>\n<\/tr>\n<tr>\n<td width=\"68\"><\/td>\n<td width=\"68\"><strong>Gr. 32<\/strong><\/td>\n<td width=\"68\"><strong>Gr.34<\/strong><\/td>\n<td width=\"68\"><strong>Gr. 36<\/strong><\/td>\n<td width=\"68\"><strong>Gr. 38<\/strong><\/td>\n<td width=\"68\"><strong>Gr. 40<\/strong><\/td>\n<td width=\"68\"><strong>Gr.42<\/strong><\/td>\n<td width=\"68\"><strong>Gr. 44<\/strong><\/td>\n<td width=\"68\"><strong>Gr. 46<\/strong><\/td>\n<\/tr>\n<tr>\n<td width=\"68\">Bundumfang<\/td>\n<td width=\"68\">88 cm<\/td>\n<td width=\"68\">92 cm<\/td>\n<td width=\"68\">96 cm<\/td>\n<td width=\"68\">100 cm<\/td>\n<td width=\"68\">104 cm<\/td>\n<td width=\"68\">108 cm<\/td>\n<td width=\"68\">112 cm<\/td>\n<td width=\"68\">116 cm<\/td>\n<\/tr>\n<tr>\n<td width=\"68\">H\u00fcftumfang<\/td>\n<td width=\"68\">98 cm<\/td>\n<td width=\"68\">104 cm<\/td>\n<td width=\"68\">110 cm<\/td>\n<td width=\"68\">116 cm<\/td>\n<td width=\"68\">122 cm<\/td>\n<td width=\"68\">128 cm<\/td>\n<td width=\"68\">134 cm<\/td>\n<td width=\"68\">140 cm<\/td>\n<\/tr>\n<tr>\n<td width=\"68\">Beininnenl\u00e4nge<\/td>\n<td width=\"68\">76 cm<\/td>\n<td width=\"68\">77 cm<\/td>\n<td width=\"68\">78 cm<\/td>\n<td width=\"68\">79 cm<\/td>\n<td width=\"68\">80 cm<\/td>\n<td width=\"68\">81 cm<\/td>\n<td width=\"68\">82 cm<\/td>\n<td width=\"68\">83 cm<\/td>\n<\/tr>\n<tr>\n<td width=\"68\">Hosenl\u00e4nge<\/td>\n<td width=\"68\">101cm<\/td>\n<td width=\"68\">103cm<\/td>\n<td width=\"68\">105cm<\/td>\n<td width=\"68\">107cm<\/td>\n<td width=\"68\">109cm<\/td>\n<td width=\"68\">111cm<\/td>\n<td width=\"68\">113 cm<\/td>\n<td width=\"68\">113 cm<\/td>\n<\/tr>\n<\/tbody>\n<\/table>","protected":false},"excerpt":{"rendered":"<p>Lackina : das sind exclusive Modelle in hochwertiger Ausf\u00fchrung aus eigener Werkstatt. Unsere Produkte sind Lack Bekleidung vieler Art die wir gegen Aufpreis auch nach Ma\u00df oder nach Ihren Farbw\u00fcnschen liefern k\u00f6nnen. Sollten Sie andere W\u00fcnsche haben ( Produkte , Farben , Gr\u00f6\u00dfen usw. ) sprechen Sie uns bitte an Hier kommt der Klassiker f\u00fcr&#8230;<\/p>","protected":false},"featured_media":1842,"comment_status":"open","ping_status":"closed","template":"","meta":{"_eb_attr":"","_kad_post_transparent":"default","_kad_post_title":"","_kad_post_layout":"default","_kad_post_sidebar_id":"","_kad_post_content_style":"default","_kad_post_vertical_padding":"default","_kad_post_feature":"","_kad_post_feature_position":"","_kad_post_header":false,"_kad_post_footer":false,"_kad_post_classname":""},"product_brand":[],"product_cat":[101,88],"product_tag":[],"class_list":{"0":"post-1840","1":"product","2":"type-product","3":"status-publish","4":"has-post-thumbnail","6":"product_cat-hosen","7":"product_cat-massanfertigung-fuer-herren","9":"first","10":"instock","11":"shipping-taxable","12":"purchasable","13":"product-type-simple","14":"entry","15":"content-bg","16":"loop-entry"},"_links":{"self":[{"href":"https:\/\/lackina.b2c1688.com\/en\/wp-json\/wp\/v2\/product\/1840","targetHints":{"allow":["GET"]}}],"collection":[{"href":"https:\/\/lackina.b2c1688.com\/en\/wp-json\/wp\/v2\/product"}],"about":[{"href":"https:\/\/lackina.b2c1688.com\/en\/wp-json\/wp\/v2\/types\/product"}],"replies":[{"embeddable":true,"href":"https:\/\/lackina.b2c1688.com\/en\/wp-json\/wp\/v2\/comments?post=1840"}],"wp:featuredmedia":[{"embeddable":true,"href":"https:\/\/lackina.b2c1688.com\/en\/wp-json\/wp\/v2\/media\/1842"}],"wp:attachment":[{"href":"https:\/\/lackina.b2c1688.com\/en\/wp-json\/wp\/v2\/media?parent=1840"}],"wp:term":[{"taxonomy":"product_brand","embeddable":true,"href":"https:\/\/lackina.b2c1688.com\/en\/wp-json\/wp\/v2\/product_brand?post=1840"},{"taxonomy":"product_cat","embeddable":true,"href":"https:\/\/lackina.b2c1688.com\/en\/wp-json\/wp\/v2\/product_cat?post=1840"},{"taxonomy":"product_tag","embeddable":true,"href":"https:\/\/lackina.b2c1688.com\/en\/wp-json\/wp\/v2\/product_tag?post=1840"}],"curies":[{"name":"wp","href":"https:\/\/api.w.org\/{rel}","templated":true}]}}