{"id":1649,"date":"2026-01-25T12:05:33","date_gmt":"2026-01-25T12:05:33","guid":{"rendered":"https:\/\/lackina.b2c1688.com\/?post_type=product&#038;p=1649"},"modified":"2026-01-25T12:05:35","modified_gmt":"2026-01-25T12:05:35","slug":"lackina-herren-lack-pants-mit-knoepfe-gr-s-4xl","status":"publish","type":"product","link":"https:\/\/lackina.b2c1688.com\/en\/product\/lackina-herren-lack-pants-mit-knoepfe-gr-s-4xl\/","title":{"rendered":"Lackina: Herren Lack Pants mit Kn\u00f6pfe , Gr S-4XL"},"content":{"rendered":"<div class=\"module-item module-item-1 tab-pane active\" id=\"blocks-6974895b35811-tab-1\">\n<div class=\"block-body expand-block\">\n<div class=\"block-wrapper\">\n<div class=\"block-contentblock-description\">\n<p>Lack Hot-Pants ,knackig eng<\/p>\n<p>geschlossen wird dieses hei\u00dfe Teil mit Druckkn\u00f6pfen<\/p>\n<p>Materialzusammensetzung : 55 % PVC , 25 % PU , 20 % Polyester<\/p>\n<p>Material ist ca 4% dehnbar<\/p>\n<table>\n<tbody>\n<tr>\n<td>\n<table width=\"502\">\n<tbody>\n<tr>\n<td width=\"100%\">\n<p><strong>Lackina : das sind exclusive Modelle in hochwertiger Ausf\u00fchrung aus eigener Werkstatt.<\/strong><\/p>\n<h3>Unsere Produkte sind Lack Bekleidung vieler Art die wir\u00a0gegen Aufpreis\u00a0(Shoppreis)auch nach Ma\u00df oder nach Ihren Farbw\u00fcnschen liefern k\u00f6nnen.<\/h3>\n<h3>Sollten Sie andere W\u00fcnsche haben\u00a0 ( Produkte , Farben , Gr\u00f6\u00dfen usw. ) sprechen Sie uns bitte an<\/h3>\n<table>\n<tbody>\n<tr>\n<td width=\"106\"><strong>Ma\u00dftabelle<\/strong><\/td>\n<td width=\"86\">\u00a0<\/td>\n<td width=\"86\">\u00a0<\/td>\n<td width=\"86\">\u00a0<\/td>\n<td width=\"86\">\u00a0<\/td>\n<td width=\"86\">\u00a0<\/td>\n<td width=\"86\">\u00a0<\/td>\n<\/tr>\n<tr>\n<td>\u00a0<\/td>\n<td><strong>Gr. S<\/strong><\/td>\n<td><strong>Gr. M<\/strong><\/td>\n<td><strong>Gr. L<\/strong><\/td>\n<td><strong>Gr. XL<\/strong><\/td>\n<td><strong>Gr. XXL<\/strong><\/td>\n<td><strong>Gr.\u00a0 \u00a0 XXXL<\/strong><\/td>\n<\/tr>\n<tr>\n<td>\u00a0<\/td>\n<td>\u00a0<\/td>\n<td>\u00a0<\/td>\n<td>\u00a0<\/td>\n<td>\u00a0<\/td>\n<td>\u00a0<\/td>\n<td>\u00a0<\/td>\n<\/tr>\n<tr>\n<td>Taillenumfang<\/td>\n<td>84 cm\u00a0 \u00a0<\/td>\n<td>\n<table style=\"background-color: rgb(255, 255, 255);\">\n<tbody>\n<tr>\n<td>88<\/td>\n<td>\u00a0cm<\/td>\n<\/tr>\n<\/tbody>\n<\/table>\n<\/td>\n<td>92 cm<\/td>\n<td>96 cm<\/td>\n<td>100 cm<\/td>\n<td>104 cm<\/td>\n<\/tr>\n<tr>\n<td>H\u00fcftumfang<\/td>\n<td>92 cm\u00a0 \u00a0\u00a0<\/td>\n<td>98 cm<\/td>\n<td>104 cm<\/td>\n<td>110 cm<\/td>\n<td>116 cm<\/td>\n<td>122 cm<\/td>\n<\/tr>\n<tr>\n<td>\u00a0<\/td>\n<td>\u00a0<\/td>\n<td>\u00a0<\/td>\n<td>\u00a0<\/td>\n<td>\u00a0<\/td>\n<td>\u00a0<\/td>\n<td>\u00a0<\/td>\n<\/tr>\n<tr>\n<td>\u00a0<\/td>\n<td>\u00a0<\/td>\n<td>\u00a0<\/td>\n<td>\u00a0<\/td>\n<td>\u00a0<\/td>\n<td>\u00a0<\/td>\n<td>\u00a0<\/td>\n<\/tr>\n<\/tbody>\n<\/table>\n<p>\u00a0<\/p>\n<\/td>\n<\/tr>\n<\/tbody>\n<\/table>\n<\/td>\n<td>\u00a0<\/td>\n<td width=\"100%\">\u00a0<\/td>\n<\/tr>\n<\/tbody>\n<\/table>\n<\/div>\n<\/div>\n<\/div>\n<\/div>","protected":false},"excerpt":{"rendered":"<p>Lack Hot-Pants ,knackig eng geschlossen wird dieses hei\u00dfe Teil mit Druckkn\u00f6pfen Materialzusammensetzung : 55 % PVC , 25 % PU , 20 % Polyester Material ist ca 4% dehnbar Lackina : das sind exclusive Modelle in hochwertiger Ausf\u00fchrung aus eigener Werkstatt. Unsere Produkte sind Lack Bekleidung vieler Art die wir\u00a0gegen Aufpreis\u00a0(Shoppreis)auch nach Ma\u00df oder nach&#8230;<\/p>","protected":false},"featured_media":804,"comment_status":"open","ping_status":"closed","template":"","meta":{"_eb_attr":"","_kad_post_transparent":"","_kad_post_title":"","_kad_post_layout":"","_kad_post_sidebar_id":"","_kad_post_content_style":"","_kad_post_vertical_padding":"","_kad_post_feature":"","_kad_post_feature_position":"","_kad_post_header":false,"_kad_post_footer":false,"_kad_post_classname":""},"product_brand":[],"product_cat":[125],"product_tag":[],"class_list":{"0":"post-1649","1":"product","2":"type-product","3":"status-publish","4":"has-post-thumbnail","6":"product_cat-hosen-fuer-sie","8":"first","9":"instock","10":"shipping-taxable","11":"purchasable","12":"product-type-variable","13":"has-default-attributes","14":"entry","15":"content-bg","16":"loop-entry"},"_links":{"self":[{"href":"https:\/\/lackina.b2c1688.com\/en\/wp-json\/wp\/v2\/product\/1649","targetHints":{"allow":["GET"]}}],"collection":[{"href":"https:\/\/lackina.b2c1688.com\/en\/wp-json\/wp\/v2\/product"}],"about":[{"href":"https:\/\/lackina.b2c1688.com\/en\/wp-json\/wp\/v2\/types\/product"}],"replies":[{"embeddable":true,"href":"https:\/\/lackina.b2c1688.com\/en\/wp-json\/wp\/v2\/comments?post=1649"}],"wp:featuredmedia":[{"embeddable":true,"href":"https:\/\/lackina.b2c1688.com\/en\/wp-json\/wp\/v2\/media\/804"}],"wp:attachment":[{"href":"https:\/\/lackina.b2c1688.com\/en\/wp-json\/wp\/v2\/media?parent=1649"}],"wp:term":[{"taxonomy":"product_brand","embeddable":true,"href":"https:\/\/lackina.b2c1688.com\/en\/wp-json\/wp\/v2\/product_brand?post=1649"},{"taxonomy":"product_cat","embeddable":true,"href":"https:\/\/lackina.b2c1688.com\/en\/wp-json\/wp\/v2\/product_cat?post=1649"},{"taxonomy":"product_tag","embeddable":true,"href":"https:\/\/lackina.b2c1688.com\/en\/wp-json\/wp\/v2\/product_tag?post=1649"}],"curies":[{"name":"wp","href":"https:\/\/api.w.org\/{rel}","templated":true}]}}