{"id":1621,"date":"2026-01-25T12:05:31","date_gmt":"2026-01-25T12:05:31","guid":{"rendered":"https:\/\/lackina.b2c1688.com\/?post_type=product&#038;p=1621"},"modified":"2026-01-25T12:05:32","modified_gmt":"2026-01-25T12:05:32","slug":"french-maid-zofenkleid-gr-s-4xl","status":"publish","type":"product","link":"https:\/\/lackina.b2c1688.com\/en\/product\/french-maid-zofenkleid-gr-s-4xl\/","title":{"rendered":"French Maid , Zofenkleid Gr S &#8211; 4XL"},"content":{"rendered":"<div class=\"module-item module-item-1 tab-pane active\" id=\"blocks-6974895b35811-tab-1\">\n<div class=\"block-body expand-block\">\n<div class=\"block-wrapper\">\n<div class=\"block-contentblock-description\">\n<p>kurzes schwarzes Lack Kleid, sehr sch\u00f6n f\u00fcr die Zofe und \u00e4hnliche Rollenspiele das Rockteil wirkt sehr beschwingt durch das eingearbeitete T\u00fct\u00fc durch R\u00fcschen reich verziert\u00a0 eine wei\u00dfe ger\u00fcschte Sch\u00fcrze aus Lack und das ger\u00fcschte Halsband geh\u00f6ren nat\u00fcrlich dazu,ohne H\u00e4ubchen. R\u00fcckenrei\u00dfverschlu\u00df, Materialzusammensetzung : 55 % PVC , 25 % PU , 20 % Polyester, Lack Material\u00a0 0,5mm dick<\/p>\n<\/div>\n<\/div>\n<\/div>\n<\/div>","protected":false},"excerpt":{"rendered":"<p>kurzes schwarzes Lack Kleid, sehr sch\u00f6n f\u00fcr die Zofe und \u00e4hnliche Rollenspiele das Rockteil wirkt sehr beschwingt durch das eingearbeitete T\u00fct\u00fc durch R\u00fcschen reich verziert\u00a0 eine wei\u00dfe ger\u00fcschte Sch\u00fcrze aus Lack und das ger\u00fcschte Halsband geh\u00f6ren nat\u00fcrlich dazu,ohne H\u00e4ubchen. R\u00fcckenrei\u00dfverschlu\u00df, Materialzusammensetzung : 55 % PVC , 25 % PU , 20 % Polyester, Lack Material\u00a0&#8230;<\/p>","protected":false},"featured_media":767,"comment_status":"open","ping_status":"closed","template":"","meta":{"_eb_attr":"","_kad_post_transparent":"","_kad_post_title":"","_kad_post_layout":"","_kad_post_sidebar_id":"","_kad_post_content_style":"","_kad_post_vertical_padding":"","_kad_post_feature":"","_kad_post_feature_position":"","_kad_post_header":false,"_kad_post_footer":false,"_kad_post_classname":""},"product_brand":[],"product_cat":[123],"product_tag":[],"class_list":{"0":"post-1621","1":"product","2":"type-product","3":"status-publish","4":"has-post-thumbnail","6":"product_cat-kleider","8":"first","9":"instock","10":"shipping-taxable","11":"purchasable","12":"product-type-variable","13":"has-default-attributes","14":"entry","15":"content-bg","16":"loop-entry"},"_links":{"self":[{"href":"https:\/\/lackina.b2c1688.com\/en\/wp-json\/wp\/v2\/product\/1621","targetHints":{"allow":["GET"]}}],"collection":[{"href":"https:\/\/lackina.b2c1688.com\/en\/wp-json\/wp\/v2\/product"}],"about":[{"href":"https:\/\/lackina.b2c1688.com\/en\/wp-json\/wp\/v2\/types\/product"}],"replies":[{"embeddable":true,"href":"https:\/\/lackina.b2c1688.com\/en\/wp-json\/wp\/v2\/comments?post=1621"}],"wp:featuredmedia":[{"embeddable":true,"href":"https:\/\/lackina.b2c1688.com\/en\/wp-json\/wp\/v2\/media\/767"}],"wp:attachment":[{"href":"https:\/\/lackina.b2c1688.com\/en\/wp-json\/wp\/v2\/media?parent=1621"}],"wp:term":[{"taxonomy":"product_brand","embeddable":true,"href":"https:\/\/lackina.b2c1688.com\/en\/wp-json\/wp\/v2\/product_brand?post=1621"},{"taxonomy":"product_cat","embeddable":true,"href":"https:\/\/lackina.b2c1688.com\/en\/wp-json\/wp\/v2\/product_cat?post=1621"},{"taxonomy":"product_tag","embeddable":true,"href":"https:\/\/lackina.b2c1688.com\/en\/wp-json\/wp\/v2\/product_tag?post=1621"}],"curies":[{"name":"wp","href":"https:\/\/api.w.org\/{rel}","templated":true}]}}