{"id":1620,"date":"2026-01-25T12:05:30","date_gmt":"2026-01-25T12:05:30","guid":{"rendered":"https:\/\/lackina.b2c1688.com\/?post_type=product&#038;p=1620"},"modified":"2026-01-25T12:05:32","modified_gmt":"2026-01-25T12:05:32","slug":"kammerkaetzchenzofen-kleid","status":"publish","type":"product","link":"https:\/\/lackina.b2c1688.com\/en\/product\/kammerkaetzchenzofen-kleid\/","title":{"rendered":"Kammerk\u00e4tzchen,Zofen Kleid"},"content":{"rendered":"<div class=\"module-item module-item-1 tab-pane active\" id=\"blocks-6974895b35811-tab-1\">\n<div class=\"block-body expand-block\">\n<div class=\"block-wrapper\">\n<div class=\"block-contentblock-description\">\n<p>\u00a0<\/p>\n<p>kurzes schwarzes Lack Kleid, sehr sch\u00f6n f\u00fcr die Zofe und \u00e4hnliche Rollenspiele das Rockteil wirkt sehr beschwingt durch das eingearbeitete T\u00fct\u00fc durch R\u00fcschen reich verziert\u00a0 eine wei\u00dfe ger\u00fcschte Sch\u00fcrze aus Lack und das ger\u00fcschte Halsband geh\u00f6ren nat\u00fcrlich dazu,ohne H\u00e4ubchen. \u00a0R\u00fcckenrei\u00dfverschlu\u00df (25cm)auf dem Po kann man von Unten nach oben \u00f6ffnen,sehr fein. Materialzusammensetzung : 55 % PVC , 25 % PU , 20 % Polyester, Lack Material\u00a0 0,5mm dick<\/p>\n<table border=\"0\" cellpadding=\"0\" cellspacing=\"0\" style=\"width: 480pt; border-collapse: collapse;\" width=\"640\">\n<tbody>\n<tr height=\"40\" style=\"height: 30pt;\">\n<td class=\"xl63\" height=\"40\" style=\"border: 0.5pt solid black; border-image: none; width: 60pt; height: 30pt; background-color: rgb(141, 180, 227);\" width=\"80\"><strong>Ma\u00dftabelle f\u00fcr Frauen<\/strong><\/td>\n<td class=\"xl64\" style=\"border-width: 0.5pt 0.5pt 0.5pt medium; border-style: solid solid solid none; border-color: black; width: 60pt; background-color: rgb(141, 180, 227);\" width=\"80\">\u00a0<\/td>\n<td class=\"xl64\" style=\"border-width: 0.5pt 0.5pt 0.5pt medium; border-style: solid solid solid none; border-color: black; width: 60pt; background-color: rgb(141, 180, 227);\" width=\"80\">\u00a0<\/td>\n<td class=\"xl64\" style=\"border-width: 0.5pt 0.5pt 0.5pt medium; border-style: solid solid solid none; border-color: black; width: 60pt; background-color: rgb(141, 180, 227);\" width=\"80\">\u00a0<\/td>\n<td class=\"xl64\" style=\"border-width: 0.5pt 0.5pt 0.5pt medium; border-style: solid solid solid none; border-color: black; width: 60pt; background-color: rgb(141, 180, 227);\" width=\"80\">\u00a0<\/td>\n<td class=\"xl64\" style=\"border-width: 0.5pt 0.5pt 0.5pt medium; border-style: solid solid solid none; border-color: black; width: 60pt; background-color: rgb(141, 180, 227);\" width=\"80\">\u00a0<\/td>\n<td class=\"xl65\" style=\"border-width: 0.5pt medium; border-style: solid none; border-color: black rgb(240, 240, 240) black black; width: 60pt; background-color: rgb(141, 180, 227);\" width=\"80\">\u00a0<\/td>\n<td class=\"xl66\" style=\"border: 0.5pt solid windowtext; border-image: none; width: 60pt; background-color: rgb(141, 180, 227);\" width=\"80\">\u00a0<\/td>\n<\/tr>\n<tr height=\"20\" style=\"height: 15pt;\">\n<td class=\"xl64\" height=\"20\" style=\"border-width: medium 0.5pt 0.5pt; border-style: none solid solid; border-color: black; width: 60pt; height: 15pt; background-color: rgb(141, 180, 227);\" width=\"80\">\u00a0<\/td>\n<td class=\"xl67\" style=\"border-width: medium 0.5pt 0.5pt medium; border-style: none solid solid none; border-color: black; width: 60pt; background-color: rgb(141, 180, 227);\" width=\"80\"><strong>Gr. S<\/strong><\/td>\n<td class=\"xl67\" style=\"border-width: medium 0.5pt 0.5pt medium; border-style: none solid solid none; border-color: black; width: 60pt; background-color: rgb(141, 180, 227);\" width=\"80\"><strong>Gr. M<\/strong><\/td>\n<td class=\"xl67\" style=\"border-width: medium 0.5pt 0.5pt medium; border-style: none solid solid none; border-color: black; width: 60pt; background-color: rgb(141, 180, 227);\" width=\"80\"><strong>Gr. L<\/strong><\/td>\n<td class=\"xl67\" style=\"border-width: medium 0.5pt 0.5pt medium; border-style: none solid solid none; border-color: black; width: 60pt; background-color: rgb(141, 180, 227);\" width=\"80\"><strong>Gr. XL<\/strong><\/td>\n<td class=\"xl67\" style=\"border-width: medium 0.5pt 0.5pt medium; border-style: none solid solid none; border-color: black; width: 60pt; background-color: rgb(141, 180, 227);\" width=\"80\"><strong>Gr. XXL<\/strong><\/td>\n<td class=\"xl68\" style=\"border-width: medium medium 0.5pt; border-style: none none solid; border-color: black rgb(240, 240, 240) black black; width: 60pt; background-color: rgb(141, 180, 227);\" width=\"80\"><strong>Gr. XXXL<\/strong><\/td>\n<td class=\"xl69\" style=\"border-width: medium 0.5pt 0.5pt; border-style: none solid solid; border-color: windowtext; background-color: rgb(141, 180, 227);\">Gr. 4 XL<\/td>\n<\/tr>\n<tr height=\"40\" style=\"height: 30pt;\">\n<td class=\"xl70\" height=\"40\" style=\"border-width: medium 0.5pt 0.5pt; border-style: none solid solid; border-color: black; width: 60pt; height: 30pt; background-color: rgb(141, 180, 227);\" width=\"80\">Schulterbreite<\/td>\n<td class=\"xl64\" style=\"border-width: medium 0.5pt 0.5pt medium; border-style: none solid solid none; border-color: black; width: 60pt; background-color: rgb(141, 180, 227);\" width=\"80\">39 cm<\/td>\n<td class=\"xl64\" style=\"border-width: medium 0.5pt 0.5pt medium; border-style: none solid solid none; border-color: black; width: 60pt; background-color: rgb(141, 180, 227);\" width=\"80\">40,5 cm<\/td>\n<td class=\"xl64\" style=\"border-width: medium 0.5pt 0.5pt medium; border-style: none solid solid none; border-color: black; width: 60pt; background-color: rgb(141, 180, 227);\" width=\"80\">42 cm<\/td>\n<td class=\"xl64\" style=\"border-width: medium 0.5pt 0.5pt medium; border-style: none solid solid none; border-color: black; width: 60pt; background-color: rgb(141, 180, 227);\" width=\"80\">43,5 cm<\/td>\n<td class=\"xl64\" style=\"border-width: medium 0.5pt 0.5pt medium; border-style: none solid solid none; border-color: black; width: 60pt; background-color: rgb(141, 180, 227);\" width=\"80\">44,5 cm<\/td>\n<td class=\"xl64\" style=\"border-width: medium 0.5pt 0.5pt medium; border-style: none solid solid none; border-color: black; width: 60pt; background-color: rgb(141, 180, 227);\" width=\"80\">45,5 cm<\/td>\n<td class=\"xl71\" style=\"border-width: medium 0.5pt medium medium; border-style: none solid none none; border-color: windowtext windowtext rgb(240, 240, 240) black; background-color: rgb(141, 180, 227);\">46,5 cm<\/td>\n<\/tr>\n<tr height=\"40\" style=\"height: 30pt;\">\n<td class=\"xl70\" height=\"40\" style=\"border-width: medium 0.5pt 0.5pt; border-style: none solid solid; border-color: black; width: 60pt; height: 30pt; background-color: rgb(141, 180, 227);\" width=\"80\">Brustumfang<\/td>\n<td class=\"xl64\" style=\"border-width: medium 0.5pt 0.5pt medium; border-style: none solid solid none; border-color: black; width: 60pt; background-color: rgb(141, 180, 227);\" width=\"80\">84-89 cm<\/td>\n<td class=\"xl64\" style=\"border-width: medium 0.5pt 0.5pt medium; border-style: none solid solid none; border-color: black; width: 60pt; background-color: rgb(141, 180, 227);\" width=\"80\">90-95 cm<\/td>\n<td class=\"xl64\" style=\"border-width: medium 0.5pt 0.5pt medium; border-style: none solid solid none; border-color: black; width: 60pt; background-color: rgb(141, 180, 227);\" width=\"80\">96-101 cm<\/td>\n<td class=\"xl64\" style=\"border-width: medium 0.5pt 0.5pt medium; border-style: none solid solid none; border-color: black; width: 60pt; background-color: rgb(141, 180, 227);\" width=\"80\">102-107 cm<\/td>\n<td class=\"xl64\" style=\"border-width: medium 0.5pt 0.5pt medium; border-style: none solid solid none; border-color: black; width: 60pt; background-color: rgb(141, 180, 227);\" width=\"80\">108-113 cm<\/td>\n<td class=\"xl64\" style=\"border-width: medium 0.5pt 0.5pt medium; border-style: none solid solid none; border-color: black; width: 60pt; background-color: rgb(141, 180, 227);\" width=\"80\">113-118 cm<\/td>\n<td class=\"xl72\" style=\"border-width: 0.5pt 0.5pt 0.5pt medium; border-style: solid solid solid none; border-color: windowtext windowtext windowtext black; background-color: rgb(141, 180, 227);\">119-124 cm<\/td>\n<\/tr>\n<tr height=\"40\" style=\"height: 30pt;\">\n<td class=\"xl70\" height=\"40\" style=\"border-width: medium 0.5pt 0.5pt; border-style: none solid solid; border-color: black; width: 60pt; height: 30pt; background-color: rgb(141, 180, 227);\" width=\"80\">Taillenumfang<\/td>\n<td class=\"xl64\" style=\"border-width: medium 0.5pt 0.5pt medium; border-style: none solid solid none; border-color: black; width: 60pt; background-color: rgb(141, 180, 227);\" width=\"80\">63-68 cm<\/td>\n<td class=\"xl64\" style=\"border-width: medium 0.5pt 0.5pt medium; border-style: none solid solid none; border-color: black; width: 60pt; background-color: rgb(141, 180, 227);\" width=\"80\">69-74 cm<\/td>\n<td class=\"xl64\" style=\"border-width: medium 0.5pt 0.5pt medium; border-style: none solid solid none; border-color: black; width: 60pt; background-color: rgb(141, 180, 227);\" width=\"80\">75-80 cm<\/td>\n<td class=\"xl64\" style=\"border-width: medium 0.5pt 0.5pt medium; border-style: none solid solid none; border-color: black; width: 60pt; background-color: rgb(141, 180, 227);\" width=\"80\">81-86 cm<\/td>\n<td class=\"xl64\" style=\"border-width: medium 0.5pt 0.5pt medium; border-style: none solid solid none; border-color: black; width: 60pt; background-color: rgb(141, 180, 227);\" width=\"80\">87-92 cm<\/td>\n<td class=\"xl64\" style=\"border-width: medium 0.5pt 0.5pt medium; border-style: none solid solid none; border-color: black; width: 60pt; background-color: rgb(141, 180, 227);\" width=\"80\">93-98 cm<\/td>\n<td class=\"xl73\" style=\"border-width: medium 0.5pt medium medium; border-style: none solid none none; border-color: rgb(240, 240, 240) windowtext rgb(240, 240, 240) black; background-color: rgb(141, 180, 227);\">99 &#8211; 104 cm<\/td>\n<\/tr>\n<tr height=\"40\" style=\"height: 30pt;\">\n<td class=\"xl70\" height=\"40\" style=\"border-width: medium 0.5pt 0.5pt; border-style: none solid solid; border-color: black; width: 60pt; height: 30pt; background-color: rgb(141, 180, 227);\" width=\"80\">H\u00fcftumfang<\/td>\n<td class=\"xl64\" style=\"border-width: medium 0.5pt 0.5pt medium; border-style: none solid solid none; border-color: black; width: 60pt; background-color: rgb(141, 180, 227);\" width=\"80\">88-93 cm<\/td>\n<td class=\"xl64\" style=\"border-width: medium 0.5pt 0.5pt medium; border-style: none solid solid none; border-color: black; width: 60pt; background-color: rgb(141, 180, 227);\" width=\"80\">94-99 cm<\/td>\n<td class=\"xl64\" style=\"border-width: medium 0.5pt 0.5pt medium; border-style: none solid solid none; border-color: black; width: 60pt; background-color: rgb(141, 180, 227);\" width=\"80\">100-105 cm<\/td>\n<td class=\"xl64\" style=\"border-width: medium 0.5pt 0.5pt medium; border-style: none solid solid none; border-color: black; width: 60pt; background-color: rgb(141, 180, 227);\" width=\"80\">106-111 cm<\/td>\n<td class=\"xl64\" style=\"border-width: medium 0.5pt 0.5pt medium; border-style: none solid solid none; border-color: black; width: 60pt; background-color: rgb(141, 180, 227);\" width=\"80\">112-118 cm<\/td>\n<td class=\"xl64\" style=\"border-width: medium 0.5pt 0.5pt medium; border-style: none solid solid none; border-color: black; width: 60pt; background-color: rgb(141, 180, 227);\" width=\"80\">118-123 cm<\/td>\n<td class=\"xl72\" style=\"border-width: 0.5pt 0.5pt 0.5pt medium; border-style: solid solid solid none; border-color: windowtext windowtext windowtext black; background-color: rgb(141, 180, 227);\">124 &#8211; 128 cm<\/td>\n<\/tr>\n<\/tbody>\n<\/table>\n<\/div>\n<\/div>\n<\/div>\n<\/div>","protected":false},"excerpt":{"rendered":"<p>\u00a0 kurzes schwarzes Lack Kleid, sehr sch\u00f6n f\u00fcr die Zofe und \u00e4hnliche Rollenspiele das Rockteil wirkt sehr beschwingt durch das eingearbeitete T\u00fct\u00fc durch R\u00fcschen reich verziert\u00a0 eine wei\u00dfe ger\u00fcschte Sch\u00fcrze aus Lack und das ger\u00fcschte Halsband geh\u00f6ren nat\u00fcrlich dazu,ohne H\u00e4ubchen. \u00a0R\u00fcckenrei\u00dfverschlu\u00df (25cm)auf dem Po kann man von Unten nach oben \u00f6ffnen,sehr fein. Materialzusammensetzung : 55&#8230;<\/p>","protected":false},"featured_media":786,"comment_status":"open","ping_status":"closed","template":"","meta":{"_eb_attr":"","_kad_post_transparent":"","_kad_post_title":"","_kad_post_layout":"","_kad_post_sidebar_id":"","_kad_post_content_style":"","_kad_post_vertical_padding":"","_kad_post_feature":"","_kad_post_feature_position":"","_kad_post_header":false,"_kad_post_footer":false,"_kad_post_classname":""},"product_brand":[],"product_cat":[123],"product_tag":[],"class_list":{"0":"post-1620","1":"product","2":"type-product","3":"status-publish","4":"has-post-thumbnail","6":"product_cat-kleider","8":"first","9":"instock","10":"shipping-taxable","11":"purchasable","12":"product-type-variable","13":"has-default-attributes","14":"entry","15":"content-bg","16":"loop-entry"},"_links":{"self":[{"href":"https:\/\/lackina.b2c1688.com\/en\/wp-json\/wp\/v2\/product\/1620","targetHints":{"allow":["GET"]}}],"collection":[{"href":"https:\/\/lackina.b2c1688.com\/en\/wp-json\/wp\/v2\/product"}],"about":[{"href":"https:\/\/lackina.b2c1688.com\/en\/wp-json\/wp\/v2\/types\/product"}],"replies":[{"embeddable":true,"href":"https:\/\/lackina.b2c1688.com\/en\/wp-json\/wp\/v2\/comments?post=1620"}],"wp:featuredmedia":[{"embeddable":true,"href":"https:\/\/lackina.b2c1688.com\/en\/wp-json\/wp\/v2\/media\/786"}],"wp:attachment":[{"href":"https:\/\/lackina.b2c1688.com\/en\/wp-json\/wp\/v2\/media?parent=1620"}],"wp:term":[{"taxonomy":"product_brand","embeddable":true,"href":"https:\/\/lackina.b2c1688.com\/en\/wp-json\/wp\/v2\/product_brand?post=1620"},{"taxonomy":"product_cat","embeddable":true,"href":"https:\/\/lackina.b2c1688.com\/en\/wp-json\/wp\/v2\/product_cat?post=1620"},{"taxonomy":"product_tag","embeddable":true,"href":"https:\/\/lackina.b2c1688.com\/en\/wp-json\/wp\/v2\/product_tag?post=1620"}],"curies":[{"name":"wp","href":"https:\/\/api.w.org\/{rel}","templated":true}]}}