{"id":1619,"date":"2026-01-25T12:05:30","date_gmt":"2026-01-25T12:05:30","guid":{"rendered":"https:\/\/lackina.b2c1688.com\/?post_type=product&#038;p=1619"},"modified":"2026-01-25T12:05:32","modified_gmt":"2026-01-25T12:05:32","slug":"kurzes-falten-kleid","status":"publish","type":"product","link":"https:\/\/lackina.b2c1688.com\/en\/product\/kurzes-falten-kleid\/","title":{"rendered":"kurzes Falten Kleid"},"content":{"rendered":"<div class=\"module-item module-item-1 tab-pane active\" id=\"blocks-6974895b35811-tab-1\">\n<div class=\"block-body expand-block\">\n<div class=\"block-wrapper\">\n<div class=\"block-contentblock-description\">\n<p align=\"center\">Lackina : das sind exclusive Modelle in hochwertiger Ausf\u00fchrung aus eigener Werkstatt.<\/p>\n<p align=\"center\">Unsere Produkte sind Lack Bekleidung vieler Art die wir gegen Aufpreis auch nach Ma\u00df oder nach Ihren Farbw\u00fcnschen liefern k\u00f6nnen.<\/p>\n<p align=\"center\">Sollten Sie andere W\u00fcnsche haben ( Produkte , Farben , Gr\u00f6\u00dfen usw. ) sprechen Sie uns bitte an unter &#8220; <u>lackina-<\/u>info@gmx.de<\/p>\n<p align=\"center\">kurzes Kleidchen mit weitschwingenden Falten in pink und wei\u00df, mit schmalen Tr\u00e4gern und vorder Rei\u00dfverschlu\u00df<\/p>\n<p align=\"center\"><strong>Dieser Kleid wird bestimmt das Highlight bei jedem Verkleidungs Treffen ( Cosplay , Anime &#8211; Conventions, Fasching, Karneval , Kost\u00fcm \u2013 Party , Fetish, ) <\/strong><\/p>\n<p align=\"center\"><strong>Lack Materialzusammensetzung : 55 % PVC , 25 % PU , 20 % Polyester<\/strong><\/p>\n<p align=\"center\"><strong>Lack Material 0,5mm<\/strong><\/p>\n<table border=\"1\" cellpadding=\"0\" cellspacing=\"0\">\n<tbody>\n<tr>\n<td style=\"width: 106px; height: 17px;\">\n<p align=\"center\"><strong>Ma\u00dftabelle f\u00fcr Frauen<\/strong><\/p>\n<\/td>\n<td style=\"width: 83px; height: 17px;\">\n<p align=\"center\">\u00a0<\/p>\n<\/td>\n<td style=\"width: 84px; height: 17px;\">\u00a0<\/td>\n<td style=\"width: 84px; height: 17px;\">\u00a0<\/td>\n<td style=\"width: 84px; height: 17px;\">\u00a0<\/td>\n<td style=\"width: 84px; height: 17px;\">\u00a0<\/td>\n<td style=\"width: 84px; height: 17px;\">\u00a0<\/td>\n<\/tr>\n<tr>\n<td style=\"height: 17px;\">\u00a0<\/td>\n<td style=\"height: 17px;\">\n<p align=\"center\"><strong>Gr. S<\/strong><\/p>\n<\/td>\n<td style=\"height: 17px;\">\n<p align=\"center\"><strong>Gr. M<\/strong><\/p>\n<\/td>\n<td style=\"height: 17px;\">\n<p align=\"center\"><strong>Gr. L<\/strong><\/p>\n<\/td>\n<td style=\"height: 17px;\">\n<p align=\"center\"><strong>Gr. XL<\/strong><\/p>\n<\/td>\n<td style=\"height: 17px;\">\n<p align=\"center\"><strong>Gr. XXL<\/strong><\/p>\n<\/td>\n<td style=\"height: 17px;\">\n<p align=\"center\"><strong>Gr. XXXL<\/strong><\/p>\n<\/td>\n<\/tr>\n<tr>\n<td style=\"height: 17px;\">\n<p align=\"center\">Brustumfang<\/p>\n<\/td>\n<td style=\"height: 17px;\">\n<p align=\"center\">84 cm<\/p>\n<\/td>\n<td style=\"height: 17px;\">\n<p align=\"center\">90 cm<\/p>\n<\/td>\n<td style=\"height: 17px;\">\n<p align=\"center\">96 cm<\/p>\n<\/td>\n<td style=\"height: 17px;\">\n<p align=\"center\">102 cm<\/p>\n<\/td>\n<td style=\"height: 17px;\">\n<p align=\"center\">108 cm<\/p>\n<\/td>\n<td style=\"height: 17px;\">\n<p align=\"center\">113 cm<\/p>\n<\/td>\n<\/tr>\n<tr>\n<td style=\"height: 17px;\">\n<p align=\"center\">Taillenumfang<\/p>\n<\/td>\n<td style=\"height: 17px;\">\n<p align=\"center\">72 cm<\/p>\n<\/td>\n<td style=\"height: 17px;\">\n<p align=\"center\">78 cm<\/p>\n<\/td>\n<td style=\"height: 17px;\">\n<p align=\"center\">84 cm<\/p>\n<\/td>\n<td style=\"height: 17px;\">\n<p align=\"center\">90 cm<\/p>\n<\/td>\n<td style=\"height: 17px;\">\n<p align=\"center\">96 cm<\/p>\n<\/td>\n<td style=\"height: 17px;\">\n<p align=\"center\">102 cm<\/p>\n<\/td>\n<\/tr>\n<tr>\n<td style=\"height: 17px;\">\n<p align=\"center\">H\u00fcftumfang<\/p>\n<\/td>\n<td style=\"height: 17px;\">\n<p align=\"center\">88-93 cm<\/p>\n<\/td>\n<td style=\"height: 17px;\">\n<p align=\"center\">94-99 cm<\/p>\n<\/td>\n<td style=\"height: 17px;\">\n<p align=\"center\">100-105 cm<\/p>\n<\/td>\n<td style=\"height: 17px;\">\n<p align=\"center\">106-111 cm<\/p>\n<\/td>\n<td style=\"height: 17px;\">\n<p align=\"center\">112-118 cm<\/p>\n<\/td>\n<td style=\"height: 17px;\">\n<p align=\"center\">118-123 cm<\/p>\n<\/td>\n<\/tr>\n<tr>\n<td style=\"height: 17px;\">\n<p align=\"center\">Kleid l\u00e4nge<\/p>\n<\/td>\n<td style=\"height: 17px;\">\n<p align=\"center\">80 cm<\/p>\n<\/td>\n<td style=\"height: 17px;\">\n<p align=\"center\">83 cm<\/p>\n<\/td>\n<td style=\"height: 17px;\">\n<p align=\"center\">86 cm<\/p>\n<\/td>\n<td style=\"height: 17px;\">\n<p align=\"center\">89 cm<\/p>\n<\/td>\n<td style=\"height: 17px;\">\n<p align=\"center\">92 cm<\/p>\n<\/td>\n<td style=\"height: 17px;\">\n<p align=\"center\">95 cm<\/p>\n<\/td>\n<\/tr>\n<\/tbody>\n<\/table>\n<\/div>\n<\/div>\n<\/div>\n<\/div>","protected":false},"excerpt":{"rendered":"<p>Lackina : das sind exclusive Modelle in hochwertiger Ausf\u00fchrung aus eigener Werkstatt. Unsere Produkte sind Lack Bekleidung vieler Art die wir gegen Aufpreis auch nach Ma\u00df oder nach Ihren Farbw\u00fcnschen liefern k\u00f6nnen. Sollten Sie andere W\u00fcnsche haben ( Produkte , Farben , Gr\u00f6\u00dfen usw. ) sprechen Sie uns bitte an unter &#8220; lackina-info@gmx.de kurzes Kleidchen&#8230;<\/p>","protected":false},"featured_media":759,"comment_status":"open","ping_status":"closed","template":"","meta":{"_eb_attr":"","_kad_post_transparent":"","_kad_post_title":"","_kad_post_layout":"","_kad_post_sidebar_id":"","_kad_post_content_style":"","_kad_post_vertical_padding":"","_kad_post_feature":"","_kad_post_feature_position":"","_kad_post_header":false,"_kad_post_footer":false,"_kad_post_classname":""},"product_brand":[],"product_cat":[123],"product_tag":[],"class_list":{"0":"post-1619","1":"product","2":"type-product","3":"status-publish","4":"has-post-thumbnail","6":"product_cat-kleider","8":"first","9":"instock","10":"shipping-taxable","11":"purchasable","12":"product-type-variable","13":"has-default-attributes","14":"entry","15":"content-bg","16":"loop-entry"},"_links":{"self":[{"href":"https:\/\/lackina.b2c1688.com\/en\/wp-json\/wp\/v2\/product\/1619","targetHints":{"allow":["GET"]}}],"collection":[{"href":"https:\/\/lackina.b2c1688.com\/en\/wp-json\/wp\/v2\/product"}],"about":[{"href":"https:\/\/lackina.b2c1688.com\/en\/wp-json\/wp\/v2\/types\/product"}],"replies":[{"embeddable":true,"href":"https:\/\/lackina.b2c1688.com\/en\/wp-json\/wp\/v2\/comments?post=1619"}],"wp:featuredmedia":[{"embeddable":true,"href":"https:\/\/lackina.b2c1688.com\/en\/wp-json\/wp\/v2\/media\/759"}],"wp:attachment":[{"href":"https:\/\/lackina.b2c1688.com\/en\/wp-json\/wp\/v2\/media?parent=1619"}],"wp:term":[{"taxonomy":"product_brand","embeddable":true,"href":"https:\/\/lackina.b2c1688.com\/en\/wp-json\/wp\/v2\/product_brand?post=1619"},{"taxonomy":"product_cat","embeddable":true,"href":"https:\/\/lackina.b2c1688.com\/en\/wp-json\/wp\/v2\/product_cat?post=1619"},{"taxonomy":"product_tag","embeddable":true,"href":"https:\/\/lackina.b2c1688.com\/en\/wp-json\/wp\/v2\/product_tag?post=1619"}],"curies":[{"name":"wp","href":"https:\/\/api.w.org\/{rel}","templated":true}]}}