{"id":1533,"date":"2026-01-25T12:05:21","date_gmt":"2026-01-25T12:05:21","guid":{"rendered":"https:\/\/lackina.b2c1688.com\/?post_type=product&#038;p=1533"},"modified":"2026-01-25T12:05:23","modified_gmt":"2026-01-25T12:05:23","slug":"lackina-trendiger-mantel-gelb","status":"publish","type":"product","link":"https:\/\/lackina.b2c1688.com\/en\/product\/lackina-trendiger-mantel-gelb\/","title":{"rendered":"Lackina &#8211; trendiger Mantel &#8211; gelb"},"content":{"rendered":"<div class=\"module-item module-item-1 tab-pane active\" id=\"blocks-6974895b35811-tab-1\">\n<div class=\"block-body expand-block\">\n<div class=\"block-wrapper\">\n<div class=\"block-contentblock-description\">\n<p>trendider Mantel , mit G\u00fcrtel , aufgesetzten Taschen,Satin Futter<\/p>\n<table border=\"1\" cellspacing=\"0\" cols=\"7\" frame=\"below\" rules=\"groups\">\n<tbody>\n<tr>\n<td align=\"center\" height=\"17\" width=\"106\"><strong>Ma\u00dftabelle f\u00fcr Frauen<\/strong><\/td>\n<td align=\"center\" width=\"86\">\u00a0<\/td>\n<td align=\"center\" width=\"86\">\u00a0<\/td>\n<td align=\"center\" width=\"86\">\u00a0<\/td>\n<td align=\"center\" width=\"86\">\u00a0<\/td>\n<td align=\"center\" width=\"86\">\u00a0<\/td>\n<td align=\"left\" width=\"86\">\u00a0<\/td>\n<\/tr>\n<tr>\n<td align=\"center\" bgcolor=\"#dc2300\" height=\"17\">\u00a0<\/td>\n<td align=\"center\" bgcolor=\"#dc2300\"><strong>Gr. S<\/strong><\/td>\n<td align=\"center\" bgcolor=\"#dc2300\"><strong>Gr. M<\/strong><\/td>\n<td align=\"center\" bgcolor=\"#dc2300\"><strong>Gr. L<\/strong><\/td>\n<td align=\"center\" bgcolor=\"#dc2300\"><strong>Gr. XL<\/strong><\/td>\n<td align=\"center\" bgcolor=\"#dc2300\"><strong>Gr. XXL<\/strong><\/td>\n<td align=\"center\" bgcolor=\"#dc2300\"><strong>Gr. XXXL\u00a0\u00a0<\/strong><\/td>\n<\/tr>\n<tr>\n<td align=\"center\" height=\"17\">Schulterbreite<\/td>\n<td align=\"center\">39 cm<\/td>\n<td align=\"center\">40,5 cm<\/td>\n<td align=\"center\">42 cm<\/td>\n<td align=\"center\">43,5 cm<\/td>\n<td align=\"center\">44,5 cm<\/td>\n<td align=\"center\">45,5 cm<\/td>\n<\/tr>\n<tr>\n<td align=\"center\" height=\"17\">Brustumfang<\/td>\n<td align=\"center\">84-89 cm<\/td>\n<td align=\"center\">90-95 cm<\/td>\n<td align=\"center\">96-101 cm<\/td>\n<td align=\"center\">102-107 cm<\/td>\n<td align=\"center\">108-113 cm<\/td>\n<td align=\"center\">113-118 cm<\/td>\n<\/tr>\n<tr>\n<td align=\"center\" height=\"17\">Taillenumfang<\/td>\n<td align=\"center\">63-68 cm<\/td>\n<td align=\"center\">69-74 cm<\/td>\n<td align=\"center\">75-80 cm<\/td>\n<td align=\"center\">81-86 cm<\/td>\n<td align=\"center\">87-92 cm<\/td>\n<td align=\"center\">93-98 cm<\/td>\n<\/tr>\n<tr>\n<td align=\"center\" height=\"17\">H\u00fcftumfang<\/td>\n<td align=\"center\">88-93 cm<\/td>\n<td align=\"center\">94-99 cm<\/td>\n<td align=\"center\">100-105 cm<\/td>\n<td align=\"center\">106-111 cm<\/td>\n<td align=\"center\">112-118 cm<\/td>\n<td align=\"center\">118-123 cm<\/td>\n<\/tr>\n<tr>\n<td align=\"center\" height=\"17\">MantelArml\u00e4nge<\/td>\n<td align=\"center\">59\u00a0cm<\/td>\n<td align=\"center\">60\u00a0cm<\/td>\n<td align=\"center\">61\u00a0cm<\/td>\n<td align=\"center\">62 cm<\/td>\n<td align=\"center\">63\u00a0cm<\/td>\n<td align=\"center\">64\u00a0cm<\/td>\n<\/tr>\n<tr>\n<td align=\"center\" height=\"17\">Mantell\u00e4nge<\/td>\n<td align=\"center\">97 cm<\/td>\n<td align=\"center\">99 cm<\/td>\n<td align=\"center\">101cm<\/td>\n<td align=\"center\">103cm<\/td>\n<td align=\"center\">105 cm<\/td>\n<td align=\"center\">107 cm<\/td>\n<\/tr>\n<\/tbody>\n<\/table>\n<\/div>\n<\/div>\n<\/div>\n<\/div>","protected":false},"excerpt":{"rendered":"<p>trendider Mantel , mit G\u00fcrtel , aufgesetzten Taschen,Satin Futter Ma\u00dftabelle f\u00fcr Frauen \u00a0 \u00a0 \u00a0 \u00a0 \u00a0 \u00a0 \u00a0 Gr. S Gr. M Gr. L Gr. XL Gr. XXL Gr. XXXL\u00a0\u00a0 Schulterbreite 39 cm 40,5 cm 42 cm 43,5 cm 44,5 cm 45,5 cm Brustumfang 84-89 cm 90-95 cm 96-101 cm 102-107 cm 108-113 cm&#8230;<\/p>","protected":false},"featured_media":682,"comment_status":"open","ping_status":"closed","template":"","meta":{"_eb_attr":"","_kad_post_transparent":"","_kad_post_title":"","_kad_post_layout":"","_kad_post_sidebar_id":"","_kad_post_content_style":"","_kad_post_vertical_padding":"","_kad_post_feature":"","_kad_post_feature_position":"","_kad_post_header":false,"_kad_post_footer":false,"_kad_post_classname":""},"product_brand":[],"product_cat":[113],"product_tag":[],"class_list":{"0":"post-1533","1":"product","2":"type-product","3":"status-publish","4":"has-post-thumbnail","6":"product_cat-maentel","8":"first","9":"instock","10":"shipping-taxable","11":"purchasable","12":"product-type-variable","13":"has-default-attributes","14":"entry","15":"content-bg","16":"loop-entry"},"_links":{"self":[{"href":"https:\/\/lackina.b2c1688.com\/en\/wp-json\/wp\/v2\/product\/1533","targetHints":{"allow":["GET"]}}],"collection":[{"href":"https:\/\/lackina.b2c1688.com\/en\/wp-json\/wp\/v2\/product"}],"about":[{"href":"https:\/\/lackina.b2c1688.com\/en\/wp-json\/wp\/v2\/types\/product"}],"replies":[{"embeddable":true,"href":"https:\/\/lackina.b2c1688.com\/en\/wp-json\/wp\/v2\/comments?post=1533"}],"wp:featuredmedia":[{"embeddable":true,"href":"https:\/\/lackina.b2c1688.com\/en\/wp-json\/wp\/v2\/media\/682"}],"wp:attachment":[{"href":"https:\/\/lackina.b2c1688.com\/en\/wp-json\/wp\/v2\/media?parent=1533"}],"wp:term":[{"taxonomy":"product_brand","embeddable":true,"href":"https:\/\/lackina.b2c1688.com\/en\/wp-json\/wp\/v2\/product_brand?post=1533"},{"taxonomy":"product_cat","embeddable":true,"href":"https:\/\/lackina.b2c1688.com\/en\/wp-json\/wp\/v2\/product_cat?post=1533"},{"taxonomy":"product_tag","embeddable":true,"href":"https:\/\/lackina.b2c1688.com\/en\/wp-json\/wp\/v2\/product_tag?post=1533"}],"curies":[{"name":"wp","href":"https:\/\/api.w.org\/{rel}","templated":true}]}}