{"id":1532,"date":"2026-01-25T12:05:21","date_gmt":"2026-01-25T12:05:21","guid":{"rendered":"https:\/\/lackina.b2c1688.com\/?post_type=product&#038;p=1532"},"modified":"2026-01-25T12:05:23","modified_gmt":"2026-01-25T12:05:23","slug":"lack-mantel-mit-hohem-kragen-gr-s-4xl","status":"publish","type":"product","link":"https:\/\/lackina.b2c1688.com\/en\/product\/lack-mantel-mit-hohem-kragen-gr-s-4xl\/","title":{"rendered":"Lack Mantel mit hohem Kragen Gr S-4XL"},"content":{"rendered":"<div class=\"module-item module-item-1 tab-pane active\" id=\"blocks-6974895b35811-tab-1\">\n<div class=\"block-body expand-block\">\n<div class=\"block-wrapper\">\n<div class=\"block-contentblock-description\">\n<p>genial geschnittener Mantel mit hochem Kragen<\/p>\n<p>seidig gl\u00e4nzendes Innenfutter modisch aktuell geschnittener Kragen durch Taillennaht und L\u00e4ngsn\u00e4hte sch\u00f6n tailliert ,<\/p>\n<p>hoher Kragen<\/p>\n<p>Der Mantel ist in schwarz ( wie auf dem Bild zu sehen) ist sofort lieferbar ,<\/p>\n<p>Sie k\u00f6nnen von Gr S-3XL w\u00e4hlen.<\/p>\n<table border=\"1\" cellpadding=\"0\" cellspacing=\"0\">\n<tbody>\n<tr>\n<td style=\"width: 106px; height: 17px;\">\n<p align=\"center\"><strong>Ma\u00dftabelle <\/strong><\/p>\n<\/td>\n<td style=\"width: 86px; height: 17px;\">\u00a0<\/td>\n<td style=\"width: 86px; height: 17px;\">\u00a0<\/td>\n<td style=\"width: 86px; height: 17px;\">\u00a0<\/td>\n<td style=\"width: 86px; height: 17px;\">\u00a0<\/td>\n<td style=\"width: 86px; height: 17px;\">\u00a0<\/td>\n<td style=\"width: 86px; height: 17px;\">\u00a0<\/td>\n<\/tr>\n<tr>\n<td style=\"height: 17px;\">\u00a0<\/td>\n<td style=\"height: 17px;\">\n<p align=\"center\"><strong>Gr. S<\/strong><\/p>\n<\/td>\n<td style=\"height: 17px;\">\n<p align=\"center\"><strong>Gr. M<\/strong><\/p>\n<\/td>\n<td style=\"height: 17px;\">\n<p align=\"center\"><strong>Gr. L<\/strong><\/p>\n<\/td>\n<td style=\"height: 17px;\">\n<p align=\"center\"><strong>Gr. XL<\/strong><\/p>\n<\/td>\n<td style=\"height: 17px;\">\n<p align=\"center\"><strong>Gr. XXL<\/strong><\/p>\n<\/td>\n<td style=\"height: 17px;\">\n<p align=\"center\"><strong>Gr. XXXL<\/strong><\/p>\n<\/td>\n<\/tr>\n<tr>\n<td style=\"height: 17px;\">\n<p align=\"center\">Schulterbreite<\/p>\n<\/td>\n<td style=\"height: 17px;\">\n<p align=\"center\">41 cm<\/p>\n<\/td>\n<td style=\"height: 17px;\">\n<p align=\"center\">42 cm<\/p>\n<\/td>\n<td style=\"height: 17px;\">\n<p align=\"center\">43 cm<\/p>\n<\/td>\n<td style=\"height: 17px;\">\n<p align=\"center\">44 cm<\/p>\n<\/td>\n<td style=\"height: 17px;\">\n<p align=\"center\">45 cm<\/p>\n<\/td>\n<td style=\"height: 17px;\">\n<p align=\"center\">46 cm<\/p>\n<\/td>\n<\/tr>\n<tr>\n<td style=\"height: 17px;\">\n<p align=\"center\">Brustumfang<\/p>\n<\/td>\n<td style=\"height: 17px;\">\n<p align=\"center\">92 cm<\/p>\n<\/td>\n<td style=\"height: 17px;\">\n<p align=\"center\">98 cm<\/p>\n<\/td>\n<td style=\"height: 17px;\">\n<p align=\"center\">106 cm<\/p>\n<\/td>\n<td style=\"height: 17px;\">\n<p align=\"center\">112 cm<\/p>\n<\/td>\n<td style=\"height: 17px;\">\n<p align=\"center\">118 cm<\/p>\n<\/td>\n<td style=\"height: 17px;\">\n<p align=\"center\">124 cm<\/p>\n<\/td>\n<\/tr>\n<tr>\n<td style=\"height: 17px;\">\n<p align=\"center\">Taillenumfang<\/p>\n<\/td>\n<td style=\"height: 17px;\">\n<p align=\"center\">80 cm<\/p>\n<\/td>\n<td style=\"height: 17px;\">\n<p align=\"center\">86 cm<\/p>\n<\/td>\n<td style=\"height: 17px;\">\n<p align=\"center\">92 cm<\/p>\n<\/td>\n<td style=\"height: 17px;\">\n<p align=\"center\">98 cm<\/p>\n<\/td>\n<td style=\"height: 17px;\">\n<p align=\"center\">104 cm<\/p>\n<\/td>\n<td style=\"height: 17px;\">\n<p align=\"center\">110 cm<\/p>\n<\/td>\n<\/tr>\n<tr>\n<td style=\"height: 17px;\">\n<p align=\"center\">H\u00fcftumfang<\/p>\n<\/td>\n<td style=\"height: 17px;\">\n<p align=\"center\">98 cm<\/p>\n<\/td>\n<td style=\"height: 17px;\">\n<p align=\"center\">104 cm<\/p>\n<\/td>\n<td style=\"height: 17px;\">\n<p align=\"center\">110 cm<\/p>\n<\/td>\n<td style=\"height: 17px;\">\n<p align=\"center\">116 cm<\/p>\n<\/td>\n<td style=\"height: 17px;\">\n<p align=\"center\">124 cm<\/p>\n<\/td>\n<td style=\"height: 17px;\">\n<p align=\"center\">130 cm<\/p>\n<\/td>\n<\/tr>\n<tr>\n<td style=\"height: 17px;\">\n<p align=\"center\">Arml\u00e4nge<\/p>\n<\/td>\n<td style=\"height: 17px;\">\n<p align=\"center\">58 cm<\/p>\n<\/td>\n<td style=\"height: 17px;\">\n<p align=\"center\">59 cm<\/p>\n<\/td>\n<td style=\"height: 17px;\">\n<p align=\"center\">60 cm<\/p>\n<\/td>\n<td style=\"height: 17px;\">\n<p align=\"center\">61 cm<\/p>\n<\/td>\n<td style=\"height: 17px;\">\n<p align=\"center\">62 cm<\/p>\n<\/td>\n<td style=\"height: 17px;\">\n<p align=\"center\">63 cm<\/p>\n<\/td>\n<\/tr>\n<tr>\n<td style=\"height: 17px;\">\n<p align=\"center\">Unter Saum Umfang<\/p>\n<\/td>\n<td style=\"height: 17px;\">\n<p align=\"center\">148 cm<\/p>\n<\/td>\n<td style=\"height: 17px;\">\n<p align=\"center\">154 cm<\/p>\n<\/td>\n<td style=\"height: 17px;\">\n<p align=\"center\">160 cm<\/p>\n<\/td>\n<td style=\"height: 17px;\">\n<p align=\"center\">166 cm<\/p>\n<\/td>\n<td style=\"height: 17px;\">\n<p align=\"center\">172 cm<\/p>\n<\/td>\n<td style=\"height: 17px;\">\n<p align=\"center\">180 cm<\/p>\n<\/td>\n<\/tr>\n<tr>\n<td style=\"height: 17px;\">\n<p align=\"center\">Mantell\u00e4nge<\/p>\n<\/td>\n<td style=\"height: 17px;\">\n<p align=\"center\">121 cm<\/p>\n<\/td>\n<td style=\"height: 17px;\">\n<p align=\"center\">123 cm<\/p>\n<\/td>\n<td style=\"height: 17px;\">\n<p align=\"center\">125 cm<\/p>\n<\/td>\n<td style=\"height: 17px;\">\n<p align=\"center\">127 cm<\/p>\n<\/td>\n<td style=\"height: 17px;\">\n<p align=\"center\">129 cm<\/p>\n<\/td>\n<td style=\"height: 17px;\">\n<p align=\"center\">131 cm<\/p>\n<\/td>\n<\/tr>\n<\/tbody>\n<\/table>\n<p>\u00a0<\/p>\n<\/div>\n<\/div>\n<\/div>\n<\/div>","protected":false},"excerpt":{"rendered":"<p>genial geschnittener Mantel mit hochem Kragen seidig gl\u00e4nzendes Innenfutter modisch aktuell geschnittener Kragen durch Taillennaht und L\u00e4ngsn\u00e4hte sch\u00f6n tailliert , hoher Kragen Der Mantel ist in schwarz ( wie auf dem Bild zu sehen) ist sofort lieferbar , Sie k\u00f6nnen von Gr S-3XL w\u00e4hlen. Ma\u00dftabelle \u00a0 \u00a0 \u00a0 \u00a0 \u00a0 \u00a0 \u00a0 Gr. S Gr&#8230;.<\/p>","protected":false},"featured_media":656,"comment_status":"open","ping_status":"closed","template":"","meta":{"_eb_attr":"","_kad_post_transparent":"","_kad_post_title":"","_kad_post_layout":"","_kad_post_sidebar_id":"","_kad_post_content_style":"","_kad_post_vertical_padding":"","_kad_post_feature":"","_kad_post_feature_position":"","_kad_post_header":false,"_kad_post_footer":false,"_kad_post_classname":""},"product_brand":[],"product_cat":[113],"product_tag":[],"class_list":{"0":"post-1532","1":"product","2":"type-product","3":"status-publish","4":"has-post-thumbnail","6":"product_cat-maentel","8":"first","9":"instock","10":"shipping-taxable","11":"purchasable","12":"product-type-variable","13":"has-default-attributes","14":"entry","15":"content-bg","16":"loop-entry"},"_links":{"self":[{"href":"https:\/\/lackina.b2c1688.com\/en\/wp-json\/wp\/v2\/product\/1532","targetHints":{"allow":["GET"]}}],"collection":[{"href":"https:\/\/lackina.b2c1688.com\/en\/wp-json\/wp\/v2\/product"}],"about":[{"href":"https:\/\/lackina.b2c1688.com\/en\/wp-json\/wp\/v2\/types\/product"}],"replies":[{"embeddable":true,"href":"https:\/\/lackina.b2c1688.com\/en\/wp-json\/wp\/v2\/comments?post=1532"}],"wp:featuredmedia":[{"embeddable":true,"href":"https:\/\/lackina.b2c1688.com\/en\/wp-json\/wp\/v2\/media\/656"}],"wp:attachment":[{"href":"https:\/\/lackina.b2c1688.com\/en\/wp-json\/wp\/v2\/media?parent=1532"}],"wp:term":[{"taxonomy":"product_brand","embeddable":true,"href":"https:\/\/lackina.b2c1688.com\/en\/wp-json\/wp\/v2\/product_brand?post=1532"},{"taxonomy":"product_cat","embeddable":true,"href":"https:\/\/lackina.b2c1688.com\/en\/wp-json\/wp\/v2\/product_cat?post=1532"},{"taxonomy":"product_tag","embeddable":true,"href":"https:\/\/lackina.b2c1688.com\/en\/wp-json\/wp\/v2\/product_tag?post=1532"}],"curies":[{"name":"wp","href":"https:\/\/api.w.org\/{rel}","templated":true}]}}