{"id":1506,"date":"2026-01-25T12:05:17","date_gmt":"2026-01-25T12:05:17","guid":{"rendered":"https:\/\/lackina.b2c1688.com\/?post_type=product&#038;p=1506"},"modified":"2026-01-25T12:05:26","modified_gmt":"2026-01-25T12:05:26","slug":"lackina-lack-kapuzen-mantel-gr-s-6xlrot","status":"publish","type":"product","link":"https:\/\/lackina.b2c1688.com\/en\/product\/lackina-lack-kapuzen-mantel-gr-s-6xlrot\/","title":{"rendered":"Lackina-Lack Kapuzen Mantel Gr.S-6XL,rot"},"content":{"rendered":"<div class=\"module-item module-item-1 tab-pane active\" id=\"blocks-6974895b35811-tab-1\">\n<div class=\"block-body expand-block\">\n<div class=\"block-wrapper\">\n<div class=\"block-contentblock-description\">\n<p align=\"center\"><span rwr=\"1\">Lackina : das sind exclusive Modelle in hochwertiger Ausf\u00fchrung aus eigener Werkstatt.Unsere Produkte sind Lack Bekleidung vieler Art die wir gegen Aufpreis auch nach Ma\u00df oder nach Ihren Farbw\u00fcnschen liefern k\u00f6nnen.Sollten Sie andere W\u00fcnsche haben ( Produkte , Farben , Gr\u00f6\u00dfen usw. ) sprechen Sie uns bitte an unter &#8220; info@lackina.de &#8220; .<\/p>\n<p>\u00a0Sie erwerben hier einen genial geschnittenen Kapuzen Mantel mit schlanker Silhouette<\/p>\n<p>mit G\u00fcrtel und abnehmbare Kapuze<\/p>\n<p>seidig gl\u00e4nzendes Innenfutter<\/p>\n<p>senkrecht geschnittene Einschubtaschen mit Blenden<br \/>modisch aktuell geschnittener Kragen<\/p>\n<p>durch Taillennaht und L\u00e4ngsn\u00e4hte sch\u00f6n tailliert\u00a0<\/p>\n<p>Dieser Mantel wird bestimmt das Highlight bei jedem Verkleidungs Treffen ( Cosplay , Anime &#8211; Conventions, Fasching, Karneval , Kost\u00fcm \u2013 Party , Fetish, )<\/p>\n<p>Lack Materialzusammensetzung : 55 % PVC , 25 % PU , 20 % Polyester<\/p>\n<p>Lack Material 0,5mm dick <\/span><\/p>\n<p align=\"center\">\u00a0<\/p>\n<table border=\"1\" cellpadding=\"0\" cellspacing=\"0\">\n<tbody>\n<tr>\n<td style=\"width: 113px; height: 17px;\">\n<p align=\"center\"><span rwr=\"1\"><strong>Ma\u00dftabelle <\/strong><\/span><\/p>\n<p align=\"center\"><span rwr=\"1\"><strong>Des Mantels<\/strong><\/span><\/p>\n<\/td>\n<td style=\"width: 72px; height: 17px;\">\u00a0<\/td>\n<td style=\"width: 72px; height: 17px;\">\u00a0<\/td>\n<td style=\"width: 72px; height: 17px;\">\u00a0<\/td>\n<td style=\"width: 71px; height: 17px;\">\u00a0<\/td>\n<td style=\"width: 72px; height: 17px;\">\u00a0<\/td>\n<td style=\"width: 74px; height: 17px;\">\u00a0<\/td>\n<td style=\"width: 62px; height: 17px;\">\n<p>\u00a0<\/p>\n<\/td>\n<\/tr>\n<tr>\n<td style=\"width: 113px; height: 17px;\">\u00a0<\/td>\n<td style=\"width: 72px; height: 17px;\">\n<p align=\"center\"><span rwr=\"1\"><strong>Gr. S<\/strong><\/span><\/p>\n<\/td>\n<td style=\"width: 72px; height: 17px;\">\n<p align=\"center\"><span rwr=\"1\"><strong>Gr. M<\/strong><\/span><\/p>\n<\/td>\n<td style=\"width: 72px; height: 17px;\">\n<p align=\"center\"><span rwr=\"1\"><strong>Gr. L<\/strong><\/span><\/p>\n<\/td>\n<td style=\"width: 71px; height: 17px;\">\n<p align=\"center\"><span rwr=\"1\"><strong>Gr. XL<\/strong><\/span><\/p>\n<\/td>\n<td style=\"width: 72px; height: 17px;\">\n<p align=\"center\"><span rwr=\"1\"><strong>Gr. 2XL<\/strong><\/span><\/p>\n<\/td>\n<td style=\"width: 74px; height: 17px;\">\n<p align=\"center\"><span rwr=\"1\"><strong>Gr. 3XL<\/strong><\/span><\/p>\n<\/td>\n<td style=\"width: 62px; height: 17px;\">\n<p align=\"center\"><span rwr=\"1\"><strong>Gr. 4XL<\/strong><\/span><\/p>\n<\/td>\n<\/tr>\n<tr>\n<td style=\"width: 113px; height: 17px;\">\n<p align=\"center\"><span rwr=\"1\">Schulterbreite<\/span><\/p>\n<\/td>\n<td style=\"width: 72px; height: 17px;\">\n<p align=\"center\"><span rwr=\"1\">39 cm<\/span><\/p>\n<\/td>\n<td style=\"width: 72px; height: 17px;\">\n<p align=\"center\"><span rwr=\"1\">40,5 cm<\/span><\/p>\n<\/td>\n<td style=\"width: 72px; height: 17px;\">\n<p align=\"center\"><span rwr=\"1\">42 cm<\/span><\/p>\n<\/td>\n<td style=\"width: 71px; height: 17px;\">\n<p align=\"center\"><span rwr=\"1\">43,5 cm<\/span><\/p>\n<\/td>\n<td style=\"width: 72px; height: 17px;\">\n<p align=\"center\"><span rwr=\"1\">44,5 cm<\/span><\/p>\n<\/td>\n<td style=\"width: 74px; height: 17px;\">\n<p align=\"center\"><span rwr=\"1\">45,5 cm<\/span><\/p>\n<\/td>\n<td style=\"width: 62px; height: 17px;\">\n<p align=\"center\"><span rwr=\"1\">46,5 cm<\/span><\/p>\n<\/td>\n<\/tr>\n<tr>\n<td style=\"width: 113px; height: 17px;\">\n<p align=\"center\"><span rwr=\"1\">Brustumfang<\/span><\/p>\n<\/td>\n<td style=\"width: 72px; height: 17px;\">\n<p align=\"center\"><span rwr=\"1\">94 cm<\/span><\/p>\n<\/td>\n<td style=\"width: 72px; height: 17px;\">\n<p align=\"center\"><span rwr=\"1\">100 cm<\/span><\/p>\n<\/td>\n<td style=\"width: 72px; height: 17px;\">\n<p align=\"center\"><span rwr=\"1\">106 cm<\/span><\/p>\n<\/td>\n<td style=\"width: 71px; height: 17px;\">\n<p align=\"center\"><span rwr=\"1\">112 cm<\/span><\/p>\n<\/td>\n<td style=\"width: 72px; height: 17px;\">\n<p align=\"center\"><span rwr=\"1\">118 cm<\/span><\/p>\n<\/td>\n<td style=\"width: 74px; height: 17px;\">\n<p align=\"center\"><span rwr=\"1\">124 cm<\/span><\/p>\n<\/td>\n<td style=\"width: 62px; height: 17px;\">\n<p align=\"center\"><span rwr=\"1\">130 cm<\/span><\/p>\n<\/td>\n<\/tr>\n<tr>\n<td style=\"width: 113px; height: 17px;\">\n<p align=\"center\"><span rwr=\"1\">Taillenumfang<\/span><\/p>\n<\/td>\n<td style=\"width: 72px; height: 17px;\">\n<p align=\"center\"><span rwr=\"1\">76 cm<\/span><\/p>\n<\/td>\n<td style=\"width: 72px; height: 17px;\">\n<p align=\"center\"><span rwr=\"1\">80 cm<\/span><\/p>\n<\/td>\n<td style=\"width: 72px; height: 17px;\">\n<p align=\"center\"><span rwr=\"1\">86 cm<\/span><\/p>\n<\/td>\n<td style=\"width: 71px; height: 17px;\">\n<p align=\"center\"><span rwr=\"1\">92 cm<\/span><\/p>\n<\/td>\n<td style=\"width: 72px; height: 17px;\">\n<p align=\"center\"><span rwr=\"1\">98 cm<\/span><\/p>\n<\/td>\n<td style=\"width: 74px; height: 17px;\">\n<p align=\"center\"><span rwr=\"1\">106 cm<\/span><\/p>\n<\/td>\n<td style=\"width: 62px; height: 17px;\">\n<p align=\"center\"><span rwr=\"1\">112 cm<\/span><\/p>\n<\/td>\n<\/tr>\n<tr>\n<td style=\"width: 113px; height: 17px;\">\n<p align=\"center\"><span rwr=\"1\">H\u00fcftumfang<\/span><\/p>\n<\/td>\n<td style=\"width: 72px; height: 17px;\">\n<p align=\"center\"><span rwr=\"1\">96 cm<\/span><\/p>\n<\/td>\n<td style=\"width: 72px; height: 17px;\">\n<p align=\"center\"><span rwr=\"1\">102 cm<\/span><\/p>\n<\/td>\n<td style=\"width: 72px; height: 17px;\">\n<p align=\"center\"><span rwr=\"1\">108 cm<\/span><\/p>\n<\/td>\n<td style=\"width: 71px; height: 17px;\">\n<p align=\"center\"><span rwr=\"1\">114 cm<\/span><\/p>\n<\/td>\n<td style=\"width: 72px; height: 17px;\">\n<p align=\"center\"><span rwr=\"1\">120 cm<\/span><\/p>\n<\/td>\n<td style=\"width: 74px; height: 17px;\">\n<p align=\"center\"><span rwr=\"1\">126 cm<\/span><\/p>\n<\/td>\n<td style=\"width: 62px; height: 17px;\">\n<p align=\"center\"><span rwr=\"1\">132 cm<\/span><\/p>\n<\/td>\n<\/tr>\n<tr>\n<td style=\"width: 113px; height: 17px;\">\n<p align=\"center\"><span rwr=\"1\">MantelArml\u00e4nge<\/span><\/p>\n<\/td>\n<td style=\"width: 72px; height: 17px;\">\n<p align=\"center\"><span rwr=\"1\">56,5\u00a0cm<\/span><\/p>\n<\/td>\n<td style=\"width: 72px; height: 17px;\">\n<p align=\"center\"><span rwr=\"1\">58\u00a0cm<\/span><\/p>\n<\/td>\n<td style=\"width: 72px; height: 17px;\">\n<p align=\"center\"><span rwr=\"1\">59,5\u00a0cm <\/span><\/p>\n<\/td>\n<td style=\"width: 71px; height: 17px;\">\n<p align=\"center\"><span rwr=\"1\">61 cm<\/span><\/p>\n<\/td>\n<td style=\"width: 72px; height: 17px;\">\n<p align=\"center\"><span rwr=\"1\">62,5\u00a0cm<\/span><\/p>\n<\/td>\n<td style=\"width: 74px; height: 17px;\">\n<p align=\"center\"><span rwr=\"1\">64\u00a0cm<\/span><\/p>\n<\/td>\n<td style=\"width: 62px; height: 17px;\">\n<p align=\"center\"><span rwr=\"1\">64\u00a0cm<\/span><\/p>\n<\/td>\n<\/tr>\n<tr>\n<td style=\"width: 113px; height: 17px;\">\n<p align=\"center\"><span rwr=\"1\">Mantell\u00e4nge<\/span><\/p>\n<\/td>\n<td style=\"width: 72px; height: 17px;\">\n<p align=\"center\"><span rwr=\"1\">123\u00a0cm<\/span><\/p>\n<\/td>\n<td style=\"width: 72px; height: 17px;\">\n<p align=\"center\"><span rwr=\"1\">125\u00a0cm<\/span><\/p>\n<\/td>\n<td style=\"width: 72px; height: 17px;\">\n<p align=\"center\"><span rwr=\"1\">127 cm<\/span><\/p>\n<\/td>\n<td style=\"width: 71px; height: 17px;\">\n<p align=\"center\"><span rwr=\"1\">129 cm<\/span><\/p>\n<\/td>\n<td style=\"width: 72px; height: 17px;\">\n<p align=\"center\"><span rwr=\"1\">131\u00a0cm<\/span><\/p>\n<\/td>\n<td style=\"width: 74px; height: 17px;\">\n<p align=\"center\"><span rwr=\"1\">133\u00a0cm<\/span><\/p>\n<\/td>\n<td style=\"width: 62px; height: 17px;\">\n<p align=\"center\"><span rwr=\"1\">135\u00a0cm<\/span><\/p>\n<\/td>\n<\/tr>\n<\/tbody>\n<\/table>\n<p align=\"center\">\u00a0<\/p>\n<\/div>\n<\/div>\n<\/div>\n<\/div>","protected":false},"excerpt":{"rendered":"<p>Lackina : das sind exclusive Modelle in hochwertiger Ausf\u00fchrung aus eigener Werkstatt.Unsere Produkte sind Lack Bekleidung vieler Art die wir gegen Aufpreis auch nach Ma\u00df oder nach Ihren Farbw\u00fcnschen liefern k\u00f6nnen.Sollten Sie andere W\u00fcnsche haben ( Produkte , Farben , Gr\u00f6\u00dfen usw. ) sprechen Sie uns bitte an unter &#8220; info@lackina.de &#8220; . \u00a0Sie erwerben&#8230;<\/p>","protected":false},"featured_media":664,"comment_status":"open","ping_status":"closed","template":"","meta":{"_eb_attr":"","_kad_post_transparent":"","_kad_post_title":"","_kad_post_layout":"","_kad_post_sidebar_id":"","_kad_post_content_style":"","_kad_post_vertical_padding":"","_kad_post_feature":"","_kad_post_feature_position":"","_kad_post_header":false,"_kad_post_footer":false,"_kad_post_classname":""},"product_brand":[],"product_cat":[113],"product_tag":[],"class_list":{"0":"post-1506","1":"product","2":"type-product","3":"status-publish","4":"has-post-thumbnail","6":"product_cat-maentel","8":"first","9":"instock","10":"shipping-taxable","11":"purchasable","12":"product-type-variable","13":"has-default-attributes","14":"entry","15":"content-bg","16":"loop-entry"},"_links":{"self":[{"href":"https:\/\/lackina.b2c1688.com\/en\/wp-json\/wp\/v2\/product\/1506","targetHints":{"allow":["GET"]}}],"collection":[{"href":"https:\/\/lackina.b2c1688.com\/en\/wp-json\/wp\/v2\/product"}],"about":[{"href":"https:\/\/lackina.b2c1688.com\/en\/wp-json\/wp\/v2\/types\/product"}],"replies":[{"embeddable":true,"href":"https:\/\/lackina.b2c1688.com\/en\/wp-json\/wp\/v2\/comments?post=1506"}],"wp:featuredmedia":[{"embeddable":true,"href":"https:\/\/lackina.b2c1688.com\/en\/wp-json\/wp\/v2\/media\/664"}],"wp:attachment":[{"href":"https:\/\/lackina.b2c1688.com\/en\/wp-json\/wp\/v2\/media?parent=1506"}],"wp:term":[{"taxonomy":"product_brand","embeddable":true,"href":"https:\/\/lackina.b2c1688.com\/en\/wp-json\/wp\/v2\/product_brand?post=1506"},{"taxonomy":"product_cat","embeddable":true,"href":"https:\/\/lackina.b2c1688.com\/en\/wp-json\/wp\/v2\/product_cat?post=1506"},{"taxonomy":"product_tag","embeddable":true,"href":"https:\/\/lackina.b2c1688.com\/en\/wp-json\/wp\/v2\/product_tag?post=1506"}],"curies":[{"name":"wp","href":"https:\/\/api.w.org\/{rel}","templated":true}]}}