{"id":1448,"date":"2026-01-25T12:05:05","date_gmt":"2026-01-25T12:05:05","guid":{"rendered":"https:\/\/lackina.b2c1688.com\/?post_type=product&#038;p=1448"},"modified":"2026-01-25T12:05:08","modified_gmt":"2026-01-25T12:05:08","slug":"neckholder-lack-top-weiss-gr-s-3xl","status":"publish","type":"product","link":"https:\/\/lackina.b2c1688.com\/en\/product\/neckholder-lack-top-weiss-gr-s-3xl\/","title":{"rendered":"Neckholder Lack Top , weiss, Gr S-3XL"},"content":{"rendered":"<div class=\"module-item module-item-1 tab-pane active\" id=\"blocks-6974895b35811-tab-1\">\n<div class=\"block-body expand-block\">\n<div class=\"block-wrapper\">\n<div class=\"block-contentblock-description\">\n<p>sexy Neckholder Lack-Top vorn durchgehender geteilter Rei\u00dfverschlu\u00df<\/p>\n<p>der ein bequemes Anziehen erm\u00f6glicht<\/p>\n<p>der untere Abschlu\u00df ist durch einen G\u00fcrtel variabel Lieferbar von Gr S-3XL<\/p>\n<p>Materialzusammensetzung : 55 % PVC , 25 % PU , 20 % Polyester<\/p>\n<table border=\"1\" cellpadding=\"0\" cellspacing=\"0\">\n<tbody>\n<tr>\n<td style=\"height: 17px;\">\u00a0<\/td>\n<td style=\"height: 17px;\">\n<p align=\"center\"><strong>Gr. S<\/strong><\/p>\n<\/td>\n<td style=\"height: 17px;\">\n<p align=\"center\"><strong>Gr. M<\/strong><\/p>\n<\/td>\n<td style=\"height: 17px;\">\n<p align=\"center\"><strong>Gr. L<\/strong><\/p>\n<\/td>\n<td style=\"height: 17px;\">\n<p align=\"center\"><strong>Gr. XL<\/strong><\/p>\n<\/td>\n<td style=\"height: 17px;\">\n<p align=\"center\"><strong>Gr. XXL<\/strong><\/p>\n<\/td>\n<td style=\"height: 17px;\">\n<p align=\"center\"><strong>Gr. XXXL<\/strong><\/p>\n<\/td>\n<\/tr>\n<tr>\n<td style=\"height: 17px;\">\n<p align=\"center\">breast<\/p>\n<\/td>\n<td style=\"height: 17px;\">\n<p align=\"center\">84-89 cm<\/p>\n<\/td>\n<td style=\"height: 17px;\">\n<p align=\"center\">90-95 cm<\/p>\n<\/td>\n<td style=\"height: 17px;\">\n<p align=\"center\">96-101 cm<\/p>\n<\/td>\n<td style=\"height: 17px;\">\n<p align=\"center\">102-107 cm<\/p>\n<\/td>\n<td style=\"height: 17px;\">\n<p align=\"center\">108-113 cm<\/p>\n<\/td>\n<td style=\"height: 17px;\">\n<p align=\"center\">113-118 cm<\/p>\n<\/td>\n<\/tr>\n<tr>\n<td style=\"height: 18px;\">\n<p align=\"center\">waist<\/p>\n<\/td>\n<td style=\"height: 18px;\">\n<p align=\"center\">63-68 cm<\/p>\n<\/td>\n<td style=\"height: 18px;\">\n<p align=\"center\">69-74 cm<\/p>\n<\/td>\n<td style=\"height: 18px;\">\n<p align=\"center\">75-80 cm<\/p>\n<\/td>\n<td style=\"height: 18px;\">\n<p align=\"center\">81-86 cm<\/p>\n<\/td>\n<td style=\"height: 18px;\">\n<p align=\"center\">87-92 cm<\/p>\n<\/td>\n<td style=\"height: 18px;\">\n<p align=\"center\">93-98 cm<\/p>\n<\/td>\n<\/tr>\n<tr>\n<td style=\"height: 17px;\">\n<p align=\"center\">hip<\/p>\n<\/td>\n<td style=\"height: 17px;\">\n<p align=\"center\">88-93 cm<\/p>\n<\/td>\n<td style=\"height: 17px;\">\n<p align=\"center\">94-99 cm<\/p>\n<\/td>\n<td style=\"height: 17px;\">\n<p align=\"center\">100-105 cm<\/p>\n<\/td>\n<td style=\"height: 17px;\">\n<p align=\"center\">106-111 cm<\/p>\n<\/td>\n<td style=\"height: 17px;\">\n<p align=\"center\">112-118 cm<\/p>\n<\/td>\n<td style=\"height: 17px;\">\n<p align=\"center\">118-123 cm<\/p>\n<\/td>\n<\/tr>\n<\/tbody>\n<\/table>\n<\/div>\n<\/div>\n<\/div>\n<\/div>","protected":false},"excerpt":{"rendered":"<p>sexy Neckholder Lack-Top vorn durchgehender geteilter Rei\u00dfverschlu\u00df der ein bequemes Anziehen erm\u00f6glicht der untere Abschlu\u00df ist durch einen G\u00fcrtel variabel Lieferbar von Gr S-3XL Materialzusammensetzung : 55 % PVC , 25 % PU , 20 % Polyester \u00a0 Gr. S Gr. M Gr. L Gr. XL Gr. XXL Gr. XXXL breast 84-89 cm 90-95 cm&#8230;<\/p>","protected":false},"featured_media":621,"comment_status":"open","ping_status":"closed","template":"","meta":{"_eb_attr":"","_kad_post_transparent":"","_kad_post_title":"","_kad_post_layout":"","_kad_post_sidebar_id":"","_kad_post_content_style":"","_kad_post_vertical_padding":"","_kad_post_feature":"","_kad_post_feature_position":"","_kad_post_header":false,"_kad_post_footer":false,"_kad_post_classname":""},"product_brand":[],"product_cat":[112],"product_tag":[],"class_list":{"0":"post-1448","1":"product","2":"type-product","3":"status-publish","4":"has-post-thumbnail","6":"product_cat-oberteile-tops","8":"first","9":"instock","10":"shipping-taxable","11":"purchasable","12":"product-type-variable","13":"entry","14":"content-bg","15":"loop-entry"},"_links":{"self":[{"href":"https:\/\/lackina.b2c1688.com\/en\/wp-json\/wp\/v2\/product\/1448","targetHints":{"allow":["GET"]}}],"collection":[{"href":"https:\/\/lackina.b2c1688.com\/en\/wp-json\/wp\/v2\/product"}],"about":[{"href":"https:\/\/lackina.b2c1688.com\/en\/wp-json\/wp\/v2\/types\/product"}],"replies":[{"embeddable":true,"href":"https:\/\/lackina.b2c1688.com\/en\/wp-json\/wp\/v2\/comments?post=1448"}],"wp:featuredmedia":[{"embeddable":true,"href":"https:\/\/lackina.b2c1688.com\/en\/wp-json\/wp\/v2\/media\/621"}],"wp:attachment":[{"href":"https:\/\/lackina.b2c1688.com\/en\/wp-json\/wp\/v2\/media?parent=1448"}],"wp:term":[{"taxonomy":"product_brand","embeddable":true,"href":"https:\/\/lackina.b2c1688.com\/en\/wp-json\/wp\/v2\/product_brand?post=1448"},{"taxonomy":"product_cat","embeddable":true,"href":"https:\/\/lackina.b2c1688.com\/en\/wp-json\/wp\/v2\/product_cat?post=1448"},{"taxonomy":"product_tag","embeddable":true,"href":"https:\/\/lackina.b2c1688.com\/en\/wp-json\/wp\/v2\/product_tag?post=1448"}],"curies":[{"name":"wp","href":"https:\/\/api.w.org\/{rel}","templated":true}]}}