{"id":1441,"date":"2026-01-25T12:05:04","date_gmt":"2026-01-25T12:05:04","guid":{"rendered":"https:\/\/lackina.b2c1688.com\/?post_type=product&#038;p=1441"},"modified":"2026-01-25T12:05:08","modified_gmt":"2026-01-25T12:05:08","slug":"knielanger-lack-rock-mit-reissverschluss-schwarz","status":"publish","type":"product","link":"https:\/\/lackina.b2c1688.com\/en\/product\/knielanger-lack-rock-mit-reissverschluss-schwarz\/","title":{"rendered":"Knielanger Lack Rock mit Rei\u00dfverschlu\u00df, schwarz"},"content":{"rendered":"<div class=\"module-item module-item-1 tab-pane active\" id=\"blocks-6974895b35811-tab-1\">\n<div class=\"block-body expand-block\">\n<div class=\"block-wrapper\">\n<div class=\"block-contentblock-description\">\n<p>knielanger Lack Rock (nur Rock ohne Top) Herstellung in eigener Werkstatt. Unsere Produkte sind Lack Bekleidung vieler Art die wir gegen Aufpreis auch nach Ma\u00df oder nach Ihren Farbw\u00fcnschen liefern k\u00f6nnen. Sollten Sie andere W\u00fcnsche haben ( Produkte , Farben , Gr\u00f6\u00dfen usw. ) sprechen Sie uns bitte an unter &#8220; info@lackina.de &#8220; . Farbeauswahl: schwarz, rot Gr\u00f6\u00dfe : S,M,L,XL,2XL,3XL, 4XL Materialzusammensetzung : 55 % PVC , 25 % PU , 20 % Polyester<\/p>\n<\/div>\n<\/div>\n<\/div>\n<\/div>","protected":false},"excerpt":{"rendered":"<p>knielanger Lack Rock (nur Rock ohne Top) Herstellung in eigener Werkstatt. Unsere Produkte sind Lack Bekleidung vieler Art die wir gegen Aufpreis auch nach Ma\u00df oder nach Ihren Farbw\u00fcnschen liefern k\u00f6nnen. Sollten Sie andere W\u00fcnsche haben ( Produkte , Farben , Gr\u00f6\u00dfen usw. ) sprechen Sie uns bitte an unter &#8220; info@lackina.de &#8220; . Farbeauswahl:&#8230;<\/p>","protected":false},"featured_media":548,"comment_status":"open","ping_status":"closed","template":"","meta":{"_eb_attr":"","_kad_post_transparent":"","_kad_post_title":"","_kad_post_layout":"","_kad_post_sidebar_id":"","_kad_post_content_style":"","_kad_post_vertical_padding":"","_kad_post_feature":"","_kad_post_feature_position":"","_kad_post_header":false,"_kad_post_footer":false,"_kad_post_classname":""},"product_brand":[],"product_cat":[110],"product_tag":[],"class_list":{"0":"post-1441","1":"product","2":"type-product","3":"status-publish","4":"has-post-thumbnail","6":"product_cat-roecke","8":"first","9":"instock","10":"shipping-taxable","11":"purchasable","12":"product-type-variable","13":"has-default-attributes","14":"entry","15":"content-bg","16":"loop-entry"},"_links":{"self":[{"href":"https:\/\/lackina.b2c1688.com\/en\/wp-json\/wp\/v2\/product\/1441","targetHints":{"allow":["GET"]}}],"collection":[{"href":"https:\/\/lackina.b2c1688.com\/en\/wp-json\/wp\/v2\/product"}],"about":[{"href":"https:\/\/lackina.b2c1688.com\/en\/wp-json\/wp\/v2\/types\/product"}],"replies":[{"embeddable":true,"href":"https:\/\/lackina.b2c1688.com\/en\/wp-json\/wp\/v2\/comments?post=1441"}],"wp:featuredmedia":[{"embeddable":true,"href":"https:\/\/lackina.b2c1688.com\/en\/wp-json\/wp\/v2\/media\/548"}],"wp:attachment":[{"href":"https:\/\/lackina.b2c1688.com\/en\/wp-json\/wp\/v2\/media?parent=1441"}],"wp:term":[{"taxonomy":"product_brand","embeddable":true,"href":"https:\/\/lackina.b2c1688.com\/en\/wp-json\/wp\/v2\/product_brand?post=1441"},{"taxonomy":"product_cat","embeddable":true,"href":"https:\/\/lackina.b2c1688.com\/en\/wp-json\/wp\/v2\/product_cat?post=1441"},{"taxonomy":"product_tag","embeddable":true,"href":"https:\/\/lackina.b2c1688.com\/en\/wp-json\/wp\/v2\/product_tag?post=1441"}],"curies":[{"name":"wp","href":"https:\/\/api.w.org\/{rel}","templated":true}]}}