{"id":1413,"date":"2026-01-25T12:05:00","date_gmt":"2026-01-25T12:05:00","guid":{"rendered":"https:\/\/lackina.b2c1688.com\/?post_type=product&#038;p=1413"},"modified":"2026-01-25T12:05:02","modified_gmt":"2026-01-25T12:05:02","slug":"lack-bleistiftrock-schwarz-gr-s-6xl","status":"publish","type":"product","link":"https:\/\/lackina.b2c1688.com\/en\/product\/lack-bleistiftrock-schwarz-gr-s-6xl\/","title":{"rendered":"Lack Bleistiftrock schwarz , Gr. S &#8212; 6XL"},"content":{"rendered":"<div class=\"module-item module-item-1 tab-pane active\" id=\"blocks-6974895b35811-tab-1\">\n<div class=\"block-body expand-block\">\n<div class=\"block-wrapper\">\n<div class=\"block-contentblock-description\">\n<p style='margin-top:0cm;margin-right:0cm;margin-bottom:8.0pt;margin-left:0cm;line-height:normal;font-size:15px;font-family:\"Calibri\",sans-serif;'><strong><span style='font-size:18px;font-family:\"Times New Roman\",serif;color:black;'>Lackina : das sind exclusive Modelle in hochwertiger Ausf\u00fchrung aus eigener Werkstatt.<\/span><\/strong><\/p>\n<p style='margin-top:0cm;margin-right:0cm;margin-bottom:8.0pt;margin-left:0cm;line-height:normal;font-size:15px;font-family:\"Calibri\",sans-serif;'><strong><span style='font-size:18px;font-family:\"Times New Roman\",serif;color:black;'>Unsere Produkte sind Lack Bekleidung vieler Art die wir gegen Aufpreis auch nach Ma\u00df oder nach Ihren Farbw\u00fcnschen liefern k\u00f6nnen.<\/span><\/strong><\/p>\n<p style='margin-top:0cm;margin-right:0cm;margin-bottom:8.0pt;margin-left:0cm;line-height:normal;font-size:15px;font-family:\"Calibri\",sans-serif;'><strong><span style='font-size:18px;font-family:\"Times New Roman\",serif;color:black;'>Sollten Sie andere W\u00fcnsche haben ( Produkte , Farben , Gr\u00f6\u00dfen usw. ) sprechen Sie uns bitte an<\/span><\/strong><\/p>\n<p style='margin-top:0cm;margin-right:0cm;margin-bottom:8.0pt;margin-left:0cm;line-height:normal;font-size:15px;font-family:\"Calibri\",sans-serif;'><strong><span style='font-size:18px;font-family:\"Times New Roman\",serif;color:black;'>Bleistiftlrock<\/span><\/strong><\/p>\n<p style='margin-top:0cm;margin-right:0cm;margin-bottom:8.0pt;margin-left:0cm;line-height:normal;font-size:15px;font-family:\"Calibri\",sans-serif;'><strong><span style='font-size:18px;font-family:\"Times New Roman\",serif;color:black;'>aus schwarzen Lack-Material, Seiten kurz Rei\u00dfverschluss<\/span><\/strong><\/p>\n<p style='margin-top:0cm;margin-right:0cm;margin-bottom:8.0pt;margin-left:0cm;line-height:normal;font-size:15px;font-family:\"Calibri\",sans-serif;'><strong><span style='font-size:18px;font-family:\"Times New Roman\",serif;color:black;'>Lieferbar in Gr.S &#8211; 6XL\u00a0<\/span><\/strong><\/p>\n<p style='margin-top:0cm;margin-right:0cm;margin-bottom:8.0pt;margin-left:0cm;line-height:normal;font-size:15px;font-family:\"Calibri\",sans-serif;'><strong><span style='font-size:18px;font-family:\"Times New Roman\",serif;color:black;'>Materialzusammensetzung : 55 % PVC , 25 % PU , 20 % Polyester<\/span><\/strong><\/p>\n<table style=\"float: left;border: none;border-collapse:collapse;margin-left:4.8pt;margin-right:4.8pt;\">\n<tbody>\n<tr>\n<td style=\"width: 73.55pt;border: 1pt solid windowtext;padding: 0cm 5.4pt;vertical-align: top;\">\n<p style='margin-top:0cm;margin-right:0cm;margin-bottom:0cm;margin-left:0cm;line-height:normal;font-size:15px;font-family:\"Calibri\",sans-serif;'><strong><span style='font-size:13px;font-family:\"Times New Roman\",serif;color:red;'>L099<\/span><\/strong><\/p>\n<\/td>\n<td style=\"width: 42.4pt;border-top: 1pt solid windowtext;border-right: 1pt solid windowtext;border-bottom: 1pt solid windowtext;border-image: initial;border-left: none;padding: 0cm 5.4pt;vertical-align: top;\">\n<p style='margin-top:0cm;margin-right:0cm;margin-bottom:0cm;margin-left:0cm;line-height:normal;font-size:15px;font-family:\"Calibri\",sans-serif;'><strong><span style='font-size:13px;font-family:\"Times New Roman\",serif;color:red;'>Gr. S<\/span><\/strong><\/p>\n<\/td>\n<td style=\"width: 42.45pt;border-top: 1pt solid windowtext;border-right: 1pt solid windowtext;border-bottom: 1pt solid windowtext;border-image: initial;border-left: none;padding: 0cm 5.4pt;vertical-align: top;\">\n<p style='margin-top:0cm;margin-right:0cm;margin-bottom:0cm;margin-left:0cm;line-height:normal;font-size:15px;font-family:\"Calibri\",sans-serif;'><strong><span style='font-size:13px;font-family:\"Times New Roman\",serif;color:red;'>Gr. M<\/span><\/strong><\/p>\n<\/td>\n<td style=\"width: 42.45pt;border-top: 1pt solid windowtext;border-right: 1pt solid windowtext;border-bottom: 1pt solid windowtext;border-image: initial;border-left: none;padding: 0cm 5.4pt;vertical-align: top;\">\n<p style='margin-top:0cm;margin-right:0cm;margin-bottom:0cm;margin-left:0cm;line-height:normal;font-size:15px;font-family:\"Calibri\",sans-serif;'><strong><span style='font-size:13px;font-family:\"Times New Roman\",serif;color:red;'>Gr. L<\/span><\/strong><\/p>\n<\/td>\n<td style=\"width: 41.9pt;border-top: 1pt solid windowtext;border-right: 1pt solid windowtext;border-bottom: 1pt solid windowtext;border-image: initial;border-left: none;padding: 0cm 5.4pt;vertical-align: top;\">\n<p style='margin-top:0cm;margin-right:0cm;margin-bottom:0cm;margin-left:0cm;line-height:normal;font-size:15px;font-family:\"Calibri\",sans-serif;'><strong><span style='font-size:13px;font-family:\"Times New Roman\",serif;color:red;'>XL<\/span><\/strong><\/p>\n<\/td>\n<td style=\"width: 41.95pt;border-top: 1pt solid windowtext;border-right: 1pt solid windowtext;border-bottom: 1pt solid windowtext;border-image: initial;border-left: none;padding: 0cm 5.4pt;vertical-align: top;\">\n<p style='margin-top:0cm;margin-right:0cm;margin-bottom:0cm;margin-left:0cm;line-height:normal;font-size:15px;font-family:\"Calibri\",sans-serif;'><strong><span style='font-size:13px;font-family:\"Times New Roman\",serif;color:red;'>2XL<\/span><\/strong><\/p>\n<\/td>\n<td style=\"width: 41.95pt;border-top: 1pt solid windowtext;border-right: 1pt solid windowtext;border-bottom: 1pt solid windowtext;border-image: initial;border-left: none;padding: 0cm 5.4pt;vertical-align: top;\">\n<p style='margin-top:0cm;margin-right:0cm;margin-bottom:0cm;margin-left:0cm;line-height:normal;font-size:15px;font-family:\"Calibri\",sans-serif;'><strong><span style='font-size:13px;font-family:\"Times New Roman\",serif;color:red;'>3XL<\/span><\/strong><\/p>\n<\/td>\n<td style=\"width: 41.95pt;border-top: 1pt solid windowtext;border-right: 1pt solid windowtext;border-bottom: 1pt solid windowtext;border-image: initial;border-left: none;padding: 0cm 5.4pt;vertical-align: top;\">\n<p style='margin-top:0cm;margin-right:0cm;margin-bottom:0cm;margin-left:0cm;line-height:normal;font-size:15px;font-family:\"Calibri\",sans-serif;'><strong><span style='font-size:13px;font-family:\"Times New Roman\",serif;color:red;'>4XL<\/span><\/strong><\/p>\n<\/td>\n<td style=\"width: 42pt;border-top: 1pt solid windowtext;border-right: 1pt solid windowtext;border-bottom: 1pt solid windowtext;border-image: initial;border-left: none;padding: 0cm 5.4pt;vertical-align: top;\">\n<p style='margin-top:0cm;margin-right:0cm;margin-bottom:0cm;margin-left:0cm;line-height:normal;font-size:15px;font-family:\"Calibri\",sans-serif;'><strong><span style='font-size:13px;font-family:\"Times New Roman\",serif;color:red;'>5XL<\/span><\/strong><\/p>\n<\/td>\n<td style=\"width: 42pt;border-top: 1pt solid windowtext;border-right: 1pt solid windowtext;border-bottom: 1pt solid windowtext;border-image: initial;border-left: none;padding: 0cm 5.4pt;vertical-align: top;\">\n<p style='margin-top:0cm;margin-right:0cm;margin-bottom:0cm;margin-left:0cm;line-height:normal;font-size:15px;font-family:\"Calibri\",sans-serif;'><strong><span style='font-size:13px;font-family:\"Times New Roman\",serif;color:red;'>6XL<\/span><\/strong><\/p>\n<\/td>\n<\/tr>\n<tr>\n<td style=\"width:73.55pt;border:solid windowtext 1.0pt;border-top:none;padding:0cm 5.4pt 0cm 5.4pt;\">\n<p style='margin-top:0cm;margin-right:0cm;margin-bottom:0cm;margin-left:0cm;line-height:normal;font-size:15px;font-family:\"Calibri\",sans-serif;'><span style='font-size:16px;font-family:\"Times New Roman\",serif;'>Bundumfang<\/span><\/p>\n<\/td>\n<td style=\"width: 42.4pt;border-top: none;border-left: none;border-bottom: 1pt solid windowtext;border-right: 1pt solid windowtext;padding: 0cm 5.4pt;vertical-align: top;\">\n<p style='margin-top:0cm;margin-right:0cm;margin-bottom:0cm;margin-left:0cm;line-height:normal;font-size:15px;font-family:\"Calibri\",sans-serif;'><span style='font-size:16px;font-family:\"Times New Roman\",serif;'>66 cm<\/span><\/p>\n<\/td>\n<td style=\"width: 42.45pt;border-top: none;border-left: none;border-bottom: 1pt solid windowtext;border-right: 1pt solid windowtext;padding: 0cm 5.4pt;vertical-align: top;\">\n<p style='margin-top:0cm;margin-right:0cm;margin-bottom:0cm;margin-left:0cm;line-height:normal;font-size:15px;font-family:\"Calibri\",sans-serif;'><span style='font-size:16px;font-family:\"Times New Roman\",serif;'>72cm<\/span><\/p>\n<\/td>\n<td style=\"width: 42.45pt;border-top: none;border-left: none;border-bottom: 1pt solid windowtext;border-right: 1pt solid windowtext;padding: 0cm 5.4pt;vertical-align: top;\">\n<p style='margin-top:0cm;margin-right:0cm;margin-bottom:0cm;margin-left:0cm;line-height:normal;font-size:15px;font-family:\"Calibri\",sans-serif;'><span style='font-size:16px;font-family:\"Times New Roman\",serif;'>78cm<\/span><\/p>\n<\/td>\n<td style=\"width: 41.9pt;border-top: none;border-left: none;border-bottom: 1pt solid windowtext;border-right: 1pt solid windowtext;padding: 0cm 5.4pt;vertical-align: top;\">\n<p style='margin-top:0cm;margin-right:0cm;margin-bottom:0cm;margin-left:0cm;line-height:normal;font-size:15px;font-family:\"Calibri\",sans-serif;'><span style='font-size:16px;font-family:\"Times New Roman\",serif;'>84 cm<\/span><\/p>\n<\/td>\n<td style=\"width: 41.95pt;border-top: none;border-left: none;border-bottom: 1pt solid windowtext;border-right: 1pt solid windowtext;padding: 0cm 5.4pt;vertical-align: top;\">\n<p style='margin-top:0cm;margin-right:0cm;margin-bottom:0cm;margin-left:0cm;line-height:normal;font-size:15px;font-family:\"Calibri\",sans-serif;'><span style='font-size:16px;font-family:\"Times New Roman\",serif;'>90 cm<\/span><\/p>\n<\/td>\n<td style=\"width: 41.95pt;border-top: none;border-left: none;border-bottom: 1pt solid windowtext;border-right: 1pt solid windowtext;padding: 0cm 5.4pt;vertical-align: top;\">\n<p style='margin-top:0cm;margin-right:0cm;margin-bottom:0cm;margin-left:0cm;line-height:normal;font-size:15px;font-family:\"Calibri\",sans-serif;'><span style='font-size:16px;font-family:\"Times New Roman\",serif;'>96 cm<\/span><\/p>\n<\/td>\n<td style=\"width: 41.95pt;border-top: none;border-left: none;border-bottom: 1pt solid windowtext;border-right: 1pt solid windowtext;padding: 0cm 5.4pt;vertical-align: top;\">\n<p style='margin-top:0cm;margin-right:0cm;margin-bottom:0cm;margin-left:0cm;line-height:normal;font-size:15px;font-family:\"Calibri\",sans-serif;'><span style='font-size:16px;font-family:\"Times New Roman\",serif;'>102<\/span><\/p>\n<\/td>\n<td style=\"width: 42pt;border-top: none;border-left: none;border-bottom: 1pt solid windowtext;border-right: 1pt solid windowtext;padding: 0cm 5.4pt;vertical-align: top;\">\n<p style='margin-top:0cm;margin-right:0cm;margin-bottom:0cm;margin-left:0cm;line-height:normal;font-size:15px;font-family:\"Calibri\",sans-serif;'><span style='font-size:16px;font-family:\"Times New Roman\",serif;'>108<\/span><\/p>\n<\/td>\n<td style=\"width: 42pt;border-top: none;border-left: none;border-bottom: 1pt solid windowtext;border-right: 1pt solid windowtext;padding: 0cm 5.4pt;vertical-align: top;\">\n<p style='margin-top:0cm;margin-right:0cm;margin-bottom:0cm;margin-left:0cm;line-height:normal;font-size:15px;font-family:\"Calibri\",sans-serif;'><span style='font-size:16px;font-family:\"Times New Roman\",serif;'>114<\/span><\/p>\n<\/td>\n<\/tr>\n<tr>\n<td style=\"width:73.55pt;border:solid windowtext 1.0pt;border-top:none;padding:0cm 5.4pt 0cm 5.4pt;\">\n<p style='margin-top:0cm;margin-right:0cm;margin-bottom:0cm;margin-left:0cm;line-height:normal;font-size:15px;font-family:\"Calibri\",sans-serif;'><span style='font-size:16px;font-family:\"Times New Roman\",serif;'>H\u00fcftumfang<\/span><\/p>\n<\/td>\n<td style=\"width: 42.4pt;border-top: none;border-left: none;border-bottom: 1pt solid windowtext;border-right: 1pt solid windowtext;padding: 0cm 5.4pt;vertical-align: top;\">\n<p style='margin-top:0cm;margin-right:0cm;margin-bottom:0cm;margin-left:0cm;line-height:normal;font-size:15px;font-family:\"Calibri\",sans-serif;'><span style='font-size:16px;font-family:\"Times New Roman\",serif;'>90<\/span><\/p>\n<\/td>\n<td style=\"width: 42.45pt;border-top: none;border-left: none;border-bottom: 1pt solid windowtext;border-right: 1pt solid windowtext;padding: 0cm 5.4pt;vertical-align: top;\">\n<p style='margin-top:0cm;margin-right:0cm;margin-bottom:0cm;margin-left:0cm;line-height:normal;font-size:15px;font-family:\"Calibri\",sans-serif;'><span style='font-size:16px;font-family:\"Times New Roman\",serif;'>96<\/span><\/p>\n<\/td>\n<td style=\"width: 42.45pt;border-top: none;border-left: none;border-bottom: 1pt solid windowtext;border-right: 1pt solid windowtext;padding: 0cm 5.4pt;vertical-align: top;\">\n<p style='margin-top:0cm;margin-right:0cm;margin-bottom:0cm;margin-left:0cm;line-height:normal;font-size:15px;font-family:\"Calibri\",sans-serif;'><span style='font-size:16px;font-family:\"Times New Roman\",serif;'>102<\/span><\/p>\n<\/td>\n<td style=\"width: 41.9pt;border-top: none;border-left: none;border-bottom: 1pt solid windowtext;border-right: 1pt solid windowtext;padding: 0cm 5.4pt;vertical-align: top;\">\n<p style='margin-top:0cm;margin-right:0cm;margin-bottom:0cm;margin-left:0cm;line-height:normal;font-size:15px;font-family:\"Calibri\",sans-serif;'><span style='font-size:16px;font-family:\"Times New Roman\",serif;'>108<\/span><\/p>\n<\/td>\n<td style=\"width: 41.95pt;border-top: none;border-left: none;border-bottom: 1pt solid windowtext;border-right: 1pt solid windowtext;padding: 0cm 5.4pt;vertical-align: top;\">\n<p style='margin-top:0cm;margin-right:0cm;margin-bottom:0cm;margin-left:0cm;line-height:normal;font-size:15px;font-family:\"Calibri\",sans-serif;'><span style='font-size:16px;font-family:\"Times New Roman\",serif;'>114<\/span><\/p>\n<\/td>\n<td style=\"width: 41.95pt;border-top: none;border-left: none;border-bottom: 1pt solid windowtext;border-right: 1pt solid windowtext;padding: 0cm 5.4pt;vertical-align: top;\">\n<p style='margin-top:0cm;margin-right:0cm;margin-bottom:0cm;margin-left:0cm;line-height:normal;font-size:15px;font-family:\"Calibri\",sans-serif;'><span style='font-size:16px;font-family:\"Times New Roman\",serif;'>120<\/span><\/p>\n<\/td>\n<td style=\"width: 41.95pt;border-top: none;border-left: none;border-bottom: 1pt solid windowtext;border-right: 1pt solid windowtext;padding: 0cm 5.4pt;vertical-align: top;\">\n<p style='margin-top:0cm;margin-right:0cm;margin-bottom:0cm;margin-left:0cm;line-height:normal;font-size:15px;font-family:\"Calibri\",sans-serif;'><span style='font-size:16px;font-family:\"Times New Roman\",serif;'>126<\/span><\/p>\n<\/td>\n<td style=\"width: 42pt;border-top: none;border-left: none;border-bottom: 1pt solid windowtext;border-right: 1pt solid windowtext;padding: 0cm 5.4pt;vertical-align: top;\">\n<p style='margin-top:0cm;margin-right:0cm;margin-bottom:0cm;margin-left:0cm;line-height:normal;font-size:15px;font-family:\"Calibri\",sans-serif;'><span style='font-size:16px;font-family:\"Times New Roman\",serif;'>134<\/span><\/p>\n<\/td>\n<td style=\"width: 42pt;border-top: none;border-left: none;border-bottom: 1pt solid windowtext;border-right: 1pt solid windowtext;padding: 0cm 5.4pt;vertical-align: top;\">\n<p style='margin-top:0cm;margin-right:0cm;margin-bottom:0cm;margin-left:0cm;line-height:normal;font-size:15px;font-family:\"Calibri\",sans-serif;'><span style='font-size:16px;font-family:\"Times New Roman\",serif;'>140<\/span><\/p>\n<\/td>\n<\/tr>\n<tr>\n<td style=\"width:73.55pt;border:solid windowtext 1.0pt;border-top:none;padding:0cm 5.4pt 0cm 5.4pt;\">\n<p style='margin-top:0cm;margin-right:0cm;margin-bottom:0cm;margin-left:0cm;line-height:normal;font-size:15px;font-family:\"Calibri\",sans-serif;'><span style='font-size:16px;font-family:\"Times New Roman\",serif;'>Rockl\u00e4nge<\/span><\/p>\n<\/td>\n<td style=\"width: 42.4pt;border-top: none;border-left: none;border-bottom: 1pt solid windowtext;border-right: 1pt solid windowtext;padding: 0cm 5.4pt;vertical-align: top;\">\n<p style='margin-top:0cm;margin-right:0cm;margin-bottom:0cm;margin-left:0cm;line-height:normal;font-size:15px;font-family:\"Calibri\",sans-serif;'><span style='font-size:16px;font-family:\"Times New Roman\",serif;'>56cm<\/span><\/p>\n<\/td>\n<td style=\"width: 42.45pt;border-top: none;border-left: none;border-bottom: 1pt solid windowtext;border-right: 1pt solid windowtext;padding: 0cm 5.4pt;vertical-align: top;\">\n<p style='margin-top:0cm;margin-right:0cm;margin-bottom:0cm;margin-left:0cm;line-height:normal;font-size:15px;font-family:\"Calibri\",sans-serif;'><span style='font-size:16px;font-family:\"Times New Roman\",serif;'>58cm<\/span><\/p>\n<\/td>\n<td style=\"width: 42.45pt;border-top: none;border-left: none;border-bottom: 1pt solid windowtext;border-right: 1pt solid windowtext;padding: 0cm 5.4pt;vertical-align: top;\">\n<p style='margin-top:0cm;margin-right:0cm;margin-bottom:0cm;margin-left:0cm;line-height:normal;font-size:15px;font-family:\"Calibri\",sans-serif;'><span style='font-size:16px;font-family:\"Times New Roman\",serif;'>60cm<\/span><\/p>\n<\/td>\n<td style=\"width: 41.9pt;border-top: none;border-left: none;border-bottom: 1pt solid windowtext;border-right: 1pt solid windowtext;padding: 0cm 5.4pt;vertical-align: top;\">\n<p style='margin-top:0cm;margin-right:0cm;margin-bottom:0cm;margin-left:0cm;line-height:normal;font-size:15px;font-family:\"Calibri\",sans-serif;'><span style='font-size:16px;font-family:\"Times New Roman\",serif;'>62 cm<\/span><\/p>\n<\/td>\n<td style=\"width: 41.95pt;border-top: none;border-left: none;border-bottom: 1pt solid windowtext;border-right: 1pt solid windowtext;padding: 0cm 5.4pt;vertical-align: top;\">\n<p style='margin-top:0cm;margin-right:0cm;margin-bottom:0cm;margin-left:0cm;line-height:normal;font-size:15px;font-family:\"Calibri\",sans-serif;'><span style='font-size:16px;font-family:\"Times New Roman\",serif;'>64 cm<\/span><\/p>\n<\/td>\n<td style=\"width: 41.95pt;border-top: none;border-left: none;border-bottom: 1pt solid windowtext;border-right: 1pt solid windowtext;padding: 0cm 5.4pt;vertical-align: top;\">\n<p style='margin-top:0cm;margin-right:0cm;margin-bottom:0cm;margin-left:0cm;line-height:normal;font-size:15px;font-family:\"Calibri\",sans-serif;'><span style='font-size:16px;font-family:\"Times New Roman\",serif;'>66 cm<\/span><\/p>\n<\/td>\n<td style=\"width: 41.95pt;border-top: none;border-left: none;border-bottom: 1pt solid windowtext;border-right: 1pt solid windowtext;padding: 0cm 5.4pt;vertical-align: top;\">\n<p style='margin-top:0cm;margin-right:0cm;margin-bottom:0cm;margin-left:0cm;line-height:normal;font-size:15px;font-family:\"Calibri\",sans-serif;'><span style='font-size:16px;font-family:\"Times New Roman\",serif;'>68 cm<\/span><\/p>\n<\/td>\n<td style=\"width: 42pt;border-top: none;border-left: none;border-bottom: 1pt solid windowtext;border-right: 1pt solid windowtext;padding: 0cm 5.4pt;vertical-align: top;\">\n<p style='margin-top:0cm;margin-right:0cm;margin-bottom:0cm;margin-left:0cm;line-height:normal;font-size:15px;font-family:\"Calibri\",sans-serif;'><span style='font-size:16px;font-family:\"Times New Roman\",serif;'>70 cm<\/span><\/p>\n<\/td>\n<td style=\"width: 42pt;border-top: none;border-left: none;border-bottom: 1pt solid windowtext;border-right: 1pt solid windowtext;padding: 0cm 5.4pt;vertical-align: top;\">\n<p style='margin-top:0cm;margin-right:0cm;margin-bottom:0cm;margin-left:0cm;line-height:normal;font-size:15px;font-family:\"Calibri\",sans-serif;'><span style='font-size:16px;font-family:\"Times New Roman\",serif;'>72 cm<\/span><\/p>\n<\/td>\n<\/tr>\n<\/tbody>\n<\/table>\n<p style='margin-top:0cm;margin-right:0cm;margin-bottom:8.0pt;margin-left:0cm;line-height:107%;font-size:15px;font-family:\"Calibri\",sans-serif;'>\u00a0<\/p>\n<\/div>\n<\/div>\n<\/div>\n<\/div>","protected":false},"excerpt":{"rendered":"<p>Lackina : das sind exclusive Modelle in hochwertiger Ausf\u00fchrung aus eigener Werkstatt. Unsere Produkte sind Lack Bekleidung vieler Art die wir gegen Aufpreis auch nach Ma\u00df oder nach Ihren Farbw\u00fcnschen liefern k\u00f6nnen. Sollten Sie andere W\u00fcnsche haben ( Produkte , Farben , Gr\u00f6\u00dfen usw. ) sprechen Sie uns bitte an Bleistiftlrock aus schwarzen Lack-Material, Seiten&#8230;<\/p>","protected":false},"featured_media":443,"comment_status":"open","ping_status":"closed","template":"","meta":{"_eb_attr":"","_kad_post_transparent":"","_kad_post_title":"","_kad_post_layout":"","_kad_post_sidebar_id":"","_kad_post_content_style":"","_kad_post_vertical_padding":"","_kad_post_feature":"","_kad_post_feature_position":"","_kad_post_header":false,"_kad_post_footer":false,"_kad_post_classname":""},"product_brand":[],"product_cat":[110],"product_tag":[],"class_list":{"0":"post-1413","1":"product","2":"type-product","3":"status-publish","4":"has-post-thumbnail","6":"product_cat-roecke","8":"first","9":"instock","10":"shipping-taxable","11":"purchasable","12":"product-type-variable","13":"has-default-attributes","14":"entry","15":"content-bg","16":"loop-entry"},"_links":{"self":[{"href":"https:\/\/lackina.b2c1688.com\/en\/wp-json\/wp\/v2\/product\/1413","targetHints":{"allow":["GET"]}}],"collection":[{"href":"https:\/\/lackina.b2c1688.com\/en\/wp-json\/wp\/v2\/product"}],"about":[{"href":"https:\/\/lackina.b2c1688.com\/en\/wp-json\/wp\/v2\/types\/product"}],"replies":[{"embeddable":true,"href":"https:\/\/lackina.b2c1688.com\/en\/wp-json\/wp\/v2\/comments?post=1413"}],"wp:featuredmedia":[{"embeddable":true,"href":"https:\/\/lackina.b2c1688.com\/en\/wp-json\/wp\/v2\/media\/443"}],"wp:attachment":[{"href":"https:\/\/lackina.b2c1688.com\/en\/wp-json\/wp\/v2\/media?parent=1413"}],"wp:term":[{"taxonomy":"product_brand","embeddable":true,"href":"https:\/\/lackina.b2c1688.com\/en\/wp-json\/wp\/v2\/product_brand?post=1413"},{"taxonomy":"product_cat","embeddable":true,"href":"https:\/\/lackina.b2c1688.com\/en\/wp-json\/wp\/v2\/product_cat?post=1413"},{"taxonomy":"product_tag","embeddable":true,"href":"https:\/\/lackina.b2c1688.com\/en\/wp-json\/wp\/v2\/product_tag?post=1413"}],"curies":[{"name":"wp","href":"https:\/\/api.w.org\/{rel}","templated":true}]}}