{"id":1381,"date":"2026-01-25T12:04:57","date_gmt":"2026-01-25T12:04:57","guid":{"rendered":"https:\/\/lackina.b2c1688.com\/?post_type=product&#038;p=1381"},"modified":"2026-01-25T12:05:00","modified_gmt":"2026-01-25T12:05:00","slug":"lack-rock-mit-schleppe-rot-gr-s-3xl","status":"publish","type":"product","link":"https:\/\/lackina.b2c1688.com\/en\/product\/lack-rock-mit-schleppe-rot-gr-s-3xl\/","title":{"rendered":"Lack Rock mit Schleppe ,rot ,Gr S-3XL"},"content":{"rendered":"<div class=\"module-item module-item-1 tab-pane active\" id=\"blocks-6974895b35811-tab-1\">\n<div class=\"block-body expand-block\">\n<div class=\"block-wrapper\">\n<div class=\"block-contentblock-description\">\n<p>Zum Verkauf kommt ein Lack Rock mit Schleppe Vorne durchgehender Rei\u00dfverschlu\u00df.<\/p>\n<p>Herstellung in eigener Werkstatt. Lieferbar von Gr S ,M,L,XL, XXL, 3XL, Farbe: schwarz ,wei\u00df ,rot<\/p>\n<p>Materialzusammensetzung : 55 % PVC , 25 % PU , 20 % Polyester<\/p>\n<table border=\"1\" cellpadding=\"0\" cellspacing=\"0\" width=\"621\">\n<tbody>\n<tr>\n<td style=\"width: 83px; height: 18px;\">\n<p>\u00a0<\/p>\n<\/td>\n<td style=\"width: 73px; height: 18px;\">\n<p><strong>S<\/strong><\/p>\n<\/td>\n<td style=\"width: 78px; height: 18px;\">\n<p><strong>M<\/strong><\/p>\n<\/td>\n<td style=\"width: 78px; height: 18px;\">\n<p><strong>L<\/strong><\/p>\n<\/td>\n<td style=\"width: 78px; height: 18px;\">\n<p><strong>XL<\/strong><\/p>\n<\/td>\n<td style=\"width: 78px; height: 18px;\">\n<p><strong>2XL<\/strong><\/p>\n<\/td>\n<td style=\"width: 78px; height: 18px;\">\n<p><strong>3XL<\/strong><\/p>\n<\/td>\n<td style=\"width: 78px; height: 18px;\">\n<p><strong>4XL<\/strong><\/p>\n<\/td>\n<\/tr>\n<tr>\n<td style=\"width: 83px; height: 17px;\">\n<p>\u00a0<\/p>\n<\/td>\n<td style=\"width: 73px; height: 17px;\">\n<p><strong>36<\/strong><\/p>\n<\/td>\n<td style=\"width: 78px; height: 17px;\">\n<p><strong>38<\/strong><\/p>\n<\/td>\n<td style=\"width: 78px; height: 17px;\">\n<p><strong>40<\/strong><\/p>\n<\/td>\n<td style=\"width: 78px; height: 17px;\">\n<p><strong>42<\/strong><\/p>\n<\/td>\n<td style=\"width: 78px; height: 17px;\">\n<p><strong>44<\/strong><\/p>\n<\/td>\n<td style=\"width: 78px; height: 17px;\">\n<p><strong>46<\/strong><\/p>\n<\/td>\n<td style=\"width: 78px; height: 17px;\">\n<p><strong>48<\/strong><\/p>\n<\/td>\n<\/tr>\n<tr>\n<td style=\"width: 83px; height: 40px;\">\n<p><strong>Taillenumfang<\/strong><\/p>\n<\/td>\n<td style=\"width: 73px; height: 40px;\">\n<p>60-63cm<\/p>\n<\/td>\n<td style=\"width: 78px; height: 40px;\">\n<p>63-68 cm<\/p>\n<\/td>\n<td style=\"width: 78px; height: 40px;\">\n<p>69-74 cm<\/p>\n<\/td>\n<td style=\"width: 78px; height: 40px;\">\n<p>75-80 cm<\/p>\n<\/td>\n<td style=\"width: 78px; height: 40px;\">\n<p>81-86 cm<\/p>\n<\/td>\n<td style=\"width: 78px; height: 40px;\">\n<p>87-92 cm<\/p>\n<\/td>\n<td style=\"width: 78px; height: 40px;\">\n<p>93-98 cm<\/p>\n<\/td>\n<\/tr>\n<tr>\n<td style=\"width: 83px; height: 40px;\">\n<p><strong>H\u00fcftumfang<\/strong><\/p>\n<\/td>\n<td style=\"width: 73px; height: 40px;\">\n<p>85-88cm<\/p>\n<\/td>\n<td style=\"width: 78px; height: 40px;\">\n<p>88-93 cm<\/p>\n<\/td>\n<td style=\"width: 78px; height: 40px;\">\n<p>94-99 cm<\/p>\n<\/td>\n<td style=\"width: 78px; height: 40px;\">\n<p>100-105 cm<\/p>\n<\/td>\n<td style=\"width: 78px; height: 40px;\">\n<p>106-111 cm<\/p>\n<\/td>\n<td style=\"width: 78px; height: 40px;\">\n<p>112-118 cm<\/p>\n<\/td>\n<td style=\"width: 78px; height: 40px;\">\n<p>118-123 cm<\/p>\n<\/td>\n<\/tr>\n<tr>\n<td style=\"width: 83px; height: 40px;\">\n<p><strong>Rockl\u00e4nge(hinten)<\/strong><\/p>\n<\/td>\n<td style=\"width: 73px; height: 40px;\">\n<p>61cm<\/p>\n<\/td>\n<td style=\"width: 78px; height: 40px;\">\n<p>62\u00a0cm<\/p>\n<\/td>\n<td style=\"width: 78px; height: 40px;\">\n<p>63\u00a0cm<\/p>\n<\/td>\n<td style=\"width: 78px; height: 40px;\">\n<p>64\u00a0cm<\/p>\n<\/td>\n<td style=\"width: 78px; height: 40px;\">\n<p>65\u00a0cm<\/p>\n<\/td>\n<td style=\"width: 78px; height: 40px;\">\n<p>66\u00a0cm<\/p>\n<\/td>\n<td style=\"width: 78px; height: 40px;\">\n<p>67\u00a0cm<\/p>\n<\/td>\n<\/tr>\n<tr>\n<td style=\"width: 83px; height: 40px;\">\n<p><strong>Rockl\u00e4nge(vorne)<\/strong><\/p>\n<\/td>\n<td style=\"width: 73px; height: 40px;\">\n<p>40 cm<\/p>\n<\/td>\n<td style=\"width: 78px; height: 40px;\">\n<p>41 cm<\/p>\n<\/td>\n<td style=\"width: 78px; height: 40px;\">\n<p>42 cm<\/p>\n<\/td>\n<td style=\"width: 78px; height: 40px;\">\n<p>43 cm<\/p>\n<\/td>\n<td style=\"width: 78px; height: 40px;\">\n<p>44 cm<\/p>\n<\/td>\n<td style=\"width: 78px; height: 40px;\">\n<p>45 cm<\/p>\n<\/td>\n<td style=\"width: 78px; height: 40px;\">\n<p>46 cm<\/p>\n<\/td>\n<\/tr>\n<\/tbody>\n<\/table>\n<p>\u00a0<\/p>\n<p>\u00a0<\/p>\n<\/div>\n<\/div>\n<\/div>\n<\/div>","protected":false},"excerpt":{"rendered":"<p>Zum Verkauf kommt ein Lack Rock mit Schleppe Vorne durchgehender Rei\u00dfverschlu\u00df. Herstellung in eigener Werkstatt. Lieferbar von Gr S ,M,L,XL, XXL, 3XL, Farbe: schwarz ,wei\u00df ,rot Materialzusammensetzung : 55 % PVC , 25 % PU , 20 % Polyester \u00a0 S M L XL 2XL 3XL 4XL \u00a0 36 38 40 42 44 46 48&#8230;<\/p>","protected":false},"featured_media":1398,"comment_status":"open","ping_status":"closed","template":"","meta":{"_eb_attr":"","_kad_post_transparent":"","_kad_post_title":"","_kad_post_layout":"","_kad_post_sidebar_id":"","_kad_post_content_style":"","_kad_post_vertical_padding":"","_kad_post_feature":"","_kad_post_feature_position":"","_kad_post_header":false,"_kad_post_footer":false,"_kad_post_classname":""},"product_brand":[],"product_cat":[110],"product_tag":[],"class_list":{"0":"post-1381","1":"product","2":"type-product","3":"status-publish","4":"has-post-thumbnail","6":"product_cat-roecke","8":"first","9":"instock","10":"shipping-taxable","11":"purchasable","12":"product-type-variable","13":"has-default-attributes","14":"entry","15":"content-bg","16":"loop-entry"},"_links":{"self":[{"href":"https:\/\/lackina.b2c1688.com\/en\/wp-json\/wp\/v2\/product\/1381","targetHints":{"allow":["GET"]}}],"collection":[{"href":"https:\/\/lackina.b2c1688.com\/en\/wp-json\/wp\/v2\/product"}],"about":[{"href":"https:\/\/lackina.b2c1688.com\/en\/wp-json\/wp\/v2\/types\/product"}],"replies":[{"embeddable":true,"href":"https:\/\/lackina.b2c1688.com\/en\/wp-json\/wp\/v2\/comments?post=1381"}],"wp:featuredmedia":[{"embeddable":true,"href":"https:\/\/lackina.b2c1688.com\/en\/wp-json\/wp\/v2\/media\/1398"}],"wp:attachment":[{"href":"https:\/\/lackina.b2c1688.com\/en\/wp-json\/wp\/v2\/media?parent=1381"}],"wp:term":[{"taxonomy":"product_brand","embeddable":true,"href":"https:\/\/lackina.b2c1688.com\/en\/wp-json\/wp\/v2\/product_brand?post=1381"},{"taxonomy":"product_cat","embeddable":true,"href":"https:\/\/lackina.b2c1688.com\/en\/wp-json\/wp\/v2\/product_cat?post=1381"},{"taxonomy":"product_tag","embeddable":true,"href":"https:\/\/lackina.b2c1688.com\/en\/wp-json\/wp\/v2\/product_tag?post=1381"}],"curies":[{"name":"wp","href":"https:\/\/api.w.org\/{rel}","templated":true}]}}