{"id":1352,"date":"2026-01-25T12:04:53","date_gmt":"2026-01-25T12:04:53","guid":{"rendered":"https:\/\/lackina.b2c1688.com\/?post_type=product&#038;p=1352"},"modified":"2026-01-25T12:04:59","modified_gmt":"2026-01-25T12:04:59","slug":"lack-asymmetrischer-hochelastischer-mini-rock-s-6xl","status":"publish","type":"product","link":"https:\/\/lackina.b2c1688.com\/en\/product\/lack-asymmetrischer-hochelastischer-mini-rock-s-6xl\/","title":{"rendered":"Lack, asymmetrischer, hochelastischer Mini Rock ,S-6XL"},"content":{"rendered":"<div class=\"module-item module-item-1 tab-pane active\" id=\"blocks-6974895b35811-tab-1\">\n<div class=\"block-body expand-block\">\n<div class=\"block-wrapper\">\n<div class=\"block-contentblock-description\">\n<h2 style=\"font-style: italic;\"><strong>&nbsp;Hochwertiger, exquisiter, vierseitiger Stretch ,gl\u00e4nzender Lack<\/strong><\/h2>\n<p><strong>Lack, asymmetrischer, hochelastischer Mini Rock , einfach supersexy<\/strong><\/p>\n<p><strong>dieser Rock wird tief auf der H\u00fcfte getragen ,<\/strong><\/p>\n<p><strong>mit feinem hinteren Rei\u00dfverschluss.<\/strong><\/p>\n<p><strong>Lieferbar von Gr S &#8211; 6XL&nbsp; (&nbsp;beim Kauf frei zu w\u00e4hlen )<\/strong><\/p>\n<p><strong>Dehnbarkeit &nbsp;10%<\/strong><\/p>\n<p><strong>Materialzusammensetzung : 55 % PVC , 25 % PU , 20 % Polyester<\/strong><\/p>\n<table border=\"0\" cellpadding=\"0\" cellspacing=\"0\" width=\"623\">\n<tbody>\n<tr>\n<td style=\"width:62px;height:20px;\">\n<p>&nbsp;<\/p>\n<\/td>\n<td style=\"width:62px;height:20px;\">\n<p><strong>S<\/strong><\/p>\n<\/td>\n<td style=\"width:62px;height:20px;\">\n<p><strong>M<\/strong><\/p>\n<\/td>\n<td style=\"width:62px;height:20px;\">\n<p><strong>L<\/strong><\/p>\n<\/td>\n<td style=\"width:62px;height:20px;\">\n<p><strong>XL<\/strong><\/p>\n<\/td>\n<td style=\"width:62px;height:20px;\">\n<p><strong>XXL<\/strong><\/p>\n<\/td>\n<td style=\"width:62px;height:20px;\">\n<p><strong>3XL<\/strong><\/p>\n<\/td>\n<td style=\"width:62px;height:20px;\">\n<p><strong>4XL<\/strong><\/p>\n<\/td>\n<td style=\"width:62px;height:20px;\">\n<p><strong>5XL<\/strong><\/p>\n<\/td>\n<td style=\"width:62px;height:20px;\">\n<p><strong>6XL<\/strong><\/p>\n<\/td>\n<\/tr>\n<tr>\n<td style=\"width:62px;height:40px;\">\n<p><strong>Bundumfang<\/strong><\/p>\n<\/td>\n<td style=\"width:62px;height:40px;\">\n<p><strong>70-80 cm<\/strong><\/p>\n<\/td>\n<td style=\"width:62px;height:40px;\">\n<p><strong>76-86 cm<\/strong><\/p>\n<\/td>\n<td style=\"width:62px;height:40px;\">\n<p><strong>82-92cm<\/strong><\/p>\n<\/td>\n<td style=\"width:62px;height:40px;\">\n<p><strong>88-98cm<\/strong><\/p>\n<\/td>\n<td style=\"width:62px;height:40px;\">\n<p><strong>94-104cm<\/strong><\/p>\n<\/td>\n<td style=\"width:62px;height:40px;\">\n<p><strong>100-110 cm<\/strong><\/p>\n<\/td>\n<td style=\"width:62px;height:40px;\">\n<p><strong>106-116 cm<\/strong><\/p>\n<\/td>\n<td style=\"width:62px;height:40px;\">\n<p><strong>112-122 cm<\/strong><\/p>\n<\/td>\n<td style=\"width:62px;height:40px;\">\n<p><strong>118-128cm<\/strong><\/p>\n<\/td>\n<\/tr>\n<tr>\n<td style=\"width:62px;height:40px;\">\n<p><strong>H\u00fcftumfang<\/strong><\/p>\n<\/td>\n<td style=\"width:62px;height:40px;\">\n<p><strong>88-98 cm<\/strong><\/p>\n<\/td>\n<td style=\"width:62px;height:40px;\">\n<p><strong>94-104 cm<\/strong><\/p>\n<\/td>\n<td style=\"width:62px;height:40px;\">\n<p><strong>100-110cm<\/strong><\/p>\n<\/td>\n<td style=\"width:62px;height:40px;\">\n<p><strong>106-116cm<\/strong><\/p>\n<\/td>\n<td style=\"width:62px;height:40px;\">\n<p><strong>112-122 cm<\/strong><\/p>\n<\/td>\n<td style=\"width:62px;height:40px;\">\n<p><strong>118-128 cm<\/strong><\/p>\n<\/td>\n<td style=\"width:62px;height:40px;\">\n<p><strong>124 &#8211; 134 cm<\/strong><\/p>\n<\/td>\n<td style=\"width:62px;height:40px;\">\n<p><strong>130 &#8211; 140 cm<\/strong><\/p>\n<\/td>\n<td style=\"width:62px;height:40px;\">\n<p><strong>136 &#8211; 146 cm<\/strong><\/p>\n<\/td>\n<\/tr>\n<tr>\n<td style=\"width:62px;height:40px;\">\n<p><strong>(l)l\u00e4nge<\/strong><\/p>\n<\/td>\n<td style=\"width:62px;height:40px;\">\n<p><strong>44cm<\/strong><\/p>\n<\/td>\n<td style=\"width:62px;height:40px;\">\n<p><strong>45cm<\/strong><\/p>\n<\/td>\n<td style=\"width:62px;height:40px;\">\n<p><strong>46cm<\/strong><\/p>\n<\/td>\n<td style=\"width:62px;height:40px;\">\n<p><strong>47cm<\/strong><\/p>\n<\/td>\n<td style=\"width:62px;height:40px;\">\n<p><strong>48cm<\/strong><\/p>\n<\/td>\n<td style=\"width:62px;height:40px;\">\n<p><strong>49cm<\/strong><\/p>\n<\/td>\n<td style=\"width:62px;height:40px;\">\n<p><strong>50cm<\/strong><\/p>\n<\/td>\n<td style=\"width:62px;height:40px;\">\n<p><strong>51cm<\/strong><\/p>\n<\/td>\n<td style=\"width:62px;height:40px;\">\n<p><strong>52cm<\/strong><\/p>\n<\/td>\n<\/tr>\n<tr>\n<td style=\"width:62px;height:40px;\">\n<p><strong>(R)l\u00e4nge<\/strong><\/p>\n<\/td>\n<td style=\"width:62px;height:40px;\">\n<p><strong>29 cm<\/strong><\/p>\n<\/td>\n<td style=\"width:62px;height:40px;\">\n<p><strong>30 cm<\/strong><\/p>\n<\/td>\n<td style=\"width:62px;height:40px;\">\n<p><strong>31cm<\/strong><\/p>\n<\/td>\n<td style=\"width:62px;height:40px;\">\n<p><strong>32 cm<\/strong><\/p>\n<\/td>\n<td style=\"width:62px;height:40px;\">\n<p><strong>33cm<\/strong><\/p>\n<\/td>\n<td style=\"width:62px;height:40px;\">\n<p><strong>34cm<\/strong><\/p>\n<\/td>\n<td style=\"width:62px;height:40px;\">\n<p><strong>35 cm<\/strong><\/p>\n<\/td>\n<td style=\"width:62px;height:40px;\">\n<p><strong>36cm<\/strong><\/p>\n<\/td>\n<td style=\"width:62px;height:40px;\">\n<p><strong>37cm<\/strong><\/p>\n<\/td>\n<\/tr>\n<\/tbody>\n<\/table>\n<\/div>\n<\/div>\n<\/div>\n<\/div>","protected":false},"excerpt":{"rendered":"<p>&nbsp;Hochwertiger, exquisiter, vierseitiger Stretch ,gl\u00e4nzender Lack Lack, asymmetrischer, hochelastischer Mini Rock , einfach supersexy dieser Rock wird tief auf der H\u00fcfte getragen , mit feinem hinteren Rei\u00dfverschluss. Lieferbar von Gr S &#8211; 6XL&nbsp; (&nbsp;beim Kauf frei zu w\u00e4hlen ) Dehnbarkeit &nbsp;10% Materialzusammensetzung : 55 % PVC , 25 % PU , 20 % Polyester &nbsp;&#8230;<\/p>","protected":false},"featured_media":517,"comment_status":"open","ping_status":"closed","template":"","meta":{"_eb_attr":"","_kad_post_transparent":"","_kad_post_title":"","_kad_post_layout":"","_kad_post_sidebar_id":"","_kad_post_content_style":"","_kad_post_vertical_padding":"","_kad_post_feature":"","_kad_post_feature_position":"","_kad_post_header":false,"_kad_post_footer":false,"_kad_post_classname":""},"product_brand":[],"product_cat":[110],"product_tag":[],"class_list":{"0":"post-1352","1":"product","2":"type-product","3":"status-publish","4":"has-post-thumbnail","6":"product_cat-roecke","8":"first","9":"instock","10":"shipping-taxable","11":"purchasable","12":"product-type-variable","13":"has-default-attributes","14":"entry","15":"content-bg","16":"loop-entry"},"_links":{"self":[{"href":"https:\/\/lackina.b2c1688.com\/en\/wp-json\/wp\/v2\/product\/1352","targetHints":{"allow":["GET"]}}],"collection":[{"href":"https:\/\/lackina.b2c1688.com\/en\/wp-json\/wp\/v2\/product"}],"about":[{"href":"https:\/\/lackina.b2c1688.com\/en\/wp-json\/wp\/v2\/types\/product"}],"replies":[{"embeddable":true,"href":"https:\/\/lackina.b2c1688.com\/en\/wp-json\/wp\/v2\/comments?post=1352"}],"wp:featuredmedia":[{"embeddable":true,"href":"https:\/\/lackina.b2c1688.com\/en\/wp-json\/wp\/v2\/media\/517"}],"wp:attachment":[{"href":"https:\/\/lackina.b2c1688.com\/en\/wp-json\/wp\/v2\/media?parent=1352"}],"wp:term":[{"taxonomy":"product_brand","embeddable":true,"href":"https:\/\/lackina.b2c1688.com\/en\/wp-json\/wp\/v2\/product_brand?post=1352"},{"taxonomy":"product_cat","embeddable":true,"href":"https:\/\/lackina.b2c1688.com\/en\/wp-json\/wp\/v2\/product_cat?post=1352"},{"taxonomy":"product_tag","embeddable":true,"href":"https:\/\/lackina.b2c1688.com\/en\/wp-json\/wp\/v2\/product_tag?post=1352"}],"curies":[{"name":"wp","href":"https:\/\/api.w.org\/{rel}","templated":true}]}}