{"id":1261,"date":"2026-01-25T12:04:44","date_gmt":"2026-01-25T12:04:44","guid":{"rendered":"https:\/\/lackina.b2c1688.com\/?post_type=product&#038;p=1261"},"modified":"2026-01-25T12:04:46","modified_gmt":"2026-01-25T12:04:46","slug":"lackgummi-jogging-hose-slim-fit","status":"publish","type":"product","link":"https:\/\/lackina.b2c1688.com\/en\/product\/lackgummi-jogging-hose-slim-fit\/","title":{"rendered":"Lackgummi Jogging Hose , Slim fit"},"content":{"rendered":"<div class=\"module-item module-item-1 tab-pane active\" id=\"blocks-6974895b35811-tab-1\">\n<div class=\"block-body expand-block\">\n<div class=\"block-wrapper\">\n<div class=\"block-contentblock-description\">\n<p align=\"center\" style=\"margin: 0cm 0cm 6.75pt; text-align: center; background-image: initial; background-position: initial; background-size: initial; background-repeat: initial; background-attachment: initial; background-origin: initial; background-clip: initial;\"><span style=\"font-size: 14pt;\"><span style=\"font-family: \" times=\"\" new=\"\" roman\";\"=\"\">Lackina : das sind exclusive Modelle in hochwertigerAusf\u00fchrung aus eigener Werkstatt.<\/span><br \/><span style=\"font-family: \" times=\"\" new=\"\" roman\";\"=\"\">Unsere Produkte sind Lack Bekleidung vieler Art die wir gegen Aufpreis auchnach Ma\u00df oder nach Ihren Farbw\u00fcnschen liefern k\u00f6nnen.<\/span><o:p><\/o:p><\/span><\/p>\n<p align=\"center\" style=\"margin: 0cm 0cm 6.75pt; text-align: center; background-image: initial; background-position: initial; background-size: initial; background-repeat: initial; background-attachment: initial; background-origin: initial; background-clip: initial;\"><span style=\"font-size: 14pt;\"><span style=\"font-family: \" times=\"\" new=\"\" roman\";\"=\"\">Sollten Sie andere W\u00fcnsche haben ( Produkte , Farben ,Gr\u00f6\u00dfen usw. )<\/span><o:p><\/o:p><\/span><\/p>\n<p align=\"center\" style=\"margin: 0cm 0cm 6.75pt; text-align: center; background-image: initial; background-position: initial; background-size: initial; background-repeat: initial; background-attachment: initial; background-origin: initial; background-clip: initial;\"><span style=\"font-size: 14pt;\"><span style=\"font-family: \" times=\"\" new=\"\" roman\";\"=\"\">&nbsp;sprechen Sie uns bitte an : &nbsp;<\/span><\/span><span style=\"font-size: 16px; text-align: start;\">lackina-info@gmx.de<\/span><span style=\"font-size: 14pt;\"><br \/><span style=\"font-family: \" times=\"\" new=\"\" roman\";\"=\"\">Hier kommt der Klassiker f\u00fcr Ihn :<\/span><br \/><span style=\"font-family: \" times=\"\" new=\"\" roman\";\"=\"\">Lackina- Lack Jogging Hose Hose mit wei\u00dfen seitlichen Streifen f\u00fcr Ihn<\/span><o:p><\/o:p><\/span><\/p>\n<p align=\"center\">\n<p align=\"center\" style=\"margin: 0cm 0cm 6.75pt; text-align: center; background-image: initial; background-position: initial; background-size: initial; background-repeat: initial; background-attachment: initial; background-origin: initial; background-clip: initial;\"><span style=\"font-size: 14pt;\"><span style=\"font-family: \" times=\"\" new=\"\" roman\";\"=\"\">mit 2 Taschen vorn&nbsp;<\/span><\/span><\/p>\n<p align=\"center\" style=\"margin: 0cm 0cm 6.75pt; text-align: center; background-image: initial; background-position: initial; background-size: initial; background-repeat: initial; background-attachment: initial; background-origin: initial; background-clip: initial;\"><span style=\"font-size: 14pt;\"><span style=\"font-family: \" times=\"\" new=\"\" roman\";\"=\"\">Lieferbar in den&nbsp;W 32-46<\/span><br \/><span style=\"font-family: \" times=\"\" new=\"\" roman\";\"=\"\">Materialzusammensetzung : 55 % PVC , 25 % PU , 20 % Polyester<\/span><\/span><\/p>\n<p class=\"MsoNormal\" align=\"center\" style=\"text-align:center\"><b><span style=\"font-size:12.0pt;line-height:115%;font-family:&quot;Arial&quot;,&quot;sans-serif&quot;\">Pflegeanleitungzu unserem TPU (Lack Gummi Artikel)<o:p><\/o:p><\/span><\/b><\/p>\n<p class=\"MsoNormal\" align=\"center\" style=\"text-align: center;\">\n<p class=\"MsoNormal\" align=\"center\" style=\"text-align:center\"><b><span style=\"font-size:12.0pt;line-height:115%;font-family:&quot;Arial&quot;,&quot;sans-serif&quot;\">DieBesonderheit dieses Materials besteht darin , dass sich hier der Glanz \u00fcberJahre halten l\u00e4sst. Hierzu&nbsp; einfach, wenn der Glanz nachl\u00e4sst, mit einemLappen ein paar Tropfen Speise\u00f6l verreiben und dann mit trockenen Lappen nochmal reiben bzw. polieren, das Material ist dann wieder wie neu.<o:p><\/o:p><\/span><\/b><\/p>\n<p align=\"center\">&nbsp;<imgstyle=\"width: 770px;\" data-filename=\"LGBQ%BS4_2I5XR[6MYZZLMX.png\"><\/p>\n<\/div>\n<\/div>\n<\/div>\n<\/div>","protected":false},"excerpt":{"rendered":"<p>Lackina : das sind exclusive Modelle in hochwertigerAusf\u00fchrung aus eigener Werkstatt.Unsere Produkte sind Lack Bekleidung vieler Art die wir gegen Aufpreis auchnach Ma\u00df oder nach Ihren Farbw\u00fcnschen liefern k\u00f6nnen. Sollten Sie andere W\u00fcnsche haben ( Produkte , Farben ,Gr\u00f6\u00dfen usw. ) &nbsp;sprechen Sie uns bitte an : &nbsp;lackina-info@gmx.deHier kommt der Klassiker f\u00fcr Ihn :Lackina- Lack&#8230;<\/p>","protected":false},"featured_media":373,"comment_status":"open","ping_status":"closed","template":"","meta":{"_eb_attr":"","_kad_post_transparent":"","_kad_post_title":"","_kad_post_layout":"","_kad_post_sidebar_id":"","_kad_post_content_style":"","_kad_post_vertical_padding":"","_kad_post_feature":"","_kad_post_feature_position":"","_kad_post_header":false,"_kad_post_footer":false,"_kad_post_classname":""},"product_brand":[],"product_cat":[101],"product_tag":[],"class_list":{"0":"post-1261","1":"product","2":"type-product","3":"status-publish","4":"has-post-thumbnail","6":"product_cat-hosen","8":"first","9":"instock","10":"shipping-taxable","11":"purchasable","12":"product-type-variable","13":"has-default-attributes","14":"entry","15":"content-bg","16":"loop-entry"},"_links":{"self":[{"href":"https:\/\/lackina.b2c1688.com\/en\/wp-json\/wp\/v2\/product\/1261","targetHints":{"allow":["GET"]}}],"collection":[{"href":"https:\/\/lackina.b2c1688.com\/en\/wp-json\/wp\/v2\/product"}],"about":[{"href":"https:\/\/lackina.b2c1688.com\/en\/wp-json\/wp\/v2\/types\/product"}],"replies":[{"embeddable":true,"href":"https:\/\/lackina.b2c1688.com\/en\/wp-json\/wp\/v2\/comments?post=1261"}],"wp:featuredmedia":[{"embeddable":true,"href":"https:\/\/lackina.b2c1688.com\/en\/wp-json\/wp\/v2\/media\/373"}],"wp:attachment":[{"href":"https:\/\/lackina.b2c1688.com\/en\/wp-json\/wp\/v2\/media?parent=1261"}],"wp:term":[{"taxonomy":"product_brand","embeddable":true,"href":"https:\/\/lackina.b2c1688.com\/en\/wp-json\/wp\/v2\/product_brand?post=1261"},{"taxonomy":"product_cat","embeddable":true,"href":"https:\/\/lackina.b2c1688.com\/en\/wp-json\/wp\/v2\/product_cat?post=1261"},{"taxonomy":"product_tag","embeddable":true,"href":"https:\/\/lackina.b2c1688.com\/en\/wp-json\/wp\/v2\/product_tag?post=1261"}],"curies":[{"name":"wp","href":"https:\/\/api.w.org\/{rel}","templated":true}]}}