{"id":1260,"date":"2026-01-25T12:04:44","date_gmt":"2026-01-25T12:04:44","guid":{"rendered":"https:\/\/lackina.b2c1688.com\/?post_type=product&#038;p=1260"},"modified":"2026-01-25T12:04:46","modified_gmt":"2026-01-25T12:04:46","slug":"lack-latzhose-gr-m-6l","status":"publish","type":"product","link":"https:\/\/lackina.b2c1688.com\/en\/product\/lack-latzhose-gr-m-6l\/","title":{"rendered":"Lack Latzhose Gr M-6L"},"content":{"rendered":"<div class=\"module-item module-item-1 tab-pane active\" id=\"blocks-6974895b35811-tab-1\">\n<div class=\"block-body expand-block\">\n<div class=\"block-wrapper\">\n<div class=\"block-contentblock-description\">\n<p align=\"center\" style=\"margin: 0cm 0cm 6.75pt; text-align: center; background-image: initial; background-position: initial; background-size: initial; background-repeat: initial; background-attachment: initial; background-origin: initial; background-clip: initial;\"><span style=\"font-size: 14pt;\">Lack-Latzhose ein absoluter Hingucker Aus Lack inperfekter und aufwendiger Verarbeitung.<o:p><\/o:p><\/span><\/p>\n<p align=\"center\" style=\"margin: 0cm 0cm 6.75pt; background-image: initial; background-position: initial; background-size: initial; background-repeat: initial; background-attachment: initial; background-origin: initial; background-clip: initial;\"><span style=\"font-size: 14pt;\">aufgesetzte Ges\u00e4\u00dftaschen,<o:p><\/o:p><\/span><\/p>\n<p align=\"center\" style=\"margin: 0cm 0cm 6.75pt; background-image: initial; background-position: initial; background-size: initial; background-repeat: initial; background-attachment: initial; background-origin: initial; background-clip: initial;\"><span style=\"font-size: 14pt;\">Hervorragender Trage-komfortdurch den l\u00e4ssigen Schnitt.<o:p><\/o:p><\/span><\/p>\n<p align=\"center\" style=\"margin: 0cm 0cm 6.75pt; background-image: initial; background-position: initial; background-size: initial; background-repeat: initial; background-attachment: initial; background-origin: initial; background-clip: initial;\"><span style=\"font-size: 14pt;\">Gerader Beinverlauf.<o:p><\/o:p><\/span><\/p>\n<p align=\"center\" style=\"margin: 0cm 0cm 6.75pt; background-image: initial; background-position: initial; background-size: initial; background-repeat: initial; background-attachment: initial; background-origin: initial; background-clip: initial;\"><span style=\"font-size: 14pt;\">Verschluss mit Druckkn\u00f6pfe.<o:p><\/o:p><\/span><\/p>\n<p align=\"center\" style=\"margin: 0cm 0cm 6.75pt; background-image: initial; background-position: initial; background-size: initial; background-repeat: initial; background-attachment: initial; background-origin: initial; background-clip: initial;\"><span style=\"font-size: 14pt;\">Lack Materialzusammensetzung :55 % PVC , 25 % PU , 20 % Polyester Lack Material 0,5mm dick<o:p><\/o:p><\/span><\/p>\n<\/p>\n<p align=\"center\" style=\"margin: 0cm 0cm 6.75pt; background-image: initial; background-position: initial; background-size: initial; background-repeat: initial; background-attachment: initial; background-origin: initial; background-clip: initial;\"><strong><span style=\"font-size: 14pt; font-weight: normal;\">Man kann Latzhose immer eine Nummer Gr\u00f6\u00dferw\u00e4hlen(als Jeans).<\/span><\/strong><\/p>\n<p align=\"center\" style=\"margin: 0cm 0cm 6.75pt; background-image: initial; background-position: initial; background-size: initial; background-repeat: initial; background-attachment: initial; background-origin: initial; background-clip: initial;\"><imgstyle=\"width: 770px;\" data-filename=\"5K)O8S~S_~6NC@RF[FORRG7.png\"><strong><span style=\"font-size: 14pt; font-weight: normal;\"><br \/><\/span><\/strong><span style=\"font-size: 14pt;\"><o:p><\/o:p><\/span><\/p>\n<table cellpadding=\"6\" cellspacing=\"0\" width=\"100%\">\n<colgroup>\n<col width=\"45*\">\n<col width=\"26*\">\n<col width=\"26*\">\n<col width=\"26*\">\n<col width=\"26*\">\n<col width=\"26*\">\n<col width=\"26*\">\n<col width=\"26*\">\n<col width=\"26*\"><\/colgroup>\n<tbody>\n<tr valign=\"top\">\n<td width=\"18%\">\n<p>\u00a0<\/p>\n<\/td>\n<td width=\"10%\"><\/td>\n<td width=\"10%\"><\/td>\n<td width=\"10%\"><\/td>\n<td width=\"10%\"><\/td>\n<td width=\"10%\"><\/td>\n<td width=\"10%\"><\/td>\n<td width=\"10%\"><\/td>\n<td width=\"10%\"><\/td>\n<\/tr>\n<\/tbody>\n<\/table>\n<\/div>\n<\/div>\n<\/div>\n<\/div>","protected":false},"excerpt":{"rendered":"<p>Lack-Latzhose ein absoluter Hingucker Aus Lack inperfekter und aufwendiger Verarbeitung. aufgesetzte Ges\u00e4\u00dftaschen, Hervorragender Trage-komfortdurch den l\u00e4ssigen Schnitt. Gerader Beinverlauf. Verschluss mit Druckkn\u00f6pfe. Lack Materialzusammensetzung :55 % PVC , 25 % PU , 20 % Polyester Lack Material 0,5mm dick Man kann Latzhose immer eine Nummer Gr\u00f6\u00dferw\u00e4hlen(als Jeans). \u00a0<\/p>","protected":false},"featured_media":361,"comment_status":"open","ping_status":"closed","template":"","meta":{"_eb_attr":"","_kad_post_transparent":"","_kad_post_title":"","_kad_post_layout":"","_kad_post_sidebar_id":"","_kad_post_content_style":"","_kad_post_vertical_padding":"","_kad_post_feature":"","_kad_post_feature_position":"","_kad_post_header":false,"_kad_post_footer":false,"_kad_post_classname":""},"product_brand":[],"product_cat":[101],"product_tag":[],"class_list":{"0":"post-1260","1":"product","2":"type-product","3":"status-publish","4":"has-post-thumbnail","6":"product_cat-hosen","8":"first","9":"instock","10":"shipping-taxable","11":"purchasable","12":"product-type-variable","13":"has-default-attributes","14":"entry","15":"content-bg","16":"loop-entry"},"_links":{"self":[{"href":"https:\/\/lackina.b2c1688.com\/en\/wp-json\/wp\/v2\/product\/1260","targetHints":{"allow":["GET"]}}],"collection":[{"href":"https:\/\/lackina.b2c1688.com\/en\/wp-json\/wp\/v2\/product"}],"about":[{"href":"https:\/\/lackina.b2c1688.com\/en\/wp-json\/wp\/v2\/types\/product"}],"replies":[{"embeddable":true,"href":"https:\/\/lackina.b2c1688.com\/en\/wp-json\/wp\/v2\/comments?post=1260"}],"wp:featuredmedia":[{"embeddable":true,"href":"https:\/\/lackina.b2c1688.com\/en\/wp-json\/wp\/v2\/media\/361"}],"wp:attachment":[{"href":"https:\/\/lackina.b2c1688.com\/en\/wp-json\/wp\/v2\/media?parent=1260"}],"wp:term":[{"taxonomy":"product_brand","embeddable":true,"href":"https:\/\/lackina.b2c1688.com\/en\/wp-json\/wp\/v2\/product_brand?post=1260"},{"taxonomy":"product_cat","embeddable":true,"href":"https:\/\/lackina.b2c1688.com\/en\/wp-json\/wp\/v2\/product_cat?post=1260"},{"taxonomy":"product_tag","embeddable":true,"href":"https:\/\/lackina.b2c1688.com\/en\/wp-json\/wp\/v2\/product_tag?post=1260"}],"curies":[{"name":"wp","href":"https:\/\/api.w.org\/{rel}","templated":true}]}}