{"id":1202,"date":"2026-01-25T12:04:38","date_gmt":"2026-01-25T12:04:38","guid":{"rendered":"https:\/\/lackina.b2c1688.com\/?post_type=product&#038;p=1202"},"modified":"2026-01-25T12:04:40","modified_gmt":"2026-01-25T12:04:40","slug":"lack-bike-jacke-fuer-ihnmit-futter-gr-m-4xl","status":"publish","type":"product","link":"https:\/\/lackina.b2c1688.com\/en\/product\/lack-bike-jacke-fuer-ihnmit-futter-gr-m-4xl\/","title":{"rendered":"Lack Bike Jacke f\u00fcr Ihn,mit Futter Gr. M &#8211; 4XL"},"content":{"rendered":"<div class=\"module-item module-item-1 tab-pane active\" id=\"blocks-6974895b35811-tab-1\">\n<div class=\"block-body expand-block\">\n<div class=\"block-wrapper\">\n<div class=\"block-contentblock-description\">\n<p>Hier kommt der bike Jacke f\u00fcr Ihn : Lack Jacke im klassischem Stil mit Tasche ,wurde komplett dick gef\u00fcttert, eine Winterjacke Lieferbar in den Gr\u00f6\u00dfen S &#8211; 4XL Materialzusammensetzung : 55 % PVC , 25 % PU , 20 % Polyester<\/p>\n<table border=\"1\" cellpadding=\"0\" cellspacing=\"0\">\n<tbody>\n<tr>\n<td style=\"width: 103px; height: 18px;\">\n<p align=\"center\"><strong>Ma\u00dftabelle<\/strong><\/p>\n<\/td>\n<td style=\"width: 65px; height: 18px;\">\n<p align=\"center\">\u00a0<\/p>\n<\/td>\n<td style=\"width: 75px; height: 18px;\">\u00a0<\/td>\n<td style=\"width: 75px; height: 18px;\">\u00a0<\/td>\n<td style=\"width: 75px; height: 18px;\">\u00a0<\/td>\n<td style=\"width: 73px; height: 18px;\">\u00a0<\/td>\n<td style=\"width: 76px; height: 18px;\">\u00a0<\/td>\n<td style=\"width: 66px; height: 18px;\">\n<p align=\"center\">\u00a0<\/p>\n<\/td>\n<\/tr>\n<tr>\n<td style=\"width: 103px; height: 17px;\">\u00a0<\/td>\n<td style=\"width: 65px; height: 17px;\">\n<p align=\"center\"><strong>Gr.S<\/strong><\/p>\n<\/td>\n<td style=\"width: 75px; height: 17px;\">\n<p align=\"center\"><strong>Gr. M<\/strong><\/p>\n<\/td>\n<td style=\"width: 75px; height: 17px;\">\n<p align=\"center\"><strong>Gr. L<\/strong><\/p>\n<\/td>\n<td style=\"width: 75px; height: 17px;\">\n<p align=\"center\"><strong>Gr. XL<\/strong><\/p>\n<\/td>\n<td style=\"width: 73px; height: 17px;\">\n<p align=\"center\"><strong>Gr. 2XL<\/strong><\/p>\n<\/td>\n<td style=\"width: 76px; height: 17px;\">\n<p align=\"center\"><strong>Gr. 3XL<\/strong><\/p>\n<\/td>\n<td style=\"width: 66px; height: 17px;\">\n<p align=\"center\"><strong>Gr 4XL<\/strong><\/p>\n<\/td>\n<\/tr>\n<tr>\n<td style=\"width: 103px; height: 17px;\">\n<p>Schulterbreite<\/p>\n<\/td>\n<td style=\"width: 65px; height: 17px;\">\n<p align=\"center\">49cm<\/p>\n<\/td>\n<td style=\"width: 75px; height: 17px;\">\n<p align=\"center\">50 cm<\/p>\n<\/td>\n<td style=\"width: 75px; height: 17px;\">\n<p align=\"center\">51 cm<\/p>\n<\/td>\n<td style=\"width: 75px; height: 17px;\">\n<p align=\"center\">52 cm<\/p>\n<\/td>\n<td style=\"width: 73px; height: 17px;\">\n<p align=\"center\">53 cm<\/p>\n<\/td>\n<td style=\"width: 76px; height: 17px;\">\n<p align=\"center\">54 cm<\/p>\n<\/td>\n<td style=\"width: 66px; height: 17px;\">\n<p align=\"center\">55cm<\/p>\n<\/td>\n<\/tr>\n<tr>\n<td style=\"width: 103px; height: 17px;\">\n<p>Brustumfang<\/p>\n<\/td>\n<td style=\"width: 65px; height: 17px;\">\n<p align=\"center\">118<\/p>\n<\/td>\n<td style=\"width: 75px; height: 17px;\">\n<p align=\"center\">124 cm<\/p>\n<\/td>\n<td style=\"width: 75px; height: 17px;\">\n<p align=\"center\">130 cm<\/p>\n<\/td>\n<td style=\"width: 75px; height: 17px;\">\n<p align=\"center\">136 cm<\/p>\n<\/td>\n<td style=\"width: 73px; height: 17px;\">\n<p align=\"center\">140 cm<\/p>\n<\/td>\n<td style=\"width: 76px; height: 17px;\">\n<p align=\"center\">146 cm<\/p>\n<\/td>\n<td style=\"width: 66px; height: 17px;\">\n<p align=\"center\">152cm<\/p>\n<\/td>\n<\/tr>\n<tr>\n<td style=\"width: 103px; height: 18px;\">\n<p>Halsumfang<\/p>\n<\/td>\n<td style=\"width: 65px; height: 18px;\">\n<p align=\"center\">54,5<\/p>\n<\/td>\n<td style=\"width: 75px; height: 18px;\">\n<p align=\"center\">55,5 cm<\/p>\n<\/td>\n<td style=\"width: 75px; height: 18px;\">\n<p align=\"center\">56,5 cm<\/p>\n<\/td>\n<td style=\"width: 75px; height: 18px;\">\n<p align=\"center\">57,5 cm<\/p>\n<\/td>\n<td style=\"width: 73px; height: 18px;\">\n<p align=\"center\">58,5 cm<\/p>\n<\/td>\n<td style=\"width: 76px; height: 18px;\">\n<p align=\"center\">59,5 cm<\/p>\n<\/td>\n<td style=\"width: 66px; height: 18px;\">\n<p align=\"center\">60,5cm<\/p>\n<\/td>\n<\/tr>\n<tr>\n<td style=\"width: 103px; height: 18px;\">\n<p>Arml\u00e4nge<\/p>\n<\/td>\n<td style=\"width: 65px; height: 18px;\">\n<p align=\"center\">63cm<\/p>\n<\/td>\n<td style=\"width: 75px; height: 18px;\">\n<p align=\"center\">64 cm<\/p>\n<\/td>\n<td style=\"width: 75px; height: 18px;\">\n<p align=\"center\">65 cm<\/p>\n<\/td>\n<td style=\"width: 75px; height: 18px;\">\n<p align=\"center\">66 cm<\/p>\n<\/td>\n<td style=\"width: 73px; height: 18px;\">\n<p align=\"center\">67 cm<\/p>\n<\/td>\n<td style=\"width: 76px; height: 18px;\">\n<p align=\"center\">68 cm<\/p>\n<\/td>\n<td style=\"width: 66px; height: 18px;\">\n<p align=\"center\">69 cm<\/p>\n<\/td>\n<\/tr>\n<tr>\n<td style=\"width: 103px; height: 17px;\">\n<p>L\u00e4nge<\/p>\n<\/td>\n<td style=\"width: 65px; height: 17px;\">\n<p align=\"center\">69cm<\/p>\n<\/td>\n<td style=\"width: 75px; height: 17px;\">\n<p align=\"center\">70\u00a0cm<\/p>\n<\/td>\n<td style=\"width: 75px; height: 17px;\">\n<p align=\"center\">71\u00a0cm<\/p>\n<\/td>\n<td style=\"width: 75px; height: 17px;\">\n<p align=\"center\">72\u00a0cm<\/p>\n<\/td>\n<td style=\"width: 73px; height: 17px;\">\n<p align=\"center\">73 cm<\/p>\n<\/td>\n<td style=\"width: 76px; height: 17px;\">\n<p align=\"center\">74\u00a0cm<\/p>\n<\/td>\n<td style=\"width: 66px; height: 17px;\">\n<p align=\"center\">75cm<\/p>\n<\/td>\n<\/tr>\n<\/tbody>\n<\/table>\n<\/div>\n<\/div>\n<\/div>\n<\/div>","protected":false},"excerpt":{"rendered":"<p>Hier kommt der bike Jacke f\u00fcr Ihn : Lack Jacke im klassischem Stil mit Tasche ,wurde komplett dick gef\u00fcttert, eine Winterjacke Lieferbar in den Gr\u00f6\u00dfen S &#8211; 4XL Materialzusammensetzung : 55 % PVC , 25 % PU , 20 % Polyester Ma\u00dftabelle \u00a0 \u00a0 \u00a0 \u00a0 \u00a0 \u00a0 \u00a0 \u00a0 Gr.S Gr. M Gr. L&#8230;<\/p>","protected":false},"featured_media":306,"comment_status":"open","ping_status":"closed","template":"","meta":{"_eb_attr":"","_kad_post_transparent":"","_kad_post_title":"","_kad_post_layout":"","_kad_post_sidebar_id":"","_kad_post_content_style":"","_kad_post_vertical_padding":"","_kad_post_feature":"","_kad_post_feature_position":"","_kad_post_header":false,"_kad_post_footer":false,"_kad_post_classname":""},"product_brand":[],"product_cat":[100],"product_tag":[],"class_list":{"0":"post-1202","1":"product","2":"type-product","3":"status-publish","4":"has-post-thumbnail","6":"product_cat-jacken-maentel","8":"first","9":"instock","10":"shipping-taxable","11":"purchasable","12":"product-type-variable","13":"entry","14":"content-bg","15":"loop-entry"},"_links":{"self":[{"href":"https:\/\/lackina.b2c1688.com\/en\/wp-json\/wp\/v2\/product\/1202","targetHints":{"allow":["GET"]}}],"collection":[{"href":"https:\/\/lackina.b2c1688.com\/en\/wp-json\/wp\/v2\/product"}],"about":[{"href":"https:\/\/lackina.b2c1688.com\/en\/wp-json\/wp\/v2\/types\/product"}],"replies":[{"embeddable":true,"href":"https:\/\/lackina.b2c1688.com\/en\/wp-json\/wp\/v2\/comments?post=1202"}],"wp:featuredmedia":[{"embeddable":true,"href":"https:\/\/lackina.b2c1688.com\/en\/wp-json\/wp\/v2\/media\/306"}],"wp:attachment":[{"href":"https:\/\/lackina.b2c1688.com\/en\/wp-json\/wp\/v2\/media?parent=1202"}],"wp:term":[{"taxonomy":"product_brand","embeddable":true,"href":"https:\/\/lackina.b2c1688.com\/en\/wp-json\/wp\/v2\/product_brand?post=1202"},{"taxonomy":"product_cat","embeddable":true,"href":"https:\/\/lackina.b2c1688.com\/en\/wp-json\/wp\/v2\/product_cat?post=1202"},{"taxonomy":"product_tag","embeddable":true,"href":"https:\/\/lackina.b2c1688.com\/en\/wp-json\/wp\/v2\/product_tag?post=1202"}],"curies":[{"name":"wp","href":"https:\/\/api.w.org\/{rel}","templated":true}]}}