{"id":1170,"date":"2026-01-25T12:04:35","date_gmt":"2026-01-25T12:04:35","guid":{"rendered":"https:\/\/lackina.b2c1688.com\/?post_type=product&#038;p=1170"},"modified":"2026-01-25T12:04:36","modified_gmt":"2026-01-25T12:04:36","slug":"lackina-lack-mantel-fuer-ihn-gr-m-4-xl","status":"publish","type":"product","link":"https:\/\/lackina.b2c1688.com\/en\/product\/lackina-lack-mantel-fuer-ihn-gr-m-4-xl\/","title":{"rendered":"Lackina-Lack Mantel f\u00fcr Ihn Gr. M-4 XL"},"content":{"rendered":"<div class=\"module-item module-item-1 tab-pane active\" id=\"blocks-6974895b35811-tab-1\">\n<div class=\"block-body expand-block\">\n<div class=\"block-wrapper\">\n<div class=\"block-contentblock-description\">\n<p>Hier kommt der Klassiker f\u00fcr Ihn :<\/p>\n<p>Lack\u00a0Mantel im\u00a0klassischem Stil\u00a0<\/p>\n<p>dieser gef\u00fctterte Mantel hat zwei Taschen und wird mit Kn\u00f6pfen geschlossen.<\/p>\n<p>Die Knopfl\u00f6cher sind dabei hochwertig umn\u00e4ht\u00a0<\/p>\n<p>Auswahl von Gr M ,L, XL,XXL,3XL,4XL (\u00a0 XL in 20 Tage wieder lieferbar)<\/p>\n<p>Material : 55 % PVC , 25 % PU , 20 % Polyester<\/p>\n<p>Futter : 100 % Polyester<\/p>\n<table border=\"1\" cellpadding=\"0\" cellspacing=\"0\" style=\"width: 616px;\" width=\"616\">\n<tbody>\n<tr>\n<td style=\"width: 103px; height: 18px;\">\n<p align=\"center\"><strong>Ma\u00dftabelle<\/strong><\/p>\n<\/td>\n<td style=\"width: 103px; height: 18px;\">\u00a0<\/td>\n<td style=\"width: 103px; height: 18px;\">\u00a0<\/td>\n<td style=\"width: 103px; height: 18px;\">\u00a0<\/td>\n<td style=\"width: 103px; height: 18px;\">\u00a0<\/td>\n<td style=\"width: 103px; height: 18px;\">\u00a0<\/td>\n<\/tr>\n<tr>\n<td style=\"width: 103px; height: 17px;\">\u00a0<\/td>\n<td style=\"width: 103px; height: 17px;\">\n<p align=\"center\"><strong>Gr. M<\/strong><\/p>\n<\/td>\n<td style=\"width: 103px; height: 17px;\">\n<p align=\"center\"><strong>Gr. L<\/strong><\/p>\n<\/td>\n<td style=\"width: 103px; height: 17px;\">\n<p align=\"center\"><strong>Gr. XL<\/strong><\/p>\n<\/td>\n<td style=\"width: 103px; height: 17px;\">\n<p align=\"center\"><strong>Gr. XXL<\/strong><\/p>\n<\/td>\n<td style=\"width: 103px; height: 17px;\">\n<p align=\"center\"><strong>Gr. XXXL<\/strong><\/p>\n<\/td>\n<\/tr>\n<tr>\n<td style=\"width: 103px; height: 17px;\">\n<p align=\"center\">Schulterbreite<\/p>\n<\/td>\n<td style=\"width: 103px; height: 17px;\">\n<p align=\"center\">48 cm<\/p>\n<\/td>\n<td style=\"width: 103px; height: 17px;\">\n<p align=\"center\">49 cm<\/p>\n<\/td>\n<td style=\"width: 103px; height: 17px;\">\n<p align=\"center\">50 cm<\/p>\n<\/td>\n<td style=\"width: 103px; height: 17px;\">\n<p align=\"center\">51 cm<\/p>\n<\/td>\n<td style=\"width: 103px; height: 17px;\">\n<p align=\"center\">52 cm<\/p>\n<\/td>\n<\/tr>\n<tr>\n<td style=\"width: 103px; height: 17px;\">\n<p align=\"center\">Brustumfang<\/p>\n<\/td>\n<td style=\"width: 103px; height: 17px;\">\n<p align=\"center\">112 cm<\/p>\n<\/td>\n<td style=\"width: 103px; height: 17px;\">\n<p align=\"center\">118 cm<\/p>\n<\/td>\n<td style=\"width: 103px; height: 17px;\">\n<p align=\"center\">124 cm<\/p>\n<\/td>\n<td style=\"width: 103px; height: 17px;\">\n<p align=\"center\">130 cm<\/p>\n<\/td>\n<td style=\"width: 103px; height: 17px;\">\n<p align=\"center\">136 cm<\/p>\n<\/td>\n<\/tr>\n<tr>\n<td style=\"width: 103px; height: 18px;\">\n<p align=\"center\">Arml\u00e4nge<\/p>\n<\/td>\n<td style=\"width: 103px; height: 18px;\">\n<p align=\"center\">58,5 cm<\/p>\n<\/td>\n<td style=\"width: 103px; height: 18px;\">\n<p align=\"center\">60 cm<\/p>\n<\/td>\n<td style=\"width: 103px; height: 18px;\">\n<p align=\"center\">61,5 cm<\/p>\n<\/td>\n<td style=\"width: 103px; height: 18px;\">\n<p align=\"center\">63 cm<\/p>\n<\/td>\n<td style=\"width: 103px; height: 18px;\">\n<p align=\"center\">64,5 cm<\/p>\n<\/td>\n<\/tr>\n<tr>\n<td style=\"width: 103px; height: 17px;\">\n<p align=\"center\">L\u00e4nge<\/p>\n<\/td>\n<td style=\"width: 103px; height: 17px;\">\n<p align=\"center\">87 cm<\/p>\n<\/td>\n<td style=\"width: 103px; height: 17px;\">\n<p align=\"center\">89 cm<\/p>\n<\/td>\n<td style=\"width: 103px; height: 17px;\">\n<p align=\"center\">91 cm<\/p>\n<\/td>\n<td style=\"width: 103px; height: 17px;\">\n<p align=\"center\">93 cm<\/p>\n<\/td>\n<td style=\"width: 103px; height: 17px;\">\n<p align=\"center\">95 cm<\/p>\n<\/td>\n<\/tr>\n<\/tbody>\n<\/table>\n<p>\u00a0<\/p>\n<\/div>\n<\/div>\n<\/div>\n<\/div>","protected":false},"excerpt":{"rendered":"<p>Hier kommt der Klassiker f\u00fcr Ihn : Lack\u00a0Mantel im\u00a0klassischem Stil\u00a0 dieser gef\u00fctterte Mantel hat zwei Taschen und wird mit Kn\u00f6pfen geschlossen. Die Knopfl\u00f6cher sind dabei hochwertig umn\u00e4ht\u00a0 Auswahl von Gr M ,L, XL,XXL,3XL,4XL (\u00a0 XL in 20 Tage wieder lieferbar) Material : 55 % PVC , 25 % PU , 20 % Polyester Futter :&#8230;<\/p>","protected":false},"featured_media":252,"comment_status":"open","ping_status":"closed","template":"","meta":{"_eb_attr":"","_kad_post_transparent":"","_kad_post_title":"","_kad_post_layout":"","_kad_post_sidebar_id":"","_kad_post_content_style":"","_kad_post_vertical_padding":"","_kad_post_feature":"","_kad_post_feature_position":"","_kad_post_header":false,"_kad_post_footer":false,"_kad_post_classname":""},"product_brand":[],"product_cat":[100],"product_tag":[],"class_list":{"0":"post-1170","1":"product","2":"type-product","3":"status-publish","4":"has-post-thumbnail","6":"product_cat-jacken-maentel","8":"first","9":"instock","10":"shipping-taxable","11":"purchasable","12":"product-type-variable","13":"entry","14":"content-bg","15":"loop-entry"},"_links":{"self":[{"href":"https:\/\/lackina.b2c1688.com\/en\/wp-json\/wp\/v2\/product\/1170","targetHints":{"allow":["GET"]}}],"collection":[{"href":"https:\/\/lackina.b2c1688.com\/en\/wp-json\/wp\/v2\/product"}],"about":[{"href":"https:\/\/lackina.b2c1688.com\/en\/wp-json\/wp\/v2\/types\/product"}],"replies":[{"embeddable":true,"href":"https:\/\/lackina.b2c1688.com\/en\/wp-json\/wp\/v2\/comments?post=1170"}],"wp:featuredmedia":[{"embeddable":true,"href":"https:\/\/lackina.b2c1688.com\/en\/wp-json\/wp\/v2\/media\/252"}],"wp:attachment":[{"href":"https:\/\/lackina.b2c1688.com\/en\/wp-json\/wp\/v2\/media?parent=1170"}],"wp:term":[{"taxonomy":"product_brand","embeddable":true,"href":"https:\/\/lackina.b2c1688.com\/en\/wp-json\/wp\/v2\/product_brand?post=1170"},{"taxonomy":"product_cat","embeddable":true,"href":"https:\/\/lackina.b2c1688.com\/en\/wp-json\/wp\/v2\/product_cat?post=1170"},{"taxonomy":"product_tag","embeddable":true,"href":"https:\/\/lackina.b2c1688.com\/en\/wp-json\/wp\/v2\/product_tag?post=1170"}],"curies":[{"name":"wp","href":"https:\/\/api.w.org\/{rel}","templated":true}]}}