{"id":1143,"date":"2026-01-25T12:04:32","date_gmt":"2026-01-25T12:04:32","guid":{"rendered":"https:\/\/lackina.b2c1688.com\/?post_type=product&#038;p=1143"},"modified":"2026-01-25T12:04:36","modified_gmt":"2026-01-25T12:04:36","slug":"lackina-lack-sakko-fuer-ihn-gr-m-6-xl","status":"publish","type":"product","link":"https:\/\/lackina.b2c1688.com\/en\/product\/lackina-lack-sakko-fuer-ihn-gr-m-6-xl\/","title":{"rendered":"Lackina-Lack Sakko f\u00fcr Ihn Gr. M &#8211; 6 XL"},"content":{"rendered":"<div class=\"module-item module-item-1 tab-pane active\" id=\"blocks-6974895b35811-tab-1\">\n<div class=\"block-body expand-block\">\n<div class=\"block-wrapper\">\n<div class=\"block-contentblock-description\">\n<p align=\"center\">Lackina : das sind exclusive Modelle in hochwertiger Ausf\u00fchrung aus eigener Werkstatt.<\/p>\n<p align=\"center\">Unsere Produkte sind Lack Bekleidung vieler Art die wir gegen Aufpreis auch nach Ma\u00df oder nach Ihren Farbw\u00fcnschen liefern k\u00f6nnen.<\/p>\n<p align=\"center\">Sollten Sie andere W\u00fcnsche haben ( Produkte , Farben , Gr\u00f6\u00dfen usw. ) sprechen Sie uns bitte an<\/p>\n<p align=\"center\">\u00a0<\/p>\n<p align=\"center\">Hier kommt der Klassiker f\u00fcr Ihn :<\/p>\n<p align=\"center\">Lack\u00a0Sakko im\u00a0klassischem Stil mit\u00a0\u00a0zweier Tasche (ohne Hose)<\/p>\n<p align=\"center\">Lieferbar in\u00a0den Gr\u00f6\u00dfen\u00a0\u00a0m &#8211;\u00a0 6XL\u00a0\u00a0 ( bitte Ma\u00dftabelle beachten )\u00a0<\/p>\n<p align=\"center\">Materialzusammensetzung : 55 % PVC , 25 % PU , 20 % Polyester<\/p>\n<p align=\"center\">\u00a0<\/p>\n<table border=\"1\" cellpadding=\"0\" cellspacing=\"0\">\n<tbody>\n<tr>\n<td style=\"width: 92px;\">\u00a0 <strong>Ma\u00dftabelle<\/strong><\/td>\n<td style=\"width: 65px;\">\n<p align=\"center\"><strong>Gr. M<\/strong><\/p>\n<\/td>\n<td style=\"width: 65px;\">\n<p align=\"center\"><strong>Gr. L<\/strong><\/p>\n<\/td>\n<td style=\"width: 65px;\">\n<p align=\"center\"><strong>Gr. XL<\/strong><\/p>\n<\/td>\n<td style=\"width: 65px;\">\n<p align=\"center\"><strong>Gr. 2XL<\/strong><\/p>\n<\/td>\n<td style=\"width: 66px;\">\n<p align=\"center\"><strong>Gr.3XL\u00a0\u00a0 <\/strong><\/p>\n<\/td>\n<td style=\"width: 65px;\">\n<p align=\"center\"><strong>Gr. 4XL<\/strong><\/p>\n<\/td>\n<td style=\"width: 65px;\">\n<p><strong>Gr. 5XL<\/strong><\/p>\n<\/td>\n<td style=\"width: 65px;\">\n<p><strong>Gr. 6XL<\/strong><\/p>\n<\/td>\n<\/tr>\n<tr>\n<td style=\"width: 92px;\">\n<p>\u00a0<\/p>\n<\/td>\n<td style=\"width: 65px;\">\n<p align=\"center\"><strong>50<\/strong><\/p>\n<\/td>\n<td style=\"width: 65px;\">\n<p align=\"center\"><strong>52<\/strong><\/p>\n<\/td>\n<td style=\"width: 65px;\">\n<p align=\"center\"><strong>54<\/strong><\/p>\n<\/td>\n<td style=\"width: 65px;\">\n<p align=\"center\"><strong>56<\/strong><\/p>\n<\/td>\n<td style=\"width: 66px;\">\n<p align=\"center\"><strong>58<\/strong><\/p>\n<\/td>\n<td style=\"width: 65px;\">\n<p align=\"center\"><strong>60<\/strong><\/p>\n<\/td>\n<td style=\"width: 65px;\">\n<p><strong>62<\/strong><\/p>\n<\/td>\n<td style=\"width: 65px;\">\n<p><strong>64<\/strong><\/p>\n<\/td>\n<\/tr>\n<tr>\n<td style=\"width: 92px;\">\n<p>Schulterbreite<\/p>\n<\/td>\n<td style=\"width: 65px;\">\n<p>49<\/p>\n<\/td>\n<td style=\"width: 65px;\">\n<p>50.5<\/p>\n<\/td>\n<td style=\"width: 65px;\">\n<p>52<\/p>\n<\/td>\n<td style=\"width: 65px;\">\n<p>53,5<\/p>\n<\/td>\n<td style=\"width: 66px;\">\n<p>54,5<\/p>\n<\/td>\n<td style=\"width: 65px;\">\n<p>56<\/p>\n<\/td>\n<td style=\"width: 65px;\">\n<p>57,5<\/p>\n<\/td>\n<td style=\"width: 65px;\">\n<p>59<\/p>\n<\/td>\n<\/tr>\n<tr>\n<td style=\"width: 92px;\">\n<p>Brustumfang<\/p>\n<\/td>\n<td style=\"width: 65px;\">\n<p>102<\/p>\n<\/td>\n<td style=\"width: 65px;\">\n<p>108<\/p>\n<\/td>\n<td style=\"width: 65px;\">\n<p>114<\/p>\n<\/td>\n<td style=\"width: 65px;\">\n<p>120<\/p>\n<\/td>\n<td style=\"width: 66px;\">\n<p>126<\/p>\n<\/td>\n<td style=\"width: 65px;\">\n<p>132<\/p>\n<\/td>\n<td style=\"width: 65px;\">\n<p>138<\/p>\n<\/td>\n<td style=\"width: 65px;\">\n<p>144<\/p>\n<\/td>\n<\/tr>\n<tr>\n<td style=\"width: 92px;\">\n<p>H\u00fcftenumfang<\/p>\n<\/td>\n<td style=\"width: 65px;\">\n<p>98<\/p>\n<\/td>\n<td style=\"width: 65px;\">\n<p>104<\/p>\n<\/td>\n<td style=\"width: 65px;\">\n<p>110<\/p>\n<\/td>\n<td style=\"width: 65px;\">\n<p>116<\/p>\n<\/td>\n<td style=\"width: 66px;\">\n<p>122<\/p>\n<\/td>\n<td style=\"width: 65px;\">\n<p>128<\/p>\n<\/td>\n<td style=\"width: 65px;\">\n<p>134<\/p>\n<\/td>\n<td style=\"width: 65px;\">\n<p>140<\/p>\n<\/td>\n<\/tr>\n<tr>\n<td style=\"width: 92px;\">\n<p>Arm L\u00e4nge<\/p>\n<\/td>\n<td style=\"width: 65px;\">\n<p>64,5<\/p>\n<\/td>\n<td style=\"width: 65px;\">\n<p>66<\/p>\n<\/td>\n<td style=\"width: 65px;\">\n<p>67,5<\/p>\n<\/td>\n<td style=\"width: 65px;\">\n<p>69<\/p>\n<\/td>\n<td style=\"width: 66px;\">\n<p>70,5<\/p>\n<\/td>\n<td style=\"width: 65px;\">\n<p>72<\/p>\n<\/td>\n<td style=\"width: 65px;\">\n<p>73,5<\/p>\n<\/td>\n<td style=\"width: 65px;\">\n<p>75<\/p>\n<\/td>\n<\/tr>\n<tr>\n<td style=\"width: 92px;\">\n<p>Sako L\u00e4nge<\/p>\n<\/td>\n<td style=\"width: 65px;\">\n<p>75<\/p>\n<\/td>\n<td style=\"width: 65px;\">\n<p>76<\/p>\n<\/td>\n<td style=\"width: 65px;\">\n<p>77<\/p>\n<\/td>\n<td style=\"width: 65px;\">\n<p>78<\/p>\n<\/td>\n<td style=\"width: 66px;\">\n<p>79<\/p>\n<\/td>\n<td style=\"width: 65px;\">\n<p>80<\/p>\n<\/td>\n<td style=\"width: 65px;\">\n<p>81<\/p>\n<\/td>\n<td style=\"width: 65px;\">\n<p>82<\/p>\n<\/td>\n<\/tr>\n<\/tbody>\n<\/table>\n<p align=\"center\">Wer wir sind :Fa. Ingo Radeck , Butenandtstra\u00dfe 9 , 44369 Dortmund .<\/p>\n<p>\u00a0\u00a0\u00a0\u00a0\u00a0\u00a0\u00a0\u00a0\u00a0\u00a0\u00a0\u00a0\u00a0\u00a0\u00a0\u00a0\u00a0\u00a0\u00a0\u00a0\u00a0\u00a0\u00a0\u00a0\u00a0\u00a0\u00a0\u00a0\u00a0\u00a0\u00a0\u00a0\u00a0\u00a0\u00a0\u00a0\u00a0\u00a0\u00a0\u00a0\u00a0\u00a0\u00a0\u00a0\u00a0\u00a0\u00a0\u00a0\u00a0\u00a0\u00a0\u00a0\u00a0\u00a0\u00a0\u00a0\u00a0\u00a0\u00a0\u00a0\u00a0\u00a0\u00a0\u00a0\u00a0\u00a0\u00a0\u00a0\u00a0\u00a0\u00a0\u00a0\u00a0\u00a0\u00a0\u00a0\u00a0\u00a0\u00a0\u00a0\u00a0\u00a0\u00a0 Steuernummer 314\/5148\/1715<\/p>\n<\/div>\n<\/div>\n<\/div>\n<\/div>","protected":false},"excerpt":{"rendered":"<p>Lackina : das sind exclusive Modelle in hochwertiger Ausf\u00fchrung aus eigener Werkstatt. Unsere Produkte sind Lack Bekleidung vieler Art die wir gegen Aufpreis auch nach Ma\u00df oder nach Ihren Farbw\u00fcnschen liefern k\u00f6nnen. Sollten Sie andere W\u00fcnsche haben ( Produkte , Farben , Gr\u00f6\u00dfen usw. ) sprechen Sie uns bitte an \u00a0 Hier kommt der Klassiker&#8230;<\/p>","protected":false},"featured_media":247,"comment_status":"open","ping_status":"closed","template":"","meta":{"_eb_attr":"","_kad_post_transparent":"","_kad_post_title":"","_kad_post_layout":"","_kad_post_sidebar_id":"","_kad_post_content_style":"","_kad_post_vertical_padding":"","_kad_post_feature":"","_kad_post_feature_position":"","_kad_post_header":false,"_kad_post_footer":false,"_kad_post_classname":""},"product_brand":[],"product_cat":[100],"product_tag":[],"class_list":{"0":"post-1143","1":"product","2":"type-product","3":"status-publish","4":"has-post-thumbnail","6":"product_cat-jacken-maentel","8":"first","9":"instock","10":"shipping-taxable","11":"purchasable","12":"product-type-variable","13":"has-default-attributes","14":"entry","15":"content-bg","16":"loop-entry"},"_links":{"self":[{"href":"https:\/\/lackina.b2c1688.com\/en\/wp-json\/wp\/v2\/product\/1143","targetHints":{"allow":["GET"]}}],"collection":[{"href":"https:\/\/lackina.b2c1688.com\/en\/wp-json\/wp\/v2\/product"}],"about":[{"href":"https:\/\/lackina.b2c1688.com\/en\/wp-json\/wp\/v2\/types\/product"}],"replies":[{"embeddable":true,"href":"https:\/\/lackina.b2c1688.com\/en\/wp-json\/wp\/v2\/comments?post=1143"}],"wp:featuredmedia":[{"embeddable":true,"href":"https:\/\/lackina.b2c1688.com\/en\/wp-json\/wp\/v2\/media\/247"}],"wp:attachment":[{"href":"https:\/\/lackina.b2c1688.com\/en\/wp-json\/wp\/v2\/media?parent=1143"}],"wp:term":[{"taxonomy":"product_brand","embeddable":true,"href":"https:\/\/lackina.b2c1688.com\/en\/wp-json\/wp\/v2\/product_brand?post=1143"},{"taxonomy":"product_cat","embeddable":true,"href":"https:\/\/lackina.b2c1688.com\/en\/wp-json\/wp\/v2\/product_cat?post=1143"},{"taxonomy":"product_tag","embeddable":true,"href":"https:\/\/lackina.b2c1688.com\/en\/wp-json\/wp\/v2\/product_tag?post=1143"}],"curies":[{"name":"wp","href":"https:\/\/api.w.org\/{rel}","templated":true}]}}