{"id":1047,"date":"2026-01-25T12:04:24","date_gmt":"2026-01-25T12:04:24","guid":{"rendered":"https:\/\/lackina.b2c1688.com\/product\/doppelseitig-vinyl-badmantel-bodenlang\/"},"modified":"2026-01-25T12:04:24","modified_gmt":"2026-01-25T12:04:24","slug":"doppelseitig-vinyl-badmantel-bodenlang","status":"publish","type":"product","link":"https:\/\/lackina.b2c1688.com\/en\/product\/doppelseitig-vinyl-badmantel-bodenlang\/","title":{"rendered":"doppelseitig vinyl Badmantel ,bodenlang"},"content":{"rendered":"<div class=\"module-item module-item-1 tab-pane active\" id=\"blocks-6974895b35811-tab-1\">\n<div class=\"block-body expand-block\">\n<div class=\"block-wrapper\">\n<div class=\"block-contentblock-description\">\n<p>Design mit angepasster Skizze (nach Kunde Wunsch).<\/p>\n<p>Geniale doppelseitig Bad Mantel\u00a0 , Unisex zu tragen , seidig gl\u00e4nzendes Lack Innenfutter.<\/p>\n<p>Modisch aktuell geschnittener Kragen , ohne Kn\u00f6pfe ,<\/p>\n<p>geschlossen wird diese Mantel mit doppelseitigem Lack G\u00fcrtel ,<\/p>\n<p>Bodenlang , auf Wunsch k\u00f6nnen wir den Mantel bis Kniel\u00e4nge fertigen (abz\u00fcglich 40 Euro).<\/p>\n<p>Auf Wunsch k\u00f6nnen wir noch eine Kaputze\u00a0 liefern\u00a0\u00a0\u00a0\u00a0\u00a0 (gegen 10Euro Aufpreis),<\/p>\n<p>Farbauswahl:wei\u00df F1 ,schwarz F2, rot F3,silber F4,dunkelblau F5, pink F6,gelb F7,hellblau F8<\/p>\n<p>Lack Materialzusammensetzung : 55 % PVC , 25 % PU , 20 % Polyester Lack Material 0,5mm dick<\/p>\n<p>Die Lieferzeit betr\u00e4gt 20-30 Tage nach dem Zahlungseingang.\u00a0 Wir senden Ihnen die Ware direkt aus Deutschland.<\/p>\n<p>Ein Widerrufsrecht besteht nach \u00a7 312d Abs. 4 BGB nicht bei Fernabsatzvertr\u00e4gen zur Lieferung von Waren die nach Kundenspezifikation angefertigt werden oder eindeutig auf die pers\u00f6nlichen Bed\u00fcrfnisse zugeschnitten sind.<\/p>\n<\/div>\n<\/div>\n<\/div>\n<\/div>","protected":false},"excerpt":{"rendered":"<p>Design mit angepasster Skizze (nach Kunde Wunsch). Geniale doppelseitig Bad Mantel\u00a0 , Unisex zu tragen , seidig gl\u00e4nzendes Lack Innenfutter. Modisch aktuell geschnittener Kragen , ohne Kn\u00f6pfe , geschlossen wird diese Mantel mit doppelseitigem Lack G\u00fcrtel , Bodenlang , auf Wunsch k\u00f6nnen wir den Mantel bis Kniel\u00e4nge fertigen (abz\u00fcglich 40 Euro). Auf Wunsch k\u00f6nnen wir&#8230;<\/p>","protected":false},"featured_media":112,"comment_status":"open","ping_status":"closed","template":"","meta":{"_eb_attr":"","_kad_post_transparent":"","_kad_post_title":"","_kad_post_layout":"","_kad_post_sidebar_id":"","_kad_post_content_style":"","_kad_post_vertical_padding":"","_kad_post_feature":"","_kad_post_feature_position":"","_kad_post_header":false,"_kad_post_footer":false,"_kad_post_classname":""},"product_brand":[],"product_cat":[88],"product_tag":[],"class_list":{"0":"post-1047","1":"product","2":"type-product","3":"status-publish","4":"has-post-thumbnail","6":"product_cat-massanfertigung-fuer-herren","8":"first","9":"instock","10":"shipping-taxable","11":"purchasable","12":"product-type-simple","13":"entry","14":"content-bg","15":"loop-entry"},"_links":{"self":[{"href":"https:\/\/lackina.b2c1688.com\/en\/wp-json\/wp\/v2\/product\/1047","targetHints":{"allow":["GET"]}}],"collection":[{"href":"https:\/\/lackina.b2c1688.com\/en\/wp-json\/wp\/v2\/product"}],"about":[{"href":"https:\/\/lackina.b2c1688.com\/en\/wp-json\/wp\/v2\/types\/product"}],"replies":[{"embeddable":true,"href":"https:\/\/lackina.b2c1688.com\/en\/wp-json\/wp\/v2\/comments?post=1047"}],"wp:featuredmedia":[{"embeddable":true,"href":"https:\/\/lackina.b2c1688.com\/en\/wp-json\/wp\/v2\/media\/112"}],"wp:attachment":[{"href":"https:\/\/lackina.b2c1688.com\/en\/wp-json\/wp\/v2\/media?parent=1047"}],"wp:term":[{"taxonomy":"product_brand","embeddable":true,"href":"https:\/\/lackina.b2c1688.com\/en\/wp-json\/wp\/v2\/product_brand?post=1047"},{"taxonomy":"product_cat","embeddable":true,"href":"https:\/\/lackina.b2c1688.com\/en\/wp-json\/wp\/v2\/product_cat?post=1047"},{"taxonomy":"product_tag","embeddable":true,"href":"https:\/\/lackina.b2c1688.com\/en\/wp-json\/wp\/v2\/product_tag?post=1047"}],"curies":[{"name":"wp","href":"https:\/\/api.w.org\/{rel}","templated":true}]}}