{"id":1754,"date":"2026-01-25T12:23:47","date_gmt":"2026-01-25T12:23:47","guid":{"rendered":"https:\/\/lackina.b2c1688.com\/?page_id=1754"},"modified":"2026-01-25T12:23:47","modified_gmt":"2026-01-25T12:23:47","slug":"masstabelle","status":"publish","type":"page","link":"https:\/\/lackina.b2c1688.com\/en\/masstabelle\/","title":{"rendered":"Ma\u00dftabelle"},"content":{"rendered":"<table border=\"1\" frame=\"below\" rules=\"groups\" cellspacing=\"0\">\n<tbody>\n<tr>\n<td align=\"center\" width=\"106\" height=\"17\"><strong>Ma\u00dftabelle f\u00fcr Frauen<\/strong><\/td>\n<td align=\"center\" width=\"86\"><\/td>\n<td align=\"center\" width=\"86\"><\/td>\n<td align=\"center\" width=\"86\"><\/td>\n<td align=\"center\" width=\"86\"><\/td>\n<td align=\"center\" width=\"86\"><\/td>\n<td align=\"left\" width=\"86\"><\/td>\n<\/tr>\n<tr>\n<td align=\"center\" bgcolor=\"#dc2300\" height=\"17\"><\/td>\n<td align=\"center\" bgcolor=\"#dc2300\"><strong>Gr. S<\/strong><\/td>\n<td align=\"center\" bgcolor=\"#dc2300\"><strong>Gr. M<\/strong><\/td>\n<td align=\"center\" bgcolor=\"#dc2300\"><strong>Gr. L<\/strong><\/td>\n<td align=\"center\" bgcolor=\"#dc2300\"><strong>Gr. XL<\/strong><\/td>\n<td align=\"center\" bgcolor=\"#dc2300\"><strong>Gr. XXL<\/strong><\/td>\n<td align=\"center\" bgcolor=\"#dc2300\"><strong>Gr. XXXL<\/strong><\/td>\n<\/tr>\n<tr>\n<td align=\"center\" height=\"17\"><span style=\"color: #dc2300;\">Schulterbreite<\/span><\/td>\n<td align=\"center\"><span style=\"color: #c0c0c0;\">39 cm<\/span><\/td>\n<td align=\"center\"><span style=\"color: #c0c0c0;\">40,5 cm<\/span><\/td>\n<td align=\"center\"><span style=\"color: #c0c0c0;\">42 cm<\/span><\/td>\n<td align=\"center\"><span style=\"color: #c0c0c0;\">43,5 cm<\/span><\/td>\n<td align=\"center\"><span style=\"color: #c0c0c0;\">44,5 cm<\/span><\/td>\n<td align=\"center\"><span style=\"color: #c0c0c0;\">45,5 cm<\/span><\/td>\n<\/tr>\n<tr>\n<td align=\"center\" height=\"17\"><span style=\"color: #dc2300;\">Brustumfang<\/span><\/td>\n<td align=\"center\"><span style=\"color: #c0c0c0;\">84-89 cm<\/span><\/td>\n<td align=\"center\"><span style=\"color: #c0c0c0;\">90-95 cm<\/span><\/td>\n<td align=\"center\"><span style=\"color: #c0c0c0;\">96-101 cm<\/span><\/td>\n<td align=\"center\"><span style=\"color: #c0c0c0;\">102-107 cm<\/span><\/td>\n<td align=\"center\"><span style=\"color: #c0c0c0;\">108-113 cm<\/span><\/td>\n<td align=\"center\"><span style=\"color: #c0c0c0;\">113-118 cm<\/span><\/td>\n<\/tr>\n<tr>\n<td align=\"center\" height=\"17\"><span style=\"color: #dc2300;\">Taillenumfang<\/span><\/td>\n<td align=\"center\"><span style=\"color: #c0c0c0;\">63-68 cm<\/span><\/td>\n<td align=\"center\"><span style=\"color: #c0c0c0;\">69-74 cm<\/span><\/td>\n<td align=\"center\"><span style=\"color: #c0c0c0;\">75-80 cm<\/span><\/td>\n<td align=\"center\"><span style=\"color: #c0c0c0;\">81-86 cm<\/span><\/td>\n<td align=\"center\"><span style=\"color: #c0c0c0;\">87-92 cm<\/span><\/td>\n<td align=\"center\"><span style=\"color: #c0c0c0;\">93-98 cm<\/span><\/td>\n<\/tr>\n<tr>\n<td align=\"center\" height=\"17\"><span style=\"color: #dc2300;\">H\u00fcftumfang<\/span><\/td>\n<td align=\"center\"><span style=\"color: #c0c0c0;\">88-93 cm<\/span><\/td>\n<td align=\"center\"><span style=\"color: #c0c0c0;\">94-99 cm<\/span><\/td>\n<td align=\"center\"><span style=\"color: #c0c0c0;\">100-105 cm<\/span><\/td>\n<td align=\"center\"><span style=\"color: #c0c0c0;\">106-111 cm<\/span><\/td>\n<td align=\"center\"><span style=\"color: #c0c0c0;\">112-118 cm<\/span><\/td>\n<td align=\"center\"><span style=\"color: #c0c0c0;\">118-123 cm<\/span><\/td>\n<\/tr>\n<tr>\n<td align=\"center\" height=\"17\"><span style=\"color: #dc2300;\">Schulter-Schritt<\/span><\/td>\n<td align=\"center\"><span style=\"color: #c0c0c0;\">76 cm<\/span><\/td>\n<td align=\"center\"><span style=\"color: #c0c0c0;\">78 cm<\/span><\/td>\n<td align=\"center\"><span style=\"color: #c0c0c0;\">80 cm<\/span><\/td>\n<td align=\"center\"><span style=\"color: #c0c0c0;\">82 cm<\/span><\/td>\n<td align=\"center\"><span style=\"color: #c0c0c0;\">84 cm<\/span><\/td>\n<td align=\"center\"><span style=\"color: #c0c0c0;\">86 cm<\/span><\/td>\n<\/tr>\n<tr>\n<td align=\"center\" height=\"17\"><span style=\"color: #dc2300;\">Beininnenl\u00e4nge<\/span><\/td>\n<td align=\"center\"><span style=\"color: #c0c0c0;\">73 cm<\/span><\/td>\n<td align=\"center\"><span style=\"color: #c0c0c0;\">75 cm<\/span><\/td>\n<td align=\"center\"><span style=\"color: #c0c0c0;\">77cm<\/span><\/td>\n<td align=\"center\"><span style=\"color: #c0c0c0;\">79 cm<\/span><\/td>\n<td align=\"center\"><span style=\"color: #c0c0c0;\">81 cm<\/span><\/td>\n<td align=\"center\"><span style=\"color: #c0c0c0;\">83 cm<\/span><\/td>\n<\/tr>\n<\/tbody>\n<\/table>\n<p>der Catsuit von Gr S bis Gr XXL ist am besten zu tragen bei einer K\u00f6rpergr\u00f6\u00dfe zwischen 1,60-1,73m .Der Catsuit in Gr 3XL passt f\u00fcr k\u00f6rpergr\u00f6\u00dfe unter 1,78m.<\/p>\n<p>&nbsp;<\/p>\n<table border=\"1\" frame=\"below\" rules=\"groups\" cellspacing=\"0\">\n<tbody>\n<tr>\n<td align=\"center\" width=\"106\" height=\"18\"><strong>Ma\u00dftabelle f\u00fcr Herrn Mantel<\/strong><\/td>\n<td align=\"center\" width=\"86\"><\/td>\n<td align=\"center\" width=\"86\"><\/td>\n<td align=\"center\" width=\"86\"><\/td>\n<td align=\"center\" width=\"86\"><\/td>\n<td align=\"center\" width=\"86\"><\/td>\n<\/tr>\n<tr>\n<td align=\"center\" bgcolor=\"#dc2300\" height=\"17\"><\/td>\n<td align=\"center\" bgcolor=\"#dc2300\"><strong>Gr. M<\/strong><\/td>\n<td align=\"center\" bgcolor=\"#dc2300\"><strong>Gr. L<\/strong><\/td>\n<td align=\"center\" bgcolor=\"#dc2300\"><strong>Gr. XL<\/strong><\/td>\n<td align=\"center\" bgcolor=\"#dc2300\"><strong>Gr. XXL<\/strong><\/td>\n<td align=\"center\" bgcolor=\"#dc2300\"><strong>Gr. XXXL<\/strong><\/td>\n<\/tr>\n<tr>\n<td align=\"left\" height=\"17\"><span style=\"color: #dc2300;\">Schulterbreite<\/span><\/td>\n<td align=\"center\"><span style=\"color: #c0c0c0;\">48 cm<\/span><\/td>\n<td align=\"center\"><span style=\"color: #c0c0c0;\">49 cm<\/span><\/td>\n<td align=\"center\"><span style=\"color: #c0c0c0;\">50 cm<\/span><\/td>\n<td align=\"center\"><span style=\"color: #c0c0c0;\">51 cm<\/span><\/td>\n<td align=\"center\"><span style=\"color: #c0c0c0;\">52 cm<\/span><\/td>\n<\/tr>\n<tr>\n<td align=\"left\" height=\"17\"><span style=\"color: #dc2300;\">Brustumfang<\/span><\/td>\n<td align=\"center\"><span style=\"color: #c0c0c0;\">112 cm<\/span><\/td>\n<td align=\"center\"><span style=\"color: #c0c0c0;\">118 cm<\/span><\/td>\n<td align=\"center\"><span style=\"color: #c0c0c0;\">124 cm<\/span><\/td>\n<td align=\"center\"><span style=\"color: #c0c0c0;\">130 cm<\/span><\/td>\n<td align=\"center\"><span style=\"color: #c0c0c0;\">136 cm<\/span><\/td>\n<\/tr>\n<tr>\n<td align=\"left\" height=\"18\"><span style=\"color: #dc2300;\">Arml\u00e4nge<\/span><\/td>\n<td align=\"center\"><span style=\"color: #c0c0c0;\">58,5 cm<\/span><\/td>\n<td align=\"center\"><span style=\"color: #c0c0c0;\">60 cm<\/span><\/td>\n<td align=\"center\"><span style=\"color: #c0c0c0;\">61,5 cm<\/span><\/td>\n<td align=\"center\"><span style=\"color: #c0c0c0;\">63 cm<\/span><\/td>\n<td align=\"center\"><span style=\"color: #c0c0c0;\">64,5 cm<\/span><\/td>\n<\/tr>\n<tr>\n<td align=\"left\" height=\"17\"><span style=\"color: #dc2300;\">L\u00e4nge<\/span><\/td>\n<td align=\"center\"><span style=\"color: #c0c0c0;\">87 cm<\/span><\/td>\n<td align=\"center\"><span style=\"color: #c0c0c0;\">89 cm<\/span><\/td>\n<td align=\"center\"><span style=\"color: #c0c0c0;\">91 cm<\/span><\/td>\n<td align=\"center\"><span style=\"color: #c0c0c0;\">93 cm<\/span><\/td>\n<td align=\"center\"><span style=\"color: #c0c0c0;\">95 cm<\/span><\/td>\n<\/tr>\n<\/tbody>\n<\/table>\n<p>&nbsp;<\/p>\n<table border=\"1\" frame=\"below\" rules=\"groups\" cellspacing=\"0\">\n<tbody>\n<tr>\n<td align=\"center\" width=\"106\" height=\"18\"><strong><span style=\"color: #c0c0c0;\">Ma\u00dftabelle f\u00fcr Herrn Hemd<\/span><\/strong><\/td>\n<td align=\"center\" width=\"86\"><\/td>\n<td align=\"center\" width=\"86\"><\/td>\n<td align=\"center\" width=\"86\"><\/td>\n<td align=\"center\" width=\"86\"><\/td>\n<td align=\"center\" width=\"86\"><\/td>\n<\/tr>\n<tr>\n<td align=\"center\" bgcolor=\"#dc2300\" height=\"17\"><\/td>\n<td align=\"center\" bgcolor=\"#dc2300\"><strong>Gr. M<\/strong><\/td>\n<td align=\"center\" bgcolor=\"#dc2300\"><strong>Gr. L<\/strong><\/td>\n<td align=\"center\" bgcolor=\"#dc2300\"><strong>Gr. XL<\/strong><\/td>\n<td align=\"center\" bgcolor=\"#dc2300\"><strong>Gr. XXL<\/strong><\/td>\n<td align=\"center\" bgcolor=\"#dc2300\"><strong>Gr. XXXL<\/strong><\/td>\n<\/tr>\n<tr>\n<td align=\"left\" height=\"17\"><span style=\"color: #dc2300;\">Schulterbreite<\/span><\/td>\n<td align=\"center\"><span style=\"color: #c0c0c0;\">49 cm<\/span><\/td>\n<td align=\"center\"><span style=\"color: #c0c0c0;\">50 cm<\/span><\/td>\n<td align=\"center\"><span style=\"color: #c0c0c0;\">51 cm<\/span><\/td>\n<td align=\"center\"><span style=\"color: #c0c0c0;\">52 cm<\/span><\/td>\n<td align=\"center\"><span style=\"color: #c0c0c0;\">53 cm<\/span><\/td>\n<\/tr>\n<tr>\n<td align=\"left\" height=\"17\"><span style=\"color: #dc2300;\">Brustumfang<\/span><\/td>\n<td align=\"center\"><span style=\"color: #c0c0c0;\">106 cm<\/span><\/td>\n<td align=\"center\"><span style=\"color: #c0c0c0;\">112 cm<\/span><\/td>\n<td align=\"center\"><span style=\"color: #c0c0c0;\">118 cm<\/span><\/td>\n<td align=\"center\"><span style=\"color: #c0c0c0;\">124 cm<\/span><\/td>\n<td align=\"center\"><span style=\"color: #c0c0c0;\">130 cm<\/span><\/td>\n<\/tr>\n<tr>\n<td align=\"left\" height=\"18\"><span style=\"color: #dc2300;\">Halsumfang<\/span><\/td>\n<td align=\"center\"><span style=\"color: #c0c0c0;\">40 cm<\/span><\/td>\n<td align=\"center\"><span style=\"color: #c0c0c0;\">41 cm<\/span><\/td>\n<td align=\"center\"><span style=\"color: #c0c0c0;\">42 cm<\/span><\/td>\n<td align=\"center\"><span style=\"color: #c0c0c0;\">43 cm<\/span><\/td>\n<td align=\"center\"><span style=\"color: #c0c0c0;\">44 cm<\/span><\/td>\n<\/tr>\n<tr>\n<td align=\"left\" height=\"17\"><span style=\"color: #dc2300;\">L\u00e4nge<\/span><\/td>\n<td align=\"center\"><span style=\"color: #c0c0c0;\">75 cm<\/span><\/td>\n<td align=\"center\"><span style=\"color: #c0c0c0;\">76 cm<\/span><\/td>\n<td align=\"center\"><span style=\"color: #c0c0c0;\">77 cm<\/span><\/td>\n<td align=\"center\"><span style=\"color: #c0c0c0;\">78 cm<\/span><\/td>\n<td align=\"center\"><span style=\"color: #c0c0c0;\">79 cm<\/span><\/td>\n<\/tr>\n<\/tbody>\n<\/table>\n<p>&nbsp;<\/p>\n<table border=\"1\" frame=\"below\" rules=\"groups\" cellspacing=\"0\">\n<tbody>\n<tr>\n<td align=\"left\" width=\"106\" height=\"18\"><strong>Ma\u00dftabelle f\u00fcr Herrn Hose<\/strong><\/td>\n<td align=\"center\" width=\"86\"><\/td>\n<td align=\"center\" width=\"86\"><\/td>\n<td align=\"center\" width=\"86\"><\/td>\n<td align=\"center\" width=\"86\"><\/td>\n<td align=\"center\" width=\"86\"><\/td>\n<\/tr>\n<tr>\n<td align=\"left\" bgcolor=\"#dc2300\" height=\"17\"><strong><span style=\"color: #000000;\">\u00a0<\/span><\/strong><\/td>\n<td align=\"center\" bgcolor=\"#dc2300\"><strong>Gr. M<\/strong><\/td>\n<td align=\"center\" bgcolor=\"#dc2300\"><strong>Gr. L<\/strong><\/td>\n<td align=\"center\" bgcolor=\"#dc2300\"><strong>Gr. XL<\/strong><\/td>\n<td align=\"center\" bgcolor=\"#dc2300\"><strong>Gr. XXL<\/strong><\/td>\n<td align=\"center\" bgcolor=\"#dc2300\"><strong>Gr. XXXL<\/strong><\/td>\n<\/tr>\n<tr>\n<td align=\"left\" height=\"18\"><span style=\"color: #dc2300;\">Taillenumfang<\/span><\/td>\n<td align=\"center\"><span style=\"color: #c0c0c0;\">88 cm<\/span><\/td>\n<td align=\"center\"><span style=\"color: #c0c0c0;\">92 cm<\/span><\/td>\n<td align=\"center\"><span style=\"color: #c0c0c0;\">96 cm<\/span><\/td>\n<td align=\"center\"><span style=\"color: #c0c0c0;\">100 cm<\/span><\/td>\n<td align=\"center\"><span style=\"color: #c0c0c0;\">104 cm<\/span><\/td>\n<\/tr>\n<tr>\n<td align=\"left\" height=\"17\"><span style=\"color: #dc2300;\">H\u00fcftumfang<\/span><\/td>\n<td align=\"center\"><span style=\"color: #c0c0c0;\">98 cm<\/span><\/td>\n<td align=\"center\"><span style=\"color: #c0c0c0;\">104 cm<\/span><\/td>\n<td align=\"center\"><span style=\"color: #c0c0c0;\">110 cm<\/span><\/td>\n<td align=\"center\"><span style=\"color: #c0c0c0;\">116 cm<\/span><\/td>\n<td align=\"center\"><span style=\"color: #c0c0c0;\">122 cm<\/span><\/td>\n<\/tr>\n<tr>\n<td align=\"left\" height=\"18\"><span style=\"color: #dc2300;\">Beininnenl\u00e4nge<\/span><\/td>\n<td align=\"center\"><span style=\"color: #c0c0c0;\">76 cm<\/span><\/td>\n<td align=\"center\"><span style=\"color: #c0c0c0;\">77 cm<\/span><\/td>\n<td align=\"center\"><span style=\"color: #c0c0c0;\">78 cm<\/span><\/td>\n<td align=\"center\"><span style=\"color: #c0c0c0;\">79 cm<\/span><\/td>\n<td align=\"center\"><span style=\"color: #c0c0c0;\">80 cm<\/span><\/td>\n<\/tr>\n<tr>\n<td align=\"left\" height=\"18\"><span style=\"color: #ff0000;\">Hosenl\u00e4nge<\/span><\/td>\n<td align=\"center\"><span style=\"color: #c0c0c0;\">106 cm<\/span><\/td>\n<td align=\"center\"><span style=\"color: #c0c0c0;\">108 cm<\/span><\/td>\n<td align=\"center\"><span style=\"color: #c0c0c0;\">110 cm<\/span><\/td>\n<td align=\"center\"><span style=\"color: #c0c0c0;\">112 cm<\/span><\/td>\n<td align=\"center\"><span style=\"color: #c0c0c0;\">113 cm<\/span><\/td>\n<\/tr>\n<\/tbody>\n<\/table>","protected":false},"excerpt":{"rendered":"<p>Ma\u00dftabelle f\u00fcr Frauen Gr. S Gr. M Gr. L Gr. XL Gr. XXL Gr. XXXL Schulterbreite 39 cm 40,5 cm 42 cm 43,5 cm 44,5 cm 45,5 cm Brustumfang 84-89 cm 90-95 cm 96-101 cm 102-107 cm 108-113 cm 113-118 cm Taillenumfang 63-68 cm 69-74 cm 75-80 cm 81-86 cm 87-92 cm 93-98 cm H\u00fcftumfang&#8230;<\/p>","protected":false},"author":2,"featured_media":0,"parent":0,"menu_order":0,"comment_status":"closed","ping_status":"closed","template":"","meta":{"_eb_attr":"","_kad_post_transparent":"default","_kad_post_title":"default","_kad_post_layout":"default","_kad_post_sidebar_id":"","_kad_post_content_style":"default","_kad_post_vertical_padding":"default","_kad_post_feature":"","_kad_post_feature_position":"","_kad_post_header":false,"_kad_post_footer":false,"_kad_post_classname":"","footnotes":""},"class_list":["post-1754","page","type-page","status-publish","hentry"],"_links":{"self":[{"href":"https:\/\/lackina.b2c1688.com\/en\/wp-json\/wp\/v2\/pages\/1754","targetHints":{"allow":["GET"]}}],"collection":[{"href":"https:\/\/lackina.b2c1688.com\/en\/wp-json\/wp\/v2\/pages"}],"about":[{"href":"https:\/\/lackina.b2c1688.com\/en\/wp-json\/wp\/v2\/types\/page"}],"author":[{"embeddable":true,"href":"https:\/\/lackina.b2c1688.com\/en\/wp-json\/wp\/v2\/users\/2"}],"replies":[{"embeddable":true,"href":"https:\/\/lackina.b2c1688.com\/en\/wp-json\/wp\/v2\/comments?post=1754"}],"version-history":[{"count":1,"href":"https:\/\/lackina.b2c1688.com\/en\/wp-json\/wp\/v2\/pages\/1754\/revisions"}],"predecessor-version":[{"id":1755,"href":"https:\/\/lackina.b2c1688.com\/en\/wp-json\/wp\/v2\/pages\/1754\/revisions\/1755"}],"wp:attachment":[{"href":"https:\/\/lackina.b2c1688.com\/en\/wp-json\/wp\/v2\/media?parent=1754"}],"curies":[{"name":"wp","href":"https:\/\/api.w.org\/{rel}","templated":true}]}}